{"id":637,"date":"2019-05-20T11:56:06","date_gmt":"2019-05-20T11:56:06","guid":{"rendered":"https:\/\/bornholm.info\/lejrskole\/?page_id=637"},"modified":"2020-02-07T13:36:56","modified_gmt":"2020-02-07T13:36:56","slug":"aktiviteter","status":"publish","type":"page","link":"https:\/\/bornholm.info\/lejrskole\/aktiviteter\/","title":{"rendered":"Aktiviteter og undervisningstilbud"},"content":{"rendered":"<p>Her kan du finde alle de sp\u00e6ndende aktiviteter, som din lejrskole kan opleve p\u00e5 Bornholm.<\/p>\n<p>Indholdet er tilpasset skoletjenesten, s\u00e5 du let kan finde de informationer, som er relevante for dine elevers l\u00e6ring.<\/p>\n","protected":false},"excerpt":{"rendered":"<p>Her kan du finde alle de sp\u00e6ndende aktiviteter, som din lejrskole kan opleve p\u00e5 Bornholm. Indholdet er tilpasset skoletjenesten, s\u00e5 du let kan finde de informationer, som er relevante for dine elevers l\u00e6ring.<\/p>\n","protected":false},"author":2,"featured_media":0,"parent":0,"menu_order":0,"comment_status":"closed","ping_status":"closed","template":"page-templates\/lejrskole-activities.php","meta":{"_acf_changed":false,"footnotes":""},"class_list":["post-637","page","type-page","status-publish","hentry"],"acf":[],"yoast_head":"<!-- This site is optimized with the Yoast SEO plugin v27.4 - https:\/\/yoast.com\/product\/yoast-seo-wordpress\/ -->\n<title>Aktiviteter og undervisningstilbud - Lejrskole p\u00e5 Bornholm<\/title>\n<meta name=\"robots\" content=\"index, follow, max-snippet:-1, max-image-preview:large, max-video-preview:-1\" \/>\n<link rel=\"canonical\" href=\"https:\/\/bornholm.info\/lejrskole\/aktiviteter\/\" \/>\n<meta property=\"og:locale\" content=\"da_DK\" \/>\n<meta property=\"og:type\" content=\"article\" \/>\n<meta property=\"og:title\" content=\"Aktiviteter og undervisningstilbud - Lejrskole p\u00e5 Bornholm\" \/>\n<meta property=\"og:description\" content=\"Her kan du finde alle de sp\u00e6ndende aktiviteter, som din lejrskole kan opleve p\u00e5 Bornholm. Indholdet er tilpasset skoletjenesten, s\u00e5 du let kan finde de informationer, som er relevante for dine elevers l\u00e6ring.\" \/>\n<meta property=\"og:url\" content=\"https:\/\/bornholm.info\/lejrskole\/aktiviteter\/\" \/>\n<meta property=\"og:site_name\" content=\"Lejrskole p\u00e5 Bornholm\" \/>\n<meta property=\"article:modified_time\" content=\"2020-02-07T13:36:56+00:00\" \/>\n<meta name=\"twitter:card\" content=\"summary_large_image\" \/>\n<script type=\"application\/ld+json\" class=\"yoast-schema-graph\">{\"@context\":\"https:\\\/\\\/schema.org\",\"@graph\":[{\"@type\":\"WebPage\",\"@id\":\"https:\\\/\\\/bornholm.info\\\/lejrskole\\\/aktiviteter\\\/\",\"url\":\"https:\\\/\\\/bornholm.info\\\/lejrskole\\\/aktiviteter\\\/\",\"name\":\"Aktiviteter og undervisningstilbud - Lejrskole p\u00e5 Bornholm\",\"isPartOf\":{\"@id\":\"https:\\\/\\\/bornholm.info\\\/lejrskole\\\/#website\"},\"datePublished\":\"2019-05-20T11:56:06+00:00\",\"dateModified\":\"2020-02-07T13:36:56+00:00\",\"breadcrumb\":{\"@id\":\"https:\\\/\\\/bornholm.info\\\/lejrskole\\\/aktiviteter\\\/#breadcrumb\"},\"inLanguage\":\"da-DK\",\"potentialAction\":[{\"@type\":\"ReadAction\",\"target\":[\"https:\\\/\\\/bornholm.info\\\/lejrskole\\\/aktiviteter\\\/\"]}]},{\"@type\":\"BreadcrumbList\",\"@id\":\"https:\\\/\\\/bornholm.info\\\/lejrskole\\\/aktiviteter\\\/#breadcrumb\",\"itemListElement\":[{\"@type\":\"ListItem\",\"position\":1,\"name\":\"Home\",\"item\":\"https:\\\/\\\/bornholm.info\\\/lejrskole\\\/\"},{\"@type\":\"ListItem\",\"position\":2,\"name\":\"Aktiviteter og undervisningstilbud\"}]},{\"@type\":\"WebSite\",\"@id\":\"https:\\\/\\\/bornholm.info\\\/lejrskole\\\/#website\",\"url\":\"https:\\\/\\\/bornholm.info\\\/lejrskole\\\/\",\"name\":\"Lejrskole p\u00e5 Bornholm\",\"description\":\"Oplev et unikt stykke af Danmark\",\"potentialAction\":[{\"@type\":\"SearchAction\",\"target\":{\"@type\":\"EntryPoint\",\"urlTemplate\":\"https:\\\/\\\/bornholm.info\\\/lejrskole\\\/?s={search_term_string}\"},\"query-input\":{\"@type\":\"PropertyValueSpecification\",\"valueRequired\":true,\"valueName\":\"search_term_string\"}}],\"inLanguage\":\"da-DK\"}]}<\/script>\n<!-- \/ Yoast SEO plugin. -->","yoast_head_json":{"title":"Aktiviteter og undervisningstilbud - Lejrskole p\u00e5 Bornholm","robots":{"index":"index","follow":"follow","max-snippet":"max-snippet:-1","max-image-preview":"max-image-preview:large","max-video-preview":"max-video-preview:-1"},"canonical":"https:\/\/bornholm.info\/lejrskole\/aktiviteter\/","og_locale":"da_DK","og_type":"article","og_title":"Aktiviteter og undervisningstilbud - Lejrskole p\u00e5 Bornholm","og_description":"Her kan du finde alle de sp\u00e6ndende aktiviteter, som din lejrskole kan opleve p\u00e5 Bornholm. Indholdet er tilpasset skoletjenesten, s\u00e5 du let kan finde de informationer, som er relevante for dine elevers l\u00e6ring.","og_url":"https:\/\/bornholm.info\/lejrskole\/aktiviteter\/","og_site_name":"Lejrskole p\u00e5 Bornholm","article_modified_time":"2020-02-07T13:36:56+00:00","twitter_card":"summary_large_image","schema":{"@context":"https:\/\/schema.org","@graph":[{"@type":"WebPage","@id":"https:\/\/bornholm.info\/lejrskole\/aktiviteter\/","url":"https:\/\/bornholm.info\/lejrskole\/aktiviteter\/","name":"Aktiviteter og undervisningstilbud - Lejrskole p\u00e5 Bornholm","isPartOf":{"@id":"https:\/\/bornholm.info\/lejrskole\/#website"},"datePublished":"2019-05-20T11:56:06+00:00","dateModified":"2020-02-07T13:36:56+00:00","breadcrumb":{"@id":"https:\/\/bornholm.info\/lejrskole\/aktiviteter\/#breadcrumb"},"inLanguage":"da-DK","potentialAction":[{"@type":"ReadAction","target":["https:\/\/bornholm.info\/lejrskole\/aktiviteter\/"]}]},{"@type":"BreadcrumbList","@id":"https:\/\/bornholm.info\/lejrskole\/aktiviteter\/#breadcrumb","itemListElement":[{"@type":"ListItem","position":1,"name":"Home","item":"https:\/\/bornholm.info\/lejrskole\/"},{"@type":"ListItem","position":2,"name":"Aktiviteter og undervisningstilbud"}]},{"@type":"WebSite","@id":"https:\/\/bornholm.info\/lejrskole\/#website","url":"https:\/\/bornholm.info\/lejrskole\/","name":"Lejrskole p\u00e5 Bornholm","description":"Oplev et unikt stykke af Danmark","potentialAction":[{"@type":"SearchAction","target":{"@type":"EntryPoint","urlTemplate":"https:\/\/bornholm.info\/lejrskole\/?s={search_term_string}"},"query-input":{"@type":"PropertyValueSpecification","valueRequired":true,"valueName":"search_term_string"}}],"inLanguage":"da-DK"}]}},"_links":{"self":[{"href":"https:\/\/bornholm.info\/lejrskole\/wp-json\/wp\/v2\/pages\/637","targetHints":{"allow":["GET"]}}],"collection":[{"href":"https:\/\/bornholm.info\/lejrskole\/wp-json\/wp\/v2\/pages"}],"about":[{"href":"https:\/\/bornholm.info\/lejrskole\/wp-json\/wp\/v2\/types\/page"}],"author":[{"embeddable":true,"href":"https:\/\/bornholm.info\/lejrskole\/wp-json\/wp\/v2\/users\/2"}],"replies":[{"embeddable":true,"href":"https:\/\/bornholm.info\/lejrskole\/wp-json\/wp\/v2\/comments?post=637"}],"version-history":[{"count":4,"href":"https:\/\/bornholm.info\/lejrskole\/wp-json\/wp\/v2\/pages\/637\/revisions"}],"predecessor-version":[{"id":991,"href":"https:\/\/bornholm.info\/lejrskole\/wp-json\/wp\/v2\/pages\/637\/revisions\/991"}],"wp:attachment":[{"href":"https:\/\/bornholm.info\/lejrskole\/wp-json\/wp\/v2\/media?parent=637"}],"curies":[{"name":"wp","href":"https:\/\/api.w.org\/{rel}","templated":true}]}}