{"id":8668,"date":"2022-04-21T10:09:25","date_gmt":"2022-04-21T08:09:25","guid":{"rendered":"https:\/\/bornholm.info\/erhverv\/?page_id=8668"},"modified":"2025-04-01T10:51:57","modified_gmt":"2025-04-01T08:51:57","slug":"deltidsstilling","status":"publish","type":"page","link":"https:\/\/bornholm.info\/erhverv\/deltidsstilling\/","title":{"rendered":"Vil du g\u00f8re en forskel for Bornholms g\u00e6ster?"},"content":{"rendered":"","protected":false},"excerpt":{"rendered":"","protected":false},"author":13,"featured_media":0,"parent":0,"menu_order":0,"comment_status":"closed","ping_status":"closed","template":"template-parts\/normal-b2b-article.php","meta":{"_acf_changed":false},"class_list":["post-8668","page","type-page","status-publish","hentry","kategory-erhverv"],"acf":[],"yoast_head":"<!-- This site is optimized with the Yoast SEO plugin v27.4 - https:\/\/yoast.com\/product\/yoast-seo-wordpress\/ -->\n<title>Vil du g\u00f8re en forskel for Bornholms g\u00e6ster? - Destination Bornholm ApS<\/title>\n<meta name=\"robots\" content=\"index, follow, max-snippet:-1, max-image-preview:large, max-video-preview:-1\" \/>\n<link rel=\"canonical\" href=\"https:\/\/bornholm.info\/erhverv\/deltidsstilling\/\" \/>\n<meta property=\"og:locale\" content=\"da_DK\" \/>\n<meta property=\"og:type\" content=\"article\" \/>\n<meta property=\"og:title\" content=\"Tidsbegr\u00e6nset deltidsstilling i Bornholms Turistinformation\" \/>\n<meta property=\"og:description\" content=\"Vil du g\u00f8re en forskel for \u00f8ens bes\u00f8gende? S\u00e5 er du m\u00e5ske vores nye kollega. Bornholms Turistinformation i Gudhjem s\u00f8ger en ny medarbejder til en tidsbegr\u00e6nset deltidsstilling.\" \/>\n<meta property=\"og:url\" content=\"https:\/\/bornholm.info\/erhverv\/deltidsstilling\/\" \/>\n<meta property=\"og:site_name\" content=\"Destination Bornholm ApS\" \/>\n<meta property=\"article:modified_time\" content=\"2025-04-01T08:51:57+00:00\" \/>\n<meta property=\"og:image\" content=\"https:\/\/bornholm.info\/erhverv\/wp-content\/media\/sites\/3\/2022\/04\/gudhjem-1750x800-1.jpg\" \/>\n\t<meta property=\"og:image:width\" content=\"1750\" \/>\n\t<meta property=\"og:image:height\" content=\"800\" \/>\n\t<meta property=\"og:image:type\" content=\"image\/jpeg\" \/>\n<meta name=\"twitter:card\" content=\"summary_large_image\" \/>\n<meta name=\"twitter:title\" content=\"Tidsbegr\u00e6nset deltidsstilling i Bornholms Turistinformation\" \/>\n<meta name=\"twitter:description\" content=\"Vil du g\u00f8re en forskel for \u00f8ens bes\u00f8gende? S\u00e5 er du m\u00e5ske vores nye kollega. Bornholms Turistinformation i Gudhjem s\u00f8ger en ny medarbejder til en tidsbegr\u00e6nset deltidsstilling.\" \/>\n<meta name=\"twitter:image\" content=\"https:\/\/bornholm.info\/erhverv\/wp-content\/media\/sites\/3\/2022\/04\/gudhjem-1750x800-1.jpg\" \/>\n<script type=\"application\/ld+json\" class=\"yoast-schema-graph\">{\"@context\":\"https:\\\/\\\/schema.org\",\"@graph\":[{\"@type\":\"WebPage\",\"@id\":\"https:\\\/\\\/bornholm.info\\\/erhverv\\\/deltidsstilling\\\/\",\"url\":\"https:\\\/\\\/bornholm.info\\\/erhverv\\\/deltidsstilling\\\/\",\"name\":\"Vil du g\u00f8re en forskel for Bornholms g\u00e6ster? - Destination Bornholm ApS\",\"isPartOf\":{\"@id\":\"https:\\\/\\\/bornholm.info\\\/erhverv\\\/#website\"},\"datePublished\":\"2022-04-21T08:09:25+00:00\",\"dateModified\":\"2025-04-01T08:51:57+00:00\",\"breadcrumb\":{\"@id\":\"https:\\\/\\\/bornholm.info\\\/erhverv\\\/deltidsstilling\\\/#breadcrumb\"},\"inLanguage\":\"da-DK\",\"potentialAction\":[{\"@type\":\"ReadAction\",\"target\":[\"https:\\\/\\\/bornholm.info\\\/erhverv\\\/deltidsstilling\\\/\"]}]},{\"@type\":\"BreadcrumbList\",\"@id\":\"https:\\\/\\\/bornholm.info\\\/erhverv\\\/deltidsstilling\\\/#breadcrumb\",\"itemListElement\":[{\"@type\":\"ListItem\",\"position\":1,\"name\":\"Home\",\"item\":\"https:\\\/\\\/bornholm.info\\\/erhverv\\\/\"},{\"@type\":\"ListItem\",\"position\":2,\"name\":\"Vil du g\u00f8re en forskel for Bornholms g\u00e6ster?\"}]},{\"@type\":\"WebSite\",\"@id\":\"https:\\\/\\\/bornholm.info\\\/erhverv\\\/#website\",\"url\":\"https:\\\/\\\/bornholm.info\\\/erhverv\\\/\",\"name\":\"Destination Bornholm ApS\",\"description\":\"Vi arbejder for turismen p\u00e5 Bornholm\",\"potentialAction\":[{\"@type\":\"SearchAction\",\"target\":{\"@type\":\"EntryPoint\",\"urlTemplate\":\"https:\\\/\\\/bornholm.info\\\/erhverv\\\/?s={search_term_string}\"},\"query-input\":{\"@type\":\"PropertyValueSpecification\",\"valueRequired\":true,\"valueName\":\"search_term_string\"}}],\"inLanguage\":\"da-DK\"}]}<\/script>\n<!-- \/ Yoast SEO plugin. -->","yoast_head_json":{"title":"Vil du g\u00f8re en forskel for Bornholms g\u00e6ster? - Destination Bornholm ApS","robots":{"index":"index","follow":"follow","max-snippet":"max-snippet:-1","max-image-preview":"max-image-preview:large","max-video-preview":"max-video-preview:-1"},"canonical":"https:\/\/bornholm.info\/erhverv\/deltidsstilling\/","og_locale":"da_DK","og_type":"article","og_title":"Tidsbegr\u00e6nset deltidsstilling i Bornholms Turistinformation","og_description":"Vil du g\u00f8re en forskel for \u00f8ens bes\u00f8gende? S\u00e5 er du m\u00e5ske vores nye kollega. Bornholms Turistinformation i Gudhjem s\u00f8ger en ny medarbejder til en tidsbegr\u00e6nset deltidsstilling.","og_url":"https:\/\/bornholm.info\/erhverv\/deltidsstilling\/","og_site_name":"Destination Bornholm ApS","article_modified_time":"2025-04-01T08:51:57+00:00","og_image":[{"width":1750,"height":800,"url":"https:\/\/bornholm.info\/erhverv\/wp-content\/media\/sites\/3\/2022\/04\/gudhjem-1750x800-1.jpg","type":"image\/jpeg"}],"twitter_card":"summary_large_image","twitter_title":"Tidsbegr\u00e6nset deltidsstilling i Bornholms Turistinformation","twitter_description":"Vil du g\u00f8re en forskel for \u00f8ens bes\u00f8gende? S\u00e5 er du m\u00e5ske vores nye kollega. Bornholms Turistinformation i Gudhjem s\u00f8ger en ny medarbejder til en tidsbegr\u00e6nset deltidsstilling.","twitter_image":"https:\/\/bornholm.info\/erhverv\/wp-content\/media\/sites\/3\/2022\/04\/gudhjem-1750x800-1.jpg","schema":{"@context":"https:\/\/schema.org","@graph":[{"@type":"WebPage","@id":"https:\/\/bornholm.info\/erhverv\/deltidsstilling\/","url":"https:\/\/bornholm.info\/erhverv\/deltidsstilling\/","name":"Vil du g\u00f8re en forskel for Bornholms g\u00e6ster? - Destination Bornholm ApS","isPartOf":{"@id":"https:\/\/bornholm.info\/erhverv\/#website"},"datePublished":"2022-04-21T08:09:25+00:00","dateModified":"2025-04-01T08:51:57+00:00","breadcrumb":{"@id":"https:\/\/bornholm.info\/erhverv\/deltidsstilling\/#breadcrumb"},"inLanguage":"da-DK","potentialAction":[{"@type":"ReadAction","target":["https:\/\/bornholm.info\/erhverv\/deltidsstilling\/"]}]},{"@type":"BreadcrumbList","@id":"https:\/\/bornholm.info\/erhverv\/deltidsstilling\/#breadcrumb","itemListElement":[{"@type":"ListItem","position":1,"name":"Home","item":"https:\/\/bornholm.info\/erhverv\/"},{"@type":"ListItem","position":2,"name":"Vil du g\u00f8re en forskel for Bornholms g\u00e6ster?"}]},{"@type":"WebSite","@id":"https:\/\/bornholm.info\/erhverv\/#website","url":"https:\/\/bornholm.info\/erhverv\/","name":"Destination Bornholm ApS","description":"Vi arbejder for turismen p\u00e5 Bornholm","potentialAction":[{"@type":"SearchAction","target":{"@type":"EntryPoint","urlTemplate":"https:\/\/bornholm.info\/erhverv\/?s={search_term_string}"},"query-input":{"@type":"PropertyValueSpecification","valueRequired":true,"valueName":"search_term_string"}}],"inLanguage":"da-DK"}]}},"_links":{"self":[{"href":"https:\/\/bornholm.info\/erhverv\/wp-json\/wp\/v2\/pages\/8668","targetHints":{"allow":["GET"]}}],"collection":[{"href":"https:\/\/bornholm.info\/erhverv\/wp-json\/wp\/v2\/pages"}],"about":[{"href":"https:\/\/bornholm.info\/erhverv\/wp-json\/wp\/v2\/types\/page"}],"author":[{"embeddable":true,"href":"https:\/\/bornholm.info\/erhverv\/wp-json\/wp\/v2\/users\/13"}],"replies":[{"embeddable":true,"href":"https:\/\/bornholm.info\/erhverv\/wp-json\/wp\/v2\/comments?post=8668"}],"version-history":[{"count":5,"href":"https:\/\/bornholm.info\/erhverv\/wp-json\/wp\/v2\/pages\/8668\/revisions"}],"predecessor-version":[{"id":12709,"href":"https:\/\/bornholm.info\/erhverv\/wp-json\/wp\/v2\/pages\/8668\/revisions\/12709"}],"wp:attachment":[{"href":"https:\/\/bornholm.info\/erhverv\/wp-json\/wp\/v2\/media?parent=8668"}],"curies":[{"name":"wp","href":"https:\/\/api.w.org\/{rel}","templated":true}]}}