{"id":3095,"date":"2024-11-27T08:30:42","date_gmt":"2024-11-27T07:30:42","guid":{"rendered":"https:\/\/bornholm.info\/erhverv\/?page_id=3095"},"modified":"2025-04-30T11:12:41","modified_gmt":"2025-04-30T09:12:41","slug":"turismebarometer","status":"publish","type":"page","link":"https:\/\/bornholm.info\/erhverv\/turismebarometer\/","title":{"rendered":"Turismebarometer"},"content":{"rendered":"","protected":false},"excerpt":{"rendered":"","protected":false},"author":8,"featured_media":0,"parent":0,"menu_order":0,"comment_status":"closed","ping_status":"closed","template":"template-parts\/normal-b2b-article.php","meta":{"_acf_changed":false},"class_list":["post-3095","page","type-page","status-publish","hentry"],"acf":[],"yoast_head":"<!-- This site is optimized with the Yoast SEO plugin v27.2 - https:\/\/yoast.com\/product\/yoast-seo-wordpress\/ -->\n<title>Turismebarometer - f\u00f8lg med i, hvor mange g\u00e6ster der rejser til Bornholm<\/title>\n<meta name=\"description\" content=\"F\u00f8lg med i, hvor mange tilrejsende g\u00e6ster, der kommer til \u00f8en ift. samme periode sidste \u00e5r. Brug v\u00e6rkt\u00f8jet til at lave vagtplaner, etc.\" \/>\n<meta name=\"robots\" content=\"index, follow, max-snippet:-1, max-image-preview:large, max-video-preview:-1\" \/>\n<link rel=\"canonical\" href=\"https:\/\/bornholm.info\/erhverv\/turismebarometer\/\" \/>\n<meta property=\"og:locale\" content=\"da_DK\" \/>\n<meta property=\"og:type\" content=\"article\" \/>\n<meta property=\"og:title\" content=\"Turismebarometer\" \/>\n<meta property=\"og:description\" content=\"F\u00f8lg med i, hvor mange tilrejsende g\u00e6ster, der kommer til \u00f8en i forhold til samme periode sidste \u00e5r.\" \/>\n<meta property=\"og:url\" content=\"https:\/\/bornholm.info\/erhverv\/turismebarometer\/\" \/>\n<meta property=\"og:site_name\" content=\"Destination Bornholm ApS\" \/>\n<meta property=\"article:modified_time\" content=\"2025-04-30T09:12:41+00:00\" \/>\n<meta property=\"og:image\" content=\"https:\/\/bornholm.info\/erhverv\/wp-content\/media\/sites\/3\/2020\/03\/turismebarometer_1750x800.jpg\" \/>\n\t<meta property=\"og:image:width\" content=\"1750\" \/>\n\t<meta property=\"og:image:height\" content=\"800\" \/>\n\t<meta property=\"og:image:type\" content=\"image\/jpeg\" \/>\n<meta name=\"twitter:card\" content=\"summary_large_image\" \/>\n<meta name=\"twitter:title\" content=\"Turismebarometer\" \/>\n<meta name=\"twitter:description\" content=\"F\u00f8lg med i, hvor mange tilrejsende g\u00e6ster, der kommer til \u00f8en i forhold til samme periode sidste \u00e5r.\" \/>\n<meta name=\"twitter:image\" content=\"https:\/\/bornholm.info\/erhverv\/wp-content\/media\/sites\/3\/2020\/03\/turismebarometer_1750x800.jpg\" \/>\n<script type=\"application\/ld+json\" class=\"yoast-schema-graph\">{\"@context\":\"https:\/\/schema.org\",\"@graph\":[{\"@type\":\"WebPage\",\"@id\":\"https:\/\/bornholm.info\/erhverv\/turismebarometer\/\",\"url\":\"https:\/\/bornholm.info\/erhverv\/turismebarometer\/\",\"name\":\"Turismebarometer - f\u00f8lg med i, hvor mange g\u00e6ster der rejser til Bornholm\",\"isPartOf\":{\"@id\":\"https:\/\/bornholm.info\/erhverv\/#website\"},\"datePublished\":\"2024-11-27T07:30:42+00:00\",\"dateModified\":\"2025-04-30T09:12:41+00:00\",\"description\":\"F\u00f8lg med i, hvor mange tilrejsende g\u00e6ster, der kommer til \u00f8en ift. samme periode sidste \u00e5r. Brug v\u00e6rkt\u00f8jet til at lave vagtplaner, etc.\",\"breadcrumb\":{\"@id\":\"https:\/\/bornholm.info\/erhverv\/turismebarometer\/#breadcrumb\"},\"inLanguage\":\"da-DK\",\"potentialAction\":[{\"@type\":\"ReadAction\",\"target\":[\"https:\/\/bornholm.info\/erhverv\/turismebarometer\/\"]}]},{\"@type\":\"BreadcrumbList\",\"@id\":\"https:\/\/bornholm.info\/erhverv\/turismebarometer\/#breadcrumb\",\"itemListElement\":[{\"@type\":\"ListItem\",\"position\":1,\"name\":\"Home\",\"item\":\"https:\/\/bornholm.info\/erhverv\/\"},{\"@type\":\"ListItem\",\"position\":2,\"name\":\"Turismebarometer\"}]},{\"@type\":\"WebSite\",\"@id\":\"https:\/\/bornholm.info\/erhverv\/#website\",\"url\":\"https:\/\/bornholm.info\/erhverv\/\",\"name\":\"Destination Bornholm ApS\",\"description\":\"Vi arbejder for turismen p\u00e5 Bornholm\",\"potentialAction\":[{\"@type\":\"SearchAction\",\"target\":{\"@type\":\"EntryPoint\",\"urlTemplate\":\"https:\/\/bornholm.info\/erhverv\/?s={search_term_string}\"},\"query-input\":{\"@type\":\"PropertyValueSpecification\",\"valueRequired\":true,\"valueName\":\"search_term_string\"}}],\"inLanguage\":\"da-DK\"}]}<\/script>\n<!-- \/ Yoast SEO plugin. -->","yoast_head_json":{"title":"Turismebarometer - f\u00f8lg med i, hvor mange g\u00e6ster der rejser til Bornholm","description":"F\u00f8lg med i, hvor mange tilrejsende g\u00e6ster, der kommer til \u00f8en ift. samme periode sidste \u00e5r. Brug v\u00e6rkt\u00f8jet til at lave vagtplaner, etc.","robots":{"index":"index","follow":"follow","max-snippet":"max-snippet:-1","max-image-preview":"max-image-preview:large","max-video-preview":"max-video-preview:-1"},"canonical":"https:\/\/bornholm.info\/erhverv\/turismebarometer\/","og_locale":"da_DK","og_type":"article","og_title":"Turismebarometer","og_description":"F\u00f8lg med i, hvor mange tilrejsende g\u00e6ster, der kommer til \u00f8en i forhold til samme periode sidste \u00e5r.","og_url":"https:\/\/bornholm.info\/erhverv\/turismebarometer\/","og_site_name":"Destination Bornholm ApS","article_modified_time":"2025-04-30T09:12:41+00:00","og_image":[{"width":1750,"height":800,"url":"https:\/\/bornholm.info\/erhverv\/wp-content\/media\/sites\/3\/2020\/03\/turismebarometer_1750x800.jpg","type":"image\/jpeg"}],"twitter_card":"summary_large_image","twitter_title":"Turismebarometer","twitter_description":"F\u00f8lg med i, hvor mange tilrejsende g\u00e6ster, der kommer til \u00f8en i forhold til samme periode sidste \u00e5r.","twitter_image":"https:\/\/bornholm.info\/erhverv\/wp-content\/media\/sites\/3\/2020\/03\/turismebarometer_1750x800.jpg","schema":{"@context":"https:\/\/schema.org","@graph":[{"@type":"WebPage","@id":"https:\/\/bornholm.info\/erhverv\/turismebarometer\/","url":"https:\/\/bornholm.info\/erhverv\/turismebarometer\/","name":"Turismebarometer - f\u00f8lg med i, hvor mange g\u00e6ster der rejser til Bornholm","isPartOf":{"@id":"https:\/\/bornholm.info\/erhverv\/#website"},"datePublished":"2024-11-27T07:30:42+00:00","dateModified":"2025-04-30T09:12:41+00:00","description":"F\u00f8lg med i, hvor mange tilrejsende g\u00e6ster, der kommer til \u00f8en ift. samme periode sidste \u00e5r. Brug v\u00e6rkt\u00f8jet til at lave vagtplaner, etc.","breadcrumb":{"@id":"https:\/\/bornholm.info\/erhverv\/turismebarometer\/#breadcrumb"},"inLanguage":"da-DK","potentialAction":[{"@type":"ReadAction","target":["https:\/\/bornholm.info\/erhverv\/turismebarometer\/"]}]},{"@type":"BreadcrumbList","@id":"https:\/\/bornholm.info\/erhverv\/turismebarometer\/#breadcrumb","itemListElement":[{"@type":"ListItem","position":1,"name":"Home","item":"https:\/\/bornholm.info\/erhverv\/"},{"@type":"ListItem","position":2,"name":"Turismebarometer"}]},{"@type":"WebSite","@id":"https:\/\/bornholm.info\/erhverv\/#website","url":"https:\/\/bornholm.info\/erhverv\/","name":"Destination Bornholm ApS","description":"Vi arbejder for turismen p\u00e5 Bornholm","potentialAction":[{"@type":"SearchAction","target":{"@type":"EntryPoint","urlTemplate":"https:\/\/bornholm.info\/erhverv\/?s={search_term_string}"},"query-input":{"@type":"PropertyValueSpecification","valueRequired":true,"valueName":"search_term_string"}}],"inLanguage":"da-DK"}]}},"_links":{"self":[{"href":"https:\/\/bornholm.info\/erhverv\/wp-json\/wp\/v2\/pages\/3095","targetHints":{"allow":["GET"]}}],"collection":[{"href":"https:\/\/bornholm.info\/erhverv\/wp-json\/wp\/v2\/pages"}],"about":[{"href":"https:\/\/bornholm.info\/erhverv\/wp-json\/wp\/v2\/types\/page"}],"author":[{"embeddable":true,"href":"https:\/\/bornholm.info\/erhverv\/wp-json\/wp\/v2\/users\/8"}],"replies":[{"embeddable":true,"href":"https:\/\/bornholm.info\/erhverv\/wp-json\/wp\/v2\/comments?post=3095"}],"version-history":[{"count":5,"href":"https:\/\/bornholm.info\/erhverv\/wp-json\/wp\/v2\/pages\/3095\/revisions"}],"predecessor-version":[{"id":12751,"href":"https:\/\/bornholm.info\/erhverv\/wp-json\/wp\/v2\/pages\/3095\/revisions\/12751"}],"wp:attachment":[{"href":"https:\/\/bornholm.info\/erhverv\/wp-json\/wp\/v2\/media?parent=3095"}],"curies":[{"name":"wp","href":"https:\/\/api.w.org\/{rel}","templated":true}]}}