{"id":1660,"date":"2024-05-27T08:00:53","date_gmt":"2024-05-27T06:00:53","guid":{"rendered":"http:\/\/bornholm.html24-dev.dk\/erhverv\/?page_id=1660"},"modified":"2024-06-21T13:14:14","modified_gmt":"2024-06-21T11:14:14","slug":"markedsfoering-bornholms-turistinformation","status":"publish","type":"page","link":"https:\/\/bornholm.info\/erhverv\/markedsfoering-bornholms-turistinformation\/","title":{"rendered":"Markedsf\u00f8ring i Bornholms Turistinformation"},"content":{"rendered":"","protected":false},"excerpt":{"rendered":"","protected":false},"author":8,"featured_media":0,"parent":0,"menu_order":0,"comment_status":"closed","ping_status":"closed","template":"template-parts\/normal-b2b-article.php","meta":{"_acf_changed":false},"class_list":["post-1660","page","type-page","status-publish","hentry"],"acf":[],"yoast_head":"<!-- This site is optimized with the Yoast SEO plugin v27.2 - https:\/\/yoast.com\/product\/yoast-seo-wordpress\/ -->\n<title>Markedsf\u00f8ring i Bornholms Turistinformation - Destination Bornholm ApS<\/title>\n<meta name=\"description\" content=\"Bornholms Turistinformation har bes\u00f8g af omkring 100.000 g\u00e6ster om \u00e5ret, som henter information og vejledning til deres ophold p\u00e5 \u00f8en.\" \/>\n<meta name=\"robots\" content=\"index, follow, max-snippet:-1, max-image-preview:large, max-video-preview:-1\" \/>\n<link rel=\"canonical\" href=\"https:\/\/bornholm.info\/erhverv\/markedsfoering-bornholms-turistinformation\/\" \/>\n<meta property=\"og:locale\" content=\"da_DK\" \/>\n<meta property=\"og:type\" content=\"article\" \/>\n<meta property=\"og:title\" content=\"Markedsf\u00f8ring i Bornholms Turistinformation - Destination Bornholm ApS\" \/>\n<meta property=\"og:description\" content=\"Bornholms Turistinformation har bes\u00f8g af omkring 100.000 g\u00e6ster om \u00e5ret, som henter information og vejledning til deres ophold p\u00e5 \u00f8en.\" \/>\n<meta property=\"og:url\" content=\"https:\/\/bornholm.info\/erhverv\/markedsfoering-bornholms-turistinformation\/\" \/>\n<meta property=\"og:site_name\" content=\"Destination Bornholm ApS\" \/>\n<meta property=\"article:modified_time\" content=\"2024-06-21T11:14:14+00:00\" \/>\n<meta name=\"twitter:card\" content=\"summary_large_image\" \/>\n<script type=\"application\/ld+json\" class=\"yoast-schema-graph\">{\"@context\":\"https:\/\/schema.org\",\"@graph\":[{\"@type\":\"WebPage\",\"@id\":\"https:\/\/bornholm.info\/erhverv\/markedsfoering-bornholms-turistinformation\/\",\"url\":\"https:\/\/bornholm.info\/erhverv\/markedsfoering-bornholms-turistinformation\/\",\"name\":\"Markedsf\u00f8ring i Bornholms Turistinformation - Destination Bornholm ApS\",\"isPartOf\":{\"@id\":\"https:\/\/bornholm.info\/erhverv\/#website\"},\"datePublished\":\"2024-05-27T06:00:53+00:00\",\"dateModified\":\"2024-06-21T11:14:14+00:00\",\"description\":\"Bornholms Turistinformation har bes\u00f8g af omkring 100.000 g\u00e6ster om \u00e5ret, som henter information og vejledning til deres ophold p\u00e5 \u00f8en.\",\"breadcrumb\":{\"@id\":\"https:\/\/bornholm.info\/erhverv\/markedsfoering-bornholms-turistinformation\/#breadcrumb\"},\"inLanguage\":\"da-DK\",\"potentialAction\":[{\"@type\":\"ReadAction\",\"target\":[\"https:\/\/bornholm.info\/erhverv\/markedsfoering-bornholms-turistinformation\/\"]}]},{\"@type\":\"BreadcrumbList\",\"@id\":\"https:\/\/bornholm.info\/erhverv\/markedsfoering-bornholms-turistinformation\/#breadcrumb\",\"itemListElement\":[{\"@type\":\"ListItem\",\"position\":1,\"name\":\"Home\",\"item\":\"https:\/\/bornholm.info\/erhverv\/\"},{\"@type\":\"ListItem\",\"position\":2,\"name\":\"Markedsf\u00f8ring i Bornholms Turistinformation\"}]},{\"@type\":\"WebSite\",\"@id\":\"https:\/\/bornholm.info\/erhverv\/#website\",\"url\":\"https:\/\/bornholm.info\/erhverv\/\",\"name\":\"Destination Bornholm ApS\",\"description\":\"Vi arbejder for turismen p\u00e5 Bornholm\",\"potentialAction\":[{\"@type\":\"SearchAction\",\"target\":{\"@type\":\"EntryPoint\",\"urlTemplate\":\"https:\/\/bornholm.info\/erhverv\/?s={search_term_string}\"},\"query-input\":{\"@type\":\"PropertyValueSpecification\",\"valueRequired\":true,\"valueName\":\"search_term_string\"}}],\"inLanguage\":\"da-DK\"}]}<\/script>\n<!-- \/ Yoast SEO plugin. -->","yoast_head_json":{"title":"Markedsf\u00f8ring i Bornholms Turistinformation - Destination Bornholm ApS","description":"Bornholms Turistinformation har bes\u00f8g af omkring 100.000 g\u00e6ster om \u00e5ret, som henter information og vejledning til deres ophold p\u00e5 \u00f8en.","robots":{"index":"index","follow":"follow","max-snippet":"max-snippet:-1","max-image-preview":"max-image-preview:large","max-video-preview":"max-video-preview:-1"},"canonical":"https:\/\/bornholm.info\/erhverv\/markedsfoering-bornholms-turistinformation\/","og_locale":"da_DK","og_type":"article","og_title":"Markedsf\u00f8ring i Bornholms Turistinformation - Destination Bornholm ApS","og_description":"Bornholms Turistinformation har bes\u00f8g af omkring 100.000 g\u00e6ster om \u00e5ret, som henter information og vejledning til deres ophold p\u00e5 \u00f8en.","og_url":"https:\/\/bornholm.info\/erhverv\/markedsfoering-bornholms-turistinformation\/","og_site_name":"Destination Bornholm ApS","article_modified_time":"2024-06-21T11:14:14+00:00","twitter_card":"summary_large_image","schema":{"@context":"https:\/\/schema.org","@graph":[{"@type":"WebPage","@id":"https:\/\/bornholm.info\/erhverv\/markedsfoering-bornholms-turistinformation\/","url":"https:\/\/bornholm.info\/erhverv\/markedsfoering-bornholms-turistinformation\/","name":"Markedsf\u00f8ring i Bornholms Turistinformation - Destination Bornholm ApS","isPartOf":{"@id":"https:\/\/bornholm.info\/erhverv\/#website"},"datePublished":"2024-05-27T06:00:53+00:00","dateModified":"2024-06-21T11:14:14+00:00","description":"Bornholms Turistinformation har bes\u00f8g af omkring 100.000 g\u00e6ster om \u00e5ret, som henter information og vejledning til deres ophold p\u00e5 \u00f8en.","breadcrumb":{"@id":"https:\/\/bornholm.info\/erhverv\/markedsfoering-bornholms-turistinformation\/#breadcrumb"},"inLanguage":"da-DK","potentialAction":[{"@type":"ReadAction","target":["https:\/\/bornholm.info\/erhverv\/markedsfoering-bornholms-turistinformation\/"]}]},{"@type":"BreadcrumbList","@id":"https:\/\/bornholm.info\/erhverv\/markedsfoering-bornholms-turistinformation\/#breadcrumb","itemListElement":[{"@type":"ListItem","position":1,"name":"Home","item":"https:\/\/bornholm.info\/erhverv\/"},{"@type":"ListItem","position":2,"name":"Markedsf\u00f8ring i Bornholms Turistinformation"}]},{"@type":"WebSite","@id":"https:\/\/bornholm.info\/erhverv\/#website","url":"https:\/\/bornholm.info\/erhverv\/","name":"Destination Bornholm ApS","description":"Vi arbejder for turismen p\u00e5 Bornholm","potentialAction":[{"@type":"SearchAction","target":{"@type":"EntryPoint","urlTemplate":"https:\/\/bornholm.info\/erhverv\/?s={search_term_string}"},"query-input":{"@type":"PropertyValueSpecification","valueRequired":true,"valueName":"search_term_string"}}],"inLanguage":"da-DK"}]}},"_links":{"self":[{"href":"https:\/\/bornholm.info\/erhverv\/wp-json\/wp\/v2\/pages\/1660","targetHints":{"allow":["GET"]}}],"collection":[{"href":"https:\/\/bornholm.info\/erhverv\/wp-json\/wp\/v2\/pages"}],"about":[{"href":"https:\/\/bornholm.info\/erhverv\/wp-json\/wp\/v2\/types\/page"}],"author":[{"embeddable":true,"href":"https:\/\/bornholm.info\/erhverv\/wp-json\/wp\/v2\/users\/8"}],"replies":[{"embeddable":true,"href":"https:\/\/bornholm.info\/erhverv\/wp-json\/wp\/v2\/comments?post=1660"}],"version-history":[{"count":5,"href":"https:\/\/bornholm.info\/erhverv\/wp-json\/wp\/v2\/pages\/1660\/revisions"}],"predecessor-version":[{"id":12115,"href":"https:\/\/bornholm.info\/erhverv\/wp-json\/wp\/v2\/pages\/1660\/revisions\/12115"}],"wp:attachment":[{"href":"https:\/\/bornholm.info\/erhverv\/wp-json\/wp\/v2\/media?parent=1660"}],"curies":[{"name":"wp","href":"https:\/\/api.w.org\/{rel}","templated":true}]}}