{"id":1650,"date":"2021-10-27T10:21:37","date_gmt":"2021-10-27T08:21:37","guid":{"rendered":"http:\/\/bornholm.html24-dev.dk\/erhverv\/?page_id=1650"},"modified":"2025-02-03T13:57:54","modified_gmt":"2025-02-03T12:57:54","slug":"digitalpakker","status":"publish","type":"page","link":"https:\/\/bornholm.info\/erhverv\/digitalpakker\/","title":{"rendered":"Digitalpakker"},"content":{"rendered":"","protected":false},"excerpt":{"rendered":"","protected":false},"author":8,"featured_media":0,"parent":0,"menu_order":0,"comment_status":"closed","ping_status":"closed","template":"template-parts\/normal-b2b-article.php","meta":{"_acf_changed":false},"class_list":["post-1650","page","type-page","status-publish","hentry","kategory-markedsfoering"],"acf":[],"yoast_head":"<!-- This site is optimized with the Yoast SEO plugin v27.2 - https:\/\/yoast.com\/product\/yoast-seo-wordpress\/ -->\n<title>Nem digital markedsf\u00f8ring til dedikerede Bornholm-fans med digitalpakke<\/title>\n<meta name=\"description\" content=\"Boost din egen digital markedsf\u00f8ring i 2022 p\u00e5 en nem m\u00e5de og bestil en af vores digitalpakker. Vi st\u00e5r for ops\u00e6tningen og hj\u00e6lper dig igang.\" \/>\n<meta name=\"robots\" content=\"index, follow, max-snippet:-1, max-image-preview:large, max-video-preview:-1\" \/>\n<link rel=\"canonical\" href=\"https:\/\/bornholm.info\/erhverv\/digitalpakker\/\" \/>\n<meta property=\"og:locale\" content=\"da_DK\" \/>\n<meta property=\"og:type\" content=\"article\" \/>\n<meta property=\"og:title\" content=\"Nem digital markedsf\u00f8ring til dedikerede Bornholm-fans med digitalpakke\" \/>\n<meta property=\"og:description\" content=\"Boost din egen digital markedsf\u00f8ring i 2022 p\u00e5 en nem m\u00e5de og bestil en af vores digitalpakker. Vi st\u00e5r for ops\u00e6tningen og hj\u00e6lper dig igang.\" \/>\n<meta property=\"og:url\" content=\"https:\/\/bornholm.info\/erhverv\/digitalpakker\/\" \/>\n<meta property=\"og:site_name\" content=\"Destination Bornholm ApS\" \/>\n<meta property=\"article:modified_time\" content=\"2025-02-03T12:57:54+00:00\" \/>\n<meta name=\"twitter:card\" content=\"summary_large_image\" \/>\n<script type=\"application\/ld+json\" class=\"yoast-schema-graph\">{\"@context\":\"https:\/\/schema.org\",\"@graph\":[{\"@type\":\"WebPage\",\"@id\":\"https:\/\/bornholm.info\/erhverv\/digitalpakker\/\",\"url\":\"https:\/\/bornholm.info\/erhverv\/digitalpakker\/\",\"name\":\"Nem digital markedsf\u00f8ring til dedikerede Bornholm-fans med digitalpakke\",\"isPartOf\":{\"@id\":\"https:\/\/bornholm.info\/erhverv\/#website\"},\"datePublished\":\"2021-10-27T08:21:37+00:00\",\"dateModified\":\"2025-02-03T12:57:54+00:00\",\"description\":\"Boost din egen digital markedsf\u00f8ring i 2022 p\u00e5 en nem m\u00e5de og bestil en af vores digitalpakker. Vi st\u00e5r for ops\u00e6tningen og hj\u00e6lper dig igang.\",\"breadcrumb\":{\"@id\":\"https:\/\/bornholm.info\/erhverv\/digitalpakker\/#breadcrumb\"},\"inLanguage\":\"da-DK\",\"potentialAction\":[{\"@type\":\"ReadAction\",\"target\":[\"https:\/\/bornholm.info\/erhverv\/digitalpakker\/\"]}]},{\"@type\":\"BreadcrumbList\",\"@id\":\"https:\/\/bornholm.info\/erhverv\/digitalpakker\/#breadcrumb\",\"itemListElement\":[{\"@type\":\"ListItem\",\"position\":1,\"name\":\"Home\",\"item\":\"https:\/\/bornholm.info\/erhverv\/\"},{\"@type\":\"ListItem\",\"position\":2,\"name\":\"Digitalpakker\"}]},{\"@type\":\"WebSite\",\"@id\":\"https:\/\/bornholm.info\/erhverv\/#website\",\"url\":\"https:\/\/bornholm.info\/erhverv\/\",\"name\":\"Destination Bornholm ApS\",\"description\":\"Vi arbejder for turismen p\u00e5 Bornholm\",\"potentialAction\":[{\"@type\":\"SearchAction\",\"target\":{\"@type\":\"EntryPoint\",\"urlTemplate\":\"https:\/\/bornholm.info\/erhverv\/?s={search_term_string}\"},\"query-input\":{\"@type\":\"PropertyValueSpecification\",\"valueRequired\":true,\"valueName\":\"search_term_string\"}}],\"inLanguage\":\"da-DK\"}]}<\/script>\n<!-- \/ Yoast SEO plugin. -->","yoast_head_json":{"title":"Nem digital markedsf\u00f8ring til dedikerede Bornholm-fans med digitalpakke","description":"Boost din egen digital markedsf\u00f8ring i 2022 p\u00e5 en nem m\u00e5de og bestil en af vores digitalpakker. Vi st\u00e5r for ops\u00e6tningen og hj\u00e6lper dig igang.","robots":{"index":"index","follow":"follow","max-snippet":"max-snippet:-1","max-image-preview":"max-image-preview:large","max-video-preview":"max-video-preview:-1"},"canonical":"https:\/\/bornholm.info\/erhverv\/digitalpakker\/","og_locale":"da_DK","og_type":"article","og_title":"Nem digital markedsf\u00f8ring til dedikerede Bornholm-fans med digitalpakke","og_description":"Boost din egen digital markedsf\u00f8ring i 2022 p\u00e5 en nem m\u00e5de og bestil en af vores digitalpakker. Vi st\u00e5r for ops\u00e6tningen og hj\u00e6lper dig igang.","og_url":"https:\/\/bornholm.info\/erhverv\/digitalpakker\/","og_site_name":"Destination Bornholm ApS","article_modified_time":"2025-02-03T12:57:54+00:00","twitter_card":"summary_large_image","schema":{"@context":"https:\/\/schema.org","@graph":[{"@type":"WebPage","@id":"https:\/\/bornholm.info\/erhverv\/digitalpakker\/","url":"https:\/\/bornholm.info\/erhverv\/digitalpakker\/","name":"Nem digital markedsf\u00f8ring til dedikerede Bornholm-fans med digitalpakke","isPartOf":{"@id":"https:\/\/bornholm.info\/erhverv\/#website"},"datePublished":"2021-10-27T08:21:37+00:00","dateModified":"2025-02-03T12:57:54+00:00","description":"Boost din egen digital markedsf\u00f8ring i 2022 p\u00e5 en nem m\u00e5de og bestil en af vores digitalpakker. Vi st\u00e5r for ops\u00e6tningen og hj\u00e6lper dig igang.","breadcrumb":{"@id":"https:\/\/bornholm.info\/erhverv\/digitalpakker\/#breadcrumb"},"inLanguage":"da-DK","potentialAction":[{"@type":"ReadAction","target":["https:\/\/bornholm.info\/erhverv\/digitalpakker\/"]}]},{"@type":"BreadcrumbList","@id":"https:\/\/bornholm.info\/erhverv\/digitalpakker\/#breadcrumb","itemListElement":[{"@type":"ListItem","position":1,"name":"Home","item":"https:\/\/bornholm.info\/erhverv\/"},{"@type":"ListItem","position":2,"name":"Digitalpakker"}]},{"@type":"WebSite","@id":"https:\/\/bornholm.info\/erhverv\/#website","url":"https:\/\/bornholm.info\/erhverv\/","name":"Destination Bornholm ApS","description":"Vi arbejder for turismen p\u00e5 Bornholm","potentialAction":[{"@type":"SearchAction","target":{"@type":"EntryPoint","urlTemplate":"https:\/\/bornholm.info\/erhverv\/?s={search_term_string}"},"query-input":{"@type":"PropertyValueSpecification","valueRequired":true,"valueName":"search_term_string"}}],"inLanguage":"da-DK"}]}},"_links":{"self":[{"href":"https:\/\/bornholm.info\/erhverv\/wp-json\/wp\/v2\/pages\/1650","targetHints":{"allow":["GET"]}}],"collection":[{"href":"https:\/\/bornholm.info\/erhverv\/wp-json\/wp\/v2\/pages"}],"about":[{"href":"https:\/\/bornholm.info\/erhverv\/wp-json\/wp\/v2\/types\/page"}],"author":[{"embeddable":true,"href":"https:\/\/bornholm.info\/erhverv\/wp-json\/wp\/v2\/users\/8"}],"replies":[{"embeddable":true,"href":"https:\/\/bornholm.info\/erhverv\/wp-json\/wp\/v2\/comments?post=1650"}],"version-history":[{"count":6,"href":"https:\/\/bornholm.info\/erhverv\/wp-json\/wp\/v2\/pages\/1650\/revisions"}],"predecessor-version":[{"id":12589,"href":"https:\/\/bornholm.info\/erhverv\/wp-json\/wp\/v2\/pages\/1650\/revisions\/12589"}],"wp:attachment":[{"href":"https:\/\/bornholm.info\/erhverv\/wp-json\/wp\/v2\/media?parent=1650"}],"curies":[{"name":"wp","href":"https:\/\/api.w.org\/{rel}","templated":true}]}}