{"id":11533,"date":"2024-01-18T14:01:47","date_gmt":"2024-01-18T13:01:47","guid":{"rendered":"https:\/\/bornholm.info\/erhverv\/?page_id=11533"},"modified":"2024-02-19T10:45:02","modified_gmt":"2024-02-19T09:45:02","slug":"bornholms-turisme","status":"publish","type":"page","link":"https:\/\/bornholm.info\/erhverv\/bornholms-turisme\/","title":{"rendered":"Bornholms Turisme &#8211; hele \u00e5ret og p\u00e5 hele \u00f8en"},"content":{"rendered":"","protected":false},"excerpt":{"rendered":"","protected":false},"author":754,"featured_media":0,"parent":0,"menu_order":0,"comment_status":"closed","ping_status":"closed","template":"template-parts\/B2B-template.php","meta":{"_acf_changed":false},"class_list":["post-11533","page","type-page","status-publish","hentry"],"acf":[],"yoast_head":"<!-- This site is optimized with the Yoast SEO plugin v27.2 - https:\/\/yoast.com\/product\/yoast-seo-wordpress\/ -->\n<title>Bornholms Turisme - hele \u00e5ret og p\u00e5 hele \u00f8en - Destination Bornholm ApS<\/title>\n<meta name=\"description\" content=\"Projektet har til form\u00e5l at iv\u00e6rks\u00e6tte en r\u00e6kke tiltag, som skal medvirke til at realisere visionen om Bornholm som et hel\u00e5rsbaseret, b\u00e6redygtigt og foretrukket rejsem\u00e5l med h\u00f8j kvalitet og international gennemslagskraft.\" \/>\n<meta name=\"robots\" content=\"index, follow, max-snippet:-1, max-image-preview:large, max-video-preview:-1\" \/>\n<link rel=\"canonical\" href=\"https:\/\/bornholm.info\/erhverv\/bornholms-turisme\/\" \/>\n<meta property=\"og:locale\" content=\"da_DK\" \/>\n<meta property=\"og:type\" content=\"article\" \/>\n<meta property=\"og:title\" content=\"Bornholms Turisme - hele \u00e5ret og p\u00e5 hele \u00f8en - Destination Bornholm ApS\" \/>\n<meta property=\"og:description\" content=\"Projektet har til form\u00e5l at iv\u00e6rks\u00e6tte en r\u00e6kke tiltag, som skal medvirke til at realisere visionen om Bornholm som et hel\u00e5rsbaseret, b\u00e6redygtigt og foretrukket rejsem\u00e5l med h\u00f8j kvalitet og international gennemslagskraft.\" \/>\n<meta property=\"og:url\" content=\"https:\/\/bornholm.info\/erhverv\/bornholms-turisme\/\" \/>\n<meta property=\"og:site_name\" content=\"Destination Bornholm ApS\" \/>\n<meta property=\"article:modified_time\" content=\"2024-02-19T09:45:02+00:00\" \/>\n<meta name=\"twitter:card\" content=\"summary_large_image\" \/>\n<script type=\"application\/ld+json\" class=\"yoast-schema-graph\">{\"@context\":\"https:\/\/schema.org\",\"@graph\":[{\"@type\":\"WebPage\",\"@id\":\"https:\/\/bornholm.info\/erhverv\/bornholms-turisme\/\",\"url\":\"https:\/\/bornholm.info\/erhverv\/bornholms-turisme\/\",\"name\":\"Bornholms Turisme - hele \u00e5ret og p\u00e5 hele \u00f8en - Destination Bornholm ApS\",\"isPartOf\":{\"@id\":\"https:\/\/bornholm.info\/erhverv\/#website\"},\"datePublished\":\"2024-01-18T13:01:47+00:00\",\"dateModified\":\"2024-02-19T09:45:02+00:00\",\"description\":\"Projektet har til form\u00e5l at iv\u00e6rks\u00e6tte en r\u00e6kke tiltag, som skal medvirke til at realisere visionen om Bornholm som et hel\u00e5rsbaseret, b\u00e6redygtigt og foretrukket rejsem\u00e5l med h\u00f8j kvalitet og international gennemslagskraft.\",\"breadcrumb\":{\"@id\":\"https:\/\/bornholm.info\/erhverv\/bornholms-turisme\/#breadcrumb\"},\"inLanguage\":\"da-DK\",\"potentialAction\":[{\"@type\":\"ReadAction\",\"target\":[\"https:\/\/bornholm.info\/erhverv\/bornholms-turisme\/\"]}]},{\"@type\":\"BreadcrumbList\",\"@id\":\"https:\/\/bornholm.info\/erhverv\/bornholms-turisme\/#breadcrumb\",\"itemListElement\":[{\"@type\":\"ListItem\",\"position\":1,\"name\":\"Home\",\"item\":\"https:\/\/bornholm.info\/erhverv\/\"},{\"@type\":\"ListItem\",\"position\":2,\"name\":\"Bornholms Turisme &#8211; hele \u00e5ret og p\u00e5 hele \u00f8en\"}]},{\"@type\":\"WebSite\",\"@id\":\"https:\/\/bornholm.info\/erhverv\/#website\",\"url\":\"https:\/\/bornholm.info\/erhverv\/\",\"name\":\"Destination Bornholm ApS\",\"description\":\"Vi arbejder for turismen p\u00e5 Bornholm\",\"potentialAction\":[{\"@type\":\"SearchAction\",\"target\":{\"@type\":\"EntryPoint\",\"urlTemplate\":\"https:\/\/bornholm.info\/erhverv\/?s={search_term_string}\"},\"query-input\":{\"@type\":\"PropertyValueSpecification\",\"valueRequired\":true,\"valueName\":\"search_term_string\"}}],\"inLanguage\":\"da-DK\"}]}<\/script>\n<!-- \/ Yoast SEO plugin. -->","yoast_head_json":{"title":"Bornholms Turisme - hele \u00e5ret og p\u00e5 hele \u00f8en - Destination Bornholm ApS","description":"Projektet har til form\u00e5l at iv\u00e6rks\u00e6tte en r\u00e6kke tiltag, som skal medvirke til at realisere visionen om Bornholm som et hel\u00e5rsbaseret, b\u00e6redygtigt og foretrukket rejsem\u00e5l med h\u00f8j kvalitet og international gennemslagskraft.","robots":{"index":"index","follow":"follow","max-snippet":"max-snippet:-1","max-image-preview":"max-image-preview:large","max-video-preview":"max-video-preview:-1"},"canonical":"https:\/\/bornholm.info\/erhverv\/bornholms-turisme\/","og_locale":"da_DK","og_type":"article","og_title":"Bornholms Turisme - hele \u00e5ret og p\u00e5 hele \u00f8en - Destination Bornholm ApS","og_description":"Projektet har til form\u00e5l at iv\u00e6rks\u00e6tte en r\u00e6kke tiltag, som skal medvirke til at realisere visionen om Bornholm som et hel\u00e5rsbaseret, b\u00e6redygtigt og foretrukket rejsem\u00e5l med h\u00f8j kvalitet og international gennemslagskraft.","og_url":"https:\/\/bornholm.info\/erhverv\/bornholms-turisme\/","og_site_name":"Destination Bornholm ApS","article_modified_time":"2024-02-19T09:45:02+00:00","twitter_card":"summary_large_image","schema":{"@context":"https:\/\/schema.org","@graph":[{"@type":"WebPage","@id":"https:\/\/bornholm.info\/erhverv\/bornholms-turisme\/","url":"https:\/\/bornholm.info\/erhverv\/bornholms-turisme\/","name":"Bornholms Turisme - hele \u00e5ret og p\u00e5 hele \u00f8en - Destination Bornholm ApS","isPartOf":{"@id":"https:\/\/bornholm.info\/erhverv\/#website"},"datePublished":"2024-01-18T13:01:47+00:00","dateModified":"2024-02-19T09:45:02+00:00","description":"Projektet har til form\u00e5l at iv\u00e6rks\u00e6tte en r\u00e6kke tiltag, som skal medvirke til at realisere visionen om Bornholm som et hel\u00e5rsbaseret, b\u00e6redygtigt og foretrukket rejsem\u00e5l med h\u00f8j kvalitet og international gennemslagskraft.","breadcrumb":{"@id":"https:\/\/bornholm.info\/erhverv\/bornholms-turisme\/#breadcrumb"},"inLanguage":"da-DK","potentialAction":[{"@type":"ReadAction","target":["https:\/\/bornholm.info\/erhverv\/bornholms-turisme\/"]}]},{"@type":"BreadcrumbList","@id":"https:\/\/bornholm.info\/erhverv\/bornholms-turisme\/#breadcrumb","itemListElement":[{"@type":"ListItem","position":1,"name":"Home","item":"https:\/\/bornholm.info\/erhverv\/"},{"@type":"ListItem","position":2,"name":"Bornholms Turisme &#8211; hele \u00e5ret og p\u00e5 hele \u00f8en"}]},{"@type":"WebSite","@id":"https:\/\/bornholm.info\/erhverv\/#website","url":"https:\/\/bornholm.info\/erhverv\/","name":"Destination Bornholm ApS","description":"Vi arbejder for turismen p\u00e5 Bornholm","potentialAction":[{"@type":"SearchAction","target":{"@type":"EntryPoint","urlTemplate":"https:\/\/bornholm.info\/erhverv\/?s={search_term_string}"},"query-input":{"@type":"PropertyValueSpecification","valueRequired":true,"valueName":"search_term_string"}}],"inLanguage":"da-DK"}]}},"_links":{"self":[{"href":"https:\/\/bornholm.info\/erhverv\/wp-json\/wp\/v2\/pages\/11533","targetHints":{"allow":["GET"]}}],"collection":[{"href":"https:\/\/bornholm.info\/erhverv\/wp-json\/wp\/v2\/pages"}],"about":[{"href":"https:\/\/bornholm.info\/erhverv\/wp-json\/wp\/v2\/types\/page"}],"author":[{"embeddable":true,"href":"https:\/\/bornholm.info\/erhverv\/wp-json\/wp\/v2\/users\/754"}],"replies":[{"embeddable":true,"href":"https:\/\/bornholm.info\/erhverv\/wp-json\/wp\/v2\/comments?post=11533"}],"version-history":[{"count":5,"href":"https:\/\/bornholm.info\/erhverv\/wp-json\/wp\/v2\/pages\/11533\/revisions"}],"predecessor-version":[{"id":11653,"href":"https:\/\/bornholm.info\/erhverv\/wp-json\/wp\/v2\/pages\/11533\/revisions\/11653"}],"wp:attachment":[{"href":"https:\/\/bornholm.info\/erhverv\/wp-json\/wp\/v2\/media?parent=11533"}],"curies":[{"name":"wp","href":"https:\/\/api.w.org\/{rel}","templated":true}]}}