{"id":10585,"date":"2023-08-02T07:59:07","date_gmt":"2023-08-02T05:59:07","guid":{"rendered":"https:\/\/bornholm.info\/erhverv\/?page_id=10585"},"modified":"2023-08-02T08:20:22","modified_gmt":"2023-08-02T06:20:22","slug":"billeder-som-virkemiddel","status":"publish","type":"page","link":"https:\/\/bornholm.info\/erhverv\/billeder-som-virkemiddel\/","title":{"rendered":"Billeder som virkemiddel"},"content":{"rendered":"","protected":false},"excerpt":{"rendered":"","protected":false},"author":25,"featured_media":0,"parent":0,"menu_order":0,"comment_status":"closed","ping_status":"closed","template":"template-parts\/thema.php","meta":{"_acf_changed":false},"class_list":["post-10585","page","type-page","status-publish","hentry","kategory-markedsfoering","kategory-udvikling"],"acf":[],"yoast_head":"<!-- This site is optimized with the Yoast SEO plugin v27.2 - https:\/\/yoast.com\/product\/yoast-seo-wordpress\/ -->\n<title>Billeder som virkemiddel - Destination Bornholm ApS<\/title>\n<meta name=\"robots\" content=\"index, follow, max-snippet:-1, max-image-preview:large, max-video-preview:-1\" \/>\n<link rel=\"canonical\" href=\"https:\/\/bornholm.info\/erhverv\/billeder-som-virkemiddel\/\" \/>\n<meta property=\"og:locale\" content=\"da_DK\" \/>\n<meta property=\"og:type\" content=\"article\" \/>\n<meta property=\"og:title\" content=\"Frem dit salg med gode billeder\" \/>\n<meta property=\"og:description\" content=\"Billeder kan fremkalde f\u00f8lelser hos modtageren, hvilket kan v\u00e6re et utroligt st\u00e6rkt virkemiddel og v\u00e6re medvirkende til at modtageren v\u00e6lger at foretage en \u00f8nsket handling som k\u00f8b af produkt eller ophold.\" \/>\n<meta property=\"og:url\" content=\"https:\/\/bornholm.info\/erhverv\/billeder-som-virkemiddel\/\" \/>\n<meta property=\"og:site_name\" content=\"Destination Bornholm ApS\" \/>\n<meta property=\"article:modified_time\" content=\"2023-08-02T06:20:22+00:00\" \/>\n<meta property=\"og:image\" content=\"https:\/\/bornholm.info\/erhverv\/wp-content\/media\/sites\/3\/2022\/03\/fotokonkurrence.jpg\" \/>\n\t<meta property=\"og:image:width\" content=\"1200\" \/>\n\t<meta property=\"og:image:height\" content=\"547\" \/>\n\t<meta property=\"og:image:type\" content=\"image\/jpeg\" \/>\n<meta name=\"twitter:card\" content=\"summary_large_image\" \/>\n<script type=\"application\/ld+json\" class=\"yoast-schema-graph\">{\"@context\":\"https:\/\/schema.org\",\"@graph\":[{\"@type\":\"WebPage\",\"@id\":\"https:\/\/bornholm.info\/erhverv\/billeder-som-virkemiddel\/\",\"url\":\"https:\/\/bornholm.info\/erhverv\/billeder-som-virkemiddel\/\",\"name\":\"Billeder som virkemiddel - Destination Bornholm ApS\",\"isPartOf\":{\"@id\":\"https:\/\/bornholm.info\/erhverv\/#website\"},\"datePublished\":\"2023-08-02T05:59:07+00:00\",\"dateModified\":\"2023-08-02T06:20:22+00:00\",\"breadcrumb\":{\"@id\":\"https:\/\/bornholm.info\/erhverv\/billeder-som-virkemiddel\/#breadcrumb\"},\"inLanguage\":\"da-DK\",\"potentialAction\":[{\"@type\":\"ReadAction\",\"target\":[\"https:\/\/bornholm.info\/erhverv\/billeder-som-virkemiddel\/\"]}]},{\"@type\":\"BreadcrumbList\",\"@id\":\"https:\/\/bornholm.info\/erhverv\/billeder-som-virkemiddel\/#breadcrumb\",\"itemListElement\":[{\"@type\":\"ListItem\",\"position\":1,\"name\":\"Home\",\"item\":\"https:\/\/bornholm.info\/erhverv\/\"},{\"@type\":\"ListItem\",\"position\":2,\"name\":\"Billeder som virkemiddel\"}]},{\"@type\":\"WebSite\",\"@id\":\"https:\/\/bornholm.info\/erhverv\/#website\",\"url\":\"https:\/\/bornholm.info\/erhverv\/\",\"name\":\"Destination Bornholm ApS\",\"description\":\"Vi arbejder for turismen p\u00e5 Bornholm\",\"potentialAction\":[{\"@type\":\"SearchAction\",\"target\":{\"@type\":\"EntryPoint\",\"urlTemplate\":\"https:\/\/bornholm.info\/erhverv\/?s={search_term_string}\"},\"query-input\":{\"@type\":\"PropertyValueSpecification\",\"valueRequired\":true,\"valueName\":\"search_term_string\"}}],\"inLanguage\":\"da-DK\"}]}<\/script>\n<!-- \/ Yoast SEO plugin. -->","yoast_head_json":{"title":"Billeder som virkemiddel - Destination Bornholm ApS","robots":{"index":"index","follow":"follow","max-snippet":"max-snippet:-1","max-image-preview":"max-image-preview:large","max-video-preview":"max-video-preview:-1"},"canonical":"https:\/\/bornholm.info\/erhverv\/billeder-som-virkemiddel\/","og_locale":"da_DK","og_type":"article","og_title":"Frem dit salg med gode billeder","og_description":"Billeder kan fremkalde f\u00f8lelser hos modtageren, hvilket kan v\u00e6re et utroligt st\u00e6rkt virkemiddel og v\u00e6re medvirkende til at modtageren v\u00e6lger at foretage en \u00f8nsket handling som k\u00f8b af produkt eller ophold.","og_url":"https:\/\/bornholm.info\/erhverv\/billeder-som-virkemiddel\/","og_site_name":"Destination Bornholm ApS","article_modified_time":"2023-08-02T06:20:22+00:00","og_image":[{"width":1200,"height":547,"url":"https:\/\/bornholm.info\/erhverv\/wp-content\/media\/sites\/3\/2022\/03\/fotokonkurrence.jpg","type":"image\/jpeg"}],"twitter_card":"summary_large_image","schema":{"@context":"https:\/\/schema.org","@graph":[{"@type":"WebPage","@id":"https:\/\/bornholm.info\/erhverv\/billeder-som-virkemiddel\/","url":"https:\/\/bornholm.info\/erhverv\/billeder-som-virkemiddel\/","name":"Billeder som virkemiddel - Destination Bornholm ApS","isPartOf":{"@id":"https:\/\/bornholm.info\/erhverv\/#website"},"datePublished":"2023-08-02T05:59:07+00:00","dateModified":"2023-08-02T06:20:22+00:00","breadcrumb":{"@id":"https:\/\/bornholm.info\/erhverv\/billeder-som-virkemiddel\/#breadcrumb"},"inLanguage":"da-DK","potentialAction":[{"@type":"ReadAction","target":["https:\/\/bornholm.info\/erhverv\/billeder-som-virkemiddel\/"]}]},{"@type":"BreadcrumbList","@id":"https:\/\/bornholm.info\/erhverv\/billeder-som-virkemiddel\/#breadcrumb","itemListElement":[{"@type":"ListItem","position":1,"name":"Home","item":"https:\/\/bornholm.info\/erhverv\/"},{"@type":"ListItem","position":2,"name":"Billeder som virkemiddel"}]},{"@type":"WebSite","@id":"https:\/\/bornholm.info\/erhverv\/#website","url":"https:\/\/bornholm.info\/erhverv\/","name":"Destination Bornholm ApS","description":"Vi arbejder for turismen p\u00e5 Bornholm","potentialAction":[{"@type":"SearchAction","target":{"@type":"EntryPoint","urlTemplate":"https:\/\/bornholm.info\/erhverv\/?s={search_term_string}"},"query-input":{"@type":"PropertyValueSpecification","valueRequired":true,"valueName":"search_term_string"}}],"inLanguage":"da-DK"}]}},"_links":{"self":[{"href":"https:\/\/bornholm.info\/erhverv\/wp-json\/wp\/v2\/pages\/10585","targetHints":{"allow":["GET"]}}],"collection":[{"href":"https:\/\/bornholm.info\/erhverv\/wp-json\/wp\/v2\/pages"}],"about":[{"href":"https:\/\/bornholm.info\/erhverv\/wp-json\/wp\/v2\/types\/page"}],"author":[{"embeddable":true,"href":"https:\/\/bornholm.info\/erhverv\/wp-json\/wp\/v2\/users\/25"}],"replies":[{"embeddable":true,"href":"https:\/\/bornholm.info\/erhverv\/wp-json\/wp\/v2\/comments?post=10585"}],"version-history":[{"count":2,"href":"https:\/\/bornholm.info\/erhverv\/wp-json\/wp\/v2\/pages\/10585\/revisions"}],"predecessor-version":[{"id":10587,"href":"https:\/\/bornholm.info\/erhverv\/wp-json\/wp\/v2\/pages\/10585\/revisions\/10587"}],"wp:attachment":[{"href":"https:\/\/bornholm.info\/erhverv\/wp-json\/wp\/v2\/media?parent=10585"}],"curies":[{"name":"wp","href":"https:\/\/api.w.org\/{rel}","templated":true}]}}