{"id":11624,"date":"2017-08-17T12:07:49","date_gmt":"2017-08-17T12:07:49","guid":{"rendered":"https:\/\/bornholm.info\/webshop\/kroelle-boelle-bogen\/"},"modified":"2017-11-22T14:23:35","modified_gmt":"2017-11-22T14:23:35","slug":"the-kroelle-boelle-book","status":"publish","type":"product","link":"https:\/\/bornholm.info\/en\/vare\/the-kroelle-boelle-book\/","title":{"rendered":"The Kr\u00f8lle B\u00f8lle Book"},"content":{"rendered":"<div id=\"bornh-401026281\" class=\"bornh-before-content-paa-lost-password-siden\"><a data-no-instant=\"1\" href=\"https:\/\/www.youtube.com\/channel\/UC2ZVDESONJ4EaIHaoeKngsw\" rel=\"noopener nofollow\" class=\"a2t-link\" target=\"_blank\" aria-label=\"youtube_300x250_annonce\"><img loading=\"lazy\" decoding=\"async\" src=\"https:\/\/bornholm.info\/wp-content\/media\/2017\/07\/youtube_300x250_annonce.jpg\" alt=\"\"  width=\"300\" height=\"250\"   \/><\/a><\/div>","protected":false},"excerpt":{"rendered":"<p>On Tour on Bornholm with Kr\u00f8lle B\u00f8lle.<br \/>\nFunny book about the popular Bornholm troll Kr\u00f8lle B\u00f8lle, his little sister Kr\u00f8lle-Borra, as well as his parents Bobbar\u00e6kus and Bobbasina.<\/p>\n<p>27 x 21 cm, 42 pages.<\/p>\n","protected":false},"featured_media":11625,"template":"","meta":{"_acf_changed":false},"product_brand":[],"product_cat":[1052,1048],"product_tag":[],"class_list":{"0":"post-11624","1":"product","2":"type-product","3":"status-publish","4":"has-post-thumbnail","6":"product_cat-boeger-en","7":"product_cat-related-en","9":"first","10":"instock","11":"taxable","12":"shipping-taxable","13":"purchasable","14":"product-type-simple"},"acf":[],"yoast_head":"<!-- This site is optimized with the Yoast SEO plugin v27.2 - https:\/\/yoast.com\/product\/yoast-seo-wordpress\/ -->\n<title>The Kr\u00f8lle B\u00f8lle Book - Destination Bornholm<\/title>\n<meta name=\"robots\" content=\"index, follow, max-snippet:-1, max-image-preview:large, max-video-preview:-1\" \/>\n<link rel=\"canonical\" href=\"https:\/\/bornholm.info\/en\/vare\/the-kroelle-boelle-book\/\" \/>\n<meta property=\"og:locale\" content=\"en_US\" \/>\n<meta property=\"og:type\" content=\"article\" \/>\n<meta property=\"og:title\" content=\"The Kr\u00f8lle B\u00f8lle Book - Destination Bornholm\" \/>\n<meta property=\"og:description\" content=\"On Tour on Bornholm with Kr\u00f8lle B\u00f8lle. Funny book about the popular Bornholm troll Kr\u00f8lle B\u00f8lle, his little sister Kr\u00f8lle-Borra, as well as his parents Bobbar\u00e6kus and Bobbasina. 27 x 21 cm, 42 pages.\" \/>\n<meta property=\"og:url\" content=\"https:\/\/bornholm.info\/en\/vare\/the-kroelle-boelle-book\/\" \/>\n<meta property=\"og:site_name\" content=\"Destination Bornholm\" \/>\n<meta property=\"article:publisher\" content=\"https:\/\/www.facebook.com\/bornholminfo\" \/>\n<meta property=\"article:modified_time\" content=\"2017-11-22T14:23:35+00:00\" \/>\n<meta property=\"og:image\" content=\"https:\/\/bornholm.info\/wp-content\/media\/2017\/08\/kroelleboelle_555x600.jpg\" \/>\n\t<meta property=\"og:image:width\" content=\"555\" \/>\n\t<meta property=\"og:image:height\" content=\"600\" \/>\n\t<meta property=\"og:image:type\" content=\"image\/jpeg\" \/>\n<meta name=\"twitter:card\" content=\"summary_large_image\" \/>\n<script type=\"application\/ld+json\" class=\"yoast-schema-graph\">{\"@context\":\"https:\/\/schema.org\",\"@graph\":[{\"@type\":\"WebPage\",\"@id\":\"https:\/\/bornholm.info\/en\/vare\/the-kroelle-boelle-book\/\",\"url\":\"https:\/\/bornholm.info\/en\/vare\/the-kroelle-boelle-book\/\",\"name\":\"The Kr\u00f8lle B\u00f8lle Book - Destination Bornholm\",\"isPartOf\":{\"@id\":\"https:\/\/bornholm.info\/de\/#website\"},\"primaryImageOfPage\":{\"@id\":\"https:\/\/bornholm.info\/en\/vare\/the-kroelle-boelle-book\/#primaryimage\"},\"image\":{\"@id\":\"https:\/\/bornholm.info\/en\/vare\/the-kroelle-boelle-book\/#primaryimage\"},\"thumbnailUrl\":\"https:\/\/bornholm.info\/wp-content\/media\/2017\/08\/kroelleboelle_555x600.jpg\",\"datePublished\":\"2017-08-17T12:07:49+00:00\",\"dateModified\":\"2017-11-22T14:23:35+00:00\",\"breadcrumb\":{\"@id\":\"https:\/\/bornholm.info\/en\/vare\/the-kroelle-boelle-book\/#breadcrumb\"},\"inLanguage\":\"en-US\",\"potentialAction\":[{\"@type\":\"ReadAction\",\"target\":[\"https:\/\/bornholm.info\/en\/vare\/the-kroelle-boelle-book\/\"]}]},{\"@type\":\"ImageObject\",\"inLanguage\":\"en-US\",\"@id\":\"https:\/\/bornholm.info\/en\/vare\/the-kroelle-boelle-book\/#primaryimage\",\"url\":\"https:\/\/bornholm.info\/wp-content\/media\/2017\/08\/kroelleboelle_555x600.jpg\",\"contentUrl\":\"https:\/\/bornholm.info\/wp-content\/media\/2017\/08\/kroelleboelle_555x600.jpg\",\"width\":555,\"height\":600},{\"@type\":\"BreadcrumbList\",\"@id\":\"https:\/\/bornholm.info\/en\/vare\/the-kroelle-boelle-book\/#breadcrumb\",\"itemListElement\":[{\"@type\":\"ListItem\",\"position\":1,\"name\":\"Home\",\"item\":\"https:\/\/bornholm.info\/en\/\"},{\"@type\":\"ListItem\",\"position\":2,\"name\":\"Webshop\",\"item\":\"https:\/\/bornholm.info\/webshop\/\"},{\"@type\":\"ListItem\",\"position\":3,\"name\":\"The Kr\u00f8lle B\u00f8lle Book\"}]},{\"@type\":\"WebSite\",\"@id\":\"https:\/\/bornholm.info\/de\/#website\",\"url\":\"https:\/\/bornholm.info\/de\/\",\"name\":\"Destination Bornholm\",\"description\":\"The Official Travel Guide to Bornholm\",\"potentialAction\":[{\"@type\":\"SearchAction\",\"target\":{\"@type\":\"EntryPoint\",\"urlTemplate\":\"https:\/\/bornholm.info\/de\/?s={search_term_string}\"},\"query-input\":{\"@type\":\"PropertyValueSpecification\",\"valueRequired\":true,\"valueName\":\"search_term_string\"}}],\"inLanguage\":\"en-US\"}]}<\/script>\n<!-- \/ Yoast SEO plugin. -->","yoast_head_json":{"title":"The Kr\u00f8lle B\u00f8lle Book - Destination Bornholm","robots":{"index":"index","follow":"follow","max-snippet":"max-snippet:-1","max-image-preview":"max-image-preview:large","max-video-preview":"max-video-preview:-1"},"canonical":"https:\/\/bornholm.info\/en\/vare\/the-kroelle-boelle-book\/","og_locale":"en_US","og_type":"article","og_title":"The Kr\u00f8lle B\u00f8lle Book - Destination Bornholm","og_description":"On Tour on Bornholm with Kr\u00f8lle B\u00f8lle. Funny book about the popular Bornholm troll Kr\u00f8lle B\u00f8lle, his little sister Kr\u00f8lle-Borra, as well as his parents Bobbar\u00e6kus and Bobbasina. 27 x 21 cm, 42 pages.","og_url":"https:\/\/bornholm.info\/en\/vare\/the-kroelle-boelle-book\/","og_site_name":"Destination Bornholm","article_publisher":"https:\/\/www.facebook.com\/bornholminfo","article_modified_time":"2017-11-22T14:23:35+00:00","og_image":[{"width":555,"height":600,"url":"https:\/\/bornholm.info\/wp-content\/media\/2017\/08\/kroelleboelle_555x600.jpg","type":"image\/jpeg"}],"twitter_card":"summary_large_image","schema":{"@context":"https:\/\/schema.org","@graph":[{"@type":"WebPage","@id":"https:\/\/bornholm.info\/en\/vare\/the-kroelle-boelle-book\/","url":"https:\/\/bornholm.info\/en\/vare\/the-kroelle-boelle-book\/","name":"The Kr\u00f8lle B\u00f8lle Book - Destination Bornholm","isPartOf":{"@id":"https:\/\/bornholm.info\/de\/#website"},"primaryImageOfPage":{"@id":"https:\/\/bornholm.info\/en\/vare\/the-kroelle-boelle-book\/#primaryimage"},"image":{"@id":"https:\/\/bornholm.info\/en\/vare\/the-kroelle-boelle-book\/#primaryimage"},"thumbnailUrl":"https:\/\/bornholm.info\/wp-content\/media\/2017\/08\/kroelleboelle_555x600.jpg","datePublished":"2017-08-17T12:07:49+00:00","dateModified":"2017-11-22T14:23:35+00:00","breadcrumb":{"@id":"https:\/\/bornholm.info\/en\/vare\/the-kroelle-boelle-book\/#breadcrumb"},"inLanguage":"en-US","potentialAction":[{"@type":"ReadAction","target":["https:\/\/bornholm.info\/en\/vare\/the-kroelle-boelle-book\/"]}]},{"@type":"ImageObject","inLanguage":"en-US","@id":"https:\/\/bornholm.info\/en\/vare\/the-kroelle-boelle-book\/#primaryimage","url":"https:\/\/bornholm.info\/wp-content\/media\/2017\/08\/kroelleboelle_555x600.jpg","contentUrl":"https:\/\/bornholm.info\/wp-content\/media\/2017\/08\/kroelleboelle_555x600.jpg","width":555,"height":600},{"@type":"BreadcrumbList","@id":"https:\/\/bornholm.info\/en\/vare\/the-kroelle-boelle-book\/#breadcrumb","itemListElement":[{"@type":"ListItem","position":1,"name":"Home","item":"https:\/\/bornholm.info\/en\/"},{"@type":"ListItem","position":2,"name":"Webshop","item":"https:\/\/bornholm.info\/webshop\/"},{"@type":"ListItem","position":3,"name":"The Kr\u00f8lle B\u00f8lle Book"}]},{"@type":"WebSite","@id":"https:\/\/bornholm.info\/de\/#website","url":"https:\/\/bornholm.info\/de\/","name":"Destination Bornholm","description":"The Official Travel Guide to Bornholm","potentialAction":[{"@type":"SearchAction","target":{"@type":"EntryPoint","urlTemplate":"https:\/\/bornholm.info\/de\/?s={search_term_string}"},"query-input":{"@type":"PropertyValueSpecification","valueRequired":true,"valueName":"search_term_string"}}],"inLanguage":"en-US"}]}},"_links":{"self":[{"href":"https:\/\/bornholm.info\/en\/wp-json\/wp\/v2\/product\/11624","targetHints":{"allow":["GET"]}}],"collection":[{"href":"https:\/\/bornholm.info\/en\/wp-json\/wp\/v2\/product"}],"about":[{"href":"https:\/\/bornholm.info\/en\/wp-json\/wp\/v2\/types\/product"}],"wp:featuredmedia":[{"embeddable":true,"href":"https:\/\/bornholm.info\/en\/wp-json\/wp\/v2\/media\/11625"}],"wp:attachment":[{"href":"https:\/\/bornholm.info\/en\/wp-json\/wp\/v2\/media?parent=11624"}],"wp:term":[{"taxonomy":"product_brand","embeddable":true,"href":"https:\/\/bornholm.info\/en\/wp-json\/wp\/v2\/product_brand?post=11624"},{"taxonomy":"product_cat","embeddable":true,"href":"https:\/\/bornholm.info\/en\/wp-json\/wp\/v2\/product_cat?post=11624"},{"taxonomy":"product_tag","embeddable":true,"href":"https:\/\/bornholm.info\/en\/wp-json\/wp\/v2\/product_tag?post=11624"}],"curies":[{"name":"wp","href":"https:\/\/api.w.org\/{rel}","templated":true}]}}