{"id":9932,"date":"2024-05-01T13:43:27","date_gmt":"2024-05-01T11:43:27","guid":{"rendered":"https:\/\/bornholm.info\/roenne\/"},"modified":"2024-05-07T09:28:34","modified_gmt":"2024-05-07T07:28:34","slug":"roenne","status":"publish","type":"page","link":"https:\/\/bornholm.info\/en\/roenne\/","title":{"rendered":"R\u00f8nne"},"content":{"rendered":"<div id=\"bornh-3114460545\" class=\"bornh-before-content-paa-lost-password-siden bornh-entity-placement\"><a data-no-instant=\"1\" href=\"https:\/\/www.youtube.com\/channel\/UC2ZVDESONJ4EaIHaoeKngsw\" rel=\"noopener nofollow\" class=\"a2t-link\" target=\"_blank\" aria-label=\"youtube_300x250_annonce\"><img loading=\"lazy\" decoding=\"async\" src=\"https:\/\/bornholm.info\/wp-content\/media\/2017\/07\/youtube_300x250_annonce.jpg\" alt=\"\"  width=\"300\" height=\"250\"   \/><\/a><\/div>","protected":false},"excerpt":{"rendered":"","protected":false},"author":25,"featured_media":0,"parent":0,"menu_order":0,"comment_status":"closed","ping_status":"closed","template":"template-parts\/thema.php","meta":{"_acf_changed":false,"footnotes":""},"class_list":["post-9932","page","type-page","status-publish","hentry","kategory-attractions","kategory-guides","tag-roenne-en"],"acf":[],"yoast_head":"<!-- This site is optimized with the Yoast SEO plugin v27.4 - https:\/\/yoast.com\/product\/yoast-seo-wordpress\/ -->\n<title>Welcome to R\u00f8nne,\u00a0the island\u2019s oldest market town<\/title>\n<meta name=\"description\" content=\"The capital of Bornholm, R\u00f8nne, is steeped in history and culture. The town is also your first encounter with Bornholm, as this is where you arrive on the island by plane or ferry.\" \/>\n<meta name=\"robots\" content=\"index, follow, max-snippet:-1, max-image-preview:large, max-video-preview:-1\" \/>\n<link rel=\"canonical\" href=\"https:\/\/bornholm.info\/en\/roenne\/\" \/>\n<meta property=\"og:locale\" content=\"en_US\" \/>\n<meta property=\"og:type\" content=\"article\" \/>\n<meta property=\"og:title\" content=\"Velkommen til R\u00f8nne\" \/>\n<meta property=\"og:description\" content=\"N\u00e5r du ankommer til R\u00f8nne med f\u00e6rge til Bornholm, st\u00e6vner du ind til en verden fuld af nye oplevelser. L\u00e6s vores tips til dig her.\" \/>\n<meta property=\"og:url\" content=\"https:\/\/bornholm.info\/en\/roenne\/\" \/>\n<meta property=\"og:site_name\" content=\"Destination Bornholm\" \/>\n<meta property=\"article:publisher\" content=\"https:\/\/www.facebook.com\/bornholminfo\" \/>\n<meta property=\"article:modified_time\" content=\"2024-05-07T07:28:34+00:00\" \/>\n<meta property=\"og:image\" content=\"https:\/\/bornholm.info\/wp-content\/media\/2021\/08\/billede-roenne-1920x830-lowres-1.jpg\" \/>\n<meta name=\"twitter:card\" content=\"summary_large_image\" \/>\n<meta name=\"twitter:title\" content=\"Velkommen til R\u00f8nne\" \/>\n<meta name=\"twitter:description\" content=\"N\u00e5r du ankommer til R\u00f8nne med f\u00e6rge til Bornholm, st\u00e6vner du ind til en verden fuld af nye oplevelser. L\u00e6s vores tips til dig her.\" \/>\n<meta name=\"twitter:image\" content=\"https:\/\/bornholm.info\/wp-content\/media\/2021\/08\/billede-roenne-1920x830-lowres-1.jpg\" \/>\n<script type=\"application\/ld+json\" class=\"yoast-schema-graph\">{\"@context\":\"https:\\\/\\\/schema.org\",\"@graph\":[{\"@type\":\"WebPage\",\"@id\":\"https:\\\/\\\/bornholm.info\\\/en\\\/roenne\\\/\",\"url\":\"https:\\\/\\\/bornholm.info\\\/en\\\/roenne\\\/\",\"name\":\"Welcome to R\u00f8nne,\u00a0the island\u2019s oldest market town\",\"isPartOf\":{\"@id\":\"https:\\\/\\\/bornholm.info\\\/de\\\/#website\"},\"datePublished\":\"2024-05-01T11:43:27+00:00\",\"dateModified\":\"2024-05-07T07:28:34+00:00\",\"description\":\"The capital of Bornholm, R\u00f8nne, is steeped in history and culture. The town is also your first encounter with Bornholm, as this is where you arrive on the island by plane or ferry.\",\"breadcrumb\":{\"@id\":\"https:\\\/\\\/bornholm.info\\\/en\\\/roenne\\\/#breadcrumb\"},\"inLanguage\":\"en-US\",\"potentialAction\":[{\"@type\":\"ReadAction\",\"target\":[\"https:\\\/\\\/bornholm.info\\\/en\\\/roenne\\\/\"]}]},{\"@type\":\"BreadcrumbList\",\"@id\":\"https:\\\/\\\/bornholm.info\\\/en\\\/roenne\\\/#breadcrumb\",\"itemListElement\":[{\"@type\":\"ListItem\",\"position\":1,\"name\":\"Home\",\"item\":\"https:\\\/\\\/bornholm.info\\\/en\\\/\"},{\"@type\":\"ListItem\",\"position\":2,\"name\":\"R\u00f8nne\"}]},{\"@type\":\"WebSite\",\"@id\":\"https:\\\/\\\/bornholm.info\\\/de\\\/#website\",\"url\":\"https:\\\/\\\/bornholm.info\\\/de\\\/\",\"name\":\"Destination Bornholm\",\"description\":\"The Official Travel Guide to Bornholm\",\"potentialAction\":[{\"@type\":\"SearchAction\",\"target\":{\"@type\":\"EntryPoint\",\"urlTemplate\":\"https:\\\/\\\/bornholm.info\\\/de\\\/?s={search_term_string}\"},\"query-input\":{\"@type\":\"PropertyValueSpecification\",\"valueRequired\":true,\"valueName\":\"search_term_string\"}}],\"inLanguage\":\"en-US\"}]}<\/script>\n<!-- \/ Yoast SEO plugin. -->","yoast_head_json":{"title":"Welcome to R\u00f8nne,\u00a0the island\u2019s oldest market town","description":"The capital of Bornholm, R\u00f8nne, is steeped in history and culture. The town is also your first encounter with Bornholm, as this is where you arrive on the island by plane or ferry.","robots":{"index":"index","follow":"follow","max-snippet":"max-snippet:-1","max-image-preview":"max-image-preview:large","max-video-preview":"max-video-preview:-1"},"canonical":"https:\/\/bornholm.info\/en\/roenne\/","og_locale":"en_US","og_type":"article","og_title":"Velkommen til R\u00f8nne","og_description":"N\u00e5r du ankommer til R\u00f8nne med f\u00e6rge til Bornholm, st\u00e6vner du ind til en verden fuld af nye oplevelser. L\u00e6s vores tips til dig her.","og_url":"https:\/\/bornholm.info\/en\/roenne\/","og_site_name":"Destination Bornholm","article_publisher":"https:\/\/www.facebook.com\/bornholminfo","article_modified_time":"2024-05-07T07:28:34+00:00","og_image":[{"url":"https:\/\/bornholm.info\/wp-content\/media\/2021\/08\/billede-roenne-1920x830-lowres-1.jpg","type":"","width":"","height":""}],"twitter_card":"summary_large_image","twitter_title":"Velkommen til R\u00f8nne","twitter_description":"N\u00e5r du ankommer til R\u00f8nne med f\u00e6rge til Bornholm, st\u00e6vner du ind til en verden fuld af nye oplevelser. L\u00e6s vores tips til dig her.","twitter_image":"https:\/\/bornholm.info\/wp-content\/media\/2021\/08\/billede-roenne-1920x830-lowres-1.jpg","schema":{"@context":"https:\/\/schema.org","@graph":[{"@type":"WebPage","@id":"https:\/\/bornholm.info\/en\/roenne\/","url":"https:\/\/bornholm.info\/en\/roenne\/","name":"Welcome to R\u00f8nne,\u00a0the island\u2019s oldest market town","isPartOf":{"@id":"https:\/\/bornholm.info\/de\/#website"},"datePublished":"2024-05-01T11:43:27+00:00","dateModified":"2024-05-07T07:28:34+00:00","description":"The capital of Bornholm, R\u00f8nne, is steeped in history and culture. The town is also your first encounter with Bornholm, as this is where you arrive on the island by plane or ferry.","breadcrumb":{"@id":"https:\/\/bornholm.info\/en\/roenne\/#breadcrumb"},"inLanguage":"en-US","potentialAction":[{"@type":"ReadAction","target":["https:\/\/bornholm.info\/en\/roenne\/"]}]},{"@type":"BreadcrumbList","@id":"https:\/\/bornholm.info\/en\/roenne\/#breadcrumb","itemListElement":[{"@type":"ListItem","position":1,"name":"Home","item":"https:\/\/bornholm.info\/en\/"},{"@type":"ListItem","position":2,"name":"R\u00f8nne"}]},{"@type":"WebSite","@id":"https:\/\/bornholm.info\/de\/#website","url":"https:\/\/bornholm.info\/de\/","name":"Destination Bornholm","description":"The Official Travel Guide to Bornholm","potentialAction":[{"@type":"SearchAction","target":{"@type":"EntryPoint","urlTemplate":"https:\/\/bornholm.info\/de\/?s={search_term_string}"},"query-input":{"@type":"PropertyValueSpecification","valueRequired":true,"valueName":"search_term_string"}}],"inLanguage":"en-US"}]}},"_links":{"self":[{"href":"https:\/\/bornholm.info\/en\/wp-json\/wp\/v2\/pages\/9932","targetHints":{"allow":["GET"]}}],"collection":[{"href":"https:\/\/bornholm.info\/en\/wp-json\/wp\/v2\/pages"}],"about":[{"href":"https:\/\/bornholm.info\/en\/wp-json\/wp\/v2\/types\/page"}],"author":[{"embeddable":true,"href":"https:\/\/bornholm.info\/en\/wp-json\/wp\/v2\/users\/25"}],"replies":[{"embeddable":true,"href":"https:\/\/bornholm.info\/en\/wp-json\/wp\/v2\/comments?post=9932"}],"version-history":[{"count":5,"href":"https:\/\/bornholm.info\/en\/wp-json\/wp\/v2\/pages\/9932\/revisions"}],"predecessor-version":[{"id":2173326,"href":"https:\/\/bornholm.info\/en\/wp-json\/wp\/v2\/pages\/9932\/revisions\/2173326"}],"wp:attachment":[{"href":"https:\/\/bornholm.info\/en\/wp-json\/wp\/v2\/media?parent=9932"}],"curies":[{"name":"wp","href":"https:\/\/api.w.org\/{rel}","templated":true}]}}