{"id":8058,"date":"2017-08-10T09:55:31","date_gmt":"2017-08-10T09:55:31","guid":{"rendered":"https:\/\/bornholm.info\/kunst-og-kunsthaandvaerk\/"},"modified":"2020-07-27T10:41:52","modified_gmt":"2020-07-27T10:41:52","slug":"arts-and-crafts","status":"publish","type":"page","link":"https:\/\/bornholm.info\/en\/arts-and-crafts\/","title":{"rendered":"Arts and Crafts on Bornholm"},"content":{"rendered":"<div id=\"bornh-1911010929\" class=\"bornh-before-content-paa-lost-password-siden bornh-entity-placement\"><a data-no-instant=\"1\" href=\"https:\/\/www.youtube.com\/channel\/UC2ZVDESONJ4EaIHaoeKngsw\" rel=\"noopener nofollow\" class=\"a2t-link\" target=\"_blank\" aria-label=\"youtube_300x250_annonce\"><img loading=\"lazy\" decoding=\"async\" src=\"https:\/\/bornholm.info\/wp-content\/media\/2017\/07\/youtube_300x250_annonce.jpg\" alt=\"\"  width=\"300\" height=\"250\"   \/><\/a><\/div>","protected":false},"excerpt":{"rendered":"","protected":false},"author":9,"featured_media":0,"parent":0,"menu_order":0,"comment_status":"closed","ping_status":"closed","template":"template-parts\/thema.php","meta":{"_acf_changed":false,"footnotes":""},"class_list":["post-8058","page","type-page","status-publish","hentry","kategory-crafts","kategory-shopping","tag-art","tag-ascension","tag-autumn","tag-christmas","tag-crafts","tag-easter","tag-great-prayer-day","tag-holidayperiods","tag-latesummer","tag-pentecost","tag-spring","tag-summer","tag-the-whole-island","tag-winter"],"acf":[],"yoast_head":"<!-- This site is optimized with the Yoast SEO plugin v27.4 - https:\/\/yoast.com\/product\/yoast-seo-wordpress\/ -->\n<title>Get a perfect overview over Bornholm arts and crafts<\/title>\n<meta name=\"description\" content=\"Bornholm har en lang tradition indenfor kunsth\u00e5ndv\u00e6rk i Danmark. \u00d8en blev som den f\u00f8rste region i Europa overhovedet udn\u00e6vnt som World Craft Region.\" \/>\n<meta name=\"robots\" content=\"index, follow, max-snippet:-1, max-image-preview:large, max-video-preview:-1\" \/>\n<link rel=\"canonical\" href=\"https:\/\/bornholm.info\/en\/arts-and-crafts\/\" \/>\n<meta property=\"og:locale\" content=\"en_US\" \/>\n<meta property=\"og:type\" content=\"article\" \/>\n<meta property=\"og:title\" content=\"Kunsth\u00e5ndv\u00e6rk p\u00e5 Bornholm - det bedste indenfor dansk kunsth\u00e5ndv\u00e6rk\" \/>\n<meta property=\"og:description\" content=\"Bornholm har en lang tradition indenfor kunsth\u00e5ndv\u00e6rk i Danmark. \u00d8en blev som den f\u00f8rste region i Europa overhovedet udn\u00e6vnt som World Craft Region.\" \/>\n<meta property=\"og:url\" content=\"https:\/\/bornholm.info\/en\/arts-and-crafts\/\" \/>\n<meta property=\"og:site_name\" content=\"Destination Bornholm\" \/>\n<meta property=\"article:publisher\" content=\"https:\/\/www.facebook.com\/bornholminfo\" \/>\n<meta property=\"article:modified_time\" content=\"2020-07-27T10:41:52+00:00\" \/>\n<meta property=\"og:image\" content=\"https:\/\/bornholm.info\/wp-content\/media\/2019\/10\/billede-hammershus-semko-balcerski-1800x800i.jpg\" \/>\n\t<meta property=\"og:image:width\" content=\"1800\" \/>\n\t<meta property=\"og:image:height\" content=\"800\" \/>\n\t<meta property=\"og:image:type\" content=\"image\/jpeg\" \/>\n<meta name=\"twitter:card\" content=\"summary_large_image\" \/>\n<meta name=\"twitter:title\" content=\"Kunsth\u00e5ndv\u00e6rk p\u00e5 Bornholm - det bedste indenfor dansk kunsth\u00e5ndv\u00e6rk\" \/>\n<meta name=\"twitter:description\" content=\"Bornholm har en lang tradition indenfor kunsth\u00e5ndv\u00e6rk i Danmark. \u00d8en blev som den f\u00f8rste region i Europa overhovedet udn\u00e6vnt som World Craft Region.\" \/>\n<script type=\"application\/ld+json\" class=\"yoast-schema-graph\">{\"@context\":\"https:\\\/\\\/schema.org\",\"@graph\":[{\"@type\":\"WebPage\",\"@id\":\"https:\\\/\\\/bornholm.info\\\/en\\\/arts-and-crafts\\\/\",\"url\":\"https:\\\/\\\/bornholm.info\\\/en\\\/arts-and-crafts\\\/\",\"name\":\"Get a perfect overview over Bornholm arts and crafts\",\"isPartOf\":{\"@id\":\"https:\\\/\\\/bornholm.info\\\/de\\\/#website\"},\"datePublished\":\"2017-08-10T09:55:31+00:00\",\"dateModified\":\"2020-07-27T10:41:52+00:00\",\"description\":\"Bornholm har en lang tradition indenfor kunsth\u00e5ndv\u00e6rk i Danmark. \u00d8en blev som den f\u00f8rste region i Europa overhovedet udn\u00e6vnt som World Craft Region.\",\"breadcrumb\":{\"@id\":\"https:\\\/\\\/bornholm.info\\\/en\\\/arts-and-crafts\\\/#breadcrumb\"},\"inLanguage\":\"en-US\",\"potentialAction\":[{\"@type\":\"ReadAction\",\"target\":[\"https:\\\/\\\/bornholm.info\\\/en\\\/arts-and-crafts\\\/\"]}]},{\"@type\":\"BreadcrumbList\",\"@id\":\"https:\\\/\\\/bornholm.info\\\/en\\\/arts-and-crafts\\\/#breadcrumb\",\"itemListElement\":[{\"@type\":\"ListItem\",\"position\":1,\"name\":\"Home\",\"item\":\"https:\\\/\\\/bornholm.info\\\/en\\\/\"},{\"@type\":\"ListItem\",\"position\":2,\"name\":\"Arts and Crafts on Bornholm\"}]},{\"@type\":\"WebSite\",\"@id\":\"https:\\\/\\\/bornholm.info\\\/de\\\/#website\",\"url\":\"https:\\\/\\\/bornholm.info\\\/de\\\/\",\"name\":\"Destination Bornholm\",\"description\":\"The Official Travel Guide to Bornholm\",\"potentialAction\":[{\"@type\":\"SearchAction\",\"target\":{\"@type\":\"EntryPoint\",\"urlTemplate\":\"https:\\\/\\\/bornholm.info\\\/de\\\/?s={search_term_string}\"},\"query-input\":{\"@type\":\"PropertyValueSpecification\",\"valueRequired\":true,\"valueName\":\"search_term_string\"}}],\"inLanguage\":\"en-US\"}]}<\/script>\n<!-- \/ Yoast SEO plugin. -->","yoast_head_json":{"title":"Get a perfect overview over Bornholm arts and crafts","description":"Bornholm har en lang tradition indenfor kunsth\u00e5ndv\u00e6rk i Danmark. \u00d8en blev som den f\u00f8rste region i Europa overhovedet udn\u00e6vnt som World Craft Region.","robots":{"index":"index","follow":"follow","max-snippet":"max-snippet:-1","max-image-preview":"max-image-preview:large","max-video-preview":"max-video-preview:-1"},"canonical":"https:\/\/bornholm.info\/en\/arts-and-crafts\/","og_locale":"en_US","og_type":"article","og_title":"Kunsth\u00e5ndv\u00e6rk p\u00e5 Bornholm - det bedste indenfor dansk kunsth\u00e5ndv\u00e6rk","og_description":"Bornholm har en lang tradition indenfor kunsth\u00e5ndv\u00e6rk i Danmark. \u00d8en blev som den f\u00f8rste region i Europa overhovedet udn\u00e6vnt som World Craft Region.","og_url":"https:\/\/bornholm.info\/en\/arts-and-crafts\/","og_site_name":"Destination Bornholm","article_publisher":"https:\/\/www.facebook.com\/bornholminfo","article_modified_time":"2020-07-27T10:41:52+00:00","og_image":[{"width":1800,"height":800,"url":"https:\/\/bornholm.info\/wp-content\/media\/2019\/10\/billede-hammershus-semko-balcerski-1800x800i.jpg","type":"image\/jpeg"}],"twitter_card":"summary_large_image","twitter_title":"Kunsth\u00e5ndv\u00e6rk p\u00e5 Bornholm - det bedste indenfor dansk kunsth\u00e5ndv\u00e6rk","twitter_description":"Bornholm har en lang tradition indenfor kunsth\u00e5ndv\u00e6rk i Danmark. \u00d8en blev som den f\u00f8rste region i Europa overhovedet udn\u00e6vnt som World Craft Region.","schema":{"@context":"https:\/\/schema.org","@graph":[{"@type":"WebPage","@id":"https:\/\/bornholm.info\/en\/arts-and-crafts\/","url":"https:\/\/bornholm.info\/en\/arts-and-crafts\/","name":"Get a perfect overview over Bornholm arts and crafts","isPartOf":{"@id":"https:\/\/bornholm.info\/de\/#website"},"datePublished":"2017-08-10T09:55:31+00:00","dateModified":"2020-07-27T10:41:52+00:00","description":"Bornholm har en lang tradition indenfor kunsth\u00e5ndv\u00e6rk i Danmark. \u00d8en blev som den f\u00f8rste region i Europa overhovedet udn\u00e6vnt som World Craft Region.","breadcrumb":{"@id":"https:\/\/bornholm.info\/en\/arts-and-crafts\/#breadcrumb"},"inLanguage":"en-US","potentialAction":[{"@type":"ReadAction","target":["https:\/\/bornholm.info\/en\/arts-and-crafts\/"]}]},{"@type":"BreadcrumbList","@id":"https:\/\/bornholm.info\/en\/arts-and-crafts\/#breadcrumb","itemListElement":[{"@type":"ListItem","position":1,"name":"Home","item":"https:\/\/bornholm.info\/en\/"},{"@type":"ListItem","position":2,"name":"Arts and Crafts on Bornholm"}]},{"@type":"WebSite","@id":"https:\/\/bornholm.info\/de\/#website","url":"https:\/\/bornholm.info\/de\/","name":"Destination Bornholm","description":"The Official Travel Guide to Bornholm","potentialAction":[{"@type":"SearchAction","target":{"@type":"EntryPoint","urlTemplate":"https:\/\/bornholm.info\/de\/?s={search_term_string}"},"query-input":{"@type":"PropertyValueSpecification","valueRequired":true,"valueName":"search_term_string"}}],"inLanguage":"en-US"}]}},"_links":{"self":[{"href":"https:\/\/bornholm.info\/en\/wp-json\/wp\/v2\/pages\/8058","targetHints":{"allow":["GET"]}}],"collection":[{"href":"https:\/\/bornholm.info\/en\/wp-json\/wp\/v2\/pages"}],"about":[{"href":"https:\/\/bornholm.info\/en\/wp-json\/wp\/v2\/types\/page"}],"author":[{"embeddable":true,"href":"https:\/\/bornholm.info\/en\/wp-json\/wp\/v2\/users\/9"}],"replies":[{"embeddable":true,"href":"https:\/\/bornholm.info\/en\/wp-json\/wp\/v2\/comments?post=8058"}],"version-history":[{"count":5,"href":"https:\/\/bornholm.info\/en\/wp-json\/wp\/v2\/pages\/8058\/revisions"}],"predecessor-version":[{"id":97295,"href":"https:\/\/bornholm.info\/en\/wp-json\/wp\/v2\/pages\/8058\/revisions\/97295"}],"wp:attachment":[{"href":"https:\/\/bornholm.info\/en\/wp-json\/wp\/v2\/media?parent=8058"}],"curies":[{"name":"wp","href":"https:\/\/api.w.org\/{rel}","templated":true}]}}