{"id":33724,"date":"2017-08-17T11:26:47","date_gmt":"2017-08-17T11:26:47","guid":{"rendered":"https:\/\/bornholm.info\/sommer-fuer-kinder\/"},"modified":"2019-09-26T08:56:53","modified_gmt":"2019-09-26T08:56:53","slug":"summer-for-children","status":"publish","type":"page","link":"https:\/\/bornholm.info\/en\/summer-for-children\/","title":{"rendered":"Summer Holiday on Bornholm with children"},"content":{"rendered":"<div id=\"bornh-2565862208\" class=\"bornh-before-content-paa-lost-password-siden\"><a data-no-instant=\"1\" href=\"https:\/\/www.youtube.com\/channel\/UC2ZVDESONJ4EaIHaoeKngsw\" rel=\"noopener nofollow\" class=\"a2t-link\" target=\"_blank\" aria-label=\"youtube_300x250_annonce\"><img loading=\"lazy\" decoding=\"async\" src=\"https:\/\/bornholm.info\/wp-content\/media\/2017\/07\/youtube_300x250_annonce.jpg\" alt=\"\"  width=\"300\" height=\"250\"   \/><\/a><\/div>","protected":false},"excerpt":{"rendered":"","protected":false},"author":8,"featured_media":0,"parent":0,"menu_order":0,"comment_status":"closed","ping_status":"closed","template":"template-parts\/thema.php","meta":{"_acf_changed":false,"footnotes":""},"class_list":["post-33724","page","type-page","status-publish","hentry","kategory-attractions","tag-child-friendly","tag-holidayperiods","tag-summer"],"acf":[],"yoast_head":"<!-- This site is optimized with the Yoast SEO plugin v27.2 - https:\/\/yoast.com\/product\/yoast-seo-wordpress\/ -->\n<title>Summer Holiday on Bornholm with kids | Get the best suggestions here<\/title>\n<meta name=\"description\" content=\"Get the best suggestions for your hyggelig family summer holiday on Bornholm. Sandy beaches, old castle ruins and other activities are waiting for you!\" \/>\n<meta name=\"robots\" content=\"index, follow, max-snippet:-1, max-image-preview:large, max-video-preview:-1\" \/>\n<link rel=\"canonical\" href=\"https:\/\/bornholm.info\/en\/summer-for-children\/\" \/>\n<meta property=\"og:locale\" content=\"en_US\" \/>\n<meta property=\"og:type\" content=\"article\" \/>\n<meta property=\"og:title\" content=\"Oplev en eventyrlig sommer p\u00e5 Bornholm\" \/>\n<meta property=\"og:description\" content=\"Bornholm er Danmarks st\u00f8rste og sjoveste udend\u00f8rs legeplads. Slip fantasien fri og f\u00e5 en sommerferie p\u00e5 Bornholm, som byder p\u00e5 masser af n\u00e6rv\u00e6r, sjov og anderledes oplevelser for hele familien.\" \/>\n<meta property=\"og:url\" content=\"https:\/\/bornholm.info\/en\/summer-for-children\/\" \/>\n<meta property=\"og:site_name\" content=\"Destination Bornholm\" \/>\n<meta property=\"article:publisher\" content=\"https:\/\/www.facebook.com\/bornholminfo\" \/>\n<meta property=\"article:modified_time\" content=\"2019-09-26T08:56:53+00:00\" \/>\n<meta property=\"og:image\" content=\"https:\/\/bornholm.info\/wp-content\/media\/2017\/08\/temaside-sommer-familier.jpg\" \/>\n\t<meta property=\"og:image:width\" content=\"1200\" \/>\n\t<meta property=\"og:image:height\" content=\"630\" \/>\n\t<meta property=\"og:image:type\" content=\"image\/jpeg\" \/>\n<meta name=\"twitter:card\" content=\"summary_large_image\" \/>\n<meta name=\"twitter:title\" content=\"Oplev en eventyrlig sommer p\u00e5 Bornholm\" \/>\n<meta name=\"twitter:description\" content=\"Bornholm er Danmarks st\u00f8rste og sjoveste udend\u00f8rs legeplads. Slip fantasien fri og f\u00e5 en sommerferie p\u00e5 Bornholm, som byder p\u00e5 masser af n\u00e6rv\u00e6r, sjov og anderledes oplevelser for hele familien.\" \/>\n<script type=\"application\/ld+json\" class=\"yoast-schema-graph\">{\"@context\":\"https:\/\/schema.org\",\"@graph\":[{\"@type\":\"WebPage\",\"@id\":\"https:\/\/bornholm.info\/en\/summer-for-children\/\",\"url\":\"https:\/\/bornholm.info\/en\/summer-for-children\/\",\"name\":\"Summer Holiday on Bornholm with kids | Get the best suggestions here\",\"isPartOf\":{\"@id\":\"https:\/\/bornholm.info\/de\/#website\"},\"datePublished\":\"2017-08-17T11:26:47+00:00\",\"dateModified\":\"2019-09-26T08:56:53+00:00\",\"description\":\"Get the best suggestions for your hyggelig family summer holiday on Bornholm. Sandy beaches, old castle ruins and other activities are waiting for you!\",\"breadcrumb\":{\"@id\":\"https:\/\/bornholm.info\/en\/summer-for-children\/#breadcrumb\"},\"inLanguage\":\"en-US\",\"potentialAction\":[{\"@type\":\"ReadAction\",\"target\":[\"https:\/\/bornholm.info\/en\/summer-for-children\/\"]}]},{\"@type\":\"BreadcrumbList\",\"@id\":\"https:\/\/bornholm.info\/en\/summer-for-children\/#breadcrumb\",\"itemListElement\":[{\"@type\":\"ListItem\",\"position\":1,\"name\":\"Home\",\"item\":\"https:\/\/bornholm.info\/en\/\"},{\"@type\":\"ListItem\",\"position\":2,\"name\":\"Summer Holiday on Bornholm with children\"}]},{\"@type\":\"WebSite\",\"@id\":\"https:\/\/bornholm.info\/de\/#website\",\"url\":\"https:\/\/bornholm.info\/de\/\",\"name\":\"Destination Bornholm\",\"description\":\"The Official Travel Guide to Bornholm\",\"potentialAction\":[{\"@type\":\"SearchAction\",\"target\":{\"@type\":\"EntryPoint\",\"urlTemplate\":\"https:\/\/bornholm.info\/de\/?s={search_term_string}\"},\"query-input\":{\"@type\":\"PropertyValueSpecification\",\"valueRequired\":true,\"valueName\":\"search_term_string\"}}],\"inLanguage\":\"en-US\"}]}<\/script>\n<!-- \/ Yoast SEO plugin. -->","yoast_head_json":{"title":"Summer Holiday on Bornholm with kids | Get the best suggestions here","description":"Get the best suggestions for your hyggelig family summer holiday on Bornholm. Sandy beaches, old castle ruins and other activities are waiting for you!","robots":{"index":"index","follow":"follow","max-snippet":"max-snippet:-1","max-image-preview":"max-image-preview:large","max-video-preview":"max-video-preview:-1"},"canonical":"https:\/\/bornholm.info\/en\/summer-for-children\/","og_locale":"en_US","og_type":"article","og_title":"Oplev en eventyrlig sommer p\u00e5 Bornholm","og_description":"Bornholm er Danmarks st\u00f8rste og sjoveste udend\u00f8rs legeplads. Slip fantasien fri og f\u00e5 en sommerferie p\u00e5 Bornholm, som byder p\u00e5 masser af n\u00e6rv\u00e6r, sjov og anderledes oplevelser for hele familien.","og_url":"https:\/\/bornholm.info\/en\/summer-for-children\/","og_site_name":"Destination Bornholm","article_publisher":"https:\/\/www.facebook.com\/bornholminfo","article_modified_time":"2019-09-26T08:56:53+00:00","og_image":[{"width":1200,"height":630,"url":"https:\/\/bornholm.info\/wp-content\/media\/2017\/08\/temaside-sommer-familier.jpg","type":"image\/jpeg"}],"twitter_card":"summary_large_image","twitter_title":"Oplev en eventyrlig sommer p\u00e5 Bornholm","twitter_description":"Bornholm er Danmarks st\u00f8rste og sjoveste udend\u00f8rs legeplads. Slip fantasien fri og f\u00e5 en sommerferie p\u00e5 Bornholm, som byder p\u00e5 masser af n\u00e6rv\u00e6r, sjov og anderledes oplevelser for hele familien.","schema":{"@context":"https:\/\/schema.org","@graph":[{"@type":"WebPage","@id":"https:\/\/bornholm.info\/en\/summer-for-children\/","url":"https:\/\/bornholm.info\/en\/summer-for-children\/","name":"Summer Holiday on Bornholm with kids | Get the best suggestions here","isPartOf":{"@id":"https:\/\/bornholm.info\/de\/#website"},"datePublished":"2017-08-17T11:26:47+00:00","dateModified":"2019-09-26T08:56:53+00:00","description":"Get the best suggestions for your hyggelig family summer holiday on Bornholm. Sandy beaches, old castle ruins and other activities are waiting for you!","breadcrumb":{"@id":"https:\/\/bornholm.info\/en\/summer-for-children\/#breadcrumb"},"inLanguage":"en-US","potentialAction":[{"@type":"ReadAction","target":["https:\/\/bornholm.info\/en\/summer-for-children\/"]}]},{"@type":"BreadcrumbList","@id":"https:\/\/bornholm.info\/en\/summer-for-children\/#breadcrumb","itemListElement":[{"@type":"ListItem","position":1,"name":"Home","item":"https:\/\/bornholm.info\/en\/"},{"@type":"ListItem","position":2,"name":"Summer Holiday on Bornholm with children"}]},{"@type":"WebSite","@id":"https:\/\/bornholm.info\/de\/#website","url":"https:\/\/bornholm.info\/de\/","name":"Destination Bornholm","description":"The Official Travel Guide to Bornholm","potentialAction":[{"@type":"SearchAction","target":{"@type":"EntryPoint","urlTemplate":"https:\/\/bornholm.info\/de\/?s={search_term_string}"},"query-input":{"@type":"PropertyValueSpecification","valueRequired":true,"valueName":"search_term_string"}}],"inLanguage":"en-US"}]}},"_links":{"self":[{"href":"https:\/\/bornholm.info\/en\/wp-json\/wp\/v2\/pages\/33724","targetHints":{"allow":["GET"]}}],"collection":[{"href":"https:\/\/bornholm.info\/en\/wp-json\/wp\/v2\/pages"}],"about":[{"href":"https:\/\/bornholm.info\/en\/wp-json\/wp\/v2\/types\/page"}],"author":[{"embeddable":true,"href":"https:\/\/bornholm.info\/en\/wp-json\/wp\/v2\/users\/8"}],"replies":[{"embeddable":true,"href":"https:\/\/bornholm.info\/en\/wp-json\/wp\/v2\/comments?post=33724"}],"version-history":[{"count":5,"href":"https:\/\/bornholm.info\/en\/wp-json\/wp\/v2\/pages\/33724\/revisions"}],"predecessor-version":[{"id":76410,"href":"https:\/\/bornholm.info\/en\/wp-json\/wp\/v2\/pages\/33724\/revisions\/76410"}],"wp:attachment":[{"href":"https:\/\/bornholm.info\/en\/wp-json\/wp\/v2\/media?parent=33724"}],"curies":[{"name":"wp","href":"https:\/\/api.w.org\/{rel}","templated":true}]}}