{"id":2250737,"date":"2025-04-01T15:12:49","date_gmt":"2025-04-01T13:12:49","guid":{"rendered":"https:\/\/bornholm.info\/?page_id=2250737"},"modified":"2025-05-01T09:58:12","modified_gmt":"2025-05-01T07:58:12","slug":"city-guide-explore-roenne-day-program","status":"publish","type":"page","link":"https:\/\/bornholm.info\/en\/city-guide-explore-roenne-day-program\/","title":{"rendered":"Byguide: Oplev R\u00f8nne p\u00e5 1 dag (GB)"},"content":{"rendered":"<div id=\"bornh-2261153565\" class=\"bornh-before-content-paa-lost-password-siden bornh-entity-placement\"><a data-no-instant=\"1\" href=\"https:\/\/www.youtube.com\/channel\/UC2ZVDESONJ4EaIHaoeKngsw\" rel=\"noopener nofollow\" class=\"a2t-link\" target=\"_blank\" aria-label=\"youtube_300x250_annonce\"><img loading=\"lazy\" decoding=\"async\" src=\"https:\/\/bornholm.info\/wp-content\/media\/2017\/07\/youtube_300x250_annonce.jpg\" alt=\"\"  width=\"300\" height=\"250\"   \/><\/a><\/div>","protected":false},"excerpt":{"rendered":"","protected":false},"author":25,"featured_media":0,"parent":0,"menu_order":0,"comment_status":"closed","ping_status":"closed","template":"template-parts\/thema.php","meta":{"_acf_changed":false,"footnotes":""},"class_list":["post-2250737","page","type-page","status-publish","hentry","kategory-attractions","kategory-guides","tag-roenne-en"],"acf":[],"yoast_head":"<!-- This site is optimized with the Yoast SEO plugin v27.4 - https:\/\/yoast.com\/product\/yoast-seo-wordpress\/ -->\n<title>Discover R\u00f8nne \u2013 a guide for cruise guests and day explorers<\/title>\n<meta name=\"description\" content=\"Welcome to R\u00f8nne \u2013 Bornholm\u2019s largest town and the main gateway to the island for many visitors. With its historic charm, cobblestone streets, half-timbered houses and lively harbour, R\u00f8nne is a little gem offering a wonderful mix of culture, history, shopping and nature experiences. Discover R\u00f8nne in just one day with our city guide for cruise guests and day explorers...\" \/>\n<meta name=\"robots\" content=\"index, follow, max-snippet:-1, max-image-preview:large, max-video-preview:-1\" \/>\n<link rel=\"canonical\" href=\"https:\/\/bornholm.info\/en\/city-guide-explore-roenne-day-program\/\" \/>\n<meta property=\"og:locale\" content=\"en_US\" \/>\n<meta property=\"og:type\" content=\"article\" \/>\n<meta property=\"og:title\" content=\"Velkommen til R\u00f8nne\" \/>\n<meta property=\"og:description\" content=\"N\u00e5r du ankommer til R\u00f8nne med f\u00e6rge til Bornholm, st\u00e6vner du ind til en verden fuld af nye oplevelser. L\u00e6s vores tips til dig her.\" \/>\n<meta property=\"og:url\" content=\"https:\/\/bornholm.info\/en\/city-guide-explore-roenne-day-program\/\" \/>\n<meta property=\"og:site_name\" content=\"Destination Bornholm\" \/>\n<meta property=\"article:publisher\" content=\"https:\/\/www.facebook.com\/bornholminfo\" \/>\n<meta property=\"article:modified_time\" content=\"2025-05-01T07:58:12+00:00\" \/>\n<meta property=\"og:image\" content=\"https:\/\/bornholm.info\/wp-content\/media\/2021\/08\/billede-roenne-1920x830-lowres-1.jpg\" \/>\n<meta name=\"twitter:card\" content=\"summary_large_image\" \/>\n<meta name=\"twitter:title\" content=\"Velkommen til R\u00f8nne\" \/>\n<meta name=\"twitter:description\" content=\"N\u00e5r du ankommer til R\u00f8nne med f\u00e6rge til Bornholm, st\u00e6vner du ind til en verden fuld af nye oplevelser. L\u00e6s vores tips til dig her.\" \/>\n<meta name=\"twitter:image\" content=\"https:\/\/bornholm.info\/wp-content\/media\/2021\/08\/billede-roenne-1920x830-lowres-1.jpg\" \/>\n<script type=\"application\/ld+json\" class=\"yoast-schema-graph\">{\"@context\":\"https:\\\/\\\/schema.org\",\"@graph\":[{\"@type\":\"WebPage\",\"@id\":\"https:\\\/\\\/bornholm.info\\\/en\\\/city-guide-explore-roenne-day-program\\\/\",\"url\":\"https:\\\/\\\/bornholm.info\\\/en\\\/city-guide-explore-roenne-day-program\\\/\",\"name\":\"Discover R\u00f8nne \u2013 a guide for cruise guests and day explorers\",\"isPartOf\":{\"@id\":\"https:\\\/\\\/bornholm.info\\\/de\\\/#website\"},\"datePublished\":\"2025-04-01T13:12:49+00:00\",\"dateModified\":\"2025-05-01T07:58:12+00:00\",\"description\":\"Welcome to R\u00f8nne \u2013 Bornholm\u2019s largest town and the main gateway to the island for many visitors. With its historic charm, cobblestone streets, half-timbered houses and lively harbour, R\u00f8nne is a little gem offering a wonderful mix of culture, history, shopping and nature experiences. Discover R\u00f8nne in just one day with our city guide for cruise guests and day explorers...\",\"breadcrumb\":{\"@id\":\"https:\\\/\\\/bornholm.info\\\/en\\\/city-guide-explore-roenne-day-program\\\/#breadcrumb\"},\"inLanguage\":\"en-US\",\"potentialAction\":[{\"@type\":\"ReadAction\",\"target\":[\"https:\\\/\\\/bornholm.info\\\/en\\\/city-guide-explore-roenne-day-program\\\/\"]}]},{\"@type\":\"BreadcrumbList\",\"@id\":\"https:\\\/\\\/bornholm.info\\\/en\\\/city-guide-explore-roenne-day-program\\\/#breadcrumb\",\"itemListElement\":[{\"@type\":\"ListItem\",\"position\":1,\"name\":\"Home\",\"item\":\"https:\\\/\\\/bornholm.info\\\/en\\\/\"},{\"@type\":\"ListItem\",\"position\":2,\"name\":\"Byguide: Oplev R\u00f8nne p\u00e5 1 dag (GB)\"}]},{\"@type\":\"WebSite\",\"@id\":\"https:\\\/\\\/bornholm.info\\\/de\\\/#website\",\"url\":\"https:\\\/\\\/bornholm.info\\\/de\\\/\",\"name\":\"Destination Bornholm\",\"description\":\"The Official Travel Guide to Bornholm\",\"potentialAction\":[{\"@type\":\"SearchAction\",\"target\":{\"@type\":\"EntryPoint\",\"urlTemplate\":\"https:\\\/\\\/bornholm.info\\\/de\\\/?s={search_term_string}\"},\"query-input\":{\"@type\":\"PropertyValueSpecification\",\"valueRequired\":true,\"valueName\":\"search_term_string\"}}],\"inLanguage\":\"en-US\"}]}<\/script>\n<!-- \/ Yoast SEO plugin. -->","yoast_head_json":{"title":"Discover R\u00f8nne \u2013 a guide for cruise guests and day explorers","description":"Welcome to R\u00f8nne \u2013 Bornholm\u2019s largest town and the main gateway to the island for many visitors. With its historic charm, cobblestone streets, half-timbered houses and lively harbour, R\u00f8nne is a little gem offering a wonderful mix of culture, history, shopping and nature experiences. Discover R\u00f8nne in just one day with our city guide for cruise guests and day explorers...","robots":{"index":"index","follow":"follow","max-snippet":"max-snippet:-1","max-image-preview":"max-image-preview:large","max-video-preview":"max-video-preview:-1"},"canonical":"https:\/\/bornholm.info\/en\/city-guide-explore-roenne-day-program\/","og_locale":"en_US","og_type":"article","og_title":"Velkommen til R\u00f8nne","og_description":"N\u00e5r du ankommer til R\u00f8nne med f\u00e6rge til Bornholm, st\u00e6vner du ind til en verden fuld af nye oplevelser. L\u00e6s vores tips til dig her.","og_url":"https:\/\/bornholm.info\/en\/city-guide-explore-roenne-day-program\/","og_site_name":"Destination Bornholm","article_publisher":"https:\/\/www.facebook.com\/bornholminfo","article_modified_time":"2025-05-01T07:58:12+00:00","og_image":[{"url":"https:\/\/bornholm.info\/wp-content\/media\/2021\/08\/billede-roenne-1920x830-lowres-1.jpg","type":"","width":"","height":""}],"twitter_card":"summary_large_image","twitter_title":"Velkommen til R\u00f8nne","twitter_description":"N\u00e5r du ankommer til R\u00f8nne med f\u00e6rge til Bornholm, st\u00e6vner du ind til en verden fuld af nye oplevelser. L\u00e6s vores tips til dig her.","twitter_image":"https:\/\/bornholm.info\/wp-content\/media\/2021\/08\/billede-roenne-1920x830-lowres-1.jpg","schema":{"@context":"https:\/\/schema.org","@graph":[{"@type":"WebPage","@id":"https:\/\/bornholm.info\/en\/city-guide-explore-roenne-day-program\/","url":"https:\/\/bornholm.info\/en\/city-guide-explore-roenne-day-program\/","name":"Discover R\u00f8nne \u2013 a guide for cruise guests and day explorers","isPartOf":{"@id":"https:\/\/bornholm.info\/de\/#website"},"datePublished":"2025-04-01T13:12:49+00:00","dateModified":"2025-05-01T07:58:12+00:00","description":"Welcome to R\u00f8nne \u2013 Bornholm\u2019s largest town and the main gateway to the island for many visitors. With its historic charm, cobblestone streets, half-timbered houses and lively harbour, R\u00f8nne is a little gem offering a wonderful mix of culture, history, shopping and nature experiences. Discover R\u00f8nne in just one day with our city guide for cruise guests and day explorers...","breadcrumb":{"@id":"https:\/\/bornholm.info\/en\/city-guide-explore-roenne-day-program\/#breadcrumb"},"inLanguage":"en-US","potentialAction":[{"@type":"ReadAction","target":["https:\/\/bornholm.info\/en\/city-guide-explore-roenne-day-program\/"]}]},{"@type":"BreadcrumbList","@id":"https:\/\/bornholm.info\/en\/city-guide-explore-roenne-day-program\/#breadcrumb","itemListElement":[{"@type":"ListItem","position":1,"name":"Home","item":"https:\/\/bornholm.info\/en\/"},{"@type":"ListItem","position":2,"name":"Byguide: Oplev R\u00f8nne p\u00e5 1 dag (GB)"}]},{"@type":"WebSite","@id":"https:\/\/bornholm.info\/de\/#website","url":"https:\/\/bornholm.info\/de\/","name":"Destination Bornholm","description":"The Official Travel Guide to Bornholm","potentialAction":[{"@type":"SearchAction","target":{"@type":"EntryPoint","urlTemplate":"https:\/\/bornholm.info\/de\/?s={search_term_string}"},"query-input":{"@type":"PropertyValueSpecification","valueRequired":true,"valueName":"search_term_string"}}],"inLanguage":"en-US"}]}},"_links":{"self":[{"href":"https:\/\/bornholm.info\/en\/wp-json\/wp\/v2\/pages\/2250737","targetHints":{"allow":["GET"]}}],"collection":[{"href":"https:\/\/bornholm.info\/en\/wp-json\/wp\/v2\/pages"}],"about":[{"href":"https:\/\/bornholm.info\/en\/wp-json\/wp\/v2\/types\/page"}],"author":[{"embeddable":true,"href":"https:\/\/bornholm.info\/en\/wp-json\/wp\/v2\/users\/25"}],"replies":[{"embeddable":true,"href":"https:\/\/bornholm.info\/en\/wp-json\/wp\/v2\/comments?post=2250737"}],"version-history":[{"count":4,"href":"https:\/\/bornholm.info\/en\/wp-json\/wp\/v2\/pages\/2250737\/revisions"}],"predecessor-version":[{"id":2259217,"href":"https:\/\/bornholm.info\/en\/wp-json\/wp\/v2\/pages\/2250737\/revisions\/2259217"}],"wp:attachment":[{"href":"https:\/\/bornholm.info\/en\/wp-json\/wp\/v2\/media?parent=2250737"}],"curies":[{"name":"wp","href":"https:\/\/api.w.org\/{rel}","templated":true}]}}