{"id":2249567,"date":"2025-03-21T11:38:11","date_gmt":"2025-03-21T10:38:11","guid":{"rendered":"https:\/\/bornholm.info\/?page_id=2249567"},"modified":"2025-03-21T11:41:16","modified_gmt":"2025-03-21T10:41:16","slug":"autumn-on-bornholm","status":"publish","type":"page","link":"https:\/\/bornholm.info\/en\/autumn-on-bornholm\/","title":{"rendered":"Efter\u00e5r p\u00e5 Bornholm (GB)"},"content":{"rendered":"<div id=\"bornh-3931662386\" class=\"bornh-before-content-paa-lost-password-siden\"><a data-no-instant=\"1\" href=\"https:\/\/www.youtube.com\/channel\/UC2ZVDESONJ4EaIHaoeKngsw\" rel=\"noopener nofollow\" class=\"a2t-link\" target=\"_blank\" aria-label=\"youtube_300x250_annonce\"><img loading=\"lazy\" decoding=\"async\" src=\"https:\/\/bornholm.info\/wp-content\/media\/2017\/07\/youtube_300x250_annonce.jpg\" alt=\"\"  width=\"300\" height=\"250\"   \/><\/a><\/div>","protected":false},"excerpt":{"rendered":"","protected":false},"author":25,"featured_media":0,"parent":0,"menu_order":0,"comment_status":"closed","ping_status":"closed","template":"template-parts\/thema.php","meta":{"_acf_changed":false,"footnotes":""},"class_list":["post-2249567","page","type-page","status-publish","hentry","kategory-attractions","kategory-guides","tag-autumn","tag-latesummer","tag-the-whole-island"],"acf":[],"yoast_head":"<!-- This site is optimized with the Yoast SEO plugin v27.2 - https:\/\/yoast.com\/product\/yoast-seo-wordpress\/ -->\n<title>Autumn on Bornholm \u2013 close to colour, cosiness and adventure<\/title>\n<meta name=\"description\" content=\"Autumn on Bornholm is something truly special. As nature puts on its golden coat and the island\u2019s rocky landscape holds onto the warmth of summer, there\u2019s every chance to enjoy mild, sun-filled days \u2013 even well into the season.\" \/>\n<meta name=\"robots\" content=\"index, follow, max-snippet:-1, max-image-preview:large, max-video-preview:-1\" \/>\n<link rel=\"canonical\" href=\"https:\/\/bornholm.info\/en\/autumn-on-bornholm\/\" \/>\n<meta property=\"og:locale\" content=\"en_US\" \/>\n<meta property=\"og:type\" content=\"article\" \/>\n<meta property=\"og:title\" content=\"Autumn on Bornholm \u2013 close to colour, cosiness and adventure\" \/>\n<meta property=\"og:description\" content=\"Autumn on Bornholm is something truly special. As nature puts on its golden coat and the island\u2019s rocky landscape holds onto the warmth of summer, there\u2019s every chance to enjoy mild, sun-filled days \u2013 even well into the season.\" \/>\n<meta property=\"og:url\" content=\"https:\/\/bornholm.info\/en\/autumn-on-bornholm\/\" \/>\n<meta property=\"og:site_name\" content=\"Destination Bornholm\" \/>\n<meta property=\"article:publisher\" content=\"https:\/\/www.facebook.com\/bornholminfo\" \/>\n<meta property=\"article:modified_time\" content=\"2025-03-21T10:41:16+00:00\" \/>\n<meta property=\"og:image\" content=\"https:\/\/bornholm.info\/wp-content\/media\/2022\/09\/efteraarkampagne2022_header.jpg\" \/>\n\t<meta property=\"og:image:width\" content=\"1800\" \/>\n\t<meta property=\"og:image:height\" content=\"800\" \/>\n\t<meta property=\"og:image:type\" content=\"image\/jpeg\" \/>\n<meta name=\"twitter:card\" content=\"summary_large_image\" \/>\n<meta name=\"twitter:title\" content=\"Nyd sommeren sammen p\u00e5 Bornholm\" \/>\n<meta name=\"twitter:description\" content=\"Bornholm er som skabt til fantastiske ferieminder Bornholm er med sine lange, hvide sandstrande, hyggelige, sm\u00e5 havnebyer og majest\u00e6tiske klipper noget ganske s\u00e6rligt. F\u00e5 sommerens bedste ferietips her.\" \/>\n<script type=\"application\/ld+json\" class=\"yoast-schema-graph\">{\"@context\":\"https:\/\/schema.org\",\"@graph\":[{\"@type\":\"WebPage\",\"@id\":\"https:\/\/bornholm.info\/en\/autumn-on-bornholm\/\",\"url\":\"https:\/\/bornholm.info\/en\/autumn-on-bornholm\/\",\"name\":\"Autumn on Bornholm \u2013 close to colour, cosiness and adventure\",\"isPartOf\":{\"@id\":\"https:\/\/bornholm.info\/de\/#website\"},\"datePublished\":\"2025-03-21T10:38:11+00:00\",\"dateModified\":\"2025-03-21T10:41:16+00:00\",\"description\":\"Autumn on Bornholm is something truly special. As nature puts on its golden coat and the island\u2019s rocky landscape holds onto the warmth of summer, there\u2019s every chance to enjoy mild, sun-filled days \u2013 even well into the season.\",\"breadcrumb\":{\"@id\":\"https:\/\/bornholm.info\/en\/autumn-on-bornholm\/#breadcrumb\"},\"inLanguage\":\"en-US\",\"potentialAction\":[{\"@type\":\"ReadAction\",\"target\":[\"https:\/\/bornholm.info\/en\/autumn-on-bornholm\/\"]}]},{\"@type\":\"BreadcrumbList\",\"@id\":\"https:\/\/bornholm.info\/en\/autumn-on-bornholm\/#breadcrumb\",\"itemListElement\":[{\"@type\":\"ListItem\",\"position\":1,\"name\":\"Home\",\"item\":\"https:\/\/bornholm.info\/en\/\"},{\"@type\":\"ListItem\",\"position\":2,\"name\":\"Efter\u00e5r p\u00e5 Bornholm (GB)\"}]},{\"@type\":\"WebSite\",\"@id\":\"https:\/\/bornholm.info\/de\/#website\",\"url\":\"https:\/\/bornholm.info\/de\/\",\"name\":\"Destination Bornholm\",\"description\":\"The Official Travel Guide to Bornholm\",\"potentialAction\":[{\"@type\":\"SearchAction\",\"target\":{\"@type\":\"EntryPoint\",\"urlTemplate\":\"https:\/\/bornholm.info\/de\/?s={search_term_string}\"},\"query-input\":{\"@type\":\"PropertyValueSpecification\",\"valueRequired\":true,\"valueName\":\"search_term_string\"}}],\"inLanguage\":\"en-US\"}]}<\/script>\n<!-- \/ Yoast SEO plugin. -->","yoast_head_json":{"title":"Autumn on Bornholm \u2013 close to colour, cosiness and adventure","description":"Autumn on Bornholm is something truly special. As nature puts on its golden coat and the island\u2019s rocky landscape holds onto the warmth of summer, there\u2019s every chance to enjoy mild, sun-filled days \u2013 even well into the season.","robots":{"index":"index","follow":"follow","max-snippet":"max-snippet:-1","max-image-preview":"max-image-preview:large","max-video-preview":"max-video-preview:-1"},"canonical":"https:\/\/bornholm.info\/en\/autumn-on-bornholm\/","og_locale":"en_US","og_type":"article","og_title":"Autumn on Bornholm \u2013 close to colour, cosiness and adventure","og_description":"Autumn on Bornholm is something truly special. As nature puts on its golden coat and the island\u2019s rocky landscape holds onto the warmth of summer, there\u2019s every chance to enjoy mild, sun-filled days \u2013 even well into the season.","og_url":"https:\/\/bornholm.info\/en\/autumn-on-bornholm\/","og_site_name":"Destination Bornholm","article_publisher":"https:\/\/www.facebook.com\/bornholminfo","article_modified_time":"2025-03-21T10:41:16+00:00","og_image":[{"width":1800,"height":800,"url":"https:\/\/bornholm.info\/wp-content\/media\/2022\/09\/efteraarkampagne2022_header.jpg","type":"image\/jpeg"}],"twitter_card":"summary_large_image","twitter_title":"Nyd sommeren sammen p\u00e5 Bornholm","twitter_description":"Bornholm er som skabt til fantastiske ferieminder Bornholm er med sine lange, hvide sandstrande, hyggelige, sm\u00e5 havnebyer og majest\u00e6tiske klipper noget ganske s\u00e6rligt. F\u00e5 sommerens bedste ferietips her.","schema":{"@context":"https:\/\/schema.org","@graph":[{"@type":"WebPage","@id":"https:\/\/bornholm.info\/en\/autumn-on-bornholm\/","url":"https:\/\/bornholm.info\/en\/autumn-on-bornholm\/","name":"Autumn on Bornholm \u2013 close to colour, cosiness and adventure","isPartOf":{"@id":"https:\/\/bornholm.info\/de\/#website"},"datePublished":"2025-03-21T10:38:11+00:00","dateModified":"2025-03-21T10:41:16+00:00","description":"Autumn on Bornholm is something truly special. As nature puts on its golden coat and the island\u2019s rocky landscape holds onto the warmth of summer, there\u2019s every chance to enjoy mild, sun-filled days \u2013 even well into the season.","breadcrumb":{"@id":"https:\/\/bornholm.info\/en\/autumn-on-bornholm\/#breadcrumb"},"inLanguage":"en-US","potentialAction":[{"@type":"ReadAction","target":["https:\/\/bornholm.info\/en\/autumn-on-bornholm\/"]}]},{"@type":"BreadcrumbList","@id":"https:\/\/bornholm.info\/en\/autumn-on-bornholm\/#breadcrumb","itemListElement":[{"@type":"ListItem","position":1,"name":"Home","item":"https:\/\/bornholm.info\/en\/"},{"@type":"ListItem","position":2,"name":"Efter\u00e5r p\u00e5 Bornholm (GB)"}]},{"@type":"WebSite","@id":"https:\/\/bornholm.info\/de\/#website","url":"https:\/\/bornholm.info\/de\/","name":"Destination Bornholm","description":"The Official Travel Guide to Bornholm","potentialAction":[{"@type":"SearchAction","target":{"@type":"EntryPoint","urlTemplate":"https:\/\/bornholm.info\/de\/?s={search_term_string}"},"query-input":{"@type":"PropertyValueSpecification","valueRequired":true,"valueName":"search_term_string"}}],"inLanguage":"en-US"}]}},"_links":{"self":[{"href":"https:\/\/bornholm.info\/en\/wp-json\/wp\/v2\/pages\/2249567","targetHints":{"allow":["GET"]}}],"collection":[{"href":"https:\/\/bornholm.info\/en\/wp-json\/wp\/v2\/pages"}],"about":[{"href":"https:\/\/bornholm.info\/en\/wp-json\/wp\/v2\/types\/page"}],"author":[{"embeddable":true,"href":"https:\/\/bornholm.info\/en\/wp-json\/wp\/v2\/users\/25"}],"replies":[{"embeddable":true,"href":"https:\/\/bornholm.info\/en\/wp-json\/wp\/v2\/comments?post=2249567"}],"version-history":[{"count":2,"href":"https:\/\/bornholm.info\/en\/wp-json\/wp\/v2\/pages\/2249567\/revisions"}],"predecessor-version":[{"id":2252450,"href":"https:\/\/bornholm.info\/en\/wp-json\/wp\/v2\/pages\/2249567\/revisions\/2252450"}],"wp:attachment":[{"href":"https:\/\/bornholm.info\/en\/wp-json\/wp\/v2\/media?parent=2249567"}],"curies":[{"name":"wp","href":"https:\/\/api.w.org\/{rel}","templated":true}]}}