{"id":2249372,"date":"2025-04-06T10:01:26","date_gmt":"2025-04-06T08:01:26","guid":{"rendered":"https:\/\/bornholm.info\/?page_id=2249372"},"modified":"2025-04-06T10:01:26","modified_gmt":"2025-04-06T08:01:26","slug":"summer-on-bornholm","status":"publish","type":"page","link":"https:\/\/bornholm.info\/en\/summer-on-bornholm\/","title":{"rendered":"Sommer p\u00e5 Bornholm (GB)"},"content":{"rendered":"<div id=\"bornh-3552850749\" class=\"bornh-before-content-paa-lost-password-siden\"><a data-no-instant=\"1\" href=\"https:\/\/www.youtube.com\/channel\/UC2ZVDESONJ4EaIHaoeKngsw\" rel=\"noopener nofollow\" class=\"a2t-link\" target=\"_blank\" aria-label=\"youtube_300x250_annonce\"><img loading=\"lazy\" decoding=\"async\" src=\"https:\/\/bornholm.info\/wp-content\/media\/2017\/07\/youtube_300x250_annonce.jpg\" alt=\"\"  width=\"300\" height=\"250\"   \/><\/a><\/div>","protected":false},"excerpt":{"rendered":"","protected":false},"author":25,"featured_media":0,"parent":0,"menu_order":0,"comment_status":"closed","ping_status":"closed","template":"template-parts\/thema.php","meta":{"_acf_changed":false,"footnotes":""},"class_list":["post-2249372","page","type-page","status-publish","hentry","kategory-attractions","kategory-guides","tag-latesummer","tag-summer","tag-the-whole-island"],"acf":[],"yoast_head":"<!-- This site is optimized with the Yoast SEO plugin v27.2 - https:\/\/yoast.com\/product\/yoast-seo-wordpress\/ -->\n<title>Summer on Bornholm \u2013 close to sun, sea and unforgettable experiences<\/title>\n<meta name=\"description\" content=\"When summer arrives in Denmark, there\u2019s no better place to enjoy it than on Bornholm \u2013 where iconic smokehouse chimneys rise above the landscape and the sea gently kisses the sun-warmed cliffs.The island offers long, bright summer days, white sandy beaches, charming coastal towns and a sense of closeness you\u2019ll only find here.\" \/>\n<meta name=\"robots\" content=\"index, follow, max-snippet:-1, max-image-preview:large, max-video-preview:-1\" \/>\n<link rel=\"canonical\" href=\"https:\/\/bornholm.info\/en\/summer-on-bornholm\/\" \/>\n<meta property=\"og:locale\" content=\"en_US\" \/>\n<meta property=\"og:type\" content=\"article\" \/>\n<meta property=\"og:title\" content=\"Nyd sommeren sammen p\u00e5 Bornholm\" \/>\n<meta property=\"og:description\" content=\"Bornholm er som skabt til fantastiske ferieminder Bornholm er med sine lange, hvide sandstrande, hyggelige, sm\u00e5 havnebyer og majest\u00e6tiske klipper noget ganske s\u00e6rligt. F\u00e5 sommerens bedste ferietips her.\" \/>\n<meta property=\"og:url\" content=\"https:\/\/bornholm.info\/en\/summer-on-bornholm\/\" \/>\n<meta property=\"og:site_name\" content=\"Destination Bornholm\" \/>\n<meta property=\"article:publisher\" content=\"https:\/\/www.facebook.com\/bornholminfo\" \/>\n<meta property=\"og:image\" content=\"https:\/\/bornholm.info\/wp-content\/media\/2019\/10\/billede-hammershus-semko-balcerski-1800x800i.jpg\" \/>\n\t<meta property=\"og:image:width\" content=\"1800\" \/>\n\t<meta property=\"og:image:height\" content=\"800\" \/>\n\t<meta property=\"og:image:type\" content=\"image\/jpeg\" \/>\n<meta name=\"twitter:card\" content=\"summary_large_image\" \/>\n<meta name=\"twitter:title\" content=\"Nyd sommeren sammen p\u00e5 Bornholm\" \/>\n<meta name=\"twitter:description\" content=\"Bornholm er som skabt til fantastiske ferieminder Bornholm er med sine lange, hvide sandstrande, hyggelige, sm\u00e5 havnebyer og majest\u00e6tiske klipper noget ganske s\u00e6rligt. F\u00e5 sommerens bedste ferietips her.\" \/>\n<script type=\"application\/ld+json\" class=\"yoast-schema-graph\">{\"@context\":\"https:\/\/schema.org\",\"@graph\":[{\"@type\":\"WebPage\",\"@id\":\"https:\/\/bornholm.info\/en\/summer-on-bornholm\/\",\"url\":\"https:\/\/bornholm.info\/en\/summer-on-bornholm\/\",\"name\":\"Summer on Bornholm \u2013 close to sun, sea and unforgettable experiences\",\"isPartOf\":{\"@id\":\"https:\/\/bornholm.info\/de\/#website\"},\"datePublished\":\"2025-04-06T08:01:26+00:00\",\"description\":\"When summer arrives in Denmark, there\u2019s no better place to enjoy it than on Bornholm \u2013 where iconic smokehouse chimneys rise above the landscape and the sea gently kisses the sun-warmed cliffs.The island offers long, bright summer days, white sandy beaches, charming coastal towns and a sense of closeness you\u2019ll only find here.\",\"breadcrumb\":{\"@id\":\"https:\/\/bornholm.info\/en\/summer-on-bornholm\/#breadcrumb\"},\"inLanguage\":\"en-US\",\"potentialAction\":[{\"@type\":\"ReadAction\",\"target\":[\"https:\/\/bornholm.info\/en\/summer-on-bornholm\/\"]}]},{\"@type\":\"BreadcrumbList\",\"@id\":\"https:\/\/bornholm.info\/en\/summer-on-bornholm\/#breadcrumb\",\"itemListElement\":[{\"@type\":\"ListItem\",\"position\":1,\"name\":\"Home\",\"item\":\"https:\/\/bornholm.info\/en\/\"},{\"@type\":\"ListItem\",\"position\":2,\"name\":\"Sommer p\u00e5 Bornholm (GB)\"}]},{\"@type\":\"WebSite\",\"@id\":\"https:\/\/bornholm.info\/de\/#website\",\"url\":\"https:\/\/bornholm.info\/de\/\",\"name\":\"Destination Bornholm\",\"description\":\"The Official Travel Guide to Bornholm\",\"potentialAction\":[{\"@type\":\"SearchAction\",\"target\":{\"@type\":\"EntryPoint\",\"urlTemplate\":\"https:\/\/bornholm.info\/de\/?s={search_term_string}\"},\"query-input\":{\"@type\":\"PropertyValueSpecification\",\"valueRequired\":true,\"valueName\":\"search_term_string\"}}],\"inLanguage\":\"en-US\"}]}<\/script>\n<!-- \/ Yoast SEO plugin. -->","yoast_head_json":{"title":"Summer on Bornholm \u2013 close to sun, sea and unforgettable experiences","description":"When summer arrives in Denmark, there\u2019s no better place to enjoy it than on Bornholm \u2013 where iconic smokehouse chimneys rise above the landscape and the sea gently kisses the sun-warmed cliffs.The island offers long, bright summer days, white sandy beaches, charming coastal towns and a sense of closeness you\u2019ll only find here.","robots":{"index":"index","follow":"follow","max-snippet":"max-snippet:-1","max-image-preview":"max-image-preview:large","max-video-preview":"max-video-preview:-1"},"canonical":"https:\/\/bornholm.info\/en\/summer-on-bornholm\/","og_locale":"en_US","og_type":"article","og_title":"Nyd sommeren sammen p\u00e5 Bornholm","og_description":"Bornholm er som skabt til fantastiske ferieminder Bornholm er med sine lange, hvide sandstrande, hyggelige, sm\u00e5 havnebyer og majest\u00e6tiske klipper noget ganske s\u00e6rligt. F\u00e5 sommerens bedste ferietips her.","og_url":"https:\/\/bornholm.info\/en\/summer-on-bornholm\/","og_site_name":"Destination Bornholm","article_publisher":"https:\/\/www.facebook.com\/bornholminfo","og_image":[{"width":1800,"height":800,"url":"https:\/\/bornholm.info\/wp-content\/media\/2019\/10\/billede-hammershus-semko-balcerski-1800x800i.jpg","type":"image\/jpeg"}],"twitter_card":"summary_large_image","twitter_title":"Nyd sommeren sammen p\u00e5 Bornholm","twitter_description":"Bornholm er som skabt til fantastiske ferieminder Bornholm er med sine lange, hvide sandstrande, hyggelige, sm\u00e5 havnebyer og majest\u00e6tiske klipper noget ganske s\u00e6rligt. F\u00e5 sommerens bedste ferietips her.","schema":{"@context":"https:\/\/schema.org","@graph":[{"@type":"WebPage","@id":"https:\/\/bornholm.info\/en\/summer-on-bornholm\/","url":"https:\/\/bornholm.info\/en\/summer-on-bornholm\/","name":"Summer on Bornholm \u2013 close to sun, sea and unforgettable experiences","isPartOf":{"@id":"https:\/\/bornholm.info\/de\/#website"},"datePublished":"2025-04-06T08:01:26+00:00","description":"When summer arrives in Denmark, there\u2019s no better place to enjoy it than on Bornholm \u2013 where iconic smokehouse chimneys rise above the landscape and the sea gently kisses the sun-warmed cliffs.The island offers long, bright summer days, white sandy beaches, charming coastal towns and a sense of closeness you\u2019ll only find here.","breadcrumb":{"@id":"https:\/\/bornholm.info\/en\/summer-on-bornholm\/#breadcrumb"},"inLanguage":"en-US","potentialAction":[{"@type":"ReadAction","target":["https:\/\/bornholm.info\/en\/summer-on-bornholm\/"]}]},{"@type":"BreadcrumbList","@id":"https:\/\/bornholm.info\/en\/summer-on-bornholm\/#breadcrumb","itemListElement":[{"@type":"ListItem","position":1,"name":"Home","item":"https:\/\/bornholm.info\/en\/"},{"@type":"ListItem","position":2,"name":"Sommer p\u00e5 Bornholm (GB)"}]},{"@type":"WebSite","@id":"https:\/\/bornholm.info\/de\/#website","url":"https:\/\/bornholm.info\/de\/","name":"Destination Bornholm","description":"The Official Travel Guide to Bornholm","potentialAction":[{"@type":"SearchAction","target":{"@type":"EntryPoint","urlTemplate":"https:\/\/bornholm.info\/de\/?s={search_term_string}"},"query-input":{"@type":"PropertyValueSpecification","valueRequired":true,"valueName":"search_term_string"}}],"inLanguage":"en-US"}]}},"_links":{"self":[{"href":"https:\/\/bornholm.info\/en\/wp-json\/wp\/v2\/pages\/2249372","targetHints":{"allow":["GET"]}}],"collection":[{"href":"https:\/\/bornholm.info\/en\/wp-json\/wp\/v2\/pages"}],"about":[{"href":"https:\/\/bornholm.info\/en\/wp-json\/wp\/v2\/types\/page"}],"author":[{"embeddable":true,"href":"https:\/\/bornholm.info\/en\/wp-json\/wp\/v2\/users\/25"}],"replies":[{"embeddable":true,"href":"https:\/\/bornholm.info\/en\/wp-json\/wp\/v2\/comments?post=2249372"}],"version-history":[{"count":1,"href":"https:\/\/bornholm.info\/en\/wp-json\/wp\/v2\/pages\/2249372\/revisions"}],"predecessor-version":[{"id":2254802,"href":"https:\/\/bornholm.info\/en\/wp-json\/wp\/v2\/pages\/2249372\/revisions\/2254802"}],"wp:attachment":[{"href":"https:\/\/bornholm.info\/en\/wp-json\/wp\/v2\/media?parent=2249372"}],"curies":[{"name":"wp","href":"https:\/\/api.w.org\/{rel}","templated":true}]}}