{"id":2247719,"date":"2025-04-06T17:04:22","date_gmt":"2025-04-06T15:04:22","guid":{"rendered":"https:\/\/bornholm.info\/?page_id=2247719"},"modified":"2025-04-06T17:04:49","modified_gmt":"2025-04-06T15:04:49","slug":"winter-on-bornholm","status":"publish","type":"page","link":"https:\/\/bornholm.info\/en\/winter-on-bornholm\/","title":{"rendered":"Tema: Vinter p\u00e5 Bornholm (EN)"},"content":{"rendered":"<div id=\"bornh-370644939\" class=\"bornh-before-content-paa-lost-password-siden\"><a data-no-instant=\"1\" href=\"https:\/\/www.youtube.com\/channel\/UC2ZVDESONJ4EaIHaoeKngsw\" rel=\"noopener nofollow\" class=\"a2t-link\" target=\"_blank\" aria-label=\"youtube_300x250_annonce\"><img loading=\"lazy\" decoding=\"async\" src=\"https:\/\/bornholm.info\/wp-content\/media\/2017\/07\/youtube_300x250_annonce.jpg\" alt=\"\"  width=\"300\" height=\"250\"   \/><\/a><\/div>","protected":false},"excerpt":{"rendered":"","protected":false},"author":25,"featured_media":0,"parent":0,"menu_order":0,"comment_status":"closed","ping_status":"closed","template":"template-parts\/thema.php","meta":{"_acf_changed":false,"footnotes":""},"class_list":["post-2247719","page","type-page","status-publish","hentry","kategory-attractions","kategory-guides","tag-accommodation","tag-christmas","tag-holidayperiods","tag-relaxation","tag-the-whole-island","tag-wellness-en","tag-winter"],"acf":[],"yoast_head":"<!-- This site is optimized with the Yoast SEO plugin v27.2 - https:\/\/yoast.com\/product\/yoast-seo-wordpress\/ -->\n<title>Winter on Bornholm \u2013 close to stillness, calm and magical moments<\/title>\n<meta name=\"description\" content=\"Visiting Bornholm in winter brings you even closer to the essence of the island. Nature reveals its beauty and power, as the wind paints your cheeks red along wide sandy beaches and rugged cliffs. The cuisine is rustic and rich in local ingredients, shaped by the island\u2019s soil and fresh sea air. The locals are warm and welcoming. This is the time to feel the rhythm of the island \u2013 and to let the calm settle in.\" \/>\n<meta name=\"robots\" content=\"index, follow, max-snippet:-1, max-image-preview:large, max-video-preview:-1\" \/>\n<link rel=\"canonical\" href=\"https:\/\/bornholm.info\/en\/winter-on-bornholm\/\" \/>\n<meta property=\"og:locale\" content=\"en_US\" \/>\n<meta property=\"og:type\" content=\"article\" \/>\n<meta property=\"og:title\" content=\"Enjoy a Danish winter holiday on Bornholm with unforgettable memories\" \/>\n<meta property=\"og:description\" content=\"Vinter\u00f8en Bornholm byder p\u00e5 hygge, afslapning, samt en lang r\u00e6kke vinter\u00e5bne sev\u00e6rdigheder, attraktioner og oplevelser.\" \/>\n<meta property=\"og:url\" content=\"https:\/\/bornholm.info\/en\/winter-on-bornholm\/\" \/>\n<meta property=\"og:site_name\" content=\"Destination Bornholm\" \/>\n<meta property=\"article:publisher\" content=\"https:\/\/www.facebook.com\/bornholminfo\" \/>\n<meta property=\"article:modified_time\" content=\"2025-04-06T15:04:49+00:00\" \/>\n<meta property=\"og:image\" content=\"https:\/\/bornholm.info\/wp-content\/media\/2017\/10\/parferie_facebook_thumb.jpg\" \/>\n\t<meta property=\"og:image:width\" content=\"1200\" \/>\n\t<meta property=\"og:image:height\" content=\"630\" \/>\n\t<meta property=\"og:image:type\" content=\"image\/jpeg\" \/>\n<meta name=\"twitter:card\" content=\"summary_large_image\" \/>\n<meta name=\"twitter:title\" content=\"Enjoy a Danish winter holiday on Bornholm with unforgettable memories\" \/>\n<meta name=\"twitter:description\" content=\"Vinter\u00f8en Bornholm byder p\u00e5 hygge, afslapning, samt en lang r\u00e6kke vinter\u00e5bne sev\u00e6rdigheder, attraktioner og oplevelser.\" \/>\n<meta name=\"twitter:image\" content=\"https:\/\/bornholm.info\/wp-content\/media\/2017\/10\/parbillede-1920x830-1.jpg\" \/>\n<script type=\"application\/ld+json\" class=\"yoast-schema-graph\">{\"@context\":\"https:\/\/schema.org\",\"@graph\":[{\"@type\":\"WebPage\",\"@id\":\"https:\/\/bornholm.info\/en\/winter-on-bornholm\/\",\"url\":\"https:\/\/bornholm.info\/en\/winter-on-bornholm\/\",\"name\":\"Winter on Bornholm \u2013 close to stillness, calm and magical moments\",\"isPartOf\":{\"@id\":\"https:\/\/bornholm.info\/de\/#website\"},\"datePublished\":\"2025-04-06T15:04:22+00:00\",\"dateModified\":\"2025-04-06T15:04:49+00:00\",\"description\":\"Visiting Bornholm in winter brings you even closer to the essence of the island. Nature reveals its beauty and power, as the wind paints your cheeks red along wide sandy beaches and rugged cliffs. The cuisine is rustic and rich in local ingredients, shaped by the island\u2019s soil and fresh sea air. The locals are warm and welcoming. This is the time to feel the rhythm of the island \u2013 and to let the calm settle in.\",\"breadcrumb\":{\"@id\":\"https:\/\/bornholm.info\/en\/winter-on-bornholm\/#breadcrumb\"},\"inLanguage\":\"en-US\",\"potentialAction\":[{\"@type\":\"ReadAction\",\"target\":[\"https:\/\/bornholm.info\/en\/winter-on-bornholm\/\"]}]},{\"@type\":\"BreadcrumbList\",\"@id\":\"https:\/\/bornholm.info\/en\/winter-on-bornholm\/#breadcrumb\",\"itemListElement\":[{\"@type\":\"ListItem\",\"position\":1,\"name\":\"Home\",\"item\":\"https:\/\/bornholm.info\/en\/\"},{\"@type\":\"ListItem\",\"position\":2,\"name\":\"Tema: Vinter p\u00e5 Bornholm (EN)\"}]},{\"@type\":\"WebSite\",\"@id\":\"https:\/\/bornholm.info\/de\/#website\",\"url\":\"https:\/\/bornholm.info\/de\/\",\"name\":\"Destination Bornholm\",\"description\":\"The Official Travel Guide to Bornholm\",\"potentialAction\":[{\"@type\":\"SearchAction\",\"target\":{\"@type\":\"EntryPoint\",\"urlTemplate\":\"https:\/\/bornholm.info\/de\/?s={search_term_string}\"},\"query-input\":{\"@type\":\"PropertyValueSpecification\",\"valueRequired\":true,\"valueName\":\"search_term_string\"}}],\"inLanguage\":\"en-US\"}]}<\/script>\n<!-- \/ Yoast SEO plugin. -->","yoast_head_json":{"title":"Winter on Bornholm \u2013 close to stillness, calm and magical moments","description":"Visiting Bornholm in winter brings you even closer to the essence of the island. Nature reveals its beauty and power, as the wind paints your cheeks red along wide sandy beaches and rugged cliffs. The cuisine is rustic and rich in local ingredients, shaped by the island\u2019s soil and fresh sea air. The locals are warm and welcoming. This is the time to feel the rhythm of the island \u2013 and to let the calm settle in.","robots":{"index":"index","follow":"follow","max-snippet":"max-snippet:-1","max-image-preview":"max-image-preview:large","max-video-preview":"max-video-preview:-1"},"canonical":"https:\/\/bornholm.info\/en\/winter-on-bornholm\/","og_locale":"en_US","og_type":"article","og_title":"Enjoy a Danish winter holiday on Bornholm with unforgettable memories","og_description":"Vinter\u00f8en Bornholm byder p\u00e5 hygge, afslapning, samt en lang r\u00e6kke vinter\u00e5bne sev\u00e6rdigheder, attraktioner og oplevelser.","og_url":"https:\/\/bornholm.info\/en\/winter-on-bornholm\/","og_site_name":"Destination Bornholm","article_publisher":"https:\/\/www.facebook.com\/bornholminfo","article_modified_time":"2025-04-06T15:04:49+00:00","og_image":[{"width":1200,"height":630,"url":"https:\/\/bornholm.info\/wp-content\/media\/2017\/10\/parferie_facebook_thumb.jpg","type":"image\/jpeg"}],"twitter_card":"summary_large_image","twitter_title":"Enjoy a Danish winter holiday on Bornholm with unforgettable memories","twitter_description":"Vinter\u00f8en Bornholm byder p\u00e5 hygge, afslapning, samt en lang r\u00e6kke vinter\u00e5bne sev\u00e6rdigheder, attraktioner og oplevelser.","twitter_image":"https:\/\/bornholm.info\/wp-content\/media\/2017\/10\/parbillede-1920x830-1.jpg","schema":{"@context":"https:\/\/schema.org","@graph":[{"@type":"WebPage","@id":"https:\/\/bornholm.info\/en\/winter-on-bornholm\/","url":"https:\/\/bornholm.info\/en\/winter-on-bornholm\/","name":"Winter on Bornholm \u2013 close to stillness, calm and magical moments","isPartOf":{"@id":"https:\/\/bornholm.info\/de\/#website"},"datePublished":"2025-04-06T15:04:22+00:00","dateModified":"2025-04-06T15:04:49+00:00","description":"Visiting Bornholm in winter brings you even closer to the essence of the island. Nature reveals its beauty and power, as the wind paints your cheeks red along wide sandy beaches and rugged cliffs. The cuisine is rustic and rich in local ingredients, shaped by the island\u2019s soil and fresh sea air. The locals are warm and welcoming. This is the time to feel the rhythm of the island \u2013 and to let the calm settle in.","breadcrumb":{"@id":"https:\/\/bornholm.info\/en\/winter-on-bornholm\/#breadcrumb"},"inLanguage":"en-US","potentialAction":[{"@type":"ReadAction","target":["https:\/\/bornholm.info\/en\/winter-on-bornholm\/"]}]},{"@type":"BreadcrumbList","@id":"https:\/\/bornholm.info\/en\/winter-on-bornholm\/#breadcrumb","itemListElement":[{"@type":"ListItem","position":1,"name":"Home","item":"https:\/\/bornholm.info\/en\/"},{"@type":"ListItem","position":2,"name":"Tema: Vinter p\u00e5 Bornholm (EN)"}]},{"@type":"WebSite","@id":"https:\/\/bornholm.info\/de\/#website","url":"https:\/\/bornholm.info\/de\/","name":"Destination Bornholm","description":"The Official Travel Guide to Bornholm","potentialAction":[{"@type":"SearchAction","target":{"@type":"EntryPoint","urlTemplate":"https:\/\/bornholm.info\/de\/?s={search_term_string}"},"query-input":{"@type":"PropertyValueSpecification","valueRequired":true,"valueName":"search_term_string"}}],"inLanguage":"en-US"}]}},"_links":{"self":[{"href":"https:\/\/bornholm.info\/en\/wp-json\/wp\/v2\/pages\/2247719","targetHints":{"allow":["GET"]}}],"collection":[{"href":"https:\/\/bornholm.info\/en\/wp-json\/wp\/v2\/pages"}],"about":[{"href":"https:\/\/bornholm.info\/en\/wp-json\/wp\/v2\/types\/page"}],"author":[{"embeddable":true,"href":"https:\/\/bornholm.info\/en\/wp-json\/wp\/v2\/users\/25"}],"replies":[{"embeddable":true,"href":"https:\/\/bornholm.info\/en\/wp-json\/wp\/v2\/comments?post=2247719"}],"version-history":[{"count":2,"href":"https:\/\/bornholm.info\/en\/wp-json\/wp\/v2\/pages\/2247719\/revisions"}],"predecessor-version":[{"id":2254892,"href":"https:\/\/bornholm.info\/en\/wp-json\/wp\/v2\/pages\/2247719\/revisions\/2254892"}],"wp:attachment":[{"href":"https:\/\/bornholm.info\/en\/wp-json\/wp\/v2\/media?parent=2247719"}],"curies":[{"name":"wp","href":"https:\/\/api.w.org\/{rel}","templated":true}]}}