{"id":2244350,"date":"2025-03-21T15:29:26","date_gmt":"2025-03-21T14:29:26","guid":{"rendered":"https:\/\/bornholm.info\/?page_id=2244350"},"modified":"2025-04-09T12:04:22","modified_gmt":"2025-04-09T10:04:22","slug":"spring-on-bornholm","status":"publish","type":"page","link":"https:\/\/bornholm.info\/en\/spring-on-bornholm\/","title":{"rendered":"Exciting spring activities for couples"},"content":{"rendered":"<div id=\"bornh-4155764800\" class=\"bornh-before-content-paa-lost-password-siden\"><a data-no-instant=\"1\" href=\"https:\/\/www.youtube.com\/channel\/UC2ZVDESONJ4EaIHaoeKngsw\" rel=\"noopener nofollow\" class=\"a2t-link\" target=\"_blank\" aria-label=\"youtube_300x250_annonce\"><img loading=\"lazy\" decoding=\"async\" src=\"https:\/\/bornholm.info\/wp-content\/media\/2017\/07\/youtube_300x250_annonce.jpg\" alt=\"\"  width=\"300\" height=\"250\"   \/><\/a><\/div>","protected":false},"excerpt":{"rendered":"","protected":false},"author":25,"featured_media":0,"parent":0,"menu_order":0,"comment_status":"closed","ping_status":"closed","template":"template-parts\/thema.php","meta":{"_acf_changed":false,"footnotes":""},"class_list":["post-2244350","page","type-page","status-publish","hentry","kategory-attractions","tag-ascension","tag-easter","tag-great-prayer-day","tag-pentecost","tag-spring"],"acf":[],"yoast_head":"<!-- This site is optimized with the Yoast SEO plugin v27.2 - https:\/\/yoast.com\/product\/yoast-seo-wordpress\/ -->\n<title>Spring on Bornholm \u2013 close to light, nature and new adventures<\/title>\n<meta name=\"description\" content=\"On Bornholm, the rawness of winter slowly gives way to the budding life of spring. Just as summer lasts longer here than in the rest of Denmark \u2013 thanks to the warming effects of the sea and rocky landscape \u2013 spring also arrives at its own pace, as the sun gradually warms the island free from winter\u2019s grip.\" \/>\n<meta name=\"robots\" content=\"index, follow, max-snippet:-1, max-image-preview:large, max-video-preview:-1\" \/>\n<link rel=\"canonical\" href=\"https:\/\/bornholm.info\/en\/spring-on-bornholm\/\" \/>\n<meta property=\"og:locale\" content=\"en_US\" \/>\n<meta property=\"og:type\" content=\"article\" \/>\n<meta property=\"og:title\" content=\"Hyggelige for\u00e5rsoplevelser for par\" \/>\n<meta property=\"og:description\" content=\"Nyd den enest\u00e5ende natur, mange sev\u00e6rdigheder, attraktioner og oplevelser p\u00e5 Bornholm. Vi giver dig ogs\u00e5 tips til overnatning og transport.\" \/>\n<meta property=\"og:url\" content=\"https:\/\/bornholm.info\/en\/spring-on-bornholm\/\" \/>\n<meta property=\"og:site_name\" content=\"Destination Bornholm\" \/>\n<meta property=\"article:publisher\" content=\"https:\/\/www.facebook.com\/bornholminfo\" \/>\n<meta property=\"article:modified_time\" content=\"2025-04-09T10:04:22+00:00\" \/>\n<meta property=\"og:image\" content=\"https:\/\/bornholm.info\/wp-content\/media\/2019\/10\/billede-hammershus-semko-balcerski-1800x800i.jpg\" \/>\n\t<meta property=\"og:image:width\" content=\"1800\" \/>\n\t<meta property=\"og:image:height\" content=\"800\" \/>\n\t<meta property=\"og:image:type\" content=\"image\/jpeg\" \/>\n<meta name=\"twitter:card\" content=\"summary_large_image\" \/>\n<meta name=\"twitter:title\" content=\"Hyggelige for\u00e5rsoplevelser for par\" \/>\n<meta name=\"twitter:description\" content=\"Nyd den enest\u00e5ende natur, mange sev\u00e6rdigheder, attraktioner og oplevelser p\u00e5 Bornholm. Vi giver dig ogs\u00e5 tips til overnatning og transport.\" \/>\n<script type=\"application\/ld+json\" class=\"yoast-schema-graph\">{\"@context\":\"https:\/\/schema.org\",\"@graph\":[{\"@type\":\"WebPage\",\"@id\":\"https:\/\/bornholm.info\/en\/spring-on-bornholm\/\",\"url\":\"https:\/\/bornholm.info\/en\/spring-on-bornholm\/\",\"name\":\"Spring on Bornholm \u2013 close to light, nature and new adventures\",\"isPartOf\":{\"@id\":\"https:\/\/bornholm.info\/de\/#website\"},\"datePublished\":\"2025-03-21T14:29:26+00:00\",\"dateModified\":\"2025-04-09T10:04:22+00:00\",\"description\":\"On Bornholm, the rawness of winter slowly gives way to the budding life of spring. Just as summer lasts longer here than in the rest of Denmark \u2013 thanks to the warming effects of the sea and rocky landscape \u2013 spring also arrives at its own pace, as the sun gradually warms the island free from winter\u2019s grip.\",\"breadcrumb\":{\"@id\":\"https:\/\/bornholm.info\/en\/spring-on-bornholm\/#breadcrumb\"},\"inLanguage\":\"en-US\",\"potentialAction\":[{\"@type\":\"ReadAction\",\"target\":[\"https:\/\/bornholm.info\/en\/spring-on-bornholm\/\"]}]},{\"@type\":\"BreadcrumbList\",\"@id\":\"https:\/\/bornholm.info\/en\/spring-on-bornholm\/#breadcrumb\",\"itemListElement\":[{\"@type\":\"ListItem\",\"position\":1,\"name\":\"Home\",\"item\":\"https:\/\/bornholm.info\/en\/\"},{\"@type\":\"ListItem\",\"position\":2,\"name\":\"Exciting spring activities for couples\"}]},{\"@type\":\"WebSite\",\"@id\":\"https:\/\/bornholm.info\/de\/#website\",\"url\":\"https:\/\/bornholm.info\/de\/\",\"name\":\"Destination Bornholm\",\"description\":\"The Official Travel Guide to Bornholm\",\"potentialAction\":[{\"@type\":\"SearchAction\",\"target\":{\"@type\":\"EntryPoint\",\"urlTemplate\":\"https:\/\/bornholm.info\/de\/?s={search_term_string}\"},\"query-input\":{\"@type\":\"PropertyValueSpecification\",\"valueRequired\":true,\"valueName\":\"search_term_string\"}}],\"inLanguage\":\"en-US\"}]}<\/script>\n<!-- \/ Yoast SEO plugin. -->","yoast_head_json":{"title":"Spring on Bornholm \u2013 close to light, nature and new adventures","description":"On Bornholm, the rawness of winter slowly gives way to the budding life of spring. Just as summer lasts longer here than in the rest of Denmark \u2013 thanks to the warming effects of the sea and rocky landscape \u2013 spring also arrives at its own pace, as the sun gradually warms the island free from winter\u2019s grip.","robots":{"index":"index","follow":"follow","max-snippet":"max-snippet:-1","max-image-preview":"max-image-preview:large","max-video-preview":"max-video-preview:-1"},"canonical":"https:\/\/bornholm.info\/en\/spring-on-bornholm\/","og_locale":"en_US","og_type":"article","og_title":"Hyggelige for\u00e5rsoplevelser for par","og_description":"Nyd den enest\u00e5ende natur, mange sev\u00e6rdigheder, attraktioner og oplevelser p\u00e5 Bornholm. Vi giver dig ogs\u00e5 tips til overnatning og transport.","og_url":"https:\/\/bornholm.info\/en\/spring-on-bornholm\/","og_site_name":"Destination Bornholm","article_publisher":"https:\/\/www.facebook.com\/bornholminfo","article_modified_time":"2025-04-09T10:04:22+00:00","og_image":[{"width":1800,"height":800,"url":"https:\/\/bornholm.info\/wp-content\/media\/2019\/10\/billede-hammershus-semko-balcerski-1800x800i.jpg","type":"image\/jpeg"}],"twitter_card":"summary_large_image","twitter_title":"Hyggelige for\u00e5rsoplevelser for par","twitter_description":"Nyd den enest\u00e5ende natur, mange sev\u00e6rdigheder, attraktioner og oplevelser p\u00e5 Bornholm. Vi giver dig ogs\u00e5 tips til overnatning og transport.","schema":{"@context":"https:\/\/schema.org","@graph":[{"@type":"WebPage","@id":"https:\/\/bornholm.info\/en\/spring-on-bornholm\/","url":"https:\/\/bornholm.info\/en\/spring-on-bornholm\/","name":"Spring on Bornholm \u2013 close to light, nature and new adventures","isPartOf":{"@id":"https:\/\/bornholm.info\/de\/#website"},"datePublished":"2025-03-21T14:29:26+00:00","dateModified":"2025-04-09T10:04:22+00:00","description":"On Bornholm, the rawness of winter slowly gives way to the budding life of spring. Just as summer lasts longer here than in the rest of Denmark \u2013 thanks to the warming effects of the sea and rocky landscape \u2013 spring also arrives at its own pace, as the sun gradually warms the island free from winter\u2019s grip.","breadcrumb":{"@id":"https:\/\/bornholm.info\/en\/spring-on-bornholm\/#breadcrumb"},"inLanguage":"en-US","potentialAction":[{"@type":"ReadAction","target":["https:\/\/bornholm.info\/en\/spring-on-bornholm\/"]}]},{"@type":"BreadcrumbList","@id":"https:\/\/bornholm.info\/en\/spring-on-bornholm\/#breadcrumb","itemListElement":[{"@type":"ListItem","position":1,"name":"Home","item":"https:\/\/bornholm.info\/en\/"},{"@type":"ListItem","position":2,"name":"Exciting spring activities for couples"}]},{"@type":"WebSite","@id":"https:\/\/bornholm.info\/de\/#website","url":"https:\/\/bornholm.info\/de\/","name":"Destination Bornholm","description":"The Official Travel Guide to Bornholm","potentialAction":[{"@type":"SearchAction","target":{"@type":"EntryPoint","urlTemplate":"https:\/\/bornholm.info\/de\/?s={search_term_string}"},"query-input":{"@type":"PropertyValueSpecification","valueRequired":true,"valueName":"search_term_string"}}],"inLanguage":"en-US"}]}},"_links":{"self":[{"href":"https:\/\/bornholm.info\/en\/wp-json\/wp\/v2\/pages\/2244350","targetHints":{"allow":["GET"]}}],"collection":[{"href":"https:\/\/bornholm.info\/en\/wp-json\/wp\/v2\/pages"}],"about":[{"href":"https:\/\/bornholm.info\/en\/wp-json\/wp\/v2\/types\/page"}],"author":[{"embeddable":true,"href":"https:\/\/bornholm.info\/en\/wp-json\/wp\/v2\/users\/25"}],"replies":[{"embeddable":true,"href":"https:\/\/bornholm.info\/en\/wp-json\/wp\/v2\/comments?post=2244350"}],"version-history":[{"count":3,"href":"https:\/\/bornholm.info\/en\/wp-json\/wp\/v2\/pages\/2244350\/revisions"}],"predecessor-version":[{"id":2255463,"href":"https:\/\/bornholm.info\/en\/wp-json\/wp\/v2\/pages\/2244350\/revisions\/2255463"}],"wp:attachment":[{"href":"https:\/\/bornholm.info\/en\/wp-json\/wp\/v2\/media?parent=2244350"}],"curies":[{"name":"wp","href":"https:\/\/api.w.org\/{rel}","templated":true}]}}