{"id":2156397,"date":"2024-03-22T12:40:16","date_gmt":"2024-03-22T11:40:16","guid":{"rendered":"https:\/\/bornholm.info\/moeder-og-konferencer\/"},"modified":"2024-04-09T10:03:04","modified_gmt":"2024-04-09T08:03:04","slug":"meeting-and-conferences-bornholm","status":"publish","type":"page","link":"https:\/\/bornholm.info\/en\/meeting-and-conferences-bornholm\/","title":{"rendered":"Meetings, conferences and events on Bornholm"},"content":{"rendered":"<div id=\"bornh-1983282379\" class=\"bornh-before-content-paa-lost-password-siden bornh-entity-placement\"><a data-no-instant=\"1\" href=\"https:\/\/www.youtube.com\/channel\/UC2ZVDESONJ4EaIHaoeKngsw\" rel=\"noopener nofollow\" class=\"a2t-link\" target=\"_blank\" aria-label=\"youtube_300x250_annonce\"><img loading=\"lazy\" decoding=\"async\" src=\"https:\/\/bornholm.info\/wp-content\/media\/2017\/07\/youtube_300x250_annonce.jpg\" alt=\"\"  width=\"300\" height=\"250\"   \/><\/a><\/div>","protected":false},"excerpt":{"rendered":"","protected":false},"author":13,"featured_media":0,"parent":0,"menu_order":0,"comment_status":"closed","ping_status":"closed","template":"template-parts\/thema.php","meta":{"_acf_changed":false,"footnotes":""},"class_list":["post-2156397","page","type-page","status-publish","hentry","kategory-guides","tag-accommodation","tag-ascension","tag-autumn","tag-christmas","tag-conference","tag-course","tag-easter","tag-great-prayer-day","tag-latesummer","tag-pentecost","tag-spring","tag-summer","tag-the-whole-island","tag-winter"],"acf":[],"yoast_head":"<!-- This site is optimized with the Yoast SEO plugin v27.4 - https:\/\/yoast.com\/product\/yoast-seo-wordpress\/ -->\n<title>Bornholm \u2013 the perfect place for a meeting<\/title>\n<meta name=\"description\" content=\"Bornholm is the perfect place to organise your next meeting or conference. The island is easily accessible by air, ferry and car. As well as having your pick of ideal meeting locations, you&#039;ll also have the opportunity to experience the unique island of Bornholm.\" \/>\n<meta name=\"robots\" content=\"index, follow, max-snippet:-1, max-image-preview:large, max-video-preview:-1\" \/>\n<link rel=\"canonical\" href=\"https:\/\/bornholm.info\/en\/meeting-and-conferences-bornholm\/\" \/>\n<meta property=\"og:locale\" content=\"en_US\" \/>\n<meta property=\"og:type\" content=\"article\" \/>\n<meta property=\"og:title\" content=\"M\u00f8der, konferencer og events p\u00e5 Bornholm\" \/>\n<meta property=\"og:description\" content=\"Det er oplagt at placere jeres n\u00e6ste m\u00f8de p\u00e5 Bornholm. \u00d8en er let tilg\u00e6ngelig med b\u00e5de fly, f\u00e6rge og bil. Udover oplagte m\u00f8delokationer f\u00e5r I ogs\u00e5 mulighed for at opleve enest\u00e5ende Bornholm.\" \/>\n<meta property=\"og:url\" content=\"https:\/\/bornholm.info\/en\/meeting-and-conferences-bornholm\/\" \/>\n<meta property=\"og:site_name\" content=\"Destination Bornholm\" \/>\n<meta property=\"article:publisher\" content=\"https:\/\/www.facebook.com\/bornholminfo\" \/>\n<meta property=\"article:modified_time\" content=\"2024-04-09T08:03:04+00:00\" \/>\n<meta property=\"og:image\" content=\"https:\/\/bornholm.info\/wp-content\/media\/2022\/04\/moedeoe-bornholm.jpg\" \/>\n\t<meta property=\"og:image:width\" content=\"1920\" \/>\n\t<meta property=\"og:image:height\" content=\"830\" \/>\n\t<meta property=\"og:image:type\" content=\"image\/jpeg\" \/>\n<meta name=\"twitter:card\" content=\"summary_large_image\" \/>\n<meta name=\"twitter:title\" content=\"M\u00f8der, konferencer og events p\u00e5 Bornholm\" \/>\n<meta name=\"twitter:description\" content=\"Det er oplagt at placere jeres n\u00e6ste m\u00f8de p\u00e5 Bornholm. \u00d8en er let tilg\u00e6ngelig med b\u00e5de fly, f\u00e6rge og bil. Udover oplagte m\u00f8delokationer f\u00e5r I ogs\u00e5 mulighed for at opleve enest\u00e5ende Bornholm.\" \/>\n<meta name=\"twitter:image\" content=\"https:\/\/bornholm.info\/wp-content\/media\/2022\/04\/moedeoe-bornholm.jpg\" \/>\n<script type=\"application\/ld+json\" class=\"yoast-schema-graph\">{\"@context\":\"https:\\\/\\\/schema.org\",\"@graph\":[{\"@type\":\"WebPage\",\"@id\":\"https:\\\/\\\/bornholm.info\\\/en\\\/meeting-and-conferences-bornholm\\\/\",\"url\":\"https:\\\/\\\/bornholm.info\\\/en\\\/meeting-and-conferences-bornholm\\\/\",\"name\":\"Bornholm \u2013 the perfect place for a meeting\",\"isPartOf\":{\"@id\":\"https:\\\/\\\/bornholm.info\\\/de\\\/#website\"},\"datePublished\":\"2024-03-22T11:40:16+00:00\",\"dateModified\":\"2024-04-09T08:03:04+00:00\",\"description\":\"Bornholm is the perfect place to organise your next meeting or conference. The island is easily accessible by air, ferry and car. As well as having your pick of ideal meeting locations, you'll also have the opportunity to experience the unique island of Bornholm.\",\"breadcrumb\":{\"@id\":\"https:\\\/\\\/bornholm.info\\\/en\\\/meeting-and-conferences-bornholm\\\/#breadcrumb\"},\"inLanguage\":\"en-US\",\"potentialAction\":[{\"@type\":\"ReadAction\",\"target\":[\"https:\\\/\\\/bornholm.info\\\/en\\\/meeting-and-conferences-bornholm\\\/\"]}]},{\"@type\":\"BreadcrumbList\",\"@id\":\"https:\\\/\\\/bornholm.info\\\/en\\\/meeting-and-conferences-bornholm\\\/#breadcrumb\",\"itemListElement\":[{\"@type\":\"ListItem\",\"position\":1,\"name\":\"Home\",\"item\":\"https:\\\/\\\/bornholm.info\\\/en\\\/\"},{\"@type\":\"ListItem\",\"position\":2,\"name\":\"Meetings, conferences and events on Bornholm\"}]},{\"@type\":\"WebSite\",\"@id\":\"https:\\\/\\\/bornholm.info\\\/de\\\/#website\",\"url\":\"https:\\\/\\\/bornholm.info\\\/de\\\/\",\"name\":\"Destination Bornholm\",\"description\":\"The Official Travel Guide to Bornholm\",\"potentialAction\":[{\"@type\":\"SearchAction\",\"target\":{\"@type\":\"EntryPoint\",\"urlTemplate\":\"https:\\\/\\\/bornholm.info\\\/de\\\/?s={search_term_string}\"},\"query-input\":{\"@type\":\"PropertyValueSpecification\",\"valueRequired\":true,\"valueName\":\"search_term_string\"}}],\"inLanguage\":\"en-US\"}]}<\/script>\n<!-- \/ Yoast SEO plugin. -->","yoast_head_json":{"title":"Bornholm \u2013 the perfect place for a meeting","description":"Bornholm is the perfect place to organise your next meeting or conference. The island is easily accessible by air, ferry and car. As well as having your pick of ideal meeting locations, you'll also have the opportunity to experience the unique island of Bornholm.","robots":{"index":"index","follow":"follow","max-snippet":"max-snippet:-1","max-image-preview":"max-image-preview:large","max-video-preview":"max-video-preview:-1"},"canonical":"https:\/\/bornholm.info\/en\/meeting-and-conferences-bornholm\/","og_locale":"en_US","og_type":"article","og_title":"M\u00f8der, konferencer og events p\u00e5 Bornholm","og_description":"Det er oplagt at placere jeres n\u00e6ste m\u00f8de p\u00e5 Bornholm. \u00d8en er let tilg\u00e6ngelig med b\u00e5de fly, f\u00e6rge og bil. Udover oplagte m\u00f8delokationer f\u00e5r I ogs\u00e5 mulighed for at opleve enest\u00e5ende Bornholm.","og_url":"https:\/\/bornholm.info\/en\/meeting-and-conferences-bornholm\/","og_site_name":"Destination Bornholm","article_publisher":"https:\/\/www.facebook.com\/bornholminfo","article_modified_time":"2024-04-09T08:03:04+00:00","og_image":[{"width":1920,"height":830,"url":"https:\/\/bornholm.info\/wp-content\/media\/2022\/04\/moedeoe-bornholm.jpg","type":"image\/jpeg"}],"twitter_card":"summary_large_image","twitter_title":"M\u00f8der, konferencer og events p\u00e5 Bornholm","twitter_description":"Det er oplagt at placere jeres n\u00e6ste m\u00f8de p\u00e5 Bornholm. \u00d8en er let tilg\u00e6ngelig med b\u00e5de fly, f\u00e6rge og bil. Udover oplagte m\u00f8delokationer f\u00e5r I ogs\u00e5 mulighed for at opleve enest\u00e5ende Bornholm.","twitter_image":"https:\/\/bornholm.info\/wp-content\/media\/2022\/04\/moedeoe-bornholm.jpg","schema":{"@context":"https:\/\/schema.org","@graph":[{"@type":"WebPage","@id":"https:\/\/bornholm.info\/en\/meeting-and-conferences-bornholm\/","url":"https:\/\/bornholm.info\/en\/meeting-and-conferences-bornholm\/","name":"Bornholm \u2013 the perfect place for a meeting","isPartOf":{"@id":"https:\/\/bornholm.info\/de\/#website"},"datePublished":"2024-03-22T11:40:16+00:00","dateModified":"2024-04-09T08:03:04+00:00","description":"Bornholm is the perfect place to organise your next meeting or conference. The island is easily accessible by air, ferry and car. As well as having your pick of ideal meeting locations, you'll also have the opportunity to experience the unique island of Bornholm.","breadcrumb":{"@id":"https:\/\/bornholm.info\/en\/meeting-and-conferences-bornholm\/#breadcrumb"},"inLanguage":"en-US","potentialAction":[{"@type":"ReadAction","target":["https:\/\/bornholm.info\/en\/meeting-and-conferences-bornholm\/"]}]},{"@type":"BreadcrumbList","@id":"https:\/\/bornholm.info\/en\/meeting-and-conferences-bornholm\/#breadcrumb","itemListElement":[{"@type":"ListItem","position":1,"name":"Home","item":"https:\/\/bornholm.info\/en\/"},{"@type":"ListItem","position":2,"name":"Meetings, conferences and events on Bornholm"}]},{"@type":"WebSite","@id":"https:\/\/bornholm.info\/de\/#website","url":"https:\/\/bornholm.info\/de\/","name":"Destination Bornholm","description":"The Official Travel Guide to Bornholm","potentialAction":[{"@type":"SearchAction","target":{"@type":"EntryPoint","urlTemplate":"https:\/\/bornholm.info\/de\/?s={search_term_string}"},"query-input":{"@type":"PropertyValueSpecification","valueRequired":true,"valueName":"search_term_string"}}],"inLanguage":"en-US"}]}},"_links":{"self":[{"href":"https:\/\/bornholm.info\/en\/wp-json\/wp\/v2\/pages\/2156397","targetHints":{"allow":["GET"]}}],"collection":[{"href":"https:\/\/bornholm.info\/en\/wp-json\/wp\/v2\/pages"}],"about":[{"href":"https:\/\/bornholm.info\/en\/wp-json\/wp\/v2\/types\/page"}],"author":[{"embeddable":true,"href":"https:\/\/bornholm.info\/en\/wp-json\/wp\/v2\/users\/13"}],"replies":[{"embeddable":true,"href":"https:\/\/bornholm.info\/en\/wp-json\/wp\/v2\/comments?post=2156397"}],"version-history":[{"count":2,"href":"https:\/\/bornholm.info\/en\/wp-json\/wp\/v2\/pages\/2156397\/revisions"}],"predecessor-version":[{"id":2159420,"href":"https:\/\/bornholm.info\/en\/wp-json\/wp\/v2\/pages\/2156397\/revisions\/2159420"}],"wp:attachment":[{"href":"https:\/\/bornholm.info\/en\/wp-json\/wp\/v2\/media?parent=2156397"}],"curies":[{"name":"wp","href":"https:\/\/api.w.org\/{rel}","templated":true}]}}