{"id":1978318,"date":"2021-01-27T15:30:24","date_gmt":"2021-01-27T14:30:24","guid":{"rendered":"https:\/\/bornholm.info\/lystfiskeri-i-soeer\/"},"modified":"2021-01-27T15:43:21","modified_gmt":"2021-01-27T14:43:21","slug":"lake-fishing","status":"publish","type":"page","link":"https:\/\/bornholm.info\/en\/lake-fishing\/","title":{"rendered":"Recreational Fishing in Bornholm\u2019s Lakes"},"content":{"rendered":"<div id=\"bornh-3380866652\" class=\"bornh-before-content-paa-lost-password-siden bornh-entity-placement\"><a data-no-instant=\"1\" href=\"https:\/\/www.youtube.com\/channel\/UC2ZVDESONJ4EaIHaoeKngsw\" rel=\"noopener nofollow\" class=\"a2t-link\" target=\"_blank\" aria-label=\"youtube_300x250_annonce\"><img loading=\"lazy\" decoding=\"async\" src=\"https:\/\/bornholm.info\/wp-content\/media\/2017\/07\/youtube_300x250_annonce.jpg\" alt=\"\"  width=\"300\" height=\"250\"   \/><\/a><\/div>","protected":false},"excerpt":{"rendered":"","protected":false},"author":13,"featured_media":0,"parent":0,"menu_order":0,"comment_status":"closed","ping_status":"closed","template":"template-parts\/thema.php","meta":{"_acf_changed":false,"footnotes":""},"class_list":["post-1978318","page","type-page","status-publish","hentry","kategory-attractions","kategory-guides","tag-fishing","tag-outdoor-en"],"acf":[],"yoast_head":"<!-- This site is optimized with the Yoast SEO plugin v27.4 - https:\/\/yoast.com\/product\/yoast-seo-wordpress\/ -->\n<title>Recreational Fishing in Bornholm\u2019s Lakes<\/title>\n<meta name=\"description\" content=\"De bornholmske s\u00f8er og moser p\u00e5 helt unikke naturoplevelser med ro og stilhed. Pr\u00f8v lystfiskeri i s\u00f8er p\u00e5 Bornholm. Se mere her.\" \/>\n<meta name=\"robots\" content=\"index, follow, max-snippet:-1, max-image-preview:large, max-video-preview:-1\" \/>\n<link rel=\"canonical\" href=\"https:\/\/bornholm.info\/en\/lake-fishing\/\" \/>\n<meta property=\"og:locale\" content=\"en_US\" \/>\n<meta property=\"og:type\" content=\"article\" \/>\n<meta property=\"og:title\" content=\"Recreational Fishing in Bornholm\u2019s Lakes\" \/>\n<meta property=\"og:description\" content=\"Bornholm offers a great variety of lakes, ponds, and old gravel pits that provide exciting fishing opportunities. In addition to pike, perch, trout, zander, eel, and lots of classic coarse fish such as, for instance, roach and tench, the many freshwater fisheries across Bornholm offer unique outdoor experiences and a peaceful kind of serenity that is decidedly different from traditional coastal fishing.\" \/>\n<meta property=\"og:url\" content=\"https:\/\/bornholm.info\/en\/lake-fishing\/\" \/>\n<meta property=\"og:site_name\" content=\"Destination Bornholm\" \/>\n<meta property=\"article:publisher\" content=\"https:\/\/www.facebook.com\/bornholminfo\" \/>\n<meta property=\"article:modified_time\" content=\"2021-01-27T14:43:21+00:00\" \/>\n<meta property=\"og:image\" content=\"https:\/\/bornholm.info\/wp-content\/media\/2019\/04\/soefiskeri.jpg\" \/>\n\t<meta property=\"og:image:width\" content=\"1900\" \/>\n\t<meta property=\"og:image:height\" content=\"830\" \/>\n\t<meta property=\"og:image:type\" content=\"image\/jpeg\" \/>\n<meta name=\"twitter:card\" content=\"summary_large_image\" \/>\n<meta name=\"twitter:title\" content=\"Recreational Fishing in Bornholm\u2019s Lakes\" \/>\n<meta name=\"twitter:description\" content=\"Bornholm offers a great variety of lakes, ponds, and old gravel pits that provide exciting fishing opportunities. In addition to pike, perch, trout, zander, eel, and lots of classic coarse fish such as, for instance, roach and tench, the many freshwater fisheries across Bornholm offer unique outdoor experiences and a peaceful kind of serenity that is decidedly different from traditional coastal fishing.\" \/>\n<meta name=\"twitter:image\" content=\"https:\/\/bornholm.info\/wp-content\/media\/2019\/04\/soefiskeri.jpg\" \/>\n<script type=\"application\/ld+json\" class=\"yoast-schema-graph\">{\"@context\":\"https:\\\/\\\/schema.org\",\"@graph\":[{\"@type\":\"WebPage\",\"@id\":\"https:\\\/\\\/bornholm.info\\\/en\\\/lake-fishing\\\/\",\"url\":\"https:\\\/\\\/bornholm.info\\\/en\\\/lake-fishing\\\/\",\"name\":\"Recreational Fishing in Bornholm\u2019s Lakes\",\"isPartOf\":{\"@id\":\"https:\\\/\\\/bornholm.info\\\/de\\\/#website\"},\"datePublished\":\"2021-01-27T14:30:24+00:00\",\"dateModified\":\"2021-01-27T14:43:21+00:00\",\"description\":\"De bornholmske s\u00f8er og moser p\u00e5 helt unikke naturoplevelser med ro og stilhed. Pr\u00f8v lystfiskeri i s\u00f8er p\u00e5 Bornholm. Se mere her.\",\"breadcrumb\":{\"@id\":\"https:\\\/\\\/bornholm.info\\\/en\\\/lake-fishing\\\/#breadcrumb\"},\"inLanguage\":\"en-US\",\"potentialAction\":[{\"@type\":\"ReadAction\",\"target\":[\"https:\\\/\\\/bornholm.info\\\/en\\\/lake-fishing\\\/\"]}]},{\"@type\":\"BreadcrumbList\",\"@id\":\"https:\\\/\\\/bornholm.info\\\/en\\\/lake-fishing\\\/#breadcrumb\",\"itemListElement\":[{\"@type\":\"ListItem\",\"position\":1,\"name\":\"Home\",\"item\":\"https:\\\/\\\/bornholm.info\\\/en\\\/\"},{\"@type\":\"ListItem\",\"position\":2,\"name\":\"Recreational Fishing in Bornholm\u2019s Lakes\"}]},{\"@type\":\"WebSite\",\"@id\":\"https:\\\/\\\/bornholm.info\\\/de\\\/#website\",\"url\":\"https:\\\/\\\/bornholm.info\\\/de\\\/\",\"name\":\"Destination Bornholm\",\"description\":\"The Official Travel Guide to Bornholm\",\"potentialAction\":[{\"@type\":\"SearchAction\",\"target\":{\"@type\":\"EntryPoint\",\"urlTemplate\":\"https:\\\/\\\/bornholm.info\\\/de\\\/?s={search_term_string}\"},\"query-input\":{\"@type\":\"PropertyValueSpecification\",\"valueRequired\":true,\"valueName\":\"search_term_string\"}}],\"inLanguage\":\"en-US\"}]}<\/script>\n<!-- \/ Yoast SEO plugin. -->","yoast_head_json":{"title":"Recreational Fishing in Bornholm\u2019s Lakes","description":"De bornholmske s\u00f8er og moser p\u00e5 helt unikke naturoplevelser med ro og stilhed. Pr\u00f8v lystfiskeri i s\u00f8er p\u00e5 Bornholm. Se mere her.","robots":{"index":"index","follow":"follow","max-snippet":"max-snippet:-1","max-image-preview":"max-image-preview:large","max-video-preview":"max-video-preview:-1"},"canonical":"https:\/\/bornholm.info\/en\/lake-fishing\/","og_locale":"en_US","og_type":"article","og_title":"Recreational Fishing in Bornholm\u2019s Lakes","og_description":"Bornholm offers a great variety of lakes, ponds, and old gravel pits that provide exciting fishing opportunities. In addition to pike, perch, trout, zander, eel, and lots of classic coarse fish such as, for instance, roach and tench, the many freshwater fisheries across Bornholm offer unique outdoor experiences and a peaceful kind of serenity that is decidedly different from traditional coastal fishing.","og_url":"https:\/\/bornholm.info\/en\/lake-fishing\/","og_site_name":"Destination Bornholm","article_publisher":"https:\/\/www.facebook.com\/bornholminfo","article_modified_time":"2021-01-27T14:43:21+00:00","og_image":[{"width":1900,"height":830,"url":"https:\/\/bornholm.info\/wp-content\/media\/2019\/04\/soefiskeri.jpg","type":"image\/jpeg"}],"twitter_card":"summary_large_image","twitter_title":"Recreational Fishing in Bornholm\u2019s Lakes","twitter_description":"Bornholm offers a great variety of lakes, ponds, and old gravel pits that provide exciting fishing opportunities. In addition to pike, perch, trout, zander, eel, and lots of classic coarse fish such as, for instance, roach and tench, the many freshwater fisheries across Bornholm offer unique outdoor experiences and a peaceful kind of serenity that is decidedly different from traditional coastal fishing.","twitter_image":"https:\/\/bornholm.info\/wp-content\/media\/2019\/04\/soefiskeri.jpg","schema":{"@context":"https:\/\/schema.org","@graph":[{"@type":"WebPage","@id":"https:\/\/bornholm.info\/en\/lake-fishing\/","url":"https:\/\/bornholm.info\/en\/lake-fishing\/","name":"Recreational Fishing in Bornholm\u2019s Lakes","isPartOf":{"@id":"https:\/\/bornholm.info\/de\/#website"},"datePublished":"2021-01-27T14:30:24+00:00","dateModified":"2021-01-27T14:43:21+00:00","description":"De bornholmske s\u00f8er og moser p\u00e5 helt unikke naturoplevelser med ro og stilhed. Pr\u00f8v lystfiskeri i s\u00f8er p\u00e5 Bornholm. Se mere her.","breadcrumb":{"@id":"https:\/\/bornholm.info\/en\/lake-fishing\/#breadcrumb"},"inLanguage":"en-US","potentialAction":[{"@type":"ReadAction","target":["https:\/\/bornholm.info\/en\/lake-fishing\/"]}]},{"@type":"BreadcrumbList","@id":"https:\/\/bornholm.info\/en\/lake-fishing\/#breadcrumb","itemListElement":[{"@type":"ListItem","position":1,"name":"Home","item":"https:\/\/bornholm.info\/en\/"},{"@type":"ListItem","position":2,"name":"Recreational Fishing in Bornholm\u2019s Lakes"}]},{"@type":"WebSite","@id":"https:\/\/bornholm.info\/de\/#website","url":"https:\/\/bornholm.info\/de\/","name":"Destination Bornholm","description":"The Official Travel Guide to Bornholm","potentialAction":[{"@type":"SearchAction","target":{"@type":"EntryPoint","urlTemplate":"https:\/\/bornholm.info\/de\/?s={search_term_string}"},"query-input":{"@type":"PropertyValueSpecification","valueRequired":true,"valueName":"search_term_string"}}],"inLanguage":"en-US"}]}},"_links":{"self":[{"href":"https:\/\/bornholm.info\/en\/wp-json\/wp\/v2\/pages\/1978318","targetHints":{"allow":["GET"]}}],"collection":[{"href":"https:\/\/bornholm.info\/en\/wp-json\/wp\/v2\/pages"}],"about":[{"href":"https:\/\/bornholm.info\/en\/wp-json\/wp\/v2\/types\/page"}],"author":[{"embeddable":true,"href":"https:\/\/bornholm.info\/en\/wp-json\/wp\/v2\/users\/13"}],"replies":[{"embeddable":true,"href":"https:\/\/bornholm.info\/en\/wp-json\/wp\/v2\/comments?post=1978318"}],"version-history":[{"count":1,"href":"https:\/\/bornholm.info\/en\/wp-json\/wp\/v2\/pages\/1978318\/revisions"}],"predecessor-version":[{"id":1978319,"href":"https:\/\/bornholm.info\/en\/wp-json\/wp\/v2\/pages\/1978318\/revisions\/1978319"}],"wp:attachment":[{"href":"https:\/\/bornholm.info\/en\/wp-json\/wp\/v2\/media?parent=1978318"}],"curies":[{"name":"wp","href":"https:\/\/api.w.org\/{rel}","templated":true}]}}