{"id":16368,"date":"2018-01-15T10:44:59","date_gmt":"2018-01-15T10:44:59","guid":{"rendered":"https:\/\/bornholm.info\/familieferie-foraar\/"},"modified":"2020-02-21T13:43:24","modified_gmt":"2020-02-21T13:43:24","slug":"spring-for-kids","status":"publish","type":"page","link":"https:\/\/bornholm.info\/en\/spring-for-kids\/","title":{"rendered":"Bornholm for kids &#8211; try these exciting spring activities"},"content":{"rendered":"<div id=\"bornh-1440959372\" class=\"bornh-before-content-paa-lost-password-siden\"><a data-no-instant=\"1\" href=\"https:\/\/www.youtube.com\/channel\/UC2ZVDESONJ4EaIHaoeKngsw\" rel=\"noopener nofollow\" class=\"a2t-link\" target=\"_blank\" aria-label=\"youtube_300x250_annonce\"><img loading=\"lazy\" decoding=\"async\" src=\"https:\/\/bornholm.info\/wp-content\/media\/2017\/07\/youtube_300x250_annonce.jpg\" alt=\"\"  width=\"300\" height=\"250\"   \/><\/a><\/div>","protected":false},"excerpt":{"rendered":"","protected":false},"author":9,"featured_media":0,"parent":0,"menu_order":0,"comment_status":"closed","ping_status":"closed","template":"template-parts\/thema.php","meta":{"_acf_changed":false,"footnotes":""},"class_list":["post-16368","page","type-page","status-publish","hentry","kategory-attractions","kategory-guides","tag-ascension","tag-child-friendly","tag-easter","tag-great-prayer-day","tag-pentecost","tag-spring"],"acf":[],"yoast_head":"<!-- This site is optimized with the Yoast SEO plugin v27.2 - https:\/\/yoast.com\/product\/yoast-seo-wordpress\/ -->\n<title>Bornholm for kids - try these exciting spring activities<\/title>\n<meta name=\"description\" content=\"The Sunshine island Bornholm offers a wide range of hyggelige, funny and exciting attractions and experiences for kids and families.\" \/>\n<meta name=\"robots\" content=\"index, follow, max-snippet:-1, max-image-preview:large, max-video-preview:-1\" \/>\n<link rel=\"canonical\" href=\"https:\/\/bornholm.info\/en\/spring-for-kids\/\" \/>\n<meta property=\"og:locale\" content=\"en_US\" \/>\n<meta property=\"og:type\" content=\"article\" \/>\n<meta property=\"og:title\" content=\"B\u00f8rnevenlig for\u00e5rsferie p\u00e5 Bornholm\" \/>\n<meta property=\"og:description\" content=\"Det er for\u00e5r \u2013 en tid som mange b\u00f8rnefamilier ser frem til. For hvad er bedre end at kunne komme ud i naturen igen, m\u00e6rke solens varme str\u00e5ler og ind\u00e5nde den klare friske luft efter de lange, m\u00f8rke vinterm\u00e5neder. Nu er det tid til udend\u00f8rs oplevelser og eventyr for store og sm\u00e5 og Bornholm har her rigtig meget at byde p\u00e5.\" \/>\n<meta property=\"og:url\" content=\"https:\/\/bornholm.info\/en\/spring-for-kids\/\" \/>\n<meta property=\"og:site_name\" content=\"Destination Bornholm\" \/>\n<meta property=\"article:publisher\" content=\"https:\/\/www.facebook.com\/bornholminfo\" \/>\n<meta property=\"article:modified_time\" content=\"2020-02-21T13:43:24+00:00\" \/>\n<meta property=\"og:image\" content=\"https:\/\/bornholm.info\/wp-content\/media\/2018\/01\/header-familie-foraar-1920x830-v4.jpg\" \/>\n\t<meta property=\"og:image:width\" content=\"1920\" \/>\n\t<meta property=\"og:image:height\" content=\"830\" \/>\n\t<meta property=\"og:image:type\" content=\"image\/jpeg\" \/>\n<meta name=\"twitter:card\" content=\"summary_large_image\" \/>\n<meta name=\"twitter:title\" content=\"B\u00f8rnevenlig for\u00e5rsferie p\u00e5 Bornholm\" \/>\n<meta name=\"twitter:description\" content=\"Det er for\u00e5r \u2013 en tid som mange b\u00f8rnefamilier ser frem til. For hvad er bedre end at kunne komme ud i naturen igen, m\u00e6rke solens varme str\u00e5ler og ind\u00e5nde den klare friske luft efter de lange, m\u00f8rke vinterm\u00e5neder. Nu er det tid til udend\u00f8rs oplevelser og eventyr for store og sm\u00e5 og Bornholm har her rigtig meget at byde p\u00e5.\" \/>\n<script type=\"application\/ld+json\" class=\"yoast-schema-graph\">{\"@context\":\"https:\/\/schema.org\",\"@graph\":[{\"@type\":\"WebPage\",\"@id\":\"https:\/\/bornholm.info\/en\/spring-for-kids\/\",\"url\":\"https:\/\/bornholm.info\/en\/spring-for-kids\/\",\"name\":\"Bornholm for kids - try these exciting spring activities\",\"isPartOf\":{\"@id\":\"https:\/\/bornholm.info\/de\/#website\"},\"datePublished\":\"2018-01-15T10:44:59+00:00\",\"dateModified\":\"2020-02-21T13:43:24+00:00\",\"description\":\"The Sunshine island Bornholm offers a wide range of hyggelige, funny and exciting attractions and experiences for kids and families.\",\"breadcrumb\":{\"@id\":\"https:\/\/bornholm.info\/en\/spring-for-kids\/#breadcrumb\"},\"inLanguage\":\"en-US\",\"potentialAction\":[{\"@type\":\"ReadAction\",\"target\":[\"https:\/\/bornholm.info\/en\/spring-for-kids\/\"]}]},{\"@type\":\"BreadcrumbList\",\"@id\":\"https:\/\/bornholm.info\/en\/spring-for-kids\/#breadcrumb\",\"itemListElement\":[{\"@type\":\"ListItem\",\"position\":1,\"name\":\"Home\",\"item\":\"https:\/\/bornholm.info\/en\/\"},{\"@type\":\"ListItem\",\"position\":2,\"name\":\"Bornholm for kids &#8211; try these exciting spring activities\"}]},{\"@type\":\"WebSite\",\"@id\":\"https:\/\/bornholm.info\/de\/#website\",\"url\":\"https:\/\/bornholm.info\/de\/\",\"name\":\"Destination Bornholm\",\"description\":\"The Official Travel Guide to Bornholm\",\"potentialAction\":[{\"@type\":\"SearchAction\",\"target\":{\"@type\":\"EntryPoint\",\"urlTemplate\":\"https:\/\/bornholm.info\/de\/?s={search_term_string}\"},\"query-input\":{\"@type\":\"PropertyValueSpecification\",\"valueRequired\":true,\"valueName\":\"search_term_string\"}}],\"inLanguage\":\"en-US\"}]}<\/script>\n<!-- \/ Yoast SEO plugin. -->","yoast_head_json":{"title":"Bornholm for kids - try these exciting spring activities","description":"The Sunshine island Bornholm offers a wide range of hyggelige, funny and exciting attractions and experiences for kids and families.","robots":{"index":"index","follow":"follow","max-snippet":"max-snippet:-1","max-image-preview":"max-image-preview:large","max-video-preview":"max-video-preview:-1"},"canonical":"https:\/\/bornholm.info\/en\/spring-for-kids\/","og_locale":"en_US","og_type":"article","og_title":"B\u00f8rnevenlig for\u00e5rsferie p\u00e5 Bornholm","og_description":"Det er for\u00e5r \u2013 en tid som mange b\u00f8rnefamilier ser frem til. For hvad er bedre end at kunne komme ud i naturen igen, m\u00e6rke solens varme str\u00e5ler og ind\u00e5nde den klare friske luft efter de lange, m\u00f8rke vinterm\u00e5neder. Nu er det tid til udend\u00f8rs oplevelser og eventyr for store og sm\u00e5 og Bornholm har her rigtig meget at byde p\u00e5.","og_url":"https:\/\/bornholm.info\/en\/spring-for-kids\/","og_site_name":"Destination Bornholm","article_publisher":"https:\/\/www.facebook.com\/bornholminfo","article_modified_time":"2020-02-21T13:43:24+00:00","og_image":[{"width":1920,"height":830,"url":"https:\/\/bornholm.info\/wp-content\/media\/2018\/01\/header-familie-foraar-1920x830-v4.jpg","type":"image\/jpeg"}],"twitter_card":"summary_large_image","twitter_title":"B\u00f8rnevenlig for\u00e5rsferie p\u00e5 Bornholm","twitter_description":"Det er for\u00e5r \u2013 en tid som mange b\u00f8rnefamilier ser frem til. For hvad er bedre end at kunne komme ud i naturen igen, m\u00e6rke solens varme str\u00e5ler og ind\u00e5nde den klare friske luft efter de lange, m\u00f8rke vinterm\u00e5neder. Nu er det tid til udend\u00f8rs oplevelser og eventyr for store og sm\u00e5 og Bornholm har her rigtig meget at byde p\u00e5.","schema":{"@context":"https:\/\/schema.org","@graph":[{"@type":"WebPage","@id":"https:\/\/bornholm.info\/en\/spring-for-kids\/","url":"https:\/\/bornholm.info\/en\/spring-for-kids\/","name":"Bornholm for kids - try these exciting spring activities","isPartOf":{"@id":"https:\/\/bornholm.info\/de\/#website"},"datePublished":"2018-01-15T10:44:59+00:00","dateModified":"2020-02-21T13:43:24+00:00","description":"The Sunshine island Bornholm offers a wide range of hyggelige, funny and exciting attractions and experiences for kids and families.","breadcrumb":{"@id":"https:\/\/bornholm.info\/en\/spring-for-kids\/#breadcrumb"},"inLanguage":"en-US","potentialAction":[{"@type":"ReadAction","target":["https:\/\/bornholm.info\/en\/spring-for-kids\/"]}]},{"@type":"BreadcrumbList","@id":"https:\/\/bornholm.info\/en\/spring-for-kids\/#breadcrumb","itemListElement":[{"@type":"ListItem","position":1,"name":"Home","item":"https:\/\/bornholm.info\/en\/"},{"@type":"ListItem","position":2,"name":"Bornholm for kids &#8211; try these exciting spring activities"}]},{"@type":"WebSite","@id":"https:\/\/bornholm.info\/de\/#website","url":"https:\/\/bornholm.info\/de\/","name":"Destination Bornholm","description":"The Official Travel Guide to Bornholm","potentialAction":[{"@type":"SearchAction","target":{"@type":"EntryPoint","urlTemplate":"https:\/\/bornholm.info\/de\/?s={search_term_string}"},"query-input":{"@type":"PropertyValueSpecification","valueRequired":true,"valueName":"search_term_string"}}],"inLanguage":"en-US"}]}},"_links":{"self":[{"href":"https:\/\/bornholm.info\/en\/wp-json\/wp\/v2\/pages\/16368","targetHints":{"allow":["GET"]}}],"collection":[{"href":"https:\/\/bornholm.info\/en\/wp-json\/wp\/v2\/pages"}],"about":[{"href":"https:\/\/bornholm.info\/en\/wp-json\/wp\/v2\/types\/page"}],"author":[{"embeddable":true,"href":"https:\/\/bornholm.info\/en\/wp-json\/wp\/v2\/users\/9"}],"replies":[{"embeddable":true,"href":"https:\/\/bornholm.info\/en\/wp-json\/wp\/v2\/comments?post=16368"}],"version-history":[{"count":5,"href":"https:\/\/bornholm.info\/en\/wp-json\/wp\/v2\/pages\/16368\/revisions"}],"predecessor-version":[{"id":81796,"href":"https:\/\/bornholm.info\/en\/wp-json\/wp\/v2\/pages\/16368\/revisions\/81796"}],"wp:attachment":[{"href":"https:\/\/bornholm.info\/en\/wp-json\/wp\/v2\/media?parent=16368"}],"curies":[{"name":"wp","href":"https:\/\/api.w.org\/{rel}","templated":true}]}}