{"id":15782,"date":"2018-01-31T14:38:59","date_gmt":"2018-01-31T14:38:59","guid":{"rendered":"https:\/\/bornholm.info\/?page_id=15782\/"},"modified":"2020-02-25T09:10:26","modified_gmt":"2020-02-25T09:10:26","slug":"spring-for-couples","status":"publish","type":"page","link":"https:\/\/bornholm.info\/en\/spring-for-couples\/","title":{"rendered":"Exciting spring activities for couples"},"content":{"rendered":"<div id=\"bornh-3912929302\" class=\"bornh-before-content-paa-lost-password-siden\"><a data-no-instant=\"1\" href=\"https:\/\/www.youtube.com\/channel\/UC2ZVDESONJ4EaIHaoeKngsw\" rel=\"noopener nofollow\" class=\"a2t-link\" target=\"_blank\" aria-label=\"youtube_300x250_annonce\"><img loading=\"lazy\" decoding=\"async\" src=\"https:\/\/bornholm.info\/wp-content\/media\/2017\/07\/youtube_300x250_annonce.jpg\" alt=\"\"  width=\"300\" height=\"250\"   \/><\/a><\/div>","protected":false},"excerpt":{"rendered":"","protected":false},"author":139,"featured_media":0,"parent":0,"menu_order":0,"comment_status":"closed","ping_status":"closed","template":"template-parts\/thema.php","meta":{"_acf_changed":false,"footnotes":""},"class_list":["post-15782","page","type-page","status-publish","hentry","kategory-attractions","tag-ascension","tag-easter","tag-great-prayer-day","tag-pentecost","tag-spring"],"acf":[],"yoast_head":"<!-- This site is optimized with the Yoast SEO plugin v27.2 - https:\/\/yoast.com\/product\/yoast-seo-wordpress\/ -->\n<title>Spring on Bornholm - Enjoy a relaxing vacation in the Baltic Sea<\/title>\n<meta name=\"description\" content=\"Want to enjoy a relaxing spring vacation for two? Discover the &quot;Pearl of the Baltic Sea&quot; - Bornholm has rocky cliffs, white sandy beaches and Danish hygge.\" \/>\n<meta name=\"robots\" content=\"index, follow, max-snippet:-1, max-image-preview:large, max-video-preview:-1\" \/>\n<link rel=\"canonical\" href=\"https:\/\/bornholm.info\/en\/spring-for-couples\/\" \/>\n<meta property=\"og:locale\" content=\"en_US\" \/>\n<meta property=\"og:type\" content=\"article\" \/>\n<meta property=\"og:title\" content=\"Hyggelige for\u00e5rsoplevelser for par\" \/>\n<meta property=\"og:description\" content=\"Nyd den enest\u00e5ende natur, mange sev\u00e6rdigheder, attraktioner og oplevelser p\u00e5 Bornholm. Vi giver dig ogs\u00e5 tips til overnatning og transport.\" \/>\n<meta property=\"og:url\" content=\"https:\/\/bornholm.info\/en\/spring-for-couples\/\" \/>\n<meta property=\"og:site_name\" content=\"Destination Bornholm\" \/>\n<meta property=\"article:publisher\" content=\"https:\/\/www.facebook.com\/bornholminfo\" \/>\n<meta property=\"article:modified_time\" content=\"2020-02-25T09:10:26+00:00\" \/>\n<meta property=\"og:image\" content=\"https:\/\/bornholm.info\/wp-content\/media\/2019\/10\/billede-hammershus-semko-balcerski-1800x800i.jpg\" \/>\n\t<meta property=\"og:image:width\" content=\"1800\" \/>\n\t<meta property=\"og:image:height\" content=\"800\" \/>\n\t<meta property=\"og:image:type\" content=\"image\/jpeg\" \/>\n<meta name=\"twitter:card\" content=\"summary_large_image\" \/>\n<meta name=\"twitter:title\" content=\"Hyggelige for\u00e5rsoplevelser for par\" \/>\n<meta name=\"twitter:description\" content=\"Nyd den enest\u00e5ende natur, mange sev\u00e6rdigheder, attraktioner og oplevelser p\u00e5 Bornholm. Vi giver dig ogs\u00e5 tips til overnatning og transport.\" \/>\n<script type=\"application\/ld+json\" class=\"yoast-schema-graph\">{\"@context\":\"https:\/\/schema.org\",\"@graph\":[{\"@type\":\"WebPage\",\"@id\":\"https:\/\/bornholm.info\/en\/spring-for-couples\/\",\"url\":\"https:\/\/bornholm.info\/en\/spring-for-couples\/\",\"name\":\"Spring on Bornholm - Enjoy a relaxing vacation in the Baltic Sea\",\"isPartOf\":{\"@id\":\"https:\/\/bornholm.info\/de\/#website\"},\"datePublished\":\"2018-01-31T14:38:59+00:00\",\"dateModified\":\"2020-02-25T09:10:26+00:00\",\"description\":\"Want to enjoy a relaxing spring vacation for two? Discover the \\\"Pearl of the Baltic Sea\\\" - Bornholm has rocky cliffs, white sandy beaches and Danish hygge.\",\"breadcrumb\":{\"@id\":\"https:\/\/bornholm.info\/en\/spring-for-couples\/#breadcrumb\"},\"inLanguage\":\"en-US\",\"potentialAction\":[{\"@type\":\"ReadAction\",\"target\":[\"https:\/\/bornholm.info\/en\/spring-for-couples\/\"]}]},{\"@type\":\"BreadcrumbList\",\"@id\":\"https:\/\/bornholm.info\/en\/spring-for-couples\/#breadcrumb\",\"itemListElement\":[{\"@type\":\"ListItem\",\"position\":1,\"name\":\"Home\",\"item\":\"https:\/\/bornholm.info\/en\/\"},{\"@type\":\"ListItem\",\"position\":2,\"name\":\"Exciting spring activities for couples\"}]},{\"@type\":\"WebSite\",\"@id\":\"https:\/\/bornholm.info\/de\/#website\",\"url\":\"https:\/\/bornholm.info\/de\/\",\"name\":\"Destination Bornholm\",\"description\":\"The Official Travel Guide to Bornholm\",\"potentialAction\":[{\"@type\":\"SearchAction\",\"target\":{\"@type\":\"EntryPoint\",\"urlTemplate\":\"https:\/\/bornholm.info\/de\/?s={search_term_string}\"},\"query-input\":{\"@type\":\"PropertyValueSpecification\",\"valueRequired\":true,\"valueName\":\"search_term_string\"}}],\"inLanguage\":\"en-US\"}]}<\/script>\n<!-- \/ Yoast SEO plugin. -->","yoast_head_json":{"title":"Spring on Bornholm - Enjoy a relaxing vacation in the Baltic Sea","description":"Want to enjoy a relaxing spring vacation for two? Discover the \"Pearl of the Baltic Sea\" - Bornholm has rocky cliffs, white sandy beaches and Danish hygge.","robots":{"index":"index","follow":"follow","max-snippet":"max-snippet:-1","max-image-preview":"max-image-preview:large","max-video-preview":"max-video-preview:-1"},"canonical":"https:\/\/bornholm.info\/en\/spring-for-couples\/","og_locale":"en_US","og_type":"article","og_title":"Hyggelige for\u00e5rsoplevelser for par","og_description":"Nyd den enest\u00e5ende natur, mange sev\u00e6rdigheder, attraktioner og oplevelser p\u00e5 Bornholm. Vi giver dig ogs\u00e5 tips til overnatning og transport.","og_url":"https:\/\/bornholm.info\/en\/spring-for-couples\/","og_site_name":"Destination Bornholm","article_publisher":"https:\/\/www.facebook.com\/bornholminfo","article_modified_time":"2020-02-25T09:10:26+00:00","og_image":[{"width":1800,"height":800,"url":"https:\/\/bornholm.info\/wp-content\/media\/2019\/10\/billede-hammershus-semko-balcerski-1800x800i.jpg","type":"image\/jpeg"}],"twitter_card":"summary_large_image","twitter_title":"Hyggelige for\u00e5rsoplevelser for par","twitter_description":"Nyd den enest\u00e5ende natur, mange sev\u00e6rdigheder, attraktioner og oplevelser p\u00e5 Bornholm. Vi giver dig ogs\u00e5 tips til overnatning og transport.","schema":{"@context":"https:\/\/schema.org","@graph":[{"@type":"WebPage","@id":"https:\/\/bornholm.info\/en\/spring-for-couples\/","url":"https:\/\/bornholm.info\/en\/spring-for-couples\/","name":"Spring on Bornholm - Enjoy a relaxing vacation in the Baltic Sea","isPartOf":{"@id":"https:\/\/bornholm.info\/de\/#website"},"datePublished":"2018-01-31T14:38:59+00:00","dateModified":"2020-02-25T09:10:26+00:00","description":"Want to enjoy a relaxing spring vacation for two? Discover the \"Pearl of the Baltic Sea\" - Bornholm has rocky cliffs, white sandy beaches and Danish hygge.","breadcrumb":{"@id":"https:\/\/bornholm.info\/en\/spring-for-couples\/#breadcrumb"},"inLanguage":"en-US","potentialAction":[{"@type":"ReadAction","target":["https:\/\/bornholm.info\/en\/spring-for-couples\/"]}]},{"@type":"BreadcrumbList","@id":"https:\/\/bornholm.info\/en\/spring-for-couples\/#breadcrumb","itemListElement":[{"@type":"ListItem","position":1,"name":"Home","item":"https:\/\/bornholm.info\/en\/"},{"@type":"ListItem","position":2,"name":"Exciting spring activities for couples"}]},{"@type":"WebSite","@id":"https:\/\/bornholm.info\/de\/#website","url":"https:\/\/bornholm.info\/de\/","name":"Destination Bornholm","description":"The Official Travel Guide to Bornholm","potentialAction":[{"@type":"SearchAction","target":{"@type":"EntryPoint","urlTemplate":"https:\/\/bornholm.info\/de\/?s={search_term_string}"},"query-input":{"@type":"PropertyValueSpecification","valueRequired":true,"valueName":"search_term_string"}}],"inLanguage":"en-US"}]}},"_links":{"self":[{"href":"https:\/\/bornholm.info\/en\/wp-json\/wp\/v2\/pages\/15782","targetHints":{"allow":["GET"]}}],"collection":[{"href":"https:\/\/bornholm.info\/en\/wp-json\/wp\/v2\/pages"}],"about":[{"href":"https:\/\/bornholm.info\/en\/wp-json\/wp\/v2\/types\/page"}],"author":[{"embeddable":true,"href":"https:\/\/bornholm.info\/en\/wp-json\/wp\/v2\/users\/139"}],"replies":[{"embeddable":true,"href":"https:\/\/bornholm.info\/en\/wp-json\/wp\/v2\/comments?post=15782"}],"version-history":[{"count":5,"href":"https:\/\/bornholm.info\/en\/wp-json\/wp\/v2\/pages\/15782\/revisions"}],"predecessor-version":[{"id":81864,"href":"https:\/\/bornholm.info\/en\/wp-json\/wp\/v2\/pages\/15782\/revisions\/81864"}],"wp:attachment":[{"href":"https:\/\/bornholm.info\/en\/wp-json\/wp\/v2\/media?parent=15782"}],"curies":[{"name":"wp","href":"https:\/\/api.w.org\/{rel}","templated":true}]}}