{"id":15754,"date":"2024-04-26T13:35:49","date_gmt":"2024-04-26T11:35:49","guid":{"rendered":"https:\/\/bornholm.info\/?page_id=15754\/"},"modified":"2024-04-26T13:35:49","modified_gmt":"2024-04-26T11:35:49","slug":"mountain-bike-on-bornholm","status":"publish","type":"page","link":"https:\/\/bornholm.info\/en\/mountain-bike-on-bornholm\/","title":{"rendered":"Mountain bike on Bornholm"},"content":{"rendered":"<div id=\"bornh-3056114261\" class=\"bornh-before-content-paa-lost-password-siden bornh-entity-placement\"><a data-no-instant=\"1\" href=\"https:\/\/www.youtube.com\/channel\/UC2ZVDESONJ4EaIHaoeKngsw\" rel=\"noopener nofollow\" class=\"a2t-link\" target=\"_blank\" aria-label=\"youtube_300x250_annonce\"><img loading=\"lazy\" decoding=\"async\" src=\"https:\/\/bornholm.info\/wp-content\/media\/2017\/07\/youtube_300x250_annonce.jpg\" alt=\"\"  width=\"300\" height=\"250\"   \/><\/a><\/div>","protected":false},"excerpt":{"rendered":"","protected":false},"author":139,"featured_media":0,"parent":0,"menu_order":0,"comment_status":"closed","ping_status":"closed","template":"template-parts\/thema.php","meta":{"_acf_changed":false,"footnotes":""},"class_list":["post-15754","page","type-page","status-publish","hentry","kategory-attractions","kategory-outdoor-en","tag-mountainbike-en","tag-outdoor-en"],"acf":[],"yoast_head":"<!-- This site is optimized with the Yoast SEO plugin v27.4 - https:\/\/yoast.com\/product\/yoast-seo-wordpress\/ -->\n<title>Mountain biking on Bornholm<\/title>\n<meta name=\"description\" content=\"Bornholm has plenty of challenges to offer both beginners and experienced mountain bikers. Be inspired for your next MTB experience on Bornholm here.\" \/>\n<meta name=\"robots\" content=\"index, follow, max-snippet:-1, max-image-preview:large, max-video-preview:-1\" \/>\n<link rel=\"canonical\" href=\"https:\/\/bornholm.info\/en\/mountain-bike-on-bornholm\/\" \/>\n<meta property=\"og:locale\" content=\"en_US\" \/>\n<meta property=\"og:type\" content=\"article\" \/>\n<meta property=\"og:title\" content=\"Mountainbike p\u00e5 Bornholm\" \/>\n<meta property=\"og:description\" content=\"Bornholm tilbyder masser af udfordringer for b\u00e5de begyndere og \u00f8vede p\u00e5 mountainbike. Bornholm har udviklet sig til et sandt mekka for MTB entusiaster. Flere lokale virksomheder og mountainbikek\u00f8rere arbejder p\u00e5 at g\u00f8re Bornholm til en af de bedste MTB destinationer i Norden.\" \/>\n<meta property=\"og:url\" content=\"https:\/\/bornholm.info\/en\/mountain-bike-on-bornholm\/\" \/>\n<meta property=\"og:site_name\" content=\"Destination Bornholm\" \/>\n<meta property=\"article:publisher\" content=\"https:\/\/www.facebook.com\/bornholminfo\" \/>\n<meta property=\"og:image\" content=\"https:\/\/bornholm.info\/wp-content\/media\/2019\/10\/billede-hammershus-semko-balcerski-1800x800i.jpg\" \/>\n\t<meta property=\"og:image:width\" content=\"1800\" \/>\n\t<meta property=\"og:image:height\" content=\"800\" \/>\n\t<meta property=\"og:image:type\" content=\"image\/jpeg\" \/>\n<meta name=\"twitter:card\" content=\"summary_large_image\" \/>\n<script type=\"application\/ld+json\" class=\"yoast-schema-graph\">{\"@context\":\"https:\\\/\\\/schema.org\",\"@graph\":[{\"@type\":\"WebPage\",\"@id\":\"https:\\\/\\\/bornholm.info\\\/en\\\/mountain-bike-on-bornholm\\\/\",\"url\":\"https:\\\/\\\/bornholm.info\\\/en\\\/mountain-bike-on-bornholm\\\/\",\"name\":\"Mountain biking on Bornholm\",\"isPartOf\":{\"@id\":\"https:\\\/\\\/bornholm.info\\\/de\\\/#website\"},\"datePublished\":\"2024-04-26T11:35:49+00:00\",\"description\":\"Bornholm has plenty of challenges to offer both beginners and experienced mountain bikers. Be inspired for your next MTB experience on Bornholm here.\",\"breadcrumb\":{\"@id\":\"https:\\\/\\\/bornholm.info\\\/en\\\/mountain-bike-on-bornholm\\\/#breadcrumb\"},\"inLanguage\":\"en-US\",\"potentialAction\":[{\"@type\":\"ReadAction\",\"target\":[\"https:\\\/\\\/bornholm.info\\\/en\\\/mountain-bike-on-bornholm\\\/\"]}]},{\"@type\":\"BreadcrumbList\",\"@id\":\"https:\\\/\\\/bornholm.info\\\/en\\\/mountain-bike-on-bornholm\\\/#breadcrumb\",\"itemListElement\":[{\"@type\":\"ListItem\",\"position\":1,\"name\":\"Home\",\"item\":\"https:\\\/\\\/bornholm.info\\\/en\\\/\"},{\"@type\":\"ListItem\",\"position\":2,\"name\":\"Mountain bike on Bornholm\"}]},{\"@type\":\"WebSite\",\"@id\":\"https:\\\/\\\/bornholm.info\\\/de\\\/#website\",\"url\":\"https:\\\/\\\/bornholm.info\\\/de\\\/\",\"name\":\"Destination Bornholm\",\"description\":\"The Official Travel Guide to Bornholm\",\"potentialAction\":[{\"@type\":\"SearchAction\",\"target\":{\"@type\":\"EntryPoint\",\"urlTemplate\":\"https:\\\/\\\/bornholm.info\\\/de\\\/?s={search_term_string}\"},\"query-input\":{\"@type\":\"PropertyValueSpecification\",\"valueRequired\":true,\"valueName\":\"search_term_string\"}}],\"inLanguage\":\"en-US\"}]}<\/script>\n<!-- \/ Yoast SEO plugin. -->","yoast_head_json":{"title":"Mountain biking on Bornholm","description":"Bornholm has plenty of challenges to offer both beginners and experienced mountain bikers. Be inspired for your next MTB experience on Bornholm here.","robots":{"index":"index","follow":"follow","max-snippet":"max-snippet:-1","max-image-preview":"max-image-preview:large","max-video-preview":"max-video-preview:-1"},"canonical":"https:\/\/bornholm.info\/en\/mountain-bike-on-bornholm\/","og_locale":"en_US","og_type":"article","og_title":"Mountainbike p\u00e5 Bornholm","og_description":"Bornholm tilbyder masser af udfordringer for b\u00e5de begyndere og \u00f8vede p\u00e5 mountainbike. Bornholm har udviklet sig til et sandt mekka for MTB entusiaster. Flere lokale virksomheder og mountainbikek\u00f8rere arbejder p\u00e5 at g\u00f8re Bornholm til en af de bedste MTB destinationer i Norden.","og_url":"https:\/\/bornholm.info\/en\/mountain-bike-on-bornholm\/","og_site_name":"Destination Bornholm","article_publisher":"https:\/\/www.facebook.com\/bornholminfo","og_image":[{"width":1800,"height":800,"url":"https:\/\/bornholm.info\/wp-content\/media\/2019\/10\/billede-hammershus-semko-balcerski-1800x800i.jpg","type":"image\/jpeg"}],"twitter_card":"summary_large_image","schema":{"@context":"https:\/\/schema.org","@graph":[{"@type":"WebPage","@id":"https:\/\/bornholm.info\/en\/mountain-bike-on-bornholm\/","url":"https:\/\/bornholm.info\/en\/mountain-bike-on-bornholm\/","name":"Mountain biking on Bornholm","isPartOf":{"@id":"https:\/\/bornholm.info\/de\/#website"},"datePublished":"2024-04-26T11:35:49+00:00","description":"Bornholm has plenty of challenges to offer both beginners and experienced mountain bikers. Be inspired for your next MTB experience on Bornholm here.","breadcrumb":{"@id":"https:\/\/bornholm.info\/en\/mountain-bike-on-bornholm\/#breadcrumb"},"inLanguage":"en-US","potentialAction":[{"@type":"ReadAction","target":["https:\/\/bornholm.info\/en\/mountain-bike-on-bornholm\/"]}]},{"@type":"BreadcrumbList","@id":"https:\/\/bornholm.info\/en\/mountain-bike-on-bornholm\/#breadcrumb","itemListElement":[{"@type":"ListItem","position":1,"name":"Home","item":"https:\/\/bornholm.info\/en\/"},{"@type":"ListItem","position":2,"name":"Mountain bike on Bornholm"}]},{"@type":"WebSite","@id":"https:\/\/bornholm.info\/de\/#website","url":"https:\/\/bornholm.info\/de\/","name":"Destination Bornholm","description":"The Official Travel Guide to Bornholm","potentialAction":[{"@type":"SearchAction","target":{"@type":"EntryPoint","urlTemplate":"https:\/\/bornholm.info\/de\/?s={search_term_string}"},"query-input":{"@type":"PropertyValueSpecification","valueRequired":true,"valueName":"search_term_string"}}],"inLanguage":"en-US"}]}},"_links":{"self":[{"href":"https:\/\/bornholm.info\/en\/wp-json\/wp\/v2\/pages\/15754","targetHints":{"allow":["GET"]}}],"collection":[{"href":"https:\/\/bornholm.info\/en\/wp-json\/wp\/v2\/pages"}],"about":[{"href":"https:\/\/bornholm.info\/en\/wp-json\/wp\/v2\/types\/page"}],"author":[{"embeddable":true,"href":"https:\/\/bornholm.info\/en\/wp-json\/wp\/v2\/users\/139"}],"replies":[{"embeddable":true,"href":"https:\/\/bornholm.info\/en\/wp-json\/wp\/v2\/comments?post=15754"}],"version-history":[{"count":5,"href":"https:\/\/bornholm.info\/en\/wp-json\/wp\/v2\/pages\/15754\/revisions"}],"predecessor-version":[{"id":2167770,"href":"https:\/\/bornholm.info\/en\/wp-json\/wp\/v2\/pages\/15754\/revisions\/2167770"}],"wp:attachment":[{"href":"https:\/\/bornholm.info\/en\/wp-json\/wp\/v2\/media?parent=15754"}],"curies":[{"name":"wp","href":"https:\/\/api.w.org\/{rel}","templated":true}]}}