{"id":15649,"date":"2024-04-19T10:57:03","date_gmt":"2024-04-19T08:57:03","guid":{"rendered":"https:\/\/bornholm.info\/?page_id=15649\/"},"modified":"2024-04-19T13:21:38","modified_gmt":"2024-04-19T11:21:38","slug":"allinge-sandvig","status":"publish","type":"page","link":"https:\/\/bornholm.info\/en\/allinge-sandvig\/","title":{"rendered":"Allinge and Sandvig"},"content":{"rendered":"<div id=\"bornh-3340438288\" class=\"bornh-before-content-paa-lost-password-siden\"><a data-no-instant=\"1\" href=\"https:\/\/www.youtube.com\/channel\/UC2ZVDESONJ4EaIHaoeKngsw\" rel=\"noopener nofollow\" class=\"a2t-link\" target=\"_blank\" aria-label=\"youtube_300x250_annonce\"><img loading=\"lazy\" decoding=\"async\" src=\"https:\/\/bornholm.info\/wp-content\/media\/2017\/07\/youtube_300x250_annonce.jpg\" alt=\"\"  width=\"300\" height=\"250\"   \/><\/a><\/div><p>The fishing villages of Allinge and Sandvig have grown together during the years. Here you\u2019ll find what many deem the epitome of the Bornholm spirit. Here you can find everything; from idyllic vacation spots, beaches and restaurants, to majestic cliffs and the ruin of Hammershus.<\/p><div id=\"bornh-819482777\" class=\"bornh-content-2\"><a data-no-instant=\"1\" href=\"https:\/\/www.youtube.com\/channel\/UC2ZVDESONJ4EaIHaoeKngsw\" rel=\"noopener nofollow\" class=\"a2t-link\" target=\"_blank\" aria-label=\"youtube_300x250_annonce\"><img loading=\"lazy\" decoding=\"async\" src=\"https:\/\/bornholm.info\/wp-content\/media\/2017\/07\/youtube_300x250_annonce.jpg\" alt=\"\"  width=\"300\" height=\"250\"   \/><\/a><\/div><div id=\"bornh-500364899\" class=\"bornh-content-1\"><a data-no-instant=\"1\" href=\"https:\/\/www.facebook.com\/destinationbornholm\" rel=\"noopener nofollow\" class=\"a2t-link\" target=\"_blank\" aria-label=\"facebook_300x250_annonce\"><img loading=\"lazy\" decoding=\"async\" src=\"https:\/\/bornholm.info\/wp-content\/media\/2017\/07\/facebook_300x250_annonce.jpg\" alt=\"\"  width=\"300\" height=\"250\"   \/><\/a><\/div><div id=\"bornh-125391701\" class=\"bornh-content\"><a data-no-instant=\"1\" href=\"https:\/\/www.instagram.com\/destinationbornholm\/\" rel=\"noopener\" class=\"a2t-link\" target=\"_blank\" aria-label=\"instagram_300x250\"><img loading=\"lazy\" decoding=\"async\" src=\"https:\/\/bornholm.info\/wp-content\/media\/2017\/07\/instagram_300x250.jpg\" alt=\"\"  width=\"300\" height=\"250\"   \/><\/a><\/div>\n<p>&nbsp;<\/p>\n","protected":false},"excerpt":{"rendered":"<p>The fishing villages of Allinge and Sandvig have grown together during the years. Here you\u2019ll find what many deem the epitome of the Bornholm spirit. Here you can find everything; from idyllic vacation spots, beaches and restaurants, to majestic cliffs and the ruin of Hammershus. &nbsp;<\/p>\n","protected":false},"author":25,"featured_media":0,"parent":0,"menu_order":0,"comment_status":"closed","ping_status":"closed","template":"template-parts\/thema.php","meta":{"_acf_changed":false,"footnotes":""},"class_list":["post-15649","page","type-page","status-publish","hentry","kategory-attractions","kategory-guides","tag-allinge-sandvig-en"],"acf":[],"yoast_head":"<!-- This site is optimized with the Yoast SEO plugin v27.2 - https:\/\/yoast.com\/product\/yoast-seo-wordpress\/ -->\n<title>Discover Allinge-Sandvig<\/title>\n<meta name=\"description\" content=\"The twin towns of Allinge-Sandvig are the heart of North Bornholm. Here the island&#039;s natural beauty and rich cultural heritage come together in perfect harmony.\" \/>\n<meta name=\"robots\" content=\"index, follow, max-snippet:-1, max-image-preview:large, max-video-preview:-1\" \/>\n<link rel=\"canonical\" href=\"https:\/\/bornholm.info\/en\/allinge-sandvig\/\" \/>\n<meta property=\"og:locale\" content=\"en_US\" \/>\n<meta property=\"og:type\" content=\"article\" \/>\n<meta property=\"og:title\" content=\"Oplev Allinge og Sandvig: Folkem\u00f8det og enest\u00e5ende natur\" \/>\n<meta property=\"og:description\" content=\"Allinge-Sandvig er Folkem\u00f8dets f\u00f8deby og lige udenfor byerne kan du opleve enest\u00e5ende natur. F\u00e5 ogs\u00e5 tips til din overnatning.\" \/>\n<meta property=\"og:url\" content=\"https:\/\/bornholm.info\/en\/allinge-sandvig\/\" \/>\n<meta property=\"og:site_name\" content=\"Destination Bornholm\" \/>\n<meta property=\"article:publisher\" content=\"https:\/\/www.facebook.com\/bornholminfo\" \/>\n<meta property=\"article:modified_time\" content=\"2024-04-19T11:21:38+00:00\" \/>\n<meta property=\"og:image\" content=\"https:\/\/bornholm.info\/wp-content\/media\/2021\/09\/allinge-sandvig-pano-lowres-1920x830-1.jpg\" \/>\n<meta name=\"twitter:card\" content=\"summary_large_image\" \/>\n<meta name=\"twitter:title\" content=\"Oplev Allinge og Sandvig: Folkem\u00f8det og enest\u00e5ende natur\" \/>\n<meta name=\"twitter:description\" content=\"Allinge-Sandvig er Folkem\u00f8dets f\u00f8deby og lige udenfor byerne kan du opleve enest\u00e5ende natur. F\u00e5 ogs\u00e5 tips til din overnatning.\" \/>\n<meta name=\"twitter:image\" content=\"https:\/\/bornholm.info\/wp-content\/media\/2021\/09\/allinge-sandvig-pano-lowres-1920x830-1.jpg\" \/>\n<meta name=\"twitter:label1\" content=\"Est. reading time\" \/>\n\t<meta name=\"twitter:data1\" content=\"1 minute\" \/>\n<script type=\"application\/ld+json\" class=\"yoast-schema-graph\">{\"@context\":\"https:\/\/schema.org\",\"@graph\":[{\"@type\":\"WebPage\",\"@id\":\"https:\/\/bornholm.info\/en\/allinge-sandvig\/\",\"url\":\"https:\/\/bornholm.info\/en\/allinge-sandvig\/\",\"name\":\"Discover Allinge-Sandvig\",\"isPartOf\":{\"@id\":\"https:\/\/bornholm.info\/de\/#website\"},\"datePublished\":\"2024-04-19T08:57:03+00:00\",\"dateModified\":\"2024-04-19T11:21:38+00:00\",\"description\":\"The twin towns of Allinge-Sandvig are the heart of North Bornholm. Here the island's natural beauty and rich cultural heritage come together in perfect harmony.\",\"breadcrumb\":{\"@id\":\"https:\/\/bornholm.info\/en\/allinge-sandvig\/#breadcrumb\"},\"inLanguage\":\"en-US\",\"potentialAction\":[{\"@type\":\"ReadAction\",\"target\":[\"https:\/\/bornholm.info\/en\/allinge-sandvig\/\"]}]},{\"@type\":\"BreadcrumbList\",\"@id\":\"https:\/\/bornholm.info\/en\/allinge-sandvig\/#breadcrumb\",\"itemListElement\":[{\"@type\":\"ListItem\",\"position\":1,\"name\":\"Home\",\"item\":\"https:\/\/bornholm.info\/en\/\"},{\"@type\":\"ListItem\",\"position\":2,\"name\":\"Allinge and Sandvig\"}]},{\"@type\":\"WebSite\",\"@id\":\"https:\/\/bornholm.info\/de\/#website\",\"url\":\"https:\/\/bornholm.info\/de\/\",\"name\":\"Destination Bornholm\",\"description\":\"The Official Travel Guide to Bornholm\",\"potentialAction\":[{\"@type\":\"SearchAction\",\"target\":{\"@type\":\"EntryPoint\",\"urlTemplate\":\"https:\/\/bornholm.info\/de\/?s={search_term_string}\"},\"query-input\":{\"@type\":\"PropertyValueSpecification\",\"valueRequired\":true,\"valueName\":\"search_term_string\"}}],\"inLanguage\":\"en-US\"}]}<\/script>\n<!-- \/ Yoast SEO plugin. -->","yoast_head_json":{"title":"Discover Allinge-Sandvig","description":"The twin towns of Allinge-Sandvig are the heart of North Bornholm. Here the island's natural beauty and rich cultural heritage come together in perfect harmony.","robots":{"index":"index","follow":"follow","max-snippet":"max-snippet:-1","max-image-preview":"max-image-preview:large","max-video-preview":"max-video-preview:-1"},"canonical":"https:\/\/bornholm.info\/en\/allinge-sandvig\/","og_locale":"en_US","og_type":"article","og_title":"Oplev Allinge og Sandvig: Folkem\u00f8det og enest\u00e5ende natur","og_description":"Allinge-Sandvig er Folkem\u00f8dets f\u00f8deby og lige udenfor byerne kan du opleve enest\u00e5ende natur. F\u00e5 ogs\u00e5 tips til din overnatning.","og_url":"https:\/\/bornholm.info\/en\/allinge-sandvig\/","og_site_name":"Destination Bornholm","article_publisher":"https:\/\/www.facebook.com\/bornholminfo","article_modified_time":"2024-04-19T11:21:38+00:00","og_image":[{"url":"https:\/\/bornholm.info\/wp-content\/media\/2021\/09\/allinge-sandvig-pano-lowres-1920x830-1.jpg","type":"","width":"","height":""}],"twitter_card":"summary_large_image","twitter_title":"Oplev Allinge og Sandvig: Folkem\u00f8det og enest\u00e5ende natur","twitter_description":"Allinge-Sandvig er Folkem\u00f8dets f\u00f8deby og lige udenfor byerne kan du opleve enest\u00e5ende natur. F\u00e5 ogs\u00e5 tips til din overnatning.","twitter_image":"https:\/\/bornholm.info\/wp-content\/media\/2021\/09\/allinge-sandvig-pano-lowres-1920x830-1.jpg","twitter_misc":{"Est. reading time":"1 minute"},"schema":{"@context":"https:\/\/schema.org","@graph":[{"@type":"WebPage","@id":"https:\/\/bornholm.info\/en\/allinge-sandvig\/","url":"https:\/\/bornholm.info\/en\/allinge-sandvig\/","name":"Discover Allinge-Sandvig","isPartOf":{"@id":"https:\/\/bornholm.info\/de\/#website"},"datePublished":"2024-04-19T08:57:03+00:00","dateModified":"2024-04-19T11:21:38+00:00","description":"The twin towns of Allinge-Sandvig are the heart of North Bornholm. Here the island's natural beauty and rich cultural heritage come together in perfect harmony.","breadcrumb":{"@id":"https:\/\/bornholm.info\/en\/allinge-sandvig\/#breadcrumb"},"inLanguage":"en-US","potentialAction":[{"@type":"ReadAction","target":["https:\/\/bornholm.info\/en\/allinge-sandvig\/"]}]},{"@type":"BreadcrumbList","@id":"https:\/\/bornholm.info\/en\/allinge-sandvig\/#breadcrumb","itemListElement":[{"@type":"ListItem","position":1,"name":"Home","item":"https:\/\/bornholm.info\/en\/"},{"@type":"ListItem","position":2,"name":"Allinge and Sandvig"}]},{"@type":"WebSite","@id":"https:\/\/bornholm.info\/de\/#website","url":"https:\/\/bornholm.info\/de\/","name":"Destination Bornholm","description":"The Official Travel Guide to Bornholm","potentialAction":[{"@type":"SearchAction","target":{"@type":"EntryPoint","urlTemplate":"https:\/\/bornholm.info\/de\/?s={search_term_string}"},"query-input":{"@type":"PropertyValueSpecification","valueRequired":true,"valueName":"search_term_string"}}],"inLanguage":"en-US"}]}},"_links":{"self":[{"href":"https:\/\/bornholm.info\/en\/wp-json\/wp\/v2\/pages\/15649","targetHints":{"allow":["GET"]}}],"collection":[{"href":"https:\/\/bornholm.info\/en\/wp-json\/wp\/v2\/pages"}],"about":[{"href":"https:\/\/bornholm.info\/en\/wp-json\/wp\/v2\/types\/page"}],"author":[{"embeddable":true,"href":"https:\/\/bornholm.info\/en\/wp-json\/wp\/v2\/users\/25"}],"replies":[{"embeddable":true,"href":"https:\/\/bornholm.info\/en\/wp-json\/wp\/v2\/comments?post=15649"}],"version-history":[{"count":5,"href":"https:\/\/bornholm.info\/en\/wp-json\/wp\/v2\/pages\/15649\/revisions"}],"predecessor-version":[{"id":2163834,"href":"https:\/\/bornholm.info\/en\/wp-json\/wp\/v2\/pages\/15649\/revisions\/2163834"}],"wp:attachment":[{"href":"https:\/\/bornholm.info\/en\/wp-json\/wp\/v2\/media?parent=15649"}],"curies":[{"name":"wp","href":"https:\/\/api.w.org\/{rel}","templated":true}]}}