{"id":15630,"date":"2024-04-09T08:00:50","date_gmt":"2024-04-09T06:00:50","guid":{"rendered":"https:\/\/bornholm.info\/?page_id=15630\/"},"modified":"2024-04-09T11:48:47","modified_gmt":"2024-04-09T09:48:47","slug":"nexoe","status":"publish","type":"page","link":"https:\/\/bornholm.info\/en\/nexoe\/","title":{"rendered":"Nex\u00f8"},"content":{"rendered":"<div id=\"bornh-3697985781\" class=\"bornh-before-content-paa-lost-password-siden\"><a data-no-instant=\"1\" href=\"https:\/\/www.youtube.com\/channel\/UC2ZVDESONJ4EaIHaoeKngsw\" rel=\"noopener nofollow\" class=\"a2t-link\" target=\"_blank\" aria-label=\"youtube_300x250_annonce\"><img loading=\"lazy\" decoding=\"async\" src=\"https:\/\/bornholm.info\/wp-content\/media\/2017\/07\/youtube_300x250_annonce.jpg\" alt=\"\"  width=\"300\" height=\"250\"   \/><\/a><\/div>","protected":false},"excerpt":{"rendered":"","protected":false},"author":25,"featured_media":0,"parent":0,"menu_order":0,"comment_status":"closed","ping_status":"closed","template":"template-parts\/thema.php","meta":{"_acf_changed":false,"footnotes":""},"class_list":["post-15630","page","type-page","status-publish","hentry","kategory-attractions","kategory-guides","tag-dueodde-en","tag-nexoe-en","tag-snogebaek-en"],"acf":[],"yoast_head":"<!-- This site is optimized with the Yoast SEO plugin v27.2 - https:\/\/yoast.com\/product\/yoast-seo-wordpress\/ -->\n<title>Discover Nex\u00f8 on Bornholm<\/title>\n<meta name=\"description\" content=\"Nex\u00f8 is the second largest town on Bornholm, and here visitors can follow in the footsteps of the Oscar-winning film Pelle the Conqueror and step inside the childhood home of author Martin Andersen Nex\u00f8.\" \/>\n<meta name=\"robots\" content=\"index, follow, max-snippet:-1, max-image-preview:large, max-video-preview:-1\" \/>\n<link rel=\"canonical\" href=\"https:\/\/bornholm.info\/en\/nexoe\/\" \/>\n<meta property=\"og:locale\" content=\"en_US\" \/>\n<meta property=\"og:type\" content=\"article\" \/>\n<meta property=\"og:title\" content=\"Oplev Nex\u00f8 - den hyggelige handelsby p\u00e5 \u00d8stbornholm\" \/>\n<meta property=\"og:description\" content=\"Bornholms n\u00e6stst\u00f8rste by er en livlig handelsby. L\u00e6r mere om den sp\u00e6ndende historie i byens museer og bes\u00f8g en forfatters barndomshjem.\" \/>\n<meta property=\"og:url\" content=\"https:\/\/bornholm.info\/en\/nexoe\/\" \/>\n<meta property=\"og:site_name\" content=\"Destination Bornholm\" \/>\n<meta property=\"article:publisher\" content=\"https:\/\/www.facebook.com\/bornholminfo\" \/>\n<meta property=\"article:modified_time\" content=\"2024-04-09T09:48:47+00:00\" \/>\n<meta property=\"og:image\" content=\"https:\/\/bornholm.info\/wp-content\/media\/2021\/09\/billede-nexoe-lowres-1920x830-1.jpg\" \/>\n<meta name=\"twitter:card\" content=\"summary_large_image\" \/>\n<meta name=\"twitter:title\" content=\"Oplev Nex\u00f8 - den hyggelige handelsby p\u00e5 \u00d8stbornholm\" \/>\n<meta name=\"twitter:description\" content=\"Bornholms n\u00e6stst\u00f8rste by er en livlig handelsby. L\u00e6r mere om den sp\u00e6ndende historie i byens museer og bes\u00f8g en forfatters barndomshjem.\" \/>\n<meta name=\"twitter:image\" content=\"https:\/\/bornholm.info\/wp-content\/media\/2021\/09\/billede-nexoe-lowres-1920x830-1.jpg\" \/>\n<script type=\"application\/ld+json\" class=\"yoast-schema-graph\">{\"@context\":\"https:\/\/schema.org\",\"@graph\":[{\"@type\":\"WebPage\",\"@id\":\"https:\/\/bornholm.info\/en\/nexoe\/\",\"url\":\"https:\/\/bornholm.info\/en\/nexoe\/\",\"name\":\"Discover Nex\u00f8 on Bornholm\",\"isPartOf\":{\"@id\":\"https:\/\/bornholm.info\/de\/#website\"},\"datePublished\":\"2024-04-09T06:00:50+00:00\",\"dateModified\":\"2024-04-09T09:48:47+00:00\",\"description\":\"Nex\u00f8 is the second largest town on Bornholm, and here visitors can follow in the footsteps of the Oscar-winning film Pelle the Conqueror and step inside the childhood home of author Martin Andersen Nex\u00f8.\",\"breadcrumb\":{\"@id\":\"https:\/\/bornholm.info\/en\/nexoe\/#breadcrumb\"},\"inLanguage\":\"en-US\",\"potentialAction\":[{\"@type\":\"ReadAction\",\"target\":[\"https:\/\/bornholm.info\/en\/nexoe\/\"]}]},{\"@type\":\"BreadcrumbList\",\"@id\":\"https:\/\/bornholm.info\/en\/nexoe\/#breadcrumb\",\"itemListElement\":[{\"@type\":\"ListItem\",\"position\":1,\"name\":\"Home\",\"item\":\"https:\/\/bornholm.info\/en\/\"},{\"@type\":\"ListItem\",\"position\":2,\"name\":\"Nex\u00f8\"}]},{\"@type\":\"WebSite\",\"@id\":\"https:\/\/bornholm.info\/de\/#website\",\"url\":\"https:\/\/bornholm.info\/de\/\",\"name\":\"Destination Bornholm\",\"description\":\"The Official Travel Guide to Bornholm\",\"potentialAction\":[{\"@type\":\"SearchAction\",\"target\":{\"@type\":\"EntryPoint\",\"urlTemplate\":\"https:\/\/bornholm.info\/de\/?s={search_term_string}\"},\"query-input\":{\"@type\":\"PropertyValueSpecification\",\"valueRequired\":true,\"valueName\":\"search_term_string\"}}],\"inLanguage\":\"en-US\"}]}<\/script>\n<!-- \/ Yoast SEO plugin. -->","yoast_head_json":{"title":"Discover Nex\u00f8 on Bornholm","description":"Nex\u00f8 is the second largest town on Bornholm, and here visitors can follow in the footsteps of the Oscar-winning film Pelle the Conqueror and step inside the childhood home of author Martin Andersen Nex\u00f8.","robots":{"index":"index","follow":"follow","max-snippet":"max-snippet:-1","max-image-preview":"max-image-preview:large","max-video-preview":"max-video-preview:-1"},"canonical":"https:\/\/bornholm.info\/en\/nexoe\/","og_locale":"en_US","og_type":"article","og_title":"Oplev Nex\u00f8 - den hyggelige handelsby p\u00e5 \u00d8stbornholm","og_description":"Bornholms n\u00e6stst\u00f8rste by er en livlig handelsby. L\u00e6r mere om den sp\u00e6ndende historie i byens museer og bes\u00f8g en forfatters barndomshjem.","og_url":"https:\/\/bornholm.info\/en\/nexoe\/","og_site_name":"Destination Bornholm","article_publisher":"https:\/\/www.facebook.com\/bornholminfo","article_modified_time":"2024-04-09T09:48:47+00:00","og_image":[{"url":"https:\/\/bornholm.info\/wp-content\/media\/2021\/09\/billede-nexoe-lowres-1920x830-1.jpg","type":"","width":"","height":""}],"twitter_card":"summary_large_image","twitter_title":"Oplev Nex\u00f8 - den hyggelige handelsby p\u00e5 \u00d8stbornholm","twitter_description":"Bornholms n\u00e6stst\u00f8rste by er en livlig handelsby. L\u00e6r mere om den sp\u00e6ndende historie i byens museer og bes\u00f8g en forfatters barndomshjem.","twitter_image":"https:\/\/bornholm.info\/wp-content\/media\/2021\/09\/billede-nexoe-lowres-1920x830-1.jpg","schema":{"@context":"https:\/\/schema.org","@graph":[{"@type":"WebPage","@id":"https:\/\/bornholm.info\/en\/nexoe\/","url":"https:\/\/bornholm.info\/en\/nexoe\/","name":"Discover Nex\u00f8 on Bornholm","isPartOf":{"@id":"https:\/\/bornholm.info\/de\/#website"},"datePublished":"2024-04-09T06:00:50+00:00","dateModified":"2024-04-09T09:48:47+00:00","description":"Nex\u00f8 is the second largest town on Bornholm, and here visitors can follow in the footsteps of the Oscar-winning film Pelle the Conqueror and step inside the childhood home of author Martin Andersen Nex\u00f8.","breadcrumb":{"@id":"https:\/\/bornholm.info\/en\/nexoe\/#breadcrumb"},"inLanguage":"en-US","potentialAction":[{"@type":"ReadAction","target":["https:\/\/bornholm.info\/en\/nexoe\/"]}]},{"@type":"BreadcrumbList","@id":"https:\/\/bornholm.info\/en\/nexoe\/#breadcrumb","itemListElement":[{"@type":"ListItem","position":1,"name":"Home","item":"https:\/\/bornholm.info\/en\/"},{"@type":"ListItem","position":2,"name":"Nex\u00f8"}]},{"@type":"WebSite","@id":"https:\/\/bornholm.info\/de\/#website","url":"https:\/\/bornholm.info\/de\/","name":"Destination Bornholm","description":"The Official Travel Guide to Bornholm","potentialAction":[{"@type":"SearchAction","target":{"@type":"EntryPoint","urlTemplate":"https:\/\/bornholm.info\/de\/?s={search_term_string}"},"query-input":{"@type":"PropertyValueSpecification","valueRequired":true,"valueName":"search_term_string"}}],"inLanguage":"en-US"}]}},"_links":{"self":[{"href":"https:\/\/bornholm.info\/en\/wp-json\/wp\/v2\/pages\/15630","targetHints":{"allow":["GET"]}}],"collection":[{"href":"https:\/\/bornholm.info\/en\/wp-json\/wp\/v2\/pages"}],"about":[{"href":"https:\/\/bornholm.info\/en\/wp-json\/wp\/v2\/types\/page"}],"author":[{"embeddable":true,"href":"https:\/\/bornholm.info\/en\/wp-json\/wp\/v2\/users\/25"}],"replies":[{"embeddable":true,"href":"https:\/\/bornholm.info\/en\/wp-json\/wp\/v2\/comments?post=15630"}],"version-history":[{"count":5,"href":"https:\/\/bornholm.info\/en\/wp-json\/wp\/v2\/pages\/15630\/revisions"}],"predecessor-version":[{"id":2159449,"href":"https:\/\/bornholm.info\/en\/wp-json\/wp\/v2\/pages\/15630\/revisions\/2159449"}],"wp:attachment":[{"href":"https:\/\/bornholm.info\/en\/wp-json\/wp\/v2\/media?parent=15630"}],"curies":[{"name":"wp","href":"https:\/\/api.w.org\/{rel}","templated":true}]}}