{"id":12093,"date":"2024-04-08T10:12:12","date_gmt":"2024-04-08T08:12:12","guid":{"rendered":"https:\/\/bornholm.info\/aarsdale\/"},"modified":"2024-04-09T11:41:30","modified_gmt":"2024-04-09T09:41:30","slug":"aarsdale","status":"publish","type":"page","link":"https:\/\/bornholm.info\/en\/aarsdale\/","title":{"rendered":"Aarsdale"},"content":{"rendered":"<div id=\"bornh-2020830947\" class=\"bornh-before-content-paa-lost-password-siden bornh-entity-placement\"><a data-no-instant=\"1\" href=\"https:\/\/www.youtube.com\/channel\/UC2ZVDESONJ4EaIHaoeKngsw\" rel=\"noopener nofollow\" class=\"a2t-link\" target=\"_blank\" aria-label=\"youtube_300x250_annonce\"><img loading=\"lazy\" decoding=\"async\" src=\"https:\/\/bornholm.info\/wp-content\/media\/2017\/07\/youtube_300x250_annonce.jpg\" alt=\"\"  width=\"300\" height=\"250\"   \/><\/a><\/div>","protected":false},"excerpt":{"rendered":"","protected":false},"author":25,"featured_media":0,"parent":0,"menu_order":0,"comment_status":"closed","ping_status":"closed","template":"template-parts\/thema.php","meta":{"_acf_changed":false,"footnotes":""},"class_list":["post-12093","page","type-page","status-publish","hentry","kategory-attractions","kategory-landmarks","tag-aarsdale-gb","tag-svaneke-en"],"acf":[],"yoast_head":"<!-- This site is optimized with the Yoast SEO plugin v27.4 - https:\/\/yoast.com\/product\/yoast-seo-wordpress\/ -->\n<title>Aarsdale is a truly authentic Bornholm fishing village<\/title>\n<meta name=\"description\" content=\"The fishing village of Aarsdale is the perfect place to enjoy a good beer and authentic maritime atmosphere and to explore the large windmill overlooking the village.\" \/>\n<meta name=\"robots\" content=\"index, follow, max-snippet:-1, max-image-preview:large, max-video-preview:-1\" \/>\n<link rel=\"canonical\" href=\"https:\/\/bornholm.info\/en\/aarsdale\/\" \/>\n<meta property=\"og:locale\" content=\"en_US\" \/>\n<meta property=\"og:type\" content=\"article\" \/>\n<meta property=\"og:title\" content=\"Bes\u00f8g Aarsdale - den maritime m\u00f8lle- og fiskerby p\u00e5 \u00d8stbornholm\" \/>\n<meta property=\"og:description\" content=\"Fiskerlejet Aarsdale inviterer dig til at nyde en god \u00f8l, den autentiske maritime stemning og til at bes\u00f8ge den store vindm\u00f8lle p\u00e5 bakken.\" \/>\n<meta property=\"og:url\" content=\"https:\/\/bornholm.info\/en\/aarsdale\/\" \/>\n<meta property=\"og:site_name\" content=\"Destination Bornholm\" \/>\n<meta property=\"article:publisher\" content=\"https:\/\/www.facebook.com\/bornholminfo\" \/>\n<meta property=\"article:modified_time\" content=\"2024-04-09T09:41:30+00:00\" \/>\n<meta property=\"og:image\" content=\"https:\/\/bornholm.info\/wp-content\/media\/2021\/08\/billede-aarsdale-moelle-lowres-1920x830-1.jpg\" \/>\n<meta name=\"twitter:card\" content=\"summary_large_image\" \/>\n<meta name=\"twitter:title\" content=\"Bes\u00f8g Aarsdale - den maritime m\u00f8lle- og fiskerby p\u00e5 \u00d8stbornholm\" \/>\n<meta name=\"twitter:description\" content=\"Fiskerlejet Aarsdale inviterer dig til at nyde en god \u00f8l, den autentiske maritime stemning og til at bes\u00f8ge den store vindm\u00f8lle p\u00e5 bakken.\" \/>\n<meta name=\"twitter:image\" content=\"https:\/\/bornholm.info\/wp-content\/media\/2021\/08\/billede-aarsdale-moelle-lowres-1920x830-1.jpg\" \/>\n<script type=\"application\/ld+json\" class=\"yoast-schema-graph\">{\"@context\":\"https:\\\/\\\/schema.org\",\"@graph\":[{\"@type\":\"WebPage\",\"@id\":\"https:\\\/\\\/bornholm.info\\\/en\\\/aarsdale\\\/\",\"url\":\"https:\\\/\\\/bornholm.info\\\/en\\\/aarsdale\\\/\",\"name\":\"Aarsdale is a truly authentic Bornholm fishing village\",\"isPartOf\":{\"@id\":\"https:\\\/\\\/bornholm.info\\\/de\\\/#website\"},\"datePublished\":\"2024-04-08T08:12:12+00:00\",\"dateModified\":\"2024-04-09T09:41:30+00:00\",\"description\":\"The fishing village of Aarsdale is the perfect place to enjoy a good beer and authentic maritime atmosphere and to explore the large windmill overlooking the village.\",\"breadcrumb\":{\"@id\":\"https:\\\/\\\/bornholm.info\\\/en\\\/aarsdale\\\/#breadcrumb\"},\"inLanguage\":\"en-US\",\"potentialAction\":[{\"@type\":\"ReadAction\",\"target\":[\"https:\\\/\\\/bornholm.info\\\/en\\\/aarsdale\\\/\"]}]},{\"@type\":\"BreadcrumbList\",\"@id\":\"https:\\\/\\\/bornholm.info\\\/en\\\/aarsdale\\\/#breadcrumb\",\"itemListElement\":[{\"@type\":\"ListItem\",\"position\":1,\"name\":\"Home\",\"item\":\"https:\\\/\\\/bornholm.info\\\/en\\\/\"},{\"@type\":\"ListItem\",\"position\":2,\"name\":\"Aarsdale\"}]},{\"@type\":\"WebSite\",\"@id\":\"https:\\\/\\\/bornholm.info\\\/de\\\/#website\",\"url\":\"https:\\\/\\\/bornholm.info\\\/de\\\/\",\"name\":\"Destination Bornholm\",\"description\":\"The Official Travel Guide to Bornholm\",\"potentialAction\":[{\"@type\":\"SearchAction\",\"target\":{\"@type\":\"EntryPoint\",\"urlTemplate\":\"https:\\\/\\\/bornholm.info\\\/de\\\/?s={search_term_string}\"},\"query-input\":{\"@type\":\"PropertyValueSpecification\",\"valueRequired\":true,\"valueName\":\"search_term_string\"}}],\"inLanguage\":\"en-US\"}]}<\/script>\n<!-- \/ Yoast SEO plugin. -->","yoast_head_json":{"title":"Aarsdale is a truly authentic Bornholm fishing village","description":"The fishing village of Aarsdale is the perfect place to enjoy a good beer and authentic maritime atmosphere and to explore the large windmill overlooking the village.","robots":{"index":"index","follow":"follow","max-snippet":"max-snippet:-1","max-image-preview":"max-image-preview:large","max-video-preview":"max-video-preview:-1"},"canonical":"https:\/\/bornholm.info\/en\/aarsdale\/","og_locale":"en_US","og_type":"article","og_title":"Bes\u00f8g Aarsdale - den maritime m\u00f8lle- og fiskerby p\u00e5 \u00d8stbornholm","og_description":"Fiskerlejet Aarsdale inviterer dig til at nyde en god \u00f8l, den autentiske maritime stemning og til at bes\u00f8ge den store vindm\u00f8lle p\u00e5 bakken.","og_url":"https:\/\/bornholm.info\/en\/aarsdale\/","og_site_name":"Destination Bornholm","article_publisher":"https:\/\/www.facebook.com\/bornholminfo","article_modified_time":"2024-04-09T09:41:30+00:00","og_image":[{"url":"https:\/\/bornholm.info\/wp-content\/media\/2021\/08\/billede-aarsdale-moelle-lowres-1920x830-1.jpg","type":"","width":"","height":""}],"twitter_card":"summary_large_image","twitter_title":"Bes\u00f8g Aarsdale - den maritime m\u00f8lle- og fiskerby p\u00e5 \u00d8stbornholm","twitter_description":"Fiskerlejet Aarsdale inviterer dig til at nyde en god \u00f8l, den autentiske maritime stemning og til at bes\u00f8ge den store vindm\u00f8lle p\u00e5 bakken.","twitter_image":"https:\/\/bornholm.info\/wp-content\/media\/2021\/08\/billede-aarsdale-moelle-lowres-1920x830-1.jpg","schema":{"@context":"https:\/\/schema.org","@graph":[{"@type":"WebPage","@id":"https:\/\/bornholm.info\/en\/aarsdale\/","url":"https:\/\/bornholm.info\/en\/aarsdale\/","name":"Aarsdale is a truly authentic Bornholm fishing village","isPartOf":{"@id":"https:\/\/bornholm.info\/de\/#website"},"datePublished":"2024-04-08T08:12:12+00:00","dateModified":"2024-04-09T09:41:30+00:00","description":"The fishing village of Aarsdale is the perfect place to enjoy a good beer and authentic maritime atmosphere and to explore the large windmill overlooking the village.","breadcrumb":{"@id":"https:\/\/bornholm.info\/en\/aarsdale\/#breadcrumb"},"inLanguage":"en-US","potentialAction":[{"@type":"ReadAction","target":["https:\/\/bornholm.info\/en\/aarsdale\/"]}]},{"@type":"BreadcrumbList","@id":"https:\/\/bornholm.info\/en\/aarsdale\/#breadcrumb","itemListElement":[{"@type":"ListItem","position":1,"name":"Home","item":"https:\/\/bornholm.info\/en\/"},{"@type":"ListItem","position":2,"name":"Aarsdale"}]},{"@type":"WebSite","@id":"https:\/\/bornholm.info\/de\/#website","url":"https:\/\/bornholm.info\/de\/","name":"Destination Bornholm","description":"The Official Travel Guide to Bornholm","potentialAction":[{"@type":"SearchAction","target":{"@type":"EntryPoint","urlTemplate":"https:\/\/bornholm.info\/de\/?s={search_term_string}"},"query-input":{"@type":"PropertyValueSpecification","valueRequired":true,"valueName":"search_term_string"}}],"inLanguage":"en-US"}]}},"_links":{"self":[{"href":"https:\/\/bornholm.info\/en\/wp-json\/wp\/v2\/pages\/12093","targetHints":{"allow":["GET"]}}],"collection":[{"href":"https:\/\/bornholm.info\/en\/wp-json\/wp\/v2\/pages"}],"about":[{"href":"https:\/\/bornholm.info\/en\/wp-json\/wp\/v2\/types\/page"}],"author":[{"embeddable":true,"href":"https:\/\/bornholm.info\/en\/wp-json\/wp\/v2\/users\/25"}],"replies":[{"embeddable":true,"href":"https:\/\/bornholm.info\/en\/wp-json\/wp\/v2\/comments?post=12093"}],"version-history":[{"count":5,"href":"https:\/\/bornholm.info\/en\/wp-json\/wp\/v2\/pages\/12093\/revisions"}],"predecessor-version":[{"id":2159245,"href":"https:\/\/bornholm.info\/en\/wp-json\/wp\/v2\/pages\/12093\/revisions\/2159245"}],"wp:attachment":[{"href":"https:\/\/bornholm.info\/en\/wp-json\/wp\/v2\/media?parent=12093"}],"curies":[{"name":"wp","href":"https:\/\/api.w.org\/{rel}","templated":true}]}}