{"id":11324,"date":"2024-04-03T07:30:57","date_gmt":"2024-04-03T05:30:57","guid":{"rendered":"https:\/\/bornholm.info\/svaneke\/"},"modified":"2024-04-03T07:36:38","modified_gmt":"2024-04-03T05:36:38","slug":"svaneke","status":"publish","type":"page","link":"https:\/\/bornholm.info\/en\/svaneke\/","title":{"rendered":"Svaneke"},"content":{"rendered":"<div id=\"bornh-1015552095\" class=\"bornh-before-content-paa-lost-password-siden\"><a data-no-instant=\"1\" href=\"https:\/\/www.youtube.com\/channel\/UC2ZVDESONJ4EaIHaoeKngsw\" rel=\"noopener nofollow\" class=\"a2t-link\" target=\"_blank\" aria-label=\"youtube_300x250_annonce\"><img loading=\"lazy\" decoding=\"async\" src=\"https:\/\/bornholm.info\/wp-content\/media\/2017\/07\/youtube_300x250_annonce.jpg\" alt=\"\"  width=\"300\" height=\"250\"   \/><\/a><\/div>","protected":false},"excerpt":{"rendered":"","protected":false},"author":25,"featured_media":0,"parent":0,"menu_order":0,"comment_status":"closed","ping_status":"closed","template":"template-parts\/thema.php","meta":{"_acf_changed":false,"footnotes":""},"class_list":["post-11324","page","type-page","status-publish","hentry","kategory-attractions","kategory-guides","tag-svaneke-en"],"acf":[],"yoast_head":"<!-- This site is optimized with the Yoast SEO plugin v27.2 - https:\/\/yoast.com\/product\/yoast-seo-wordpress\/ -->\n<title>Svaneke - Denmark\u2019s smallest and most addictive town<\/title>\n<meta name=\"description\" content=\"The most beautiful market town in Denmark, Svaneke, is located on the east coast of Bornholm. Today, it is best known for its fine dining, delicious gourmet dishes and fresh food.\" \/>\n<meta name=\"robots\" content=\"index, follow, max-snippet:-1, max-image-preview:large, max-video-preview:-1\" \/>\n<link rel=\"canonical\" href=\"https:\/\/bornholm.info\/en\/svaneke\/\" \/>\n<meta property=\"og:locale\" content=\"en_US\" \/>\n<meta property=\"og:type\" content=\"article\" \/>\n<meta property=\"og:title\" content=\"Bes\u00f8g Danmarks smukkeste k\u00f8bstad Svaneke - oplev mad og gourmet\" \/>\n<meta property=\"og:description\" content=\"Danmarks smukkeste k\u00f8bstad Svaneke ligger p\u00e5 Bornholms \u00f8stkyst. Den er i dag kendt for gode spisesteder, l\u00e6kker gourmet og friske f\u00f8devarer.\" \/>\n<meta property=\"og:url\" content=\"https:\/\/bornholm.info\/en\/svaneke\/\" \/>\n<meta property=\"og:site_name\" content=\"Destination Bornholm\" \/>\n<meta property=\"article:publisher\" content=\"https:\/\/www.facebook.com\/bornholminfo\" \/>\n<meta property=\"article:modified_time\" content=\"2024-04-03T05:36:38+00:00\" \/>\n<meta property=\"og:image\" content=\"https:\/\/bornholm.info\/wp-content\/media\/2021\/08\/billede-svaneke-1920x830-lowres.jpg\" \/>\n<meta name=\"twitter:card\" content=\"summary_large_image\" \/>\n<meta name=\"twitter:title\" content=\"Bes\u00f8g Danmarks smukkeste k\u00f8bstad Svaneke - oplev mad og gourmet\" \/>\n<meta name=\"twitter:description\" content=\"Danmarks smukkeste k\u00f8bstad Svaneke ligger p\u00e5 Bornholms \u00f8stkyst. Den er i dag kendt for gode spisesteder, l\u00e6kker gourmet og friske f\u00f8devarer.\" \/>\n<meta name=\"twitter:image\" content=\"https:\/\/bornholm.info\/wp-content\/media\/2021\/08\/billede-svaneke-1920x830-lowres.jpg\" \/>\n<script type=\"application\/ld+json\" class=\"yoast-schema-graph\">{\"@context\":\"https:\/\/schema.org\",\"@graph\":[{\"@type\":\"WebPage\",\"@id\":\"https:\/\/bornholm.info\/en\/svaneke\/\",\"url\":\"https:\/\/bornholm.info\/en\/svaneke\/\",\"name\":\"Svaneke - Denmark\u2019s smallest and most addictive town\",\"isPartOf\":{\"@id\":\"https:\/\/bornholm.info\/de\/#website\"},\"datePublished\":\"2024-04-03T05:30:57+00:00\",\"dateModified\":\"2024-04-03T05:36:38+00:00\",\"description\":\"The most beautiful market town in Denmark, Svaneke, is located on the east coast of Bornholm. Today, it is best known for its fine dining, delicious gourmet dishes and fresh food.\",\"breadcrumb\":{\"@id\":\"https:\/\/bornholm.info\/en\/svaneke\/#breadcrumb\"},\"inLanguage\":\"en-US\",\"potentialAction\":[{\"@type\":\"ReadAction\",\"target\":[\"https:\/\/bornholm.info\/en\/svaneke\/\"]}]},{\"@type\":\"BreadcrumbList\",\"@id\":\"https:\/\/bornholm.info\/en\/svaneke\/#breadcrumb\",\"itemListElement\":[{\"@type\":\"ListItem\",\"position\":1,\"name\":\"Home\",\"item\":\"https:\/\/bornholm.info\/en\/\"},{\"@type\":\"ListItem\",\"position\":2,\"name\":\"Svaneke\"}]},{\"@type\":\"WebSite\",\"@id\":\"https:\/\/bornholm.info\/de\/#website\",\"url\":\"https:\/\/bornholm.info\/de\/\",\"name\":\"Destination Bornholm\",\"description\":\"The Official Travel Guide to Bornholm\",\"potentialAction\":[{\"@type\":\"SearchAction\",\"target\":{\"@type\":\"EntryPoint\",\"urlTemplate\":\"https:\/\/bornholm.info\/de\/?s={search_term_string}\"},\"query-input\":{\"@type\":\"PropertyValueSpecification\",\"valueRequired\":true,\"valueName\":\"search_term_string\"}}],\"inLanguage\":\"en-US\"}]}<\/script>\n<!-- \/ Yoast SEO plugin. -->","yoast_head_json":{"title":"Svaneke - Denmark\u2019s smallest and most addictive town","description":"The most beautiful market town in Denmark, Svaneke, is located on the east coast of Bornholm. Today, it is best known for its fine dining, delicious gourmet dishes and fresh food.","robots":{"index":"index","follow":"follow","max-snippet":"max-snippet:-1","max-image-preview":"max-image-preview:large","max-video-preview":"max-video-preview:-1"},"canonical":"https:\/\/bornholm.info\/en\/svaneke\/","og_locale":"en_US","og_type":"article","og_title":"Bes\u00f8g Danmarks smukkeste k\u00f8bstad Svaneke - oplev mad og gourmet","og_description":"Danmarks smukkeste k\u00f8bstad Svaneke ligger p\u00e5 Bornholms \u00f8stkyst. Den er i dag kendt for gode spisesteder, l\u00e6kker gourmet og friske f\u00f8devarer.","og_url":"https:\/\/bornholm.info\/en\/svaneke\/","og_site_name":"Destination Bornholm","article_publisher":"https:\/\/www.facebook.com\/bornholminfo","article_modified_time":"2024-04-03T05:36:38+00:00","og_image":[{"url":"https:\/\/bornholm.info\/wp-content\/media\/2021\/08\/billede-svaneke-1920x830-lowres.jpg","type":"","width":"","height":""}],"twitter_card":"summary_large_image","twitter_title":"Bes\u00f8g Danmarks smukkeste k\u00f8bstad Svaneke - oplev mad og gourmet","twitter_description":"Danmarks smukkeste k\u00f8bstad Svaneke ligger p\u00e5 Bornholms \u00f8stkyst. Den er i dag kendt for gode spisesteder, l\u00e6kker gourmet og friske f\u00f8devarer.","twitter_image":"https:\/\/bornholm.info\/wp-content\/media\/2021\/08\/billede-svaneke-1920x830-lowres.jpg","schema":{"@context":"https:\/\/schema.org","@graph":[{"@type":"WebPage","@id":"https:\/\/bornholm.info\/en\/svaneke\/","url":"https:\/\/bornholm.info\/en\/svaneke\/","name":"Svaneke - Denmark\u2019s smallest and most addictive town","isPartOf":{"@id":"https:\/\/bornholm.info\/de\/#website"},"datePublished":"2024-04-03T05:30:57+00:00","dateModified":"2024-04-03T05:36:38+00:00","description":"The most beautiful market town in Denmark, Svaneke, is located on the east coast of Bornholm. Today, it is best known for its fine dining, delicious gourmet dishes and fresh food.","breadcrumb":{"@id":"https:\/\/bornholm.info\/en\/svaneke\/#breadcrumb"},"inLanguage":"en-US","potentialAction":[{"@type":"ReadAction","target":["https:\/\/bornholm.info\/en\/svaneke\/"]}]},{"@type":"BreadcrumbList","@id":"https:\/\/bornholm.info\/en\/svaneke\/#breadcrumb","itemListElement":[{"@type":"ListItem","position":1,"name":"Home","item":"https:\/\/bornholm.info\/en\/"},{"@type":"ListItem","position":2,"name":"Svaneke"}]},{"@type":"WebSite","@id":"https:\/\/bornholm.info\/de\/#website","url":"https:\/\/bornholm.info\/de\/","name":"Destination Bornholm","description":"The Official Travel Guide to Bornholm","potentialAction":[{"@type":"SearchAction","target":{"@type":"EntryPoint","urlTemplate":"https:\/\/bornholm.info\/de\/?s={search_term_string}"},"query-input":{"@type":"PropertyValueSpecification","valueRequired":true,"valueName":"search_term_string"}}],"inLanguage":"en-US"}]}},"_links":{"self":[{"href":"https:\/\/bornholm.info\/en\/wp-json\/wp\/v2\/pages\/11324","targetHints":{"allow":["GET"]}}],"collection":[{"href":"https:\/\/bornholm.info\/en\/wp-json\/wp\/v2\/pages"}],"about":[{"href":"https:\/\/bornholm.info\/en\/wp-json\/wp\/v2\/types\/page"}],"author":[{"embeddable":true,"href":"https:\/\/bornholm.info\/en\/wp-json\/wp\/v2\/users\/25"}],"replies":[{"embeddable":true,"href":"https:\/\/bornholm.info\/en\/wp-json\/wp\/v2\/comments?post=11324"}],"version-history":[{"count":3,"href":"https:\/\/bornholm.info\/en\/wp-json\/wp\/v2\/pages\/11324\/revisions"}],"predecessor-version":[{"id":2158346,"href":"https:\/\/bornholm.info\/en\/wp-json\/wp\/v2\/pages\/11324\/revisions\/2158346"}],"wp:attachment":[{"href":"https:\/\/bornholm.info\/en\/wp-json\/wp\/v2\/media?parent=11324"}],"curies":[{"name":"wp","href":"https:\/\/api.w.org\/{rel}","templated":true}]}}