{"id":11030,"date":"2024-10-24T08:06:15","date_gmt":"2024-10-24T06:06:15","guid":{"rendered":"https:\/\/bornholm.info\/parferie-vinter\/"},"modified":"2024-10-24T10:46:41","modified_gmt":"2024-10-24T08:46:41","slug":"winter-for-couples","status":"publish","type":"page","link":"https:\/\/bornholm.info\/en\/winter-for-couples\/","title":{"rendered":"Winter on Bornholm \u2013 enjoy a Danish holiday islands"},"content":{"rendered":"<div id=\"bornh-3913839913\" class=\"bornh-before-content-paa-lost-password-siden bornh-entity-placement\"><a data-no-instant=\"1\" href=\"https:\/\/www.youtube.com\/channel\/UC2ZVDESONJ4EaIHaoeKngsw\" rel=\"noopener nofollow\" class=\"a2t-link\" target=\"_blank\" aria-label=\"youtube_300x250_annonce\"><img loading=\"lazy\" decoding=\"async\" src=\"https:\/\/bornholm.info\/wp-content\/media\/2017\/07\/youtube_300x250_annonce.jpg\" alt=\"\"  width=\"300\" height=\"250\"   \/><\/a><\/div>","protected":false},"excerpt":{"rendered":"","protected":false},"author":25,"featured_media":0,"parent":0,"menu_order":0,"comment_status":"closed","ping_status":"closed","template":"template-parts\/thema.php","meta":{"_acf_changed":false,"footnotes":""},"class_list":["post-11030","page","type-page","status-publish","hentry","kategory-attractions","tag-accommodation","tag-christmas","tag-holidayperiods","tag-relaxation","tag-the-whole-island","tag-wellness-en","tag-winter"],"acf":[],"yoast_head":"<!-- This site is optimized with the Yoast SEO plugin v27.4 - https:\/\/yoast.com\/product\/yoast-seo-wordpress\/ -->\n<title>Winter on Bornholm \u2013 enjoy a Danish holiday islands<\/title>\n<meta name=\"description\" content=\"Experience the magic of Bornholm in winter, when the island reveals a whole new side, offering a completely different range of experiences to summer. Discover the breathtaking beauty of Bornholm\u2019s untamed nature.\" \/>\n<meta name=\"robots\" content=\"index, follow, max-snippet:-1, max-image-preview:large, max-video-preview:-1\" \/>\n<link rel=\"canonical\" href=\"https:\/\/bornholm.info\/en\/winter-for-couples\/\" \/>\n<meta property=\"og:locale\" content=\"en_US\" \/>\n<meta property=\"og:type\" content=\"article\" \/>\n<meta property=\"og:title\" content=\"Enjoy a Danish winter holiday on Bornholm with unforgettable memories\" \/>\n<meta property=\"og:description\" content=\"Vinter\u00f8en Bornholm byder p\u00e5 hygge, afslapning, samt en lang r\u00e6kke vinter\u00e5bne sev\u00e6rdigheder, attraktioner og oplevelser.\" \/>\n<meta property=\"og:url\" content=\"https:\/\/bornholm.info\/en\/winter-for-couples\/\" \/>\n<meta property=\"og:site_name\" content=\"Destination Bornholm\" \/>\n<meta property=\"article:publisher\" content=\"https:\/\/www.facebook.com\/bornholminfo\" \/>\n<meta property=\"article:modified_time\" content=\"2024-10-24T08:46:41+00:00\" \/>\n<meta property=\"og:image\" content=\"https:\/\/bornholm.info\/wp-content\/media\/2017\/10\/parferie_facebook_thumb.jpg\" \/>\n\t<meta property=\"og:image:width\" content=\"1200\" \/>\n\t<meta property=\"og:image:height\" content=\"630\" \/>\n\t<meta property=\"og:image:type\" content=\"image\/jpeg\" \/>\n<meta name=\"twitter:card\" content=\"summary_large_image\" \/>\n<meta name=\"twitter:title\" content=\"Enjoy a Danish winter holiday on Bornholm with unforgettable memories\" \/>\n<meta name=\"twitter:description\" content=\"Vinter\u00f8en Bornholm byder p\u00e5 hygge, afslapning, samt en lang r\u00e6kke vinter\u00e5bne sev\u00e6rdigheder, attraktioner og oplevelser.\" \/>\n<meta name=\"twitter:image\" content=\"https:\/\/bornholm.info\/wp-content\/media\/2017\/10\/parbillede-1920x830-1.jpg\" \/>\n<script type=\"application\/ld+json\" class=\"yoast-schema-graph\">{\"@context\":\"https:\\\/\\\/schema.org\",\"@graph\":[{\"@type\":\"WebPage\",\"@id\":\"https:\\\/\\\/bornholm.info\\\/en\\\/winter-for-couples\\\/\",\"url\":\"https:\\\/\\\/bornholm.info\\\/en\\\/winter-for-couples\\\/\",\"name\":\"Winter on Bornholm \u2013 enjoy a Danish holiday islands\",\"isPartOf\":{\"@id\":\"https:\\\/\\\/bornholm.info\\\/de\\\/#website\"},\"datePublished\":\"2024-10-24T06:06:15+00:00\",\"dateModified\":\"2024-10-24T08:46:41+00:00\",\"description\":\"Experience the magic of Bornholm in winter, when the island reveals a whole new side, offering a completely different range of experiences to summer. Discover the breathtaking beauty of Bornholm\u2019s untamed nature.\",\"breadcrumb\":{\"@id\":\"https:\\\/\\\/bornholm.info\\\/en\\\/winter-for-couples\\\/#breadcrumb\"},\"inLanguage\":\"en-US\",\"potentialAction\":[{\"@type\":\"ReadAction\",\"target\":[\"https:\\\/\\\/bornholm.info\\\/en\\\/winter-for-couples\\\/\"]}]},{\"@type\":\"BreadcrumbList\",\"@id\":\"https:\\\/\\\/bornholm.info\\\/en\\\/winter-for-couples\\\/#breadcrumb\",\"itemListElement\":[{\"@type\":\"ListItem\",\"position\":1,\"name\":\"Home\",\"item\":\"https:\\\/\\\/bornholm.info\\\/en\\\/\"},{\"@type\":\"ListItem\",\"position\":2,\"name\":\"Winter on Bornholm \u2013 enjoy a Danish holiday islands\"}]},{\"@type\":\"WebSite\",\"@id\":\"https:\\\/\\\/bornholm.info\\\/de\\\/#website\",\"url\":\"https:\\\/\\\/bornholm.info\\\/de\\\/\",\"name\":\"Destination Bornholm\",\"description\":\"The Official Travel Guide to Bornholm\",\"potentialAction\":[{\"@type\":\"SearchAction\",\"target\":{\"@type\":\"EntryPoint\",\"urlTemplate\":\"https:\\\/\\\/bornholm.info\\\/de\\\/?s={search_term_string}\"},\"query-input\":{\"@type\":\"PropertyValueSpecification\",\"valueRequired\":true,\"valueName\":\"search_term_string\"}}],\"inLanguage\":\"en-US\"}]}<\/script>\n<!-- \/ Yoast SEO plugin. -->","yoast_head_json":{"title":"Winter on Bornholm \u2013 enjoy a Danish holiday islands","description":"Experience the magic of Bornholm in winter, when the island reveals a whole new side, offering a completely different range of experiences to summer. Discover the breathtaking beauty of Bornholm\u2019s untamed nature.","robots":{"index":"index","follow":"follow","max-snippet":"max-snippet:-1","max-image-preview":"max-image-preview:large","max-video-preview":"max-video-preview:-1"},"canonical":"https:\/\/bornholm.info\/en\/winter-for-couples\/","og_locale":"en_US","og_type":"article","og_title":"Enjoy a Danish winter holiday on Bornholm with unforgettable memories","og_description":"Vinter\u00f8en Bornholm byder p\u00e5 hygge, afslapning, samt en lang r\u00e6kke vinter\u00e5bne sev\u00e6rdigheder, attraktioner og oplevelser.","og_url":"https:\/\/bornholm.info\/en\/winter-for-couples\/","og_site_name":"Destination Bornholm","article_publisher":"https:\/\/www.facebook.com\/bornholminfo","article_modified_time":"2024-10-24T08:46:41+00:00","og_image":[{"width":1200,"height":630,"url":"https:\/\/bornholm.info\/wp-content\/media\/2017\/10\/parferie_facebook_thumb.jpg","type":"image\/jpeg"}],"twitter_card":"summary_large_image","twitter_title":"Enjoy a Danish winter holiday on Bornholm with unforgettable memories","twitter_description":"Vinter\u00f8en Bornholm byder p\u00e5 hygge, afslapning, samt en lang r\u00e6kke vinter\u00e5bne sev\u00e6rdigheder, attraktioner og oplevelser.","twitter_image":"https:\/\/bornholm.info\/wp-content\/media\/2017\/10\/parbillede-1920x830-1.jpg","schema":{"@context":"https:\/\/schema.org","@graph":[{"@type":"WebPage","@id":"https:\/\/bornholm.info\/en\/winter-for-couples\/","url":"https:\/\/bornholm.info\/en\/winter-for-couples\/","name":"Winter on Bornholm \u2013 enjoy a Danish holiday islands","isPartOf":{"@id":"https:\/\/bornholm.info\/de\/#website"},"datePublished":"2024-10-24T06:06:15+00:00","dateModified":"2024-10-24T08:46:41+00:00","description":"Experience the magic of Bornholm in winter, when the island reveals a whole new side, offering a completely different range of experiences to summer. Discover the breathtaking beauty of Bornholm\u2019s untamed nature.","breadcrumb":{"@id":"https:\/\/bornholm.info\/en\/winter-for-couples\/#breadcrumb"},"inLanguage":"en-US","potentialAction":[{"@type":"ReadAction","target":["https:\/\/bornholm.info\/en\/winter-for-couples\/"]}]},{"@type":"BreadcrumbList","@id":"https:\/\/bornholm.info\/en\/winter-for-couples\/#breadcrumb","itemListElement":[{"@type":"ListItem","position":1,"name":"Home","item":"https:\/\/bornholm.info\/en\/"},{"@type":"ListItem","position":2,"name":"Winter on Bornholm \u2013 enjoy a Danish holiday islands"}]},{"@type":"WebSite","@id":"https:\/\/bornholm.info\/de\/#website","url":"https:\/\/bornholm.info\/de\/","name":"Destination Bornholm","description":"The Official Travel Guide to Bornholm","potentialAction":[{"@type":"SearchAction","target":{"@type":"EntryPoint","urlTemplate":"https:\/\/bornholm.info\/de\/?s={search_term_string}"},"query-input":{"@type":"PropertyValueSpecification","valueRequired":true,"valueName":"search_term_string"}}],"inLanguage":"en-US"}]}},"_links":{"self":[{"href":"https:\/\/bornholm.info\/en\/wp-json\/wp\/v2\/pages\/11030","targetHints":{"allow":["GET"]}}],"collection":[{"href":"https:\/\/bornholm.info\/en\/wp-json\/wp\/v2\/pages"}],"about":[{"href":"https:\/\/bornholm.info\/en\/wp-json\/wp\/v2\/types\/page"}],"author":[{"embeddable":true,"href":"https:\/\/bornholm.info\/en\/wp-json\/wp\/v2\/users\/25"}],"replies":[{"embeddable":true,"href":"https:\/\/bornholm.info\/en\/wp-json\/wp\/v2\/comments?post=11030"}],"version-history":[{"count":5,"href":"https:\/\/bornholm.info\/en\/wp-json\/wp\/v2\/pages\/11030\/revisions"}],"predecessor-version":[{"id":2223271,"href":"https:\/\/bornholm.info\/en\/wp-json\/wp\/v2\/pages\/11030\/revisions\/2223271"}],"wp:attachment":[{"href":"https:\/\/bornholm.info\/en\/wp-json\/wp\/v2\/media?parent=11030"}],"curies":[{"name":"wp","href":"https:\/\/api.w.org\/{rel}","templated":true}]}}