{"id":85709,"date":"2020-05-18T06:31:01","date_gmt":"2020-05-18T04:31:01","guid":{"rendered":"https:\/\/bornholm.info\/webshop\/oe-pas\/"},"modified":"2022-09-09T14:42:38","modified_gmt":"2022-09-09T12:42:38","slug":"oe-pas","status":"publish","type":"product","link":"https:\/\/bornholm.info\/de\/vare\/oe-pas\/","title":{"rendered":"Inselpass (\u00d8-PAS\u00ae)"},"content":{"rendered":"<div id=\"bornh-2438307676\" class=\"bornh-before-content-paa-lost-password-siden bornh-entity-placement\"><a data-no-instant=\"1\" href=\"https:\/\/www.youtube.com\/channel\/UC2ZVDESONJ4EaIHaoeKngsw\" rel=\"noopener nofollow\" class=\"a2t-link\" target=\"_blank\" aria-label=\"youtube_300x250_annonce\"><img loading=\"lazy\" decoding=\"async\" src=\"https:\/\/bornholm.info\/wp-content\/media\/2017\/07\/youtube_300x250_annonce.jpg\" alt=\"\"  width=\"300\" height=\"250\"   \/><\/a><\/div>","protected":false},"excerpt":{"rendered":"<p>Hier stellen wir Ihnen 37 d\u00e4nische Inseln vor. Die Inselsteckbriefe enthalten F\u00e4hrverbindungen, Entfernungen und Fahrzeiten, Einwohnerzahlen und Inselgr\u00f6\u00dfen. Viel Spa\u00df! Auf der F\u00e4hre, im Hafen oder bei der Touristinformation finden Sie ein Zeichen mit einem speziellen Stift. Hiermit k\u00f6nnen Sie die Umrisse einer Insel auf den \u00d8-PAS\u00ae \u00fcbertragen.<\/p>\n","protected":false},"featured_media":85707,"template":"","meta":{"_acf_changed":false},"product_brand":[],"product_cat":[1049],"product_tag":[],"class_list":{"0":"post-85709","1":"product","2":"type-product","3":"status-publish","4":"has-post-thumbnail","6":"product_cat-diverse-de","8":"first","9":"instock","10":"taxable","11":"shipping-taxable","12":"purchasable","13":"product-type-simple"},"acf":[],"yoast_head":"<!-- This site is optimized with the Yoast SEO plugin v27.4 - https:\/\/yoast.com\/product\/yoast-seo-wordpress\/ -->\n<title>Inselpass (\u00d8-PAS\u00ae) - Destination Bornholm<\/title>\n<meta name=\"robots\" content=\"index, follow, max-snippet:-1, max-image-preview:large, max-video-preview:-1\" \/>\n<link rel=\"canonical\" href=\"https:\/\/bornholm.info\/de\/vare\/oe-pas\/\" \/>\n<meta property=\"og:locale\" content=\"de_DE\" \/>\n<meta property=\"og:type\" content=\"article\" \/>\n<meta property=\"og:title\" content=\"Inselpass (\u00d8-PAS\u00ae) - Destination Bornholm\" \/>\n<meta property=\"og:description\" content=\"Hier stellen wir Ihnen 37 d\u00e4nische Inseln vor. Die Inselsteckbriefe enthalten F\u00e4hrverbindungen, Entfernungen und Fahrzeiten, Einwohnerzahlen und Inselgr\u00f6\u00dfen. Viel Spa\u00df! Auf der F\u00e4hre, im Hafen oder bei der Touristinformation finden Sie ein Zeichen mit einem speziellen Stift. Hiermit k\u00f6nnen Sie die Umrisse einer Insel auf den \u00d8-PAS\u00ae \u00fcbertragen.\" \/>\n<meta property=\"og:url\" content=\"https:\/\/bornholm.info\/de\/vare\/oe-pas\/\" \/>\n<meta property=\"og:site_name\" content=\"Destination Bornholm\" \/>\n<meta property=\"article:publisher\" content=\"https:\/\/www.facebook.com\/bornholminfo\" \/>\n<meta property=\"article:modified_time\" content=\"2022-09-09T12:42:38+00:00\" \/>\n<meta property=\"og:image\" content=\"https:\/\/bornholm.info\/wp-content\/media\/2020\/05\/oepas.jpg\" \/>\n\t<meta property=\"og:image:width\" content=\"480\" \/>\n\t<meta property=\"og:image:height\" content=\"640\" \/>\n\t<meta property=\"og:image:type\" content=\"image\/jpeg\" \/>\n<meta name=\"twitter:card\" content=\"summary_large_image\" \/>\n<script type=\"application\/ld+json\" class=\"yoast-schema-graph\">{\"@context\":\"https:\\\/\\\/schema.org\",\"@graph\":[{\"@type\":\"WebPage\",\"@id\":\"https:\\\/\\\/bornholm.info\\\/de\\\/vare\\\/oe-pas\\\/\",\"url\":\"https:\\\/\\\/bornholm.info\\\/de\\\/vare\\\/oe-pas\\\/\",\"name\":\"Inselpass (\u00d8-PAS\u00ae) - Destination Bornholm\",\"isPartOf\":{\"@id\":\"https:\\\/\\\/bornholm.info\\\/de\\\/#website\"},\"primaryImageOfPage\":{\"@id\":\"https:\\\/\\\/bornholm.info\\\/de\\\/vare\\\/oe-pas\\\/#primaryimage\"},\"image\":{\"@id\":\"https:\\\/\\\/bornholm.info\\\/de\\\/vare\\\/oe-pas\\\/#primaryimage\"},\"thumbnailUrl\":\"https:\\\/\\\/bornholm.info\\\/wp-content\\\/media\\\/2020\\\/05\\\/oepas.jpg\",\"datePublished\":\"2020-05-18T04:31:01+00:00\",\"dateModified\":\"2022-09-09T12:42:38+00:00\",\"breadcrumb\":{\"@id\":\"https:\\\/\\\/bornholm.info\\\/de\\\/vare\\\/oe-pas\\\/#breadcrumb\"},\"inLanguage\":\"de\",\"potentialAction\":[{\"@type\":\"ReadAction\",\"target\":[\"https:\\\/\\\/bornholm.info\\\/de\\\/vare\\\/oe-pas\\\/\"]}]},{\"@type\":\"ImageObject\",\"inLanguage\":\"de\",\"@id\":\"https:\\\/\\\/bornholm.info\\\/de\\\/vare\\\/oe-pas\\\/#primaryimage\",\"url\":\"https:\\\/\\\/bornholm.info\\\/wp-content\\\/media\\\/2020\\\/05\\\/oepas.jpg\",\"contentUrl\":\"https:\\\/\\\/bornholm.info\\\/wp-content\\\/media\\\/2020\\\/05\\\/oepas.jpg\",\"width\":480,\"height\":640},{\"@type\":\"BreadcrumbList\",\"@id\":\"https:\\\/\\\/bornholm.info\\\/de\\\/vare\\\/oe-pas\\\/#breadcrumb\",\"itemListElement\":[{\"@type\":\"ListItem\",\"position\":1,\"name\":\"Home\",\"item\":\"https:\\\/\\\/bornholm.info\\\/de\\\/\"},{\"@type\":\"ListItem\",\"position\":2,\"name\":\"Webshop\",\"item\":\"https:\\\/\\\/bornholm.info\\\/webshop\\\/\"},{\"@type\":\"ListItem\",\"position\":3,\"name\":\"Inselpass (\u00d8-PAS\u00ae)\"}]},{\"@type\":\"WebSite\",\"@id\":\"https:\\\/\\\/bornholm.info\\\/de\\\/#website\",\"url\":\"https:\\\/\\\/bornholm.info\\\/de\\\/\",\"name\":\"Destination Bornholm\",\"description\":\"The Official Travel Guide to Bornholm\",\"potentialAction\":[{\"@type\":\"SearchAction\",\"target\":{\"@type\":\"EntryPoint\",\"urlTemplate\":\"https:\\\/\\\/bornholm.info\\\/de\\\/?s={search_term_string}\"},\"query-input\":{\"@type\":\"PropertyValueSpecification\",\"valueRequired\":true,\"valueName\":\"search_term_string\"}}],\"inLanguage\":\"de\"}]}<\/script>\n<!-- \/ Yoast SEO plugin. -->","yoast_head_json":{"title":"Inselpass (\u00d8-PAS\u00ae) - Destination Bornholm","robots":{"index":"index","follow":"follow","max-snippet":"max-snippet:-1","max-image-preview":"max-image-preview:large","max-video-preview":"max-video-preview:-1"},"canonical":"https:\/\/bornholm.info\/de\/vare\/oe-pas\/","og_locale":"de_DE","og_type":"article","og_title":"Inselpass (\u00d8-PAS\u00ae) - Destination Bornholm","og_description":"Hier stellen wir Ihnen 37 d\u00e4nische Inseln vor. Die Inselsteckbriefe enthalten F\u00e4hrverbindungen, Entfernungen und Fahrzeiten, Einwohnerzahlen und Inselgr\u00f6\u00dfen. Viel Spa\u00df! Auf der F\u00e4hre, im Hafen oder bei der Touristinformation finden Sie ein Zeichen mit einem speziellen Stift. Hiermit k\u00f6nnen Sie die Umrisse einer Insel auf den \u00d8-PAS\u00ae \u00fcbertragen.","og_url":"https:\/\/bornholm.info\/de\/vare\/oe-pas\/","og_site_name":"Destination Bornholm","article_publisher":"https:\/\/www.facebook.com\/bornholminfo","article_modified_time":"2022-09-09T12:42:38+00:00","og_image":[{"width":480,"height":640,"url":"https:\/\/bornholm.info\/wp-content\/media\/2020\/05\/oepas.jpg","type":"image\/jpeg"}],"twitter_card":"summary_large_image","schema":{"@context":"https:\/\/schema.org","@graph":[{"@type":"WebPage","@id":"https:\/\/bornholm.info\/de\/vare\/oe-pas\/","url":"https:\/\/bornholm.info\/de\/vare\/oe-pas\/","name":"Inselpass (\u00d8-PAS\u00ae) - Destination Bornholm","isPartOf":{"@id":"https:\/\/bornholm.info\/de\/#website"},"primaryImageOfPage":{"@id":"https:\/\/bornholm.info\/de\/vare\/oe-pas\/#primaryimage"},"image":{"@id":"https:\/\/bornholm.info\/de\/vare\/oe-pas\/#primaryimage"},"thumbnailUrl":"https:\/\/bornholm.info\/wp-content\/media\/2020\/05\/oepas.jpg","datePublished":"2020-05-18T04:31:01+00:00","dateModified":"2022-09-09T12:42:38+00:00","breadcrumb":{"@id":"https:\/\/bornholm.info\/de\/vare\/oe-pas\/#breadcrumb"},"inLanguage":"de","potentialAction":[{"@type":"ReadAction","target":["https:\/\/bornholm.info\/de\/vare\/oe-pas\/"]}]},{"@type":"ImageObject","inLanguage":"de","@id":"https:\/\/bornholm.info\/de\/vare\/oe-pas\/#primaryimage","url":"https:\/\/bornholm.info\/wp-content\/media\/2020\/05\/oepas.jpg","contentUrl":"https:\/\/bornholm.info\/wp-content\/media\/2020\/05\/oepas.jpg","width":480,"height":640},{"@type":"BreadcrumbList","@id":"https:\/\/bornholm.info\/de\/vare\/oe-pas\/#breadcrumb","itemListElement":[{"@type":"ListItem","position":1,"name":"Home","item":"https:\/\/bornholm.info\/de\/"},{"@type":"ListItem","position":2,"name":"Webshop","item":"https:\/\/bornholm.info\/webshop\/"},{"@type":"ListItem","position":3,"name":"Inselpass (\u00d8-PAS\u00ae)"}]},{"@type":"WebSite","@id":"https:\/\/bornholm.info\/de\/#website","url":"https:\/\/bornholm.info\/de\/","name":"Destination Bornholm","description":"The Official Travel Guide to Bornholm","potentialAction":[{"@type":"SearchAction","target":{"@type":"EntryPoint","urlTemplate":"https:\/\/bornholm.info\/de\/?s={search_term_string}"},"query-input":{"@type":"PropertyValueSpecification","valueRequired":true,"valueName":"search_term_string"}}],"inLanguage":"de"}]}},"_links":{"self":[{"href":"https:\/\/bornholm.info\/de\/wp-json\/wp\/v2\/product\/85709","targetHints":{"allow":["GET"]}}],"collection":[{"href":"https:\/\/bornholm.info\/de\/wp-json\/wp\/v2\/product"}],"about":[{"href":"https:\/\/bornholm.info\/de\/wp-json\/wp\/v2\/types\/product"}],"wp:featuredmedia":[{"embeddable":true,"href":"https:\/\/bornholm.info\/de\/wp-json\/wp\/v2\/media\/85707"}],"wp:attachment":[{"href":"https:\/\/bornholm.info\/de\/wp-json\/wp\/v2\/media?parent=85709"}],"wp:term":[{"taxonomy":"product_brand","embeddable":true,"href":"https:\/\/bornholm.info\/de\/wp-json\/wp\/v2\/product_brand?post=85709"},{"taxonomy":"product_cat","embeddable":true,"href":"https:\/\/bornholm.info\/de\/wp-json\/wp\/v2\/product_cat?post=85709"},{"taxonomy":"product_tag","embeddable":true,"href":"https:\/\/bornholm.info\/de\/wp-json\/wp\/v2\/product_tag?post=85709"}],"curies":[{"name":"wp","href":"https:\/\/api.w.org\/{rel}","templated":true}]}}