{"id":70879,"date":"2019-05-27T13:17:26","date_gmt":"2019-05-27T13:17:26","guid":{"rendered":"https:\/\/bornholm.info\/?post_type=product&#038;p=70879"},"modified":"2021-03-01T11:15:46","modified_gmt":"2021-03-01T10:15:46","slug":"friluftskort","status":"publish","type":"product","link":"https:\/\/bornholm.info\/de\/vare\/friluftskort\/","title":{"rendered":"Outdoor-Karte"},"content":{"rendered":"<div id=\"bornh-3469728102\" class=\"bornh-before-content-paa-lost-password-siden\"><a data-no-instant=\"1\" href=\"https:\/\/www.youtube.com\/channel\/UC2ZVDESONJ4EaIHaoeKngsw\" rel=\"noopener nofollow\" class=\"a2t-link\" target=\"_blank\" aria-label=\"youtube_300x250_annonce\"><img loading=\"lazy\" decoding=\"async\" src=\"https:\/\/bornholm.info\/wp-content\/media\/2017\/07\/youtube_300x250_annonce.jpg\" alt=\"\"  width=\"300\" height=\"250\"   \/><\/a><\/div>","protected":false},"excerpt":{"rendered":"<p>Die Calazo Freiluft-Karte wurde mit dem Schwerpunkt auf dem Leben im Freien auf Bornholm entwickelt. Der nationale Radweg 10 und die lokalen Radwege sowie die K\u00fcstenwege werden sorgf\u00e4ltig beschrieben. Kostenlose Zeltgebiete und Zeltpl\u00e4tze, Shelters, Parkm\u00f6glichkeiten sowie Tipps zu Unterkunft und \u00dcbernachtung sind ebenfalls deutlich auf der Karte gekennzeichnet.<\/p>\n","protected":false},"featured_media":70871,"template":"","meta":{"_acf_changed":false},"product_brand":[],"product_cat":[1056],"product_tag":[],"class_list":{"0":"post-70879","1":"product","2":"type-product","3":"status-publish","4":"has-post-thumbnail","6":"product_cat-landkarten","8":"first","9":"instock","10":"taxable","11":"shipping-taxable","12":"purchasable","13":"product-type-simple"},"acf":[],"yoast_head":"<!-- This site is optimized with the Yoast SEO plugin v27.2 - https:\/\/yoast.com\/product\/yoast-seo-wordpress\/ -->\n<title>K\u00f8b Friluftskort Bornholm til din n\u00e6ste outdoor-ferie her<\/title>\n<meta name=\"description\" content=\"Calazo friluftskort er udviklet med fokus p\u00e5 vandring, kajak eller kano, cykling og mountainbike. Dette kort er udviklet for Bornholm.\" \/>\n<meta name=\"robots\" content=\"index, follow, max-snippet:-1, max-image-preview:large, max-video-preview:-1\" \/>\n<link rel=\"canonical\" href=\"https:\/\/bornholm.info\/de\/vare\/friluftskort\/\" \/>\n<meta property=\"og:locale\" content=\"de_DE\" \/>\n<meta property=\"og:type\" content=\"article\" \/>\n<meta property=\"og:title\" content=\"K\u00f8b Friluftskort Bornholm til din n\u00e6ste ferie her\" \/>\n<meta property=\"og:description\" content=\"Calazo friluftskort er en ny serie af outdoor-kort udviklet med fokus p\u00e5 vandring, kajak eller kano, cykling og mountainbike. Dette kort er udviklet med fokus p\u00e5 friluftslivet p\u00e5 Bornholm.\" \/>\n<meta property=\"og:url\" content=\"https:\/\/bornholm.info\/de\/vare\/friluftskort\/\" \/>\n<meta property=\"og:site_name\" content=\"Destination Bornholm\" \/>\n<meta property=\"article:publisher\" content=\"https:\/\/www.facebook.com\/bornholminfo\" \/>\n<meta property=\"article:modified_time\" content=\"2021-03-01T10:15:46+00:00\" \/>\n<meta property=\"og:image\" content=\"https:\/\/bornholm.info\/wp-content\/media\/2019\/05\/bornholm_1-50_3d_low-500x636.jpg\" \/>\n\t<meta property=\"og:image:width\" content=\"500\" \/>\n\t<meta property=\"og:image:height\" content=\"636\" \/>\n\t<meta property=\"og:image:type\" content=\"image\/jpeg\" \/>\n<meta name=\"twitter:card\" content=\"summary_large_image\" \/>\n<meta name=\"twitter:title\" content=\"K\u00f8b Friluftskort Bornholm til din n\u00e6ste ferie her\" \/>\n<meta name=\"twitter:description\" content=\"Calazo friluftskort er en ny serie af outdoor-kort udviklet med fokus p\u00e5 vandring, kajak eller kano, cykling og mountainbike. Dette kort er udviklet med fokus p\u00e5 friluftslivet p\u00e5 Bornholm.\" \/>\n<script type=\"application\/ld+json\" class=\"yoast-schema-graph\">{\"@context\":\"https:\/\/schema.org\",\"@graph\":[{\"@type\":\"WebPage\",\"@id\":\"https:\/\/bornholm.info\/de\/vare\/friluftskort\/\",\"url\":\"https:\/\/bornholm.info\/de\/vare\/friluftskort\/\",\"name\":\"K\u00f8b Friluftskort Bornholm til din n\u00e6ste outdoor-ferie her\",\"isPartOf\":{\"@id\":\"https:\/\/bornholm.info\/de\/#website\"},\"primaryImageOfPage\":{\"@id\":\"https:\/\/bornholm.info\/de\/vare\/friluftskort\/#primaryimage\"},\"image\":{\"@id\":\"https:\/\/bornholm.info\/de\/vare\/friluftskort\/#primaryimage\"},\"thumbnailUrl\":\"https:\/\/bornholm.info\/wp-content\/media\/2019\/05\/bornholm_1-50_3d_low-500x636.jpg\",\"datePublished\":\"2019-05-27T13:17:26+00:00\",\"dateModified\":\"2021-03-01T10:15:46+00:00\",\"description\":\"Calazo friluftskort er udviklet med fokus p\u00e5 vandring, kajak eller kano, cykling og mountainbike. Dette kort er udviklet for Bornholm.\",\"breadcrumb\":{\"@id\":\"https:\/\/bornholm.info\/de\/vare\/friluftskort\/#breadcrumb\"},\"inLanguage\":\"de\",\"potentialAction\":[{\"@type\":\"ReadAction\",\"target\":[\"https:\/\/bornholm.info\/de\/vare\/friluftskort\/\"]}]},{\"@type\":\"ImageObject\",\"inLanguage\":\"de\",\"@id\":\"https:\/\/bornholm.info\/de\/vare\/friluftskort\/#primaryimage\",\"url\":\"https:\/\/bornholm.info\/wp-content\/media\/2019\/05\/bornholm_1-50_3d_low-500x636.jpg\",\"contentUrl\":\"https:\/\/bornholm.info\/wp-content\/media\/2019\/05\/bornholm_1-50_3d_low-500x636.jpg\",\"width\":500,\"height\":636},{\"@type\":\"BreadcrumbList\",\"@id\":\"https:\/\/bornholm.info\/de\/vare\/friluftskort\/#breadcrumb\",\"itemListElement\":[{\"@type\":\"ListItem\",\"position\":1,\"name\":\"Home\",\"item\":\"https:\/\/bornholm.info\/de\/\"},{\"@type\":\"ListItem\",\"position\":2,\"name\":\"Webshop\",\"item\":\"https:\/\/bornholm.info\/webshop\/\"},{\"@type\":\"ListItem\",\"position\":3,\"name\":\"Outdoor-Karte\"}]},{\"@type\":\"WebSite\",\"@id\":\"https:\/\/bornholm.info\/de\/#website\",\"url\":\"https:\/\/bornholm.info\/de\/\",\"name\":\"Destination Bornholm\",\"description\":\"The Official Travel Guide to Bornholm\",\"potentialAction\":[{\"@type\":\"SearchAction\",\"target\":{\"@type\":\"EntryPoint\",\"urlTemplate\":\"https:\/\/bornholm.info\/de\/?s={search_term_string}\"},\"query-input\":{\"@type\":\"PropertyValueSpecification\",\"valueRequired\":true,\"valueName\":\"search_term_string\"}}],\"inLanguage\":\"de\"}]}<\/script>\n<!-- \/ Yoast SEO plugin. -->","yoast_head_json":{"title":"K\u00f8b Friluftskort Bornholm til din n\u00e6ste outdoor-ferie her","description":"Calazo friluftskort er udviklet med fokus p\u00e5 vandring, kajak eller kano, cykling og mountainbike. Dette kort er udviklet for Bornholm.","robots":{"index":"index","follow":"follow","max-snippet":"max-snippet:-1","max-image-preview":"max-image-preview:large","max-video-preview":"max-video-preview:-1"},"canonical":"https:\/\/bornholm.info\/de\/vare\/friluftskort\/","og_locale":"de_DE","og_type":"article","og_title":"K\u00f8b Friluftskort Bornholm til din n\u00e6ste ferie her","og_description":"Calazo friluftskort er en ny serie af outdoor-kort udviklet med fokus p\u00e5 vandring, kajak eller kano, cykling og mountainbike. Dette kort er udviklet med fokus p\u00e5 friluftslivet p\u00e5 Bornholm.","og_url":"https:\/\/bornholm.info\/de\/vare\/friluftskort\/","og_site_name":"Destination Bornholm","article_publisher":"https:\/\/www.facebook.com\/bornholminfo","article_modified_time":"2021-03-01T10:15:46+00:00","og_image":[{"width":500,"height":636,"url":"https:\/\/bornholm.info\/wp-content\/media\/2019\/05\/bornholm_1-50_3d_low-500x636.jpg","type":"image\/jpeg"}],"twitter_card":"summary_large_image","twitter_title":"K\u00f8b Friluftskort Bornholm til din n\u00e6ste ferie her","twitter_description":"Calazo friluftskort er en ny serie af outdoor-kort udviklet med fokus p\u00e5 vandring, kajak eller kano, cykling og mountainbike. Dette kort er udviklet med fokus p\u00e5 friluftslivet p\u00e5 Bornholm.","schema":{"@context":"https:\/\/schema.org","@graph":[{"@type":"WebPage","@id":"https:\/\/bornholm.info\/de\/vare\/friluftskort\/","url":"https:\/\/bornholm.info\/de\/vare\/friluftskort\/","name":"K\u00f8b Friluftskort Bornholm til din n\u00e6ste outdoor-ferie her","isPartOf":{"@id":"https:\/\/bornholm.info\/de\/#website"},"primaryImageOfPage":{"@id":"https:\/\/bornholm.info\/de\/vare\/friluftskort\/#primaryimage"},"image":{"@id":"https:\/\/bornholm.info\/de\/vare\/friluftskort\/#primaryimage"},"thumbnailUrl":"https:\/\/bornholm.info\/wp-content\/media\/2019\/05\/bornholm_1-50_3d_low-500x636.jpg","datePublished":"2019-05-27T13:17:26+00:00","dateModified":"2021-03-01T10:15:46+00:00","description":"Calazo friluftskort er udviklet med fokus p\u00e5 vandring, kajak eller kano, cykling og mountainbike. Dette kort er udviklet for Bornholm.","breadcrumb":{"@id":"https:\/\/bornholm.info\/de\/vare\/friluftskort\/#breadcrumb"},"inLanguage":"de","potentialAction":[{"@type":"ReadAction","target":["https:\/\/bornholm.info\/de\/vare\/friluftskort\/"]}]},{"@type":"ImageObject","inLanguage":"de","@id":"https:\/\/bornholm.info\/de\/vare\/friluftskort\/#primaryimage","url":"https:\/\/bornholm.info\/wp-content\/media\/2019\/05\/bornholm_1-50_3d_low-500x636.jpg","contentUrl":"https:\/\/bornholm.info\/wp-content\/media\/2019\/05\/bornholm_1-50_3d_low-500x636.jpg","width":500,"height":636},{"@type":"BreadcrumbList","@id":"https:\/\/bornholm.info\/de\/vare\/friluftskort\/#breadcrumb","itemListElement":[{"@type":"ListItem","position":1,"name":"Home","item":"https:\/\/bornholm.info\/de\/"},{"@type":"ListItem","position":2,"name":"Webshop","item":"https:\/\/bornholm.info\/webshop\/"},{"@type":"ListItem","position":3,"name":"Outdoor-Karte"}]},{"@type":"WebSite","@id":"https:\/\/bornholm.info\/de\/#website","url":"https:\/\/bornholm.info\/de\/","name":"Destination Bornholm","description":"The Official Travel Guide to Bornholm","potentialAction":[{"@type":"SearchAction","target":{"@type":"EntryPoint","urlTemplate":"https:\/\/bornholm.info\/de\/?s={search_term_string}"},"query-input":{"@type":"PropertyValueSpecification","valueRequired":true,"valueName":"search_term_string"}}],"inLanguage":"de"}]}},"_links":{"self":[{"href":"https:\/\/bornholm.info\/de\/wp-json\/wp\/v2\/product\/70879","targetHints":{"allow":["GET"]}}],"collection":[{"href":"https:\/\/bornholm.info\/de\/wp-json\/wp\/v2\/product"}],"about":[{"href":"https:\/\/bornholm.info\/de\/wp-json\/wp\/v2\/types\/product"}],"wp:featuredmedia":[{"embeddable":true,"href":"https:\/\/bornholm.info\/de\/wp-json\/wp\/v2\/media\/70871"}],"wp:attachment":[{"href":"https:\/\/bornholm.info\/de\/wp-json\/wp\/v2\/media?parent=70879"}],"wp:term":[{"taxonomy":"product_brand","embeddable":true,"href":"https:\/\/bornholm.info\/de\/wp-json\/wp\/v2\/product_brand?post=70879"},{"taxonomy":"product_cat","embeddable":true,"href":"https:\/\/bornholm.info\/de\/wp-json\/wp\/v2\/product_cat?post=70879"},{"taxonomy":"product_tag","embeddable":true,"href":"https:\/\/bornholm.info\/de\/wp-json\/wp\/v2\/product_tag?post=70879"}],"curies":[{"name":"wp","href":"https:\/\/api.w.org\/{rel}","templated":true}]}}