{"id":60378,"date":"2019-01-29T14:13:05","date_gmt":"2019-01-29T14:13:06","guid":{"rendered":"https:\/\/bornholm.info\/?post_type=product&#038;p=60378"},"modified":"2021-02-04T14:08:03","modified_gmt":"2021-02-04T13:08:03","slug":"hvor-tar-vi-hen-i-dag","status":"publish","type":"product","link":"https:\/\/bornholm.info\/de\/vare\/hvor-tar-vi-hen-i-dag\/","title":{"rendered":"Wohin soll es heute gehen?"},"content":{"rendered":"<div id=\"bornh-1352601559\" class=\"bornh-before-content-paa-lost-password-siden bornh-entity-placement\"><a data-no-instant=\"1\" href=\"https:\/\/www.youtube.com\/channel\/UC2ZVDESONJ4EaIHaoeKngsw\" rel=\"noopener nofollow\" class=\"a2t-link\" target=\"_blank\" aria-label=\"youtube_300x250_annonce\"><img loading=\"lazy\" decoding=\"async\" src=\"https:\/\/bornholm.info\/wp-content\/media\/2017\/07\/youtube_300x250_annonce.jpg\" alt=\"\"  width=\"300\" height=\"250\"   \/><\/a><\/div>","protected":false},"excerpt":{"rendered":"<p>Naturwanderungen auf Bornholm.<\/p>\n<p>Diese Brosch\u00fcre soll Ihnen auf Ihrer Entdeckungsreise in die Bornholmer Natur Rat und Hilfe geben. Je nachdem, wieviel Zeit und Kondition Sie mitbringen, k\u00f6nnen Sie Ihre Wandertouren k\u00fcrzer oder l\u00e4nger w\u00e4hlen.<\/p>\n<p>Zu jedem Gebiet gibt es eine Detailkarte und eine kurze Beschreibung.<\/p>\n","protected":false},"featured_media":60376,"template":"","meta":{"_acf_changed":false},"product_brand":[],"product_cat":[1054],"product_tag":[],"class_list":{"0":"post-60378","1":"product","2":"type-product","3":"status-publish","4":"has-post-thumbnail","6":"product_cat-broschueren","8":"first","9":"instock","10":"taxable","11":"shipping-taxable","12":"purchasable","13":"product-type-simple"},"acf":[],"yoast_head":"<!-- This site is optimized with the Yoast SEO plugin v27.4 - https:\/\/yoast.com\/product\/yoast-seo-wordpress\/ -->\n<title>Wohin soll es heute gehen? - Destination Bornholm<\/title>\n<meta name=\"robots\" content=\"index, follow, max-snippet:-1, max-image-preview:large, max-video-preview:-1\" \/>\n<link rel=\"canonical\" href=\"https:\/\/bornholm.info\/de\/vare\/hvor-tar-vi-hen-i-dag\/\" \/>\n<meta property=\"og:locale\" content=\"de_DE\" \/>\n<meta property=\"og:type\" content=\"article\" \/>\n<meta property=\"og:title\" content=\"Wohin soll es heute gehen? - Destination Bornholm\" \/>\n<meta property=\"og:description\" content=\"Naturwanderungen auf Bornholm.  Diese Brosch\u00fcre soll Ihnen auf Ihrer Entdeckungsreise in die Bornholmer Natur Rat und Hilfe geben. Je nachdem, wieviel Zeit und Kondition Sie mitbringen, k\u00f6nnen Sie Ihre Wandertouren k\u00fcrzer oder l\u00e4nger w\u00e4hlen.  Zu jedem Gebiet gibt es eine Detailkarte und eine kurze Beschreibung.\" \/>\n<meta property=\"og:url\" content=\"https:\/\/bornholm.info\/de\/vare\/hvor-tar-vi-hen-i-dag\/\" \/>\n<meta property=\"og:site_name\" content=\"Destination Bornholm\" \/>\n<meta property=\"article:publisher\" content=\"https:\/\/www.facebook.com\/bornholminfo\" \/>\n<meta property=\"article:modified_time\" content=\"2021-02-04T13:08:03+00:00\" \/>\n<meta property=\"og:image\" content=\"https:\/\/bornholm.info\/wp-content\/media\/2019\/01\/hvor-tager-vi-hen-idag-e1612444071710.jpg\" \/>\n\t<meta property=\"og:image:width\" content=\"480\" \/>\n\t<meta property=\"og:image:height\" content=\"640\" \/>\n\t<meta property=\"og:image:type\" content=\"image\/jpeg\" \/>\n<meta name=\"twitter:card\" content=\"summary_large_image\" \/>\n<script type=\"application\/ld+json\" class=\"yoast-schema-graph\">{\"@context\":\"https:\\\/\\\/schema.org\",\"@graph\":[{\"@type\":\"WebPage\",\"@id\":\"https:\\\/\\\/bornholm.info\\\/de\\\/vare\\\/hvor-tar-vi-hen-i-dag\\\/\",\"url\":\"https:\\\/\\\/bornholm.info\\\/de\\\/vare\\\/hvor-tar-vi-hen-i-dag\\\/\",\"name\":\"Wohin soll es heute gehen? - Destination Bornholm\",\"isPartOf\":{\"@id\":\"https:\\\/\\\/bornholm.info\\\/de\\\/#website\"},\"primaryImageOfPage\":{\"@id\":\"https:\\\/\\\/bornholm.info\\\/de\\\/vare\\\/hvor-tar-vi-hen-i-dag\\\/#primaryimage\"},\"image\":{\"@id\":\"https:\\\/\\\/bornholm.info\\\/de\\\/vare\\\/hvor-tar-vi-hen-i-dag\\\/#primaryimage\"},\"thumbnailUrl\":\"https:\\\/\\\/bornholm.info\\\/wp-content\\\/media\\\/2019\\\/01\\\/hvor-tager-vi-hen-idag-e1612444071710.jpg\",\"datePublished\":\"2019-01-29T14:13:06+00:00\",\"dateModified\":\"2021-02-04T13:08:03+00:00\",\"breadcrumb\":{\"@id\":\"https:\\\/\\\/bornholm.info\\\/de\\\/vare\\\/hvor-tar-vi-hen-i-dag\\\/#breadcrumb\"},\"inLanguage\":\"de\",\"potentialAction\":[{\"@type\":\"ReadAction\",\"target\":[\"https:\\\/\\\/bornholm.info\\\/de\\\/vare\\\/hvor-tar-vi-hen-i-dag\\\/\"]}]},{\"@type\":\"ImageObject\",\"inLanguage\":\"de\",\"@id\":\"https:\\\/\\\/bornholm.info\\\/de\\\/vare\\\/hvor-tar-vi-hen-i-dag\\\/#primaryimage\",\"url\":\"https:\\\/\\\/bornholm.info\\\/wp-content\\\/media\\\/2019\\\/01\\\/hvor-tager-vi-hen-idag-e1612444071710.jpg\",\"contentUrl\":\"https:\\\/\\\/bornholm.info\\\/wp-content\\\/media\\\/2019\\\/01\\\/hvor-tager-vi-hen-idag-e1612444071710.jpg\",\"width\":480,\"height\":640},{\"@type\":\"BreadcrumbList\",\"@id\":\"https:\\\/\\\/bornholm.info\\\/de\\\/vare\\\/hvor-tar-vi-hen-i-dag\\\/#breadcrumb\",\"itemListElement\":[{\"@type\":\"ListItem\",\"position\":1,\"name\":\"Home\",\"item\":\"https:\\\/\\\/bornholm.info\\\/de\\\/\"},{\"@type\":\"ListItem\",\"position\":2,\"name\":\"Webshop\",\"item\":\"https:\\\/\\\/bornholm.info\\\/webshop\\\/\"},{\"@type\":\"ListItem\",\"position\":3,\"name\":\"Wohin soll es heute gehen?\"}]},{\"@type\":\"WebSite\",\"@id\":\"https:\\\/\\\/bornholm.info\\\/de\\\/#website\",\"url\":\"https:\\\/\\\/bornholm.info\\\/de\\\/\",\"name\":\"Destination Bornholm\",\"description\":\"The Official Travel Guide to Bornholm\",\"potentialAction\":[{\"@type\":\"SearchAction\",\"target\":{\"@type\":\"EntryPoint\",\"urlTemplate\":\"https:\\\/\\\/bornholm.info\\\/de\\\/?s={search_term_string}\"},\"query-input\":{\"@type\":\"PropertyValueSpecification\",\"valueRequired\":true,\"valueName\":\"search_term_string\"}}],\"inLanguage\":\"de\"}]}<\/script>\n<!-- \/ Yoast SEO plugin. -->","yoast_head_json":{"title":"Wohin soll es heute gehen? - Destination Bornholm","robots":{"index":"index","follow":"follow","max-snippet":"max-snippet:-1","max-image-preview":"max-image-preview:large","max-video-preview":"max-video-preview:-1"},"canonical":"https:\/\/bornholm.info\/de\/vare\/hvor-tar-vi-hen-i-dag\/","og_locale":"de_DE","og_type":"article","og_title":"Wohin soll es heute gehen? - Destination Bornholm","og_description":"Naturwanderungen auf Bornholm.  Diese Brosch\u00fcre soll Ihnen auf Ihrer Entdeckungsreise in die Bornholmer Natur Rat und Hilfe geben. Je nachdem, wieviel Zeit und Kondition Sie mitbringen, k\u00f6nnen Sie Ihre Wandertouren k\u00fcrzer oder l\u00e4nger w\u00e4hlen.  Zu jedem Gebiet gibt es eine Detailkarte und eine kurze Beschreibung.","og_url":"https:\/\/bornholm.info\/de\/vare\/hvor-tar-vi-hen-i-dag\/","og_site_name":"Destination Bornholm","article_publisher":"https:\/\/www.facebook.com\/bornholminfo","article_modified_time":"2021-02-04T13:08:03+00:00","og_image":[{"width":480,"height":640,"url":"https:\/\/bornholm.info\/wp-content\/media\/2019\/01\/hvor-tager-vi-hen-idag-e1612444071710.jpg","type":"image\/jpeg"}],"twitter_card":"summary_large_image","schema":{"@context":"https:\/\/schema.org","@graph":[{"@type":"WebPage","@id":"https:\/\/bornholm.info\/de\/vare\/hvor-tar-vi-hen-i-dag\/","url":"https:\/\/bornholm.info\/de\/vare\/hvor-tar-vi-hen-i-dag\/","name":"Wohin soll es heute gehen? - Destination Bornholm","isPartOf":{"@id":"https:\/\/bornholm.info\/de\/#website"},"primaryImageOfPage":{"@id":"https:\/\/bornholm.info\/de\/vare\/hvor-tar-vi-hen-i-dag\/#primaryimage"},"image":{"@id":"https:\/\/bornholm.info\/de\/vare\/hvor-tar-vi-hen-i-dag\/#primaryimage"},"thumbnailUrl":"https:\/\/bornholm.info\/wp-content\/media\/2019\/01\/hvor-tager-vi-hen-idag-e1612444071710.jpg","datePublished":"2019-01-29T14:13:06+00:00","dateModified":"2021-02-04T13:08:03+00:00","breadcrumb":{"@id":"https:\/\/bornholm.info\/de\/vare\/hvor-tar-vi-hen-i-dag\/#breadcrumb"},"inLanguage":"de","potentialAction":[{"@type":"ReadAction","target":["https:\/\/bornholm.info\/de\/vare\/hvor-tar-vi-hen-i-dag\/"]}]},{"@type":"ImageObject","inLanguage":"de","@id":"https:\/\/bornholm.info\/de\/vare\/hvor-tar-vi-hen-i-dag\/#primaryimage","url":"https:\/\/bornholm.info\/wp-content\/media\/2019\/01\/hvor-tager-vi-hen-idag-e1612444071710.jpg","contentUrl":"https:\/\/bornholm.info\/wp-content\/media\/2019\/01\/hvor-tager-vi-hen-idag-e1612444071710.jpg","width":480,"height":640},{"@type":"BreadcrumbList","@id":"https:\/\/bornholm.info\/de\/vare\/hvor-tar-vi-hen-i-dag\/#breadcrumb","itemListElement":[{"@type":"ListItem","position":1,"name":"Home","item":"https:\/\/bornholm.info\/de\/"},{"@type":"ListItem","position":2,"name":"Webshop","item":"https:\/\/bornholm.info\/webshop\/"},{"@type":"ListItem","position":3,"name":"Wohin soll es heute gehen?"}]},{"@type":"WebSite","@id":"https:\/\/bornholm.info\/de\/#website","url":"https:\/\/bornholm.info\/de\/","name":"Destination Bornholm","description":"The Official Travel Guide to Bornholm","potentialAction":[{"@type":"SearchAction","target":{"@type":"EntryPoint","urlTemplate":"https:\/\/bornholm.info\/de\/?s={search_term_string}"},"query-input":{"@type":"PropertyValueSpecification","valueRequired":true,"valueName":"search_term_string"}}],"inLanguage":"de"}]}},"_links":{"self":[{"href":"https:\/\/bornholm.info\/de\/wp-json\/wp\/v2\/product\/60378","targetHints":{"allow":["GET"]}}],"collection":[{"href":"https:\/\/bornholm.info\/de\/wp-json\/wp\/v2\/product"}],"about":[{"href":"https:\/\/bornholm.info\/de\/wp-json\/wp\/v2\/types\/product"}],"wp:featuredmedia":[{"embeddable":true,"href":"https:\/\/bornholm.info\/de\/wp-json\/wp\/v2\/media\/60376"}],"wp:attachment":[{"href":"https:\/\/bornholm.info\/de\/wp-json\/wp\/v2\/media?parent=60378"}],"wp:term":[{"taxonomy":"product_brand","embeddable":true,"href":"https:\/\/bornholm.info\/de\/wp-json\/wp\/v2\/product_brand?post=60378"},{"taxonomy":"product_cat","embeddable":true,"href":"https:\/\/bornholm.info\/de\/wp-json\/wp\/v2\/product_cat?post=60378"},{"taxonomy":"product_tag","embeddable":true,"href":"https:\/\/bornholm.info\/de\/wp-json\/wp\/v2\/product_tag?post=60378"}],"curies":[{"name":"wp","href":"https:\/\/api.w.org\/{rel}","templated":true}]}}