{"id":11691,"date":"2017-08-17T11:05:30","date_gmt":"2017-08-17T11:05:30","guid":{"rendered":"https:\/\/bornholm.info\/webshop\/bornholm-ad-kyststierne\/"},"modified":"2017-11-23T09:20:37","modified_gmt":"2017-11-23T09:20:37","slug":"bornholm-entlang-der-kuestenpfade","status":"publish","type":"product","link":"https:\/\/bornholm.info\/de\/vare\/bornholm-entlang-der-kuestenpfade\/","title":{"rendered":"Bornholm entlang der K\u00fcstenpfade"},"content":{"rendered":"<div id=\"bornh-124422376\" class=\"bornh-before-content-paa-lost-password-siden\"><a data-no-instant=\"1\" href=\"https:\/\/www.youtube.com\/channel\/UC2ZVDESONJ4EaIHaoeKngsw\" rel=\"noopener nofollow\" class=\"a2t-link\" target=\"_blank\" aria-label=\"youtube_300x250_annonce\"><img loading=\"lazy\" decoding=\"async\" src=\"https:\/\/bornholm.info\/wp-content\/media\/2017\/07\/youtube_300x250_annonce.jpg\" alt=\"\"  width=\"300\" height=\"250\"   \/><\/a><\/div>","protected":false},"excerpt":{"rendered":"<p>Erleben Sie die wundersch\u00f6ne Bornholmer Natur mit Naturf\u00fchrer S\u00f8ren P. Sillehoved.<\/p>\n<p>Viele Menschen &#8211; Touristen, wie Einheimische &#8211; bemerken die sch\u00f6nen K\u00fcstenpfade und die informativen Schilder entlang der Routen. Allerdings kennen nur die wenigsten den Ursprung und die Geschichte der Pfade &#8211; und es gibt auch so gut wie keine Litteratur, die als Gesamtwerk die verschiedenen Orte entlang der Bornholmer K\u00fcste mit ihren geologischen Verh\u00e4ltnissen, ihrer Flora und Fauna und ihren Kulturdenkm\u00e4lern beschreibt. All dies jedoch finden Sie in diesem Buch.<\/p>\n<p>William Dams Forlag.<br \/>\nText\/Foto: S\u00f8ren P. Sillehoved.<br \/>\n10 x 20 cm, 112 Seiten.<\/p>\n","protected":false},"featured_media":11692,"template":"","meta":{"_acf_changed":false},"product_brand":[],"product_cat":[1050,1053],"product_tag":[],"class_list":{"0":"post-11691","1":"product","2":"type-product","3":"status-publish","4":"has-post-thumbnail","6":"product_cat-aehnliches","7":"product_cat-boeger-de","9":"first","10":"instock","11":"taxable","12":"shipping-taxable","13":"purchasable","14":"product-type-simple"},"acf":[],"yoast_head":"<!-- This site is optimized with the Yoast SEO plugin v27.2 - https:\/\/yoast.com\/product\/yoast-seo-wordpress\/ -->\n<title>Bornholm entlang der K\u00fcstenpfade - Destination Bornholm<\/title>\n<meta name=\"robots\" content=\"index, follow, max-snippet:-1, max-image-preview:large, max-video-preview:-1\" \/>\n<link rel=\"canonical\" href=\"https:\/\/bornholm.info\/de\/vare\/bornholm-entlang-der-kuestenpfade\/\" \/>\n<meta property=\"og:locale\" content=\"de_DE\" \/>\n<meta property=\"og:type\" content=\"article\" \/>\n<meta property=\"og:title\" content=\"Bornholm entlang der K\u00fcstenpfade - Destination Bornholm\" \/>\n<meta property=\"og:description\" content=\"Erleben Sie die wundersch\u00f6ne Bornholmer Natur mit Naturf\u00fchrer S\u00f8ren P. Sillehoved. Viele Menschen - Touristen, wie Einheimische - bemerken die sch\u00f6nen K\u00fcstenpfade und die informativen Schilder entlang der Routen. Allerdings kennen nur die wenigsten den Ursprung und die Geschichte der Pfade - und es gibt auch so gut wie keine Litteratur, die als Gesamtwerk die verschiedenen Orte entlang der Bornholmer K\u00fcste mit ihren geologischen Verh\u00e4ltnissen, ihrer Flora und Fauna und ihren Kulturdenkm\u00e4lern beschreibt. All dies jedoch finden Sie in diesem Buch. William Dams Forlag. Text\/Foto: S\u00f8ren P. Sillehoved. 10 x 20 cm, 112 Seiten.\" \/>\n<meta property=\"og:url\" content=\"https:\/\/bornholm.info\/de\/vare\/bornholm-entlang-der-kuestenpfade\/\" \/>\n<meta property=\"og:site_name\" content=\"Destination Bornholm\" \/>\n<meta property=\"article:publisher\" content=\"https:\/\/www.facebook.com\/bornholminfo\" \/>\n<meta property=\"article:modified_time\" content=\"2017-11-23T09:20:37+00:00\" \/>\n<meta property=\"og:image\" content=\"https:\/\/bornholm.info\/wp-content\/media\/2017\/08\/bornholm-ad-kyststierne_555x600.jpg\" \/>\n\t<meta property=\"og:image:width\" content=\"555\" \/>\n\t<meta property=\"og:image:height\" content=\"600\" \/>\n\t<meta property=\"og:image:type\" content=\"image\/jpeg\" \/>\n<meta name=\"twitter:card\" content=\"summary_large_image\" \/>\n<script type=\"application\/ld+json\" class=\"yoast-schema-graph\">{\"@context\":\"https:\/\/schema.org\",\"@graph\":[{\"@type\":\"WebPage\",\"@id\":\"https:\/\/bornholm.info\/de\/vare\/bornholm-entlang-der-kuestenpfade\/\",\"url\":\"https:\/\/bornholm.info\/de\/vare\/bornholm-entlang-der-kuestenpfade\/\",\"name\":\"Bornholm entlang der K\u00fcstenpfade - Destination Bornholm\",\"isPartOf\":{\"@id\":\"https:\/\/bornholm.info\/de\/#website\"},\"primaryImageOfPage\":{\"@id\":\"https:\/\/bornholm.info\/de\/vare\/bornholm-entlang-der-kuestenpfade\/#primaryimage\"},\"image\":{\"@id\":\"https:\/\/bornholm.info\/de\/vare\/bornholm-entlang-der-kuestenpfade\/#primaryimage\"},\"thumbnailUrl\":\"https:\/\/bornholm.info\/wp-content\/media\/2017\/08\/bornholm-ad-kyststierne_555x600.jpg\",\"datePublished\":\"2017-08-17T11:05:30+00:00\",\"dateModified\":\"2017-11-23T09:20:37+00:00\",\"breadcrumb\":{\"@id\":\"https:\/\/bornholm.info\/de\/vare\/bornholm-entlang-der-kuestenpfade\/#breadcrumb\"},\"inLanguage\":\"de\",\"potentialAction\":[{\"@type\":\"ReadAction\",\"target\":[\"https:\/\/bornholm.info\/de\/vare\/bornholm-entlang-der-kuestenpfade\/\"]}]},{\"@type\":\"ImageObject\",\"inLanguage\":\"de\",\"@id\":\"https:\/\/bornholm.info\/de\/vare\/bornholm-entlang-der-kuestenpfade\/#primaryimage\",\"url\":\"https:\/\/bornholm.info\/wp-content\/media\/2017\/08\/bornholm-ad-kyststierne_555x600.jpg\",\"contentUrl\":\"https:\/\/bornholm.info\/wp-content\/media\/2017\/08\/bornholm-ad-kyststierne_555x600.jpg\",\"width\":555,\"height\":600},{\"@type\":\"BreadcrumbList\",\"@id\":\"https:\/\/bornholm.info\/de\/vare\/bornholm-entlang-der-kuestenpfade\/#breadcrumb\",\"itemListElement\":[{\"@type\":\"ListItem\",\"position\":1,\"name\":\"Home\",\"item\":\"https:\/\/bornholm.info\/de\/\"},{\"@type\":\"ListItem\",\"position\":2,\"name\":\"Webshop\",\"item\":\"https:\/\/bornholm.info\/webshop\/\"},{\"@type\":\"ListItem\",\"position\":3,\"name\":\"Bornholm entlang der K\u00fcstenpfade\"}]},{\"@type\":\"WebSite\",\"@id\":\"https:\/\/bornholm.info\/de\/#website\",\"url\":\"https:\/\/bornholm.info\/de\/\",\"name\":\"Destination Bornholm\",\"description\":\"The Official Travel Guide to Bornholm\",\"potentialAction\":[{\"@type\":\"SearchAction\",\"target\":{\"@type\":\"EntryPoint\",\"urlTemplate\":\"https:\/\/bornholm.info\/de\/?s={search_term_string}\"},\"query-input\":{\"@type\":\"PropertyValueSpecification\",\"valueRequired\":true,\"valueName\":\"search_term_string\"}}],\"inLanguage\":\"de\"}]}<\/script>\n<!-- \/ Yoast SEO plugin. -->","yoast_head_json":{"title":"Bornholm entlang der K\u00fcstenpfade - Destination Bornholm","robots":{"index":"index","follow":"follow","max-snippet":"max-snippet:-1","max-image-preview":"max-image-preview:large","max-video-preview":"max-video-preview:-1"},"canonical":"https:\/\/bornholm.info\/de\/vare\/bornholm-entlang-der-kuestenpfade\/","og_locale":"de_DE","og_type":"article","og_title":"Bornholm entlang der K\u00fcstenpfade - Destination Bornholm","og_description":"Erleben Sie die wundersch\u00f6ne Bornholmer Natur mit Naturf\u00fchrer S\u00f8ren P. Sillehoved. Viele Menschen - Touristen, wie Einheimische - bemerken die sch\u00f6nen K\u00fcstenpfade und die informativen Schilder entlang der Routen. Allerdings kennen nur die wenigsten den Ursprung und die Geschichte der Pfade - und es gibt auch so gut wie keine Litteratur, die als Gesamtwerk die verschiedenen Orte entlang der Bornholmer K\u00fcste mit ihren geologischen Verh\u00e4ltnissen, ihrer Flora und Fauna und ihren Kulturdenkm\u00e4lern beschreibt. All dies jedoch finden Sie in diesem Buch. William Dams Forlag. Text\/Foto: S\u00f8ren P. Sillehoved. 10 x 20 cm, 112 Seiten.","og_url":"https:\/\/bornholm.info\/de\/vare\/bornholm-entlang-der-kuestenpfade\/","og_site_name":"Destination Bornholm","article_publisher":"https:\/\/www.facebook.com\/bornholminfo","article_modified_time":"2017-11-23T09:20:37+00:00","og_image":[{"width":555,"height":600,"url":"https:\/\/bornholm.info\/wp-content\/media\/2017\/08\/bornholm-ad-kyststierne_555x600.jpg","type":"image\/jpeg"}],"twitter_card":"summary_large_image","schema":{"@context":"https:\/\/schema.org","@graph":[{"@type":"WebPage","@id":"https:\/\/bornholm.info\/de\/vare\/bornholm-entlang-der-kuestenpfade\/","url":"https:\/\/bornholm.info\/de\/vare\/bornholm-entlang-der-kuestenpfade\/","name":"Bornholm entlang der K\u00fcstenpfade - Destination Bornholm","isPartOf":{"@id":"https:\/\/bornholm.info\/de\/#website"},"primaryImageOfPage":{"@id":"https:\/\/bornholm.info\/de\/vare\/bornholm-entlang-der-kuestenpfade\/#primaryimage"},"image":{"@id":"https:\/\/bornholm.info\/de\/vare\/bornholm-entlang-der-kuestenpfade\/#primaryimage"},"thumbnailUrl":"https:\/\/bornholm.info\/wp-content\/media\/2017\/08\/bornholm-ad-kyststierne_555x600.jpg","datePublished":"2017-08-17T11:05:30+00:00","dateModified":"2017-11-23T09:20:37+00:00","breadcrumb":{"@id":"https:\/\/bornholm.info\/de\/vare\/bornholm-entlang-der-kuestenpfade\/#breadcrumb"},"inLanguage":"de","potentialAction":[{"@type":"ReadAction","target":["https:\/\/bornholm.info\/de\/vare\/bornholm-entlang-der-kuestenpfade\/"]}]},{"@type":"ImageObject","inLanguage":"de","@id":"https:\/\/bornholm.info\/de\/vare\/bornholm-entlang-der-kuestenpfade\/#primaryimage","url":"https:\/\/bornholm.info\/wp-content\/media\/2017\/08\/bornholm-ad-kyststierne_555x600.jpg","contentUrl":"https:\/\/bornholm.info\/wp-content\/media\/2017\/08\/bornholm-ad-kyststierne_555x600.jpg","width":555,"height":600},{"@type":"BreadcrumbList","@id":"https:\/\/bornholm.info\/de\/vare\/bornholm-entlang-der-kuestenpfade\/#breadcrumb","itemListElement":[{"@type":"ListItem","position":1,"name":"Home","item":"https:\/\/bornholm.info\/de\/"},{"@type":"ListItem","position":2,"name":"Webshop","item":"https:\/\/bornholm.info\/webshop\/"},{"@type":"ListItem","position":3,"name":"Bornholm entlang der K\u00fcstenpfade"}]},{"@type":"WebSite","@id":"https:\/\/bornholm.info\/de\/#website","url":"https:\/\/bornholm.info\/de\/","name":"Destination Bornholm","description":"The Official Travel Guide to Bornholm","potentialAction":[{"@type":"SearchAction","target":{"@type":"EntryPoint","urlTemplate":"https:\/\/bornholm.info\/de\/?s={search_term_string}"},"query-input":{"@type":"PropertyValueSpecification","valueRequired":true,"valueName":"search_term_string"}}],"inLanguage":"de"}]}},"_links":{"self":[{"href":"https:\/\/bornholm.info\/de\/wp-json\/wp\/v2\/product\/11691","targetHints":{"allow":["GET"]}}],"collection":[{"href":"https:\/\/bornholm.info\/de\/wp-json\/wp\/v2\/product"}],"about":[{"href":"https:\/\/bornholm.info\/de\/wp-json\/wp\/v2\/types\/product"}],"wp:featuredmedia":[{"embeddable":true,"href":"https:\/\/bornholm.info\/de\/wp-json\/wp\/v2\/media\/11692"}],"wp:attachment":[{"href":"https:\/\/bornholm.info\/de\/wp-json\/wp\/v2\/media?parent=11691"}],"wp:term":[{"taxonomy":"product_brand","embeddable":true,"href":"https:\/\/bornholm.info\/de\/wp-json\/wp\/v2\/product_brand?post=11691"},{"taxonomy":"product_cat","embeddable":true,"href":"https:\/\/bornholm.info\/de\/wp-json\/wp\/v2\/product_cat?post=11691"},{"taxonomy":"product_tag","embeddable":true,"href":"https:\/\/bornholm.info\/de\/wp-json\/wp\/v2\/product_tag?post=11691"}],"curies":[{"name":"wp","href":"https:\/\/api.w.org\/{rel}","templated":true}]}}