{"id":11619,"date":"2017-08-18T07:10:19","date_gmt":"2017-08-18T07:10:19","guid":{"rendered":"https:\/\/bornholm.info\/webshop\/paa-367-ture-bornholms-natur\/"},"modified":"2020-05-15T08:29:00","modified_gmt":"2020-05-15T08:29:00","slug":"367-touren-in-bornholms-natur","status":"publish","type":"product","link":"https:\/\/bornholm.info\/de\/vare\/367-touren-in-bornholms-natur\/","title":{"rendered":"367 Touren in Bornholms NATUR"},"content":{"rendered":"<div id=\"bornh-248665135\" class=\"bornh-before-content-paa-lost-password-siden\"><a data-no-instant=\"1\" href=\"https:\/\/www.youtube.com\/channel\/UC2ZVDESONJ4EaIHaoeKngsw\" rel=\"noopener nofollow\" class=\"a2t-link\" target=\"_blank\" aria-label=\"youtube_300x250_annonce\"><img loading=\"lazy\" decoding=\"async\" src=\"https:\/\/bornholm.info\/wp-content\/media\/2017\/07\/youtube_300x250_annonce.jpg\" alt=\"\"  width=\"300\" height=\"250\"   \/><\/a><\/div>","protected":false},"excerpt":{"rendered":"<p>Fahrrad- und Wanderf\u00fchrer, der Sie auf 367 Tourvorschl\u00e4gen in die Bornholmer Natur mitnimmt.<\/p>\n<p>Ein Tourvorschlag f\u00fcr jeden Tag des Jahres und am Ende schliesst das Buch mit einem Ausflug auf die Erbseninseln ab, D\u00e4nemarks \u00f6stlichster Vorposten.<\/p>\n<p>24&#215;14 cm &#8211; 336 Seiten.<\/p>\n","protected":false},"featured_media":11620,"template":"","meta":{"_acf_changed":false},"product_brand":[],"product_cat":[1050,1053],"product_tag":[],"class_list":{"0":"post-11619","1":"product","2":"type-product","3":"status-publish","4":"has-post-thumbnail","6":"product_cat-aehnliches","7":"product_cat-boeger-de","9":"first","10":"instock","11":"taxable","12":"shipping-taxable","13":"purchasable","14":"product-type-simple"},"acf":[],"yoast_head":"<!-- This site is optimized with the Yoast SEO plugin v27.2 - https:\/\/yoast.com\/product\/yoast-seo-wordpress\/ -->\n<title>367 Touren in Bornholms NATUR - Destination Bornholm<\/title>\n<meta name=\"robots\" content=\"index, follow, max-snippet:-1, max-image-preview:large, max-video-preview:-1\" \/>\n<link rel=\"canonical\" href=\"https:\/\/bornholm.info\/de\/vare\/367-touren-in-bornholms-natur\/\" \/>\n<meta property=\"og:locale\" content=\"de_DE\" \/>\n<meta property=\"og:type\" content=\"article\" \/>\n<meta property=\"og:title\" content=\"367 Touren in Bornholms NATUR - Destination Bornholm\" \/>\n<meta property=\"og:description\" content=\"Fahrrad- und Wanderf\u00fchrer, der Sie auf 367 Tourvorschl\u00e4gen in die Bornholmer Natur mitnimmt.  Ein Tourvorschlag f\u00fcr jeden Tag des Jahres und am Ende schliesst das Buch mit einem Ausflug auf die Erbseninseln ab, D\u00e4nemarks \u00f6stlichster Vorposten.  24x14 cm - 336 Seiten.\" \/>\n<meta property=\"og:url\" content=\"https:\/\/bornholm.info\/de\/vare\/367-touren-in-bornholms-natur\/\" \/>\n<meta property=\"og:site_name\" content=\"Destination Bornholm\" \/>\n<meta property=\"article:publisher\" content=\"https:\/\/www.facebook.com\/bornholminfo\" \/>\n<meta property=\"article:modified_time\" content=\"2020-05-15T08:29:00+00:00\" \/>\n<meta property=\"og:image\" content=\"https:\/\/bornholm.info\/wp-content\/media\/2017\/08\/bornholms-natur_555x600.jpg\" \/>\n\t<meta property=\"og:image:width\" content=\"555\" \/>\n\t<meta property=\"og:image:height\" content=\"600\" \/>\n\t<meta property=\"og:image:type\" content=\"image\/jpeg\" \/>\n<meta name=\"twitter:card\" content=\"summary_large_image\" \/>\n<script type=\"application\/ld+json\" class=\"yoast-schema-graph\">{\"@context\":\"https:\/\/schema.org\",\"@graph\":[{\"@type\":\"WebPage\",\"@id\":\"https:\/\/bornholm.info\/de\/vare\/367-touren-in-bornholms-natur\/\",\"url\":\"https:\/\/bornholm.info\/de\/vare\/367-touren-in-bornholms-natur\/\",\"name\":\"367 Touren in Bornholms NATUR - Destination Bornholm\",\"isPartOf\":{\"@id\":\"https:\/\/bornholm.info\/de\/#website\"},\"primaryImageOfPage\":{\"@id\":\"https:\/\/bornholm.info\/de\/vare\/367-touren-in-bornholms-natur\/#primaryimage\"},\"image\":{\"@id\":\"https:\/\/bornholm.info\/de\/vare\/367-touren-in-bornholms-natur\/#primaryimage\"},\"thumbnailUrl\":\"https:\/\/bornholm.info\/wp-content\/media\/2017\/08\/bornholms-natur_555x600.jpg\",\"datePublished\":\"2017-08-18T07:10:19+00:00\",\"dateModified\":\"2020-05-15T08:29:00+00:00\",\"breadcrumb\":{\"@id\":\"https:\/\/bornholm.info\/de\/vare\/367-touren-in-bornholms-natur\/#breadcrumb\"},\"inLanguage\":\"de\",\"potentialAction\":[{\"@type\":\"ReadAction\",\"target\":[\"https:\/\/bornholm.info\/de\/vare\/367-touren-in-bornholms-natur\/\"]}]},{\"@type\":\"ImageObject\",\"inLanguage\":\"de\",\"@id\":\"https:\/\/bornholm.info\/de\/vare\/367-touren-in-bornholms-natur\/#primaryimage\",\"url\":\"https:\/\/bornholm.info\/wp-content\/media\/2017\/08\/bornholms-natur_555x600.jpg\",\"contentUrl\":\"https:\/\/bornholm.info\/wp-content\/media\/2017\/08\/bornholms-natur_555x600.jpg\",\"width\":555,\"height\":600},{\"@type\":\"BreadcrumbList\",\"@id\":\"https:\/\/bornholm.info\/de\/vare\/367-touren-in-bornholms-natur\/#breadcrumb\",\"itemListElement\":[{\"@type\":\"ListItem\",\"position\":1,\"name\":\"Home\",\"item\":\"https:\/\/bornholm.info\/de\/\"},{\"@type\":\"ListItem\",\"position\":2,\"name\":\"Webshop\",\"item\":\"https:\/\/bornholm.info\/webshop\/\"},{\"@type\":\"ListItem\",\"position\":3,\"name\":\"367 Touren in Bornholms NATUR\"}]},{\"@type\":\"WebSite\",\"@id\":\"https:\/\/bornholm.info\/de\/#website\",\"url\":\"https:\/\/bornholm.info\/de\/\",\"name\":\"Destination Bornholm\",\"description\":\"The Official Travel Guide to Bornholm\",\"potentialAction\":[{\"@type\":\"SearchAction\",\"target\":{\"@type\":\"EntryPoint\",\"urlTemplate\":\"https:\/\/bornholm.info\/de\/?s={search_term_string}\"},\"query-input\":{\"@type\":\"PropertyValueSpecification\",\"valueRequired\":true,\"valueName\":\"search_term_string\"}}],\"inLanguage\":\"de\"}]}<\/script>\n<!-- \/ Yoast SEO plugin. -->","yoast_head_json":{"title":"367 Touren in Bornholms NATUR - Destination Bornholm","robots":{"index":"index","follow":"follow","max-snippet":"max-snippet:-1","max-image-preview":"max-image-preview:large","max-video-preview":"max-video-preview:-1"},"canonical":"https:\/\/bornholm.info\/de\/vare\/367-touren-in-bornholms-natur\/","og_locale":"de_DE","og_type":"article","og_title":"367 Touren in Bornholms NATUR - Destination Bornholm","og_description":"Fahrrad- und Wanderf\u00fchrer, der Sie auf 367 Tourvorschl\u00e4gen in die Bornholmer Natur mitnimmt.  Ein Tourvorschlag f\u00fcr jeden Tag des Jahres und am Ende schliesst das Buch mit einem Ausflug auf die Erbseninseln ab, D\u00e4nemarks \u00f6stlichster Vorposten.  24x14 cm - 336 Seiten.","og_url":"https:\/\/bornholm.info\/de\/vare\/367-touren-in-bornholms-natur\/","og_site_name":"Destination Bornholm","article_publisher":"https:\/\/www.facebook.com\/bornholminfo","article_modified_time":"2020-05-15T08:29:00+00:00","og_image":[{"width":555,"height":600,"url":"https:\/\/bornholm.info\/wp-content\/media\/2017\/08\/bornholms-natur_555x600.jpg","type":"image\/jpeg"}],"twitter_card":"summary_large_image","schema":{"@context":"https:\/\/schema.org","@graph":[{"@type":"WebPage","@id":"https:\/\/bornholm.info\/de\/vare\/367-touren-in-bornholms-natur\/","url":"https:\/\/bornholm.info\/de\/vare\/367-touren-in-bornholms-natur\/","name":"367 Touren in Bornholms NATUR - Destination Bornholm","isPartOf":{"@id":"https:\/\/bornholm.info\/de\/#website"},"primaryImageOfPage":{"@id":"https:\/\/bornholm.info\/de\/vare\/367-touren-in-bornholms-natur\/#primaryimage"},"image":{"@id":"https:\/\/bornholm.info\/de\/vare\/367-touren-in-bornholms-natur\/#primaryimage"},"thumbnailUrl":"https:\/\/bornholm.info\/wp-content\/media\/2017\/08\/bornholms-natur_555x600.jpg","datePublished":"2017-08-18T07:10:19+00:00","dateModified":"2020-05-15T08:29:00+00:00","breadcrumb":{"@id":"https:\/\/bornholm.info\/de\/vare\/367-touren-in-bornholms-natur\/#breadcrumb"},"inLanguage":"de","potentialAction":[{"@type":"ReadAction","target":["https:\/\/bornholm.info\/de\/vare\/367-touren-in-bornholms-natur\/"]}]},{"@type":"ImageObject","inLanguage":"de","@id":"https:\/\/bornholm.info\/de\/vare\/367-touren-in-bornholms-natur\/#primaryimage","url":"https:\/\/bornholm.info\/wp-content\/media\/2017\/08\/bornholms-natur_555x600.jpg","contentUrl":"https:\/\/bornholm.info\/wp-content\/media\/2017\/08\/bornholms-natur_555x600.jpg","width":555,"height":600},{"@type":"BreadcrumbList","@id":"https:\/\/bornholm.info\/de\/vare\/367-touren-in-bornholms-natur\/#breadcrumb","itemListElement":[{"@type":"ListItem","position":1,"name":"Home","item":"https:\/\/bornholm.info\/de\/"},{"@type":"ListItem","position":2,"name":"Webshop","item":"https:\/\/bornholm.info\/webshop\/"},{"@type":"ListItem","position":3,"name":"367 Touren in Bornholms NATUR"}]},{"@type":"WebSite","@id":"https:\/\/bornholm.info\/de\/#website","url":"https:\/\/bornholm.info\/de\/","name":"Destination Bornholm","description":"The Official Travel Guide to Bornholm","potentialAction":[{"@type":"SearchAction","target":{"@type":"EntryPoint","urlTemplate":"https:\/\/bornholm.info\/de\/?s={search_term_string}"},"query-input":{"@type":"PropertyValueSpecification","valueRequired":true,"valueName":"search_term_string"}}],"inLanguage":"de"}]}},"_links":{"self":[{"href":"https:\/\/bornholm.info\/de\/wp-json\/wp\/v2\/product\/11619","targetHints":{"allow":["GET"]}}],"collection":[{"href":"https:\/\/bornholm.info\/de\/wp-json\/wp\/v2\/product"}],"about":[{"href":"https:\/\/bornholm.info\/de\/wp-json\/wp\/v2\/types\/product"}],"wp:featuredmedia":[{"embeddable":true,"href":"https:\/\/bornholm.info\/de\/wp-json\/wp\/v2\/media\/11620"}],"wp:attachment":[{"href":"https:\/\/bornholm.info\/de\/wp-json\/wp\/v2\/media?parent=11619"}],"wp:term":[{"taxonomy":"product_brand","embeddable":true,"href":"https:\/\/bornholm.info\/de\/wp-json\/wp\/v2\/product_brand?post=11619"},{"taxonomy":"product_cat","embeddable":true,"href":"https:\/\/bornholm.info\/de\/wp-json\/wp\/v2\/product_cat?post=11619"},{"taxonomy":"product_tag","embeddable":true,"href":"https:\/\/bornholm.info\/de\/wp-json\/wp\/v2\/product_tag?post=11619"}],"curies":[{"name":"wp","href":"https:\/\/api.w.org\/{rel}","templated":true}]}}