{"id":11395,"date":"2017-08-18T10:08:06","date_gmt":"2017-08-18T10:08:06","guid":{"rendered":"https:\/\/bornholm.info\/webshop\/karabinhage-noeglering-bornholm\/"},"modified":"2021-08-28T14:10:41","modified_gmt":"2021-08-28T12:10:41","slug":"karabinerhaken-schluesselbund-bornholm","status":"publish","type":"product","link":"https:\/\/bornholm.info\/de\/vare\/karabinerhaken-schluesselbund-bornholm\/","title":{"rendered":"Karabinerhaken f\u00fcr den Schl\u00fcsselbund mit Bornholmaufschrift"},"content":{"rendered":"<div id=\"bornh-1514586222\" class=\"bornh-before-content-paa-lost-password-siden bornh-entity-placement\"><a data-no-instant=\"1\" href=\"https:\/\/www.youtube.com\/channel\/UC2ZVDESONJ4EaIHaoeKngsw\" rel=\"noopener nofollow\" class=\"a2t-link\" target=\"_blank\" aria-label=\"youtube_300x250_annonce\"><img loading=\"lazy\" decoding=\"async\" src=\"https:\/\/bornholm.info\/wp-content\/media\/2017\/07\/youtube_300x250_annonce.jpg\" alt=\"\"  width=\"300\" height=\"250\"   \/><\/a><\/div>","protected":false},"excerpt":{"rendered":"<p>Sch\u00f6ner Karabinerhaken mit der Aufschrift &#8222;Bornholm&#8220; in rot oder blau.<\/p>\n","protected":false},"featured_media":11396,"template":"","meta":{"_acf_changed":false},"product_brand":[],"product_cat":[1050,1049],"product_tag":[],"class_list":{"0":"post-11395","1":"product","2":"type-product","3":"status-publish","4":"has-post-thumbnail","6":"product_cat-aehnliches","7":"product_cat-diverse-de","9":"first","10":"instock","11":"taxable","12":"shipping-taxable","13":"purchasable","14":"product-type-simple"},"acf":[],"yoast_head":"<!-- This site is optimized with the Yoast SEO plugin v27.4 - https:\/\/yoast.com\/product\/yoast-seo-wordpress\/ -->\n<title>Karabinerhaken f\u00fcr den Schl\u00fcsselbund mit Bornholmaufschrift - Destination Bornholm<\/title>\n<meta name=\"robots\" content=\"index, follow, max-snippet:-1, max-image-preview:large, max-video-preview:-1\" \/>\n<link rel=\"canonical\" href=\"https:\/\/bornholm.info\/de\/vare\/karabinerhaken-schluesselbund-bornholm\/\" \/>\n<meta property=\"og:locale\" content=\"de_DE\" \/>\n<meta property=\"og:type\" content=\"article\" \/>\n<meta property=\"og:title\" content=\"Karabinerhaken f\u00fcr den Schl\u00fcsselbund mit Bornholmaufschrift - Destination Bornholm\" \/>\n<meta property=\"og:description\" content=\"Sch\u00f6ner Karabinerhaken mit der Aufschrift &quot;Bornholm&quot; in rot oder blau.\" \/>\n<meta property=\"og:url\" content=\"https:\/\/bornholm.info\/de\/vare\/karabinerhaken-schluesselbund-bornholm\/\" \/>\n<meta property=\"og:site_name\" content=\"Destination Bornholm\" \/>\n<meta property=\"article:publisher\" content=\"https:\/\/www.facebook.com\/bornholminfo\" \/>\n<meta property=\"article:modified_time\" content=\"2021-08-28T12:10:41+00:00\" \/>\n<meta property=\"og:image\" content=\"https:\/\/bornholm.info\/wp-content\/media\/2017\/08\/karabinhage-noeglering-bornholm-e1503050417421.jpg\" \/>\n\t<meta property=\"og:image:width\" content=\"600\" \/>\n\t<meta property=\"og:image:height\" content=\"555\" \/>\n\t<meta property=\"og:image:type\" content=\"image\/jpeg\" \/>\n<meta name=\"twitter:card\" content=\"summary_large_image\" \/>\n<script type=\"application\/ld+json\" class=\"yoast-schema-graph\">{\"@context\":\"https:\\\/\\\/schema.org\",\"@graph\":[{\"@type\":\"WebPage\",\"@id\":\"https:\\\/\\\/bornholm.info\\\/de\\\/vare\\\/karabinerhaken-schluesselbund-bornholm\\\/\",\"url\":\"https:\\\/\\\/bornholm.info\\\/de\\\/vare\\\/karabinerhaken-schluesselbund-bornholm\\\/\",\"name\":\"Karabinerhaken f\u00fcr den Schl\u00fcsselbund mit Bornholmaufschrift - Destination Bornholm\",\"isPartOf\":{\"@id\":\"https:\\\/\\\/bornholm.info\\\/de\\\/#website\"},\"primaryImageOfPage\":{\"@id\":\"https:\\\/\\\/bornholm.info\\\/de\\\/vare\\\/karabinerhaken-schluesselbund-bornholm\\\/#primaryimage\"},\"image\":{\"@id\":\"https:\\\/\\\/bornholm.info\\\/de\\\/vare\\\/karabinerhaken-schluesselbund-bornholm\\\/#primaryimage\"},\"thumbnailUrl\":\"https:\\\/\\\/bornholm.info\\\/wp-content\\\/media\\\/2017\\\/08\\\/karabinhage-noeglering-bornholm-e1503050417421.jpg\",\"datePublished\":\"2017-08-18T10:08:06+00:00\",\"dateModified\":\"2021-08-28T12:10:41+00:00\",\"breadcrumb\":{\"@id\":\"https:\\\/\\\/bornholm.info\\\/de\\\/vare\\\/karabinerhaken-schluesselbund-bornholm\\\/#breadcrumb\"},\"inLanguage\":\"de\",\"potentialAction\":[{\"@type\":\"ReadAction\",\"target\":[\"https:\\\/\\\/bornholm.info\\\/de\\\/vare\\\/karabinerhaken-schluesselbund-bornholm\\\/\"]}]},{\"@type\":\"ImageObject\",\"inLanguage\":\"de\",\"@id\":\"https:\\\/\\\/bornholm.info\\\/de\\\/vare\\\/karabinerhaken-schluesselbund-bornholm\\\/#primaryimage\",\"url\":\"https:\\\/\\\/bornholm.info\\\/wp-content\\\/media\\\/2017\\\/08\\\/karabinhage-noeglering-bornholm-e1503050417421.jpg\",\"contentUrl\":\"https:\\\/\\\/bornholm.info\\\/wp-content\\\/media\\\/2017\\\/08\\\/karabinhage-noeglering-bornholm-e1503050417421.jpg\",\"width\":600,\"height\":555},{\"@type\":\"BreadcrumbList\",\"@id\":\"https:\\\/\\\/bornholm.info\\\/de\\\/vare\\\/karabinerhaken-schluesselbund-bornholm\\\/#breadcrumb\",\"itemListElement\":[{\"@type\":\"ListItem\",\"position\":1,\"name\":\"Home\",\"item\":\"https:\\\/\\\/bornholm.info\\\/de\\\/\"},{\"@type\":\"ListItem\",\"position\":2,\"name\":\"Webshop\",\"item\":\"https:\\\/\\\/bornholm.info\\\/webshop\\\/\"},{\"@type\":\"ListItem\",\"position\":3,\"name\":\"Karabinerhaken f\u00fcr den Schl\u00fcsselbund mit Bornholmaufschrift\"}]},{\"@type\":\"WebSite\",\"@id\":\"https:\\\/\\\/bornholm.info\\\/de\\\/#website\",\"url\":\"https:\\\/\\\/bornholm.info\\\/de\\\/\",\"name\":\"Destination Bornholm\",\"description\":\"The Official Travel Guide to Bornholm\",\"potentialAction\":[{\"@type\":\"SearchAction\",\"target\":{\"@type\":\"EntryPoint\",\"urlTemplate\":\"https:\\\/\\\/bornholm.info\\\/de\\\/?s={search_term_string}\"},\"query-input\":{\"@type\":\"PropertyValueSpecification\",\"valueRequired\":true,\"valueName\":\"search_term_string\"}}],\"inLanguage\":\"de\"}]}<\/script>\n<!-- \/ Yoast SEO plugin. -->","yoast_head_json":{"title":"Karabinerhaken f\u00fcr den Schl\u00fcsselbund mit Bornholmaufschrift - Destination Bornholm","robots":{"index":"index","follow":"follow","max-snippet":"max-snippet:-1","max-image-preview":"max-image-preview:large","max-video-preview":"max-video-preview:-1"},"canonical":"https:\/\/bornholm.info\/de\/vare\/karabinerhaken-schluesselbund-bornholm\/","og_locale":"de_DE","og_type":"article","og_title":"Karabinerhaken f\u00fcr den Schl\u00fcsselbund mit Bornholmaufschrift - Destination Bornholm","og_description":"Sch\u00f6ner Karabinerhaken mit der Aufschrift \"Bornholm\" in rot oder blau.","og_url":"https:\/\/bornholm.info\/de\/vare\/karabinerhaken-schluesselbund-bornholm\/","og_site_name":"Destination Bornholm","article_publisher":"https:\/\/www.facebook.com\/bornholminfo","article_modified_time":"2021-08-28T12:10:41+00:00","og_image":[{"width":600,"height":555,"url":"https:\/\/bornholm.info\/wp-content\/media\/2017\/08\/karabinhage-noeglering-bornholm-e1503050417421.jpg","type":"image\/jpeg"}],"twitter_card":"summary_large_image","schema":{"@context":"https:\/\/schema.org","@graph":[{"@type":"WebPage","@id":"https:\/\/bornholm.info\/de\/vare\/karabinerhaken-schluesselbund-bornholm\/","url":"https:\/\/bornholm.info\/de\/vare\/karabinerhaken-schluesselbund-bornholm\/","name":"Karabinerhaken f\u00fcr den Schl\u00fcsselbund mit Bornholmaufschrift - Destination Bornholm","isPartOf":{"@id":"https:\/\/bornholm.info\/de\/#website"},"primaryImageOfPage":{"@id":"https:\/\/bornholm.info\/de\/vare\/karabinerhaken-schluesselbund-bornholm\/#primaryimage"},"image":{"@id":"https:\/\/bornholm.info\/de\/vare\/karabinerhaken-schluesselbund-bornholm\/#primaryimage"},"thumbnailUrl":"https:\/\/bornholm.info\/wp-content\/media\/2017\/08\/karabinhage-noeglering-bornholm-e1503050417421.jpg","datePublished":"2017-08-18T10:08:06+00:00","dateModified":"2021-08-28T12:10:41+00:00","breadcrumb":{"@id":"https:\/\/bornholm.info\/de\/vare\/karabinerhaken-schluesselbund-bornholm\/#breadcrumb"},"inLanguage":"de","potentialAction":[{"@type":"ReadAction","target":["https:\/\/bornholm.info\/de\/vare\/karabinerhaken-schluesselbund-bornholm\/"]}]},{"@type":"ImageObject","inLanguage":"de","@id":"https:\/\/bornholm.info\/de\/vare\/karabinerhaken-schluesselbund-bornholm\/#primaryimage","url":"https:\/\/bornholm.info\/wp-content\/media\/2017\/08\/karabinhage-noeglering-bornholm-e1503050417421.jpg","contentUrl":"https:\/\/bornholm.info\/wp-content\/media\/2017\/08\/karabinhage-noeglering-bornholm-e1503050417421.jpg","width":600,"height":555},{"@type":"BreadcrumbList","@id":"https:\/\/bornholm.info\/de\/vare\/karabinerhaken-schluesselbund-bornholm\/#breadcrumb","itemListElement":[{"@type":"ListItem","position":1,"name":"Home","item":"https:\/\/bornholm.info\/de\/"},{"@type":"ListItem","position":2,"name":"Webshop","item":"https:\/\/bornholm.info\/webshop\/"},{"@type":"ListItem","position":3,"name":"Karabinerhaken f\u00fcr den Schl\u00fcsselbund mit Bornholmaufschrift"}]},{"@type":"WebSite","@id":"https:\/\/bornholm.info\/de\/#website","url":"https:\/\/bornholm.info\/de\/","name":"Destination Bornholm","description":"The Official Travel Guide to Bornholm","potentialAction":[{"@type":"SearchAction","target":{"@type":"EntryPoint","urlTemplate":"https:\/\/bornholm.info\/de\/?s={search_term_string}"},"query-input":{"@type":"PropertyValueSpecification","valueRequired":true,"valueName":"search_term_string"}}],"inLanguage":"de"}]}},"_links":{"self":[{"href":"https:\/\/bornholm.info\/de\/wp-json\/wp\/v2\/product\/11395","targetHints":{"allow":["GET"]}}],"collection":[{"href":"https:\/\/bornholm.info\/de\/wp-json\/wp\/v2\/product"}],"about":[{"href":"https:\/\/bornholm.info\/de\/wp-json\/wp\/v2\/types\/product"}],"wp:featuredmedia":[{"embeddable":true,"href":"https:\/\/bornholm.info\/de\/wp-json\/wp\/v2\/media\/11396"}],"wp:attachment":[{"href":"https:\/\/bornholm.info\/de\/wp-json\/wp\/v2\/media?parent=11395"}],"wp:term":[{"taxonomy":"product_brand","embeddable":true,"href":"https:\/\/bornholm.info\/de\/wp-json\/wp\/v2\/product_brand?post=11395"},{"taxonomy":"product_cat","embeddable":true,"href":"https:\/\/bornholm.info\/de\/wp-json\/wp\/v2\/product_cat?post=11395"},{"taxonomy":"product_tag","embeddable":true,"href":"https:\/\/bornholm.info\/de\/wp-json\/wp\/v2\/product_tag?post=11395"}],"curies":[{"name":"wp","href":"https:\/\/api.w.org\/{rel}","templated":true}]}}