{"id":9848,"date":"2024-04-03T07:00:57","date_gmt":"2024-04-03T05:00:57","guid":{"rendered":"https:\/\/bornholm.info\/svaneke\/"},"modified":"2024-04-03T07:12:56","modified_gmt":"2024-04-03T05:12:56","slug":"svaneke","status":"publish","type":"page","link":"https:\/\/bornholm.info\/de\/svaneke\/","title":{"rendered":"Svaneke"},"content":{"rendered":"<div id=\"bornh-993154958\" class=\"bornh-before-content-paa-lost-password-siden\"><a data-no-instant=\"1\" href=\"https:\/\/www.youtube.com\/channel\/UC2ZVDESONJ4EaIHaoeKngsw\" rel=\"noopener nofollow\" class=\"a2t-link\" target=\"_blank\" aria-label=\"youtube_300x250_annonce\"><img loading=\"lazy\" decoding=\"async\" src=\"https:\/\/bornholm.info\/wp-content\/media\/2017\/07\/youtube_300x250_annonce.jpg\" alt=\"\"  width=\"300\" height=\"250\"   \/><\/a><\/div>","protected":false},"excerpt":{"rendered":"","protected":false},"author":25,"featured_media":0,"parent":0,"menu_order":0,"comment_status":"closed","ping_status":"closed","template":"template-parts\/thema.php","meta":{"_acf_changed":false,"footnotes":""},"class_list":["post-9848","page","type-page","status-publish","hentry","kategory-attraktionen","kategory-guides-de","tag-svaneke-de"],"acf":[],"yoast_head":"<!-- This site is optimized with the Yoast SEO plugin v27.2 - https:\/\/yoast.com\/product\/yoast-seo-wordpress\/ -->\n<title>Erlebt Svaneke - Ein absolutes \u00abmust see\u00bb<\/title>\n<meta name=\"description\" content=\"D\u00e4nemarks sch\u00f6nste Kaufstadt Svaneke liegt an der Ostk\u00fcste Bornholms. Heute ist die Stadt vor allem f\u00fcr seine guten Restaurants, Gourmet und frische Rohwaren bekannt.\" \/>\n<meta name=\"robots\" content=\"index, follow, max-snippet:-1, max-image-preview:large, max-video-preview:-1\" \/>\n<link rel=\"canonical\" href=\"https:\/\/bornholm.info\/de\/svaneke\/\" \/>\n<meta property=\"og:locale\" content=\"de_DE\" \/>\n<meta property=\"og:type\" content=\"article\" \/>\n<meta property=\"og:title\" content=\"Bes\u00f8g Danmarks smukkeste k\u00f8bstad Svaneke - oplev mad og gourmet\" \/>\n<meta property=\"og:description\" content=\"Danmarks smukkeste k\u00f8bstad Svaneke ligger p\u00e5 Bornholms \u00f8stkyst. Den er i dag kendt for gode spisesteder, l\u00e6kker gourmet og friske f\u00f8devarer.\" \/>\n<meta property=\"og:url\" content=\"https:\/\/bornholm.info\/de\/svaneke\/\" \/>\n<meta property=\"og:site_name\" content=\"Destination Bornholm\" \/>\n<meta property=\"article:publisher\" content=\"https:\/\/www.facebook.com\/bornholminfo\" \/>\n<meta property=\"article:modified_time\" content=\"2024-04-03T05:12:56+00:00\" \/>\n<meta property=\"og:image\" content=\"https:\/\/bornholm.info\/wp-content\/media\/2021\/08\/billede-svaneke-1920x830-lowres.jpg\" \/>\n<meta name=\"twitter:card\" content=\"summary_large_image\" \/>\n<meta name=\"twitter:title\" content=\"Bes\u00f8g Danmarks smukkeste k\u00f8bstad Svaneke - oplev mad og gourmet\" \/>\n<meta name=\"twitter:description\" content=\"Danmarks smukkeste k\u00f8bstad Svaneke ligger p\u00e5 Bornholms \u00f8stkyst. Den er i dag kendt for gode spisesteder, l\u00e6kker gourmet og friske f\u00f8devarer.\" \/>\n<meta name=\"twitter:image\" content=\"https:\/\/bornholm.info\/wp-content\/media\/2021\/08\/billede-svaneke-1920x830-lowres.jpg\" \/>\n<script type=\"application\/ld+json\" class=\"yoast-schema-graph\">{\"@context\":\"https:\/\/schema.org\",\"@graph\":[{\"@type\":\"WebPage\",\"@id\":\"https:\/\/bornholm.info\/de\/svaneke\/\",\"url\":\"https:\/\/bornholm.info\/de\/svaneke\/\",\"name\":\"Erlebt Svaneke - Ein absolutes \u00abmust see\u00bb\",\"isPartOf\":{\"@id\":\"https:\/\/bornholm.info\/de\/#website\"},\"datePublished\":\"2024-04-03T05:00:57+00:00\",\"dateModified\":\"2024-04-03T05:12:56+00:00\",\"description\":\"D\u00e4nemarks sch\u00f6nste Kaufstadt Svaneke liegt an der Ostk\u00fcste Bornholms. Heute ist die Stadt vor allem f\u00fcr seine guten Restaurants, Gourmet und frische Rohwaren bekannt.\",\"breadcrumb\":{\"@id\":\"https:\/\/bornholm.info\/de\/svaneke\/#breadcrumb\"},\"inLanguage\":\"de\",\"potentialAction\":[{\"@type\":\"ReadAction\",\"target\":[\"https:\/\/bornholm.info\/de\/svaneke\/\"]}]},{\"@type\":\"BreadcrumbList\",\"@id\":\"https:\/\/bornholm.info\/de\/svaneke\/#breadcrumb\",\"itemListElement\":[{\"@type\":\"ListItem\",\"position\":1,\"name\":\"Home\",\"item\":\"https:\/\/bornholm.info\/de\/\"},{\"@type\":\"ListItem\",\"position\":2,\"name\":\"Svaneke\"}]},{\"@type\":\"WebSite\",\"@id\":\"https:\/\/bornholm.info\/de\/#website\",\"url\":\"https:\/\/bornholm.info\/de\/\",\"name\":\"Destination Bornholm\",\"description\":\"The Official Travel Guide to Bornholm\",\"potentialAction\":[{\"@type\":\"SearchAction\",\"target\":{\"@type\":\"EntryPoint\",\"urlTemplate\":\"https:\/\/bornholm.info\/de\/?s={search_term_string}\"},\"query-input\":{\"@type\":\"PropertyValueSpecification\",\"valueRequired\":true,\"valueName\":\"search_term_string\"}}],\"inLanguage\":\"de\"}]}<\/script>\n<!-- \/ Yoast SEO plugin. -->","yoast_head_json":{"title":"Erlebt Svaneke - Ein absolutes \u00abmust see\u00bb","description":"D\u00e4nemarks sch\u00f6nste Kaufstadt Svaneke liegt an der Ostk\u00fcste Bornholms. Heute ist die Stadt vor allem f\u00fcr seine guten Restaurants, Gourmet und frische Rohwaren bekannt.","robots":{"index":"index","follow":"follow","max-snippet":"max-snippet:-1","max-image-preview":"max-image-preview:large","max-video-preview":"max-video-preview:-1"},"canonical":"https:\/\/bornholm.info\/de\/svaneke\/","og_locale":"de_DE","og_type":"article","og_title":"Bes\u00f8g Danmarks smukkeste k\u00f8bstad Svaneke - oplev mad og gourmet","og_description":"Danmarks smukkeste k\u00f8bstad Svaneke ligger p\u00e5 Bornholms \u00f8stkyst. Den er i dag kendt for gode spisesteder, l\u00e6kker gourmet og friske f\u00f8devarer.","og_url":"https:\/\/bornholm.info\/de\/svaneke\/","og_site_name":"Destination Bornholm","article_publisher":"https:\/\/www.facebook.com\/bornholminfo","article_modified_time":"2024-04-03T05:12:56+00:00","og_image":[{"url":"https:\/\/bornholm.info\/wp-content\/media\/2021\/08\/billede-svaneke-1920x830-lowres.jpg","type":"","width":"","height":""}],"twitter_card":"summary_large_image","twitter_title":"Bes\u00f8g Danmarks smukkeste k\u00f8bstad Svaneke - oplev mad og gourmet","twitter_description":"Danmarks smukkeste k\u00f8bstad Svaneke ligger p\u00e5 Bornholms \u00f8stkyst. Den er i dag kendt for gode spisesteder, l\u00e6kker gourmet og friske f\u00f8devarer.","twitter_image":"https:\/\/bornholm.info\/wp-content\/media\/2021\/08\/billede-svaneke-1920x830-lowres.jpg","schema":{"@context":"https:\/\/schema.org","@graph":[{"@type":"WebPage","@id":"https:\/\/bornholm.info\/de\/svaneke\/","url":"https:\/\/bornholm.info\/de\/svaneke\/","name":"Erlebt Svaneke - Ein absolutes \u00abmust see\u00bb","isPartOf":{"@id":"https:\/\/bornholm.info\/de\/#website"},"datePublished":"2024-04-03T05:00:57+00:00","dateModified":"2024-04-03T05:12:56+00:00","description":"D\u00e4nemarks sch\u00f6nste Kaufstadt Svaneke liegt an der Ostk\u00fcste Bornholms. Heute ist die Stadt vor allem f\u00fcr seine guten Restaurants, Gourmet und frische Rohwaren bekannt.","breadcrumb":{"@id":"https:\/\/bornholm.info\/de\/svaneke\/#breadcrumb"},"inLanguage":"de","potentialAction":[{"@type":"ReadAction","target":["https:\/\/bornholm.info\/de\/svaneke\/"]}]},{"@type":"BreadcrumbList","@id":"https:\/\/bornholm.info\/de\/svaneke\/#breadcrumb","itemListElement":[{"@type":"ListItem","position":1,"name":"Home","item":"https:\/\/bornholm.info\/de\/"},{"@type":"ListItem","position":2,"name":"Svaneke"}]},{"@type":"WebSite","@id":"https:\/\/bornholm.info\/de\/#website","url":"https:\/\/bornholm.info\/de\/","name":"Destination Bornholm","description":"The Official Travel Guide to Bornholm","potentialAction":[{"@type":"SearchAction","target":{"@type":"EntryPoint","urlTemplate":"https:\/\/bornholm.info\/de\/?s={search_term_string}"},"query-input":{"@type":"PropertyValueSpecification","valueRequired":true,"valueName":"search_term_string"}}],"inLanguage":"de"}]}},"_links":{"self":[{"href":"https:\/\/bornholm.info\/de\/wp-json\/wp\/v2\/pages\/9848","targetHints":{"allow":["GET"]}}],"collection":[{"href":"https:\/\/bornholm.info\/de\/wp-json\/wp\/v2\/pages"}],"about":[{"href":"https:\/\/bornholm.info\/de\/wp-json\/wp\/v2\/types\/page"}],"author":[{"embeddable":true,"href":"https:\/\/bornholm.info\/de\/wp-json\/wp\/v2\/users\/25"}],"replies":[{"embeddable":true,"href":"https:\/\/bornholm.info\/de\/wp-json\/wp\/v2\/comments?post=9848"}],"version-history":[{"count":5,"href":"https:\/\/bornholm.info\/de\/wp-json\/wp\/v2\/pages\/9848\/revisions"}],"predecessor-version":[{"id":2158345,"href":"https:\/\/bornholm.info\/de\/wp-json\/wp\/v2\/pages\/9848\/revisions\/2158345"}],"wp:attachment":[{"href":"https:\/\/bornholm.info\/de\/wp-json\/wp\/v2\/media?parent=9848"}],"curies":[{"name":"wp","href":"https:\/\/api.w.org\/{rel}","templated":true}]}}