{"id":9787,"date":"2025-03-14T15:00:23","date_gmt":"2025-03-14T14:00:23","guid":{"rendered":"https:\/\/bornholm.info\/forside-efteraar\/"},"modified":"2025-05-30T15:00:52","modified_gmt":"2025-05-30T13:00:52","slug":"bornholm-info-de","status":"publish","type":"page","link":"https:\/\/bornholm.info\/de\/","title":{"rendered":"Startseite"},"content":{"rendered":"<div id=\"bornh-470760449\" class=\"bornh-before-content-paa-lost-password-siden bornh-entity-placement\"><a data-no-instant=\"1\" href=\"https:\/\/www.youtube.com\/channel\/UC2ZVDESONJ4EaIHaoeKngsw\" rel=\"noopener nofollow\" class=\"a2t-link\" target=\"_blank\" aria-label=\"youtube_300x250_annonce\"><img loading=\"lazy\" decoding=\"async\" src=\"https:\/\/bornholm.info\/wp-content\/media\/2017\/07\/youtube_300x250_annonce.jpg\" alt=\"\"  width=\"300\" height=\"250\"   \/><\/a><\/div>","protected":false},"excerpt":{"rendered":"","protected":false},"author":25,"featured_media":0,"parent":0,"menu_order":0,"comment_status":"closed","ping_status":"closed","template":"template-parts\/front-page.php","meta":{"_acf_changed":false,"footnotes":""},"class_list":["post-9787","page","type-page","status-publish","hentry"],"acf":[],"yoast_head":"<!-- This site is optimized with the Yoast SEO plugin v27.4 - https:\/\/yoast.com\/product\/yoast-seo-wordpress\/ -->\n<title>Bornholm Urlaub: Dein offizieller Reiseguide | Destination Bornholm<\/title>\n<meta name=\"description\" content=\"Plane deinen Bornholm Urlaub mit unserem offiziellen Reiseguide. Entdecke Sehensw\u00fcrdigkeiten, Str\u00e4nde, Restaurants &amp; Unterk\u00fcnfte f\u00fcr dein n\u00e4chstes Abenteuer \u2013 alles an einem Ort!\" \/>\n<meta name=\"robots\" content=\"index, follow, max-snippet:-1, max-image-preview:large, max-video-preview:-1\" \/>\n<link rel=\"canonical\" href=\"https:\/\/bornholm.info\/de\/\" \/>\n<meta property=\"og:locale\" content=\"de_DE\" \/>\n<meta property=\"og:type\" content=\"article\" \/>\n<meta property=\"og:title\" content=\"Der offizielle Reiseguide f\u00fcr Bornholm\" \/>\n<meta property=\"og:description\" content=\"bornholm.info ist Euer offizieller Guide zur Insel Bornholm. Alles, was Ihr f\u00fcr Urlaub und Reise zur Perle der Ostsee ben\u00f6tigt.\" \/>\n<meta property=\"og:url\" content=\"https:\/\/bornholm.info\/de\/\" \/>\n<meta property=\"og:site_name\" content=\"Destination Bornholm\" \/>\n<meta property=\"article:publisher\" content=\"https:\/\/www.facebook.com\/bornholminfo\" \/>\n<meta property=\"article:modified_time\" content=\"2025-05-30T13:00:52+00:00\" \/>\n<meta property=\"og:image\" content=\"https:\/\/bornholm.info\/wp-content\/media\/2019\/03\/par_vinter_kyst_hav_klipper_1750x800.jpg\" \/>\n\t<meta property=\"og:image:width\" content=\"1750\" \/>\n\t<meta property=\"og:image:height\" content=\"800\" \/>\n\t<meta property=\"og:image:type\" content=\"image\/jpeg\" \/>\n<meta name=\"twitter:card\" content=\"summary_large_image\" \/>\n<meta name=\"twitter:title\" content=\"Der offizielle Reiseguide f\u00fcr Bornholm\" \/>\n<meta name=\"twitter:description\" content=\"bornholm.info ist Euer offizieller Guide zur Insel Bornholm. Alles, was Ihr f\u00fcr Urlaub und Reise zur Perle der Ostsee ben\u00f6tigt.\" \/>\n<meta name=\"twitter:image\" content=\"https:\/\/bornholm.info\/wp-content\/media\/2018\/05\/sommer_listed-mikegroenbech-dam.jpg\" \/>\n<script type=\"application\/ld+json\" class=\"yoast-schema-graph\">{\"@context\":\"https:\\\/\\\/schema.org\",\"@graph\":[{\"@type\":\"WebPage\",\"@id\":\"https:\\\/\\\/bornholm.info\\\/de\\\/\",\"url\":\"https:\\\/\\\/bornholm.info\\\/de\\\/\",\"name\":\"Bornholm Urlaub: Dein offizieller Reiseguide | Destination Bornholm\",\"isPartOf\":{\"@id\":\"https:\\\/\\\/bornholm.info\\\/de\\\/#website\"},\"datePublished\":\"2025-03-14T14:00:23+00:00\",\"dateModified\":\"2025-05-30T13:00:52+00:00\",\"description\":\"Plane deinen Bornholm Urlaub mit unserem offiziellen Reiseguide. Entdecke Sehensw\u00fcrdigkeiten, Str\u00e4nde, Restaurants & Unterk\u00fcnfte f\u00fcr dein n\u00e4chstes Abenteuer \u2013 alles an einem Ort!\",\"breadcrumb\":{\"@id\":\"https:\\\/\\\/bornholm.info\\\/de\\\/#breadcrumb\"},\"inLanguage\":\"de\",\"potentialAction\":[{\"@type\":\"ReadAction\",\"target\":[\"https:\\\/\\\/bornholm.info\\\/de\\\/\"]}]},{\"@type\":\"BreadcrumbList\",\"@id\":\"https:\\\/\\\/bornholm.info\\\/de\\\/#breadcrumb\",\"itemListElement\":[{\"@type\":\"ListItem\",\"position\":1,\"name\":\"Home\",\"item\":\"https:\\\/\\\/bornholm.info\\\/de\\\/\"},{\"@type\":\"ListItem\",\"position\":2,\"name\":\"Startseite\"}]},{\"@type\":\"WebSite\",\"@id\":\"https:\\\/\\\/bornholm.info\\\/de\\\/#website\",\"url\":\"https:\\\/\\\/bornholm.info\\\/de\\\/\",\"name\":\"Destination Bornholm\",\"description\":\"The Official Travel Guide to Bornholm\",\"potentialAction\":[{\"@type\":\"SearchAction\",\"target\":{\"@type\":\"EntryPoint\",\"urlTemplate\":\"https:\\\/\\\/bornholm.info\\\/de\\\/?s={search_term_string}\"},\"query-input\":{\"@type\":\"PropertyValueSpecification\",\"valueRequired\":true,\"valueName\":\"search_term_string\"}}],\"inLanguage\":\"de\"}]}<\/script>\n<!-- \/ Yoast SEO plugin. -->","yoast_head_json":{"title":"Bornholm Urlaub: Dein offizieller Reiseguide | Destination Bornholm","description":"Plane deinen Bornholm Urlaub mit unserem offiziellen Reiseguide. Entdecke Sehensw\u00fcrdigkeiten, Str\u00e4nde, Restaurants & Unterk\u00fcnfte f\u00fcr dein n\u00e4chstes Abenteuer \u2013 alles an einem Ort!","robots":{"index":"index","follow":"follow","max-snippet":"max-snippet:-1","max-image-preview":"max-image-preview:large","max-video-preview":"max-video-preview:-1"},"canonical":"https:\/\/bornholm.info\/de\/","og_locale":"de_DE","og_type":"article","og_title":"Der offizielle Reiseguide f\u00fcr Bornholm","og_description":"bornholm.info ist Euer offizieller Guide zur Insel Bornholm. Alles, was Ihr f\u00fcr Urlaub und Reise zur Perle der Ostsee ben\u00f6tigt.","og_url":"https:\/\/bornholm.info\/de\/","og_site_name":"Destination Bornholm","article_publisher":"https:\/\/www.facebook.com\/bornholminfo","article_modified_time":"2025-05-30T13:00:52+00:00","og_image":[{"width":1750,"height":800,"url":"https:\/\/bornholm.info\/wp-content\/media\/2019\/03\/par_vinter_kyst_hav_klipper_1750x800.jpg","type":"image\/jpeg"}],"twitter_card":"summary_large_image","twitter_title":"Der offizielle Reiseguide f\u00fcr Bornholm","twitter_description":"bornholm.info ist Euer offizieller Guide zur Insel Bornholm. Alles, was Ihr f\u00fcr Urlaub und Reise zur Perle der Ostsee ben\u00f6tigt.","twitter_image":"https:\/\/bornholm.info\/wp-content\/media\/2018\/05\/sommer_listed-mikegroenbech-dam.jpg","schema":{"@context":"https:\/\/schema.org","@graph":[{"@type":"WebPage","@id":"https:\/\/bornholm.info\/de\/","url":"https:\/\/bornholm.info\/de\/","name":"Bornholm Urlaub: Dein offizieller Reiseguide | Destination Bornholm","isPartOf":{"@id":"https:\/\/bornholm.info\/de\/#website"},"datePublished":"2025-03-14T14:00:23+00:00","dateModified":"2025-05-30T13:00:52+00:00","description":"Plane deinen Bornholm Urlaub mit unserem offiziellen Reiseguide. Entdecke Sehensw\u00fcrdigkeiten, Str\u00e4nde, Restaurants & Unterk\u00fcnfte f\u00fcr dein n\u00e4chstes Abenteuer \u2013 alles an einem Ort!","breadcrumb":{"@id":"https:\/\/bornholm.info\/de\/#breadcrumb"},"inLanguage":"de","potentialAction":[{"@type":"ReadAction","target":["https:\/\/bornholm.info\/de\/"]}]},{"@type":"BreadcrumbList","@id":"https:\/\/bornholm.info\/de\/#breadcrumb","itemListElement":[{"@type":"ListItem","position":1,"name":"Home","item":"https:\/\/bornholm.info\/de\/"},{"@type":"ListItem","position":2,"name":"Startseite"}]},{"@type":"WebSite","@id":"https:\/\/bornholm.info\/de\/#website","url":"https:\/\/bornholm.info\/de\/","name":"Destination Bornholm","description":"The Official Travel Guide to Bornholm","potentialAction":[{"@type":"SearchAction","target":{"@type":"EntryPoint","urlTemplate":"https:\/\/bornholm.info\/de\/?s={search_term_string}"},"query-input":{"@type":"PropertyValueSpecification","valueRequired":true,"valueName":"search_term_string"}}],"inLanguage":"de"}]}},"_links":{"self":[{"href":"https:\/\/bornholm.info\/de\/wp-json\/wp\/v2\/pages\/9787","targetHints":{"allow":["GET"]}}],"collection":[{"href":"https:\/\/bornholm.info\/de\/wp-json\/wp\/v2\/pages"}],"about":[{"href":"https:\/\/bornholm.info\/de\/wp-json\/wp\/v2\/types\/page"}],"author":[{"embeddable":true,"href":"https:\/\/bornholm.info\/de\/wp-json\/wp\/v2\/users\/25"}],"replies":[{"embeddable":true,"href":"https:\/\/bornholm.info\/de\/wp-json\/wp\/v2\/comments?post=9787"}],"version-history":[{"count":5,"href":"https:\/\/bornholm.info\/de\/wp-json\/wp\/v2\/pages\/9787\/revisions"}],"predecessor-version":[{"id":2265112,"href":"https:\/\/bornholm.info\/de\/wp-json\/wp\/v2\/pages\/9787\/revisions\/2265112"}],"wp:attachment":[{"href":"https:\/\/bornholm.info\/de\/wp-json\/wp\/v2\/media?parent=9787"}],"curies":[{"name":"wp","href":"https:\/\/api.w.org\/{rel}","templated":true}]}}