{"id":9285,"date":"2026-02-17T13:15:57","date_gmt":"2026-02-17T12:15:57","guid":{"rendered":"https:\/\/bornholm.info\/outdoor\/"},"modified":"2026-02-27T10:12:30","modified_gmt":"2026-02-27T09:12:30","slug":"outdoor","status":"publish","type":"page","link":"https:\/\/bornholm.info\/de\/outdoor\/","title":{"rendered":"Outdoor und Aktivurlaub auf Bornholm"},"content":{"rendered":"<div id=\"bornh-1256502740\" class=\"bornh-before-content-paa-lost-password-siden\"><a data-no-instant=\"1\" href=\"https:\/\/www.youtube.com\/channel\/UC2ZVDESONJ4EaIHaoeKngsw\" rel=\"noopener nofollow\" class=\"a2t-link\" target=\"_blank\" aria-label=\"youtube_300x250_annonce\"><img loading=\"lazy\" decoding=\"async\" src=\"https:\/\/bornholm.info\/wp-content\/media\/2017\/07\/youtube_300x250_annonce.jpg\" alt=\"\"  width=\"300\" height=\"250\"   \/><\/a><\/div>","protected":false},"excerpt":{"rendered":"","protected":false},"author":9,"featured_media":0,"parent":0,"menu_order":0,"comment_status":"closed","ping_status":"closed","template":"template-parts\/thema.php","meta":{"_acf_changed":false,"footnotes":""},"class_list":["post-9285","page","type-page","status-publish","hentry","kategory-attraktionen","kategory-guides-de","kategory-outdoor-de","tag-aakirkeby-de","tag-christihimmelfahrt","tag-ferienzeiten","tag-fitness-de","tag-fruehling","tag-ganze-insel","tag-grosser-bettag","tag-herbst","tag-ostern","tag-outdoor-de","tag-pfingsten","tag-sommer-de","tag-spaetsommer"],"acf":[],"yoast_head":"<!-- This site is optimized with the Yoast SEO plugin v27.2 - https:\/\/yoast.com\/product\/yoast-seo-wordpress\/ -->\n<title>Outdoor und Aktivurlaub auf Bornholm \u2013 Natur und unvergessliche Erlebnisse<\/title>\n<meta name=\"description\" content=\"Erlebt Bornholm von seiner abenteuerlichsten Seite. Entdeckt die vielf\u00e4ltigen Outdoor-Aktivit\u00e4ten der Insel \u2013 von entspannten Wanderungen bis hin zu adrenalinhaltigen Erlebnissen wie Felsklettern und Surfen.Kommt nach Bornholm und genie\u00dft einen aktiven Urlaub inmitten der Natur.\" \/>\n<meta name=\"robots\" content=\"index, follow, max-snippet:-1, max-image-preview:large, max-video-preview:-1\" \/>\n<link rel=\"canonical\" href=\"https:\/\/bornholm.info\/de\/outdoor\/\" \/>\n<meta property=\"og:locale\" content=\"de_DE\" \/>\n<meta property=\"og:type\" content=\"article\" \/>\n<meta property=\"og:title\" content=\"Willkommen zu vielf\u00e4ltigen Outdoor und Aktivurlaub auf Bornholm\" \/>\n<meta property=\"og:description\" content=\"Kommen Sie nach Bornholm und genie\u00dfen Sie aktiven Urlaub. Bornholm ist der beste Ort in ganz D\u00e4nemark f\u00fcr Outdoor-Aktivit\u00e4ten.\" \/>\n<meta property=\"og:url\" content=\"https:\/\/bornholm.info\/de\/outdoor\/\" \/>\n<meta property=\"og:site_name\" content=\"Destination Bornholm\" \/>\n<meta property=\"article:publisher\" content=\"https:\/\/www.facebook.com\/bornholminfo\" \/>\n<meta property=\"article:modified_time\" content=\"2026-02-27T09:12:30+00:00\" \/>\n<meta property=\"og:image\" content=\"https:\/\/bornholm.info\/wp-content\/media\/2019\/05\/billede-outdoor-kajak-1920x830-lowres-med-maerkat-2.jpg\" \/>\n\t<meta property=\"og:image:width\" content=\"1800\" \/>\n\t<meta property=\"og:image:height\" content=\"830\" \/>\n\t<meta property=\"og:image:type\" content=\"image\/jpeg\" \/>\n<meta name=\"twitter:card\" content=\"summary_large_image\" \/>\n<meta name=\"twitter:title\" content=\"Willkommen zu vielf\u00e4ltigen Outdoor und Aktivurlaub auf Bornholm\" \/>\n<meta name=\"twitter:description\" content=\"Kommen Sie nach Bornholm und genie\u00dfen Sie aktiven Urlaub. Bornholm ist der beste Ort in ganz D\u00e4nemark f\u00fcr Outdoor-Aktivit\u00e4ten.\" \/>\n<meta name=\"twitter:image\" content=\"https:\/\/bornholm.info\/wp-content\/media\/2019\/05\/billede-outdoor-kajak-1920x830-lowres-med-maerkat-2.jpg\" \/>\n<script type=\"application\/ld+json\" class=\"yoast-schema-graph\">{\"@context\":\"https:\/\/schema.org\",\"@graph\":[{\"@type\":\"WebPage\",\"@id\":\"https:\/\/bornholm.info\/de\/outdoor\/\",\"url\":\"https:\/\/bornholm.info\/de\/outdoor\/\",\"name\":\"Outdoor und Aktivurlaub auf Bornholm \u2013 Natur und unvergessliche Erlebnisse\",\"isPartOf\":{\"@id\":\"https:\/\/bornholm.info\/de\/#website\"},\"datePublished\":\"2026-02-17T12:15:57+00:00\",\"dateModified\":\"2026-02-27T09:12:30+00:00\",\"description\":\"Erlebt Bornholm von seiner abenteuerlichsten Seite. Entdeckt die vielf\u00e4ltigen Outdoor-Aktivit\u00e4ten der Insel \u2013 von entspannten Wanderungen bis hin zu adrenalinhaltigen Erlebnissen wie Felsklettern und Surfen.Kommt nach Bornholm und genie\u00dft einen aktiven Urlaub inmitten der Natur.\",\"breadcrumb\":{\"@id\":\"https:\/\/bornholm.info\/de\/outdoor\/#breadcrumb\"},\"inLanguage\":\"de\",\"potentialAction\":[{\"@type\":\"ReadAction\",\"target\":[\"https:\/\/bornholm.info\/de\/outdoor\/\"]}]},{\"@type\":\"BreadcrumbList\",\"@id\":\"https:\/\/bornholm.info\/de\/outdoor\/#breadcrumb\",\"itemListElement\":[{\"@type\":\"ListItem\",\"position\":1,\"name\":\"Home\",\"item\":\"https:\/\/bornholm.info\/de\/\"},{\"@type\":\"ListItem\",\"position\":2,\"name\":\"Outdoor und Aktivurlaub auf Bornholm\"}]},{\"@type\":\"WebSite\",\"@id\":\"https:\/\/bornholm.info\/de\/#website\",\"url\":\"https:\/\/bornholm.info\/de\/\",\"name\":\"Destination Bornholm\",\"description\":\"The Official Travel Guide to Bornholm\",\"potentialAction\":[{\"@type\":\"SearchAction\",\"target\":{\"@type\":\"EntryPoint\",\"urlTemplate\":\"https:\/\/bornholm.info\/de\/?s={search_term_string}\"},\"query-input\":{\"@type\":\"PropertyValueSpecification\",\"valueRequired\":true,\"valueName\":\"search_term_string\"}}],\"inLanguage\":\"de\"}]}<\/script>\n<!-- \/ Yoast SEO plugin. -->","yoast_head_json":{"title":"Outdoor und Aktivurlaub auf Bornholm \u2013 Natur und unvergessliche Erlebnisse","description":"Erlebt Bornholm von seiner abenteuerlichsten Seite. Entdeckt die vielf\u00e4ltigen Outdoor-Aktivit\u00e4ten der Insel \u2013 von entspannten Wanderungen bis hin zu adrenalinhaltigen Erlebnissen wie Felsklettern und Surfen.Kommt nach Bornholm und genie\u00dft einen aktiven Urlaub inmitten der Natur.","robots":{"index":"index","follow":"follow","max-snippet":"max-snippet:-1","max-image-preview":"max-image-preview:large","max-video-preview":"max-video-preview:-1"},"canonical":"https:\/\/bornholm.info\/de\/outdoor\/","og_locale":"de_DE","og_type":"article","og_title":"Willkommen zu vielf\u00e4ltigen Outdoor und Aktivurlaub auf Bornholm","og_description":"Kommen Sie nach Bornholm und genie\u00dfen Sie aktiven Urlaub. Bornholm ist der beste Ort in ganz D\u00e4nemark f\u00fcr Outdoor-Aktivit\u00e4ten.","og_url":"https:\/\/bornholm.info\/de\/outdoor\/","og_site_name":"Destination Bornholm","article_publisher":"https:\/\/www.facebook.com\/bornholminfo","article_modified_time":"2026-02-27T09:12:30+00:00","og_image":[{"width":1800,"height":830,"url":"https:\/\/bornholm.info\/wp-content\/media\/2019\/05\/billede-outdoor-kajak-1920x830-lowres-med-maerkat-2.jpg","type":"image\/jpeg"}],"twitter_card":"summary_large_image","twitter_title":"Willkommen zu vielf\u00e4ltigen Outdoor und Aktivurlaub auf Bornholm","twitter_description":"Kommen Sie nach Bornholm und genie\u00dfen Sie aktiven Urlaub. Bornholm ist der beste Ort in ganz D\u00e4nemark f\u00fcr Outdoor-Aktivit\u00e4ten.","twitter_image":"https:\/\/bornholm.info\/wp-content\/media\/2019\/05\/billede-outdoor-kajak-1920x830-lowres-med-maerkat-2.jpg","schema":{"@context":"https:\/\/schema.org","@graph":[{"@type":"WebPage","@id":"https:\/\/bornholm.info\/de\/outdoor\/","url":"https:\/\/bornholm.info\/de\/outdoor\/","name":"Outdoor und Aktivurlaub auf Bornholm \u2013 Natur und unvergessliche Erlebnisse","isPartOf":{"@id":"https:\/\/bornholm.info\/de\/#website"},"datePublished":"2026-02-17T12:15:57+00:00","dateModified":"2026-02-27T09:12:30+00:00","description":"Erlebt Bornholm von seiner abenteuerlichsten Seite. Entdeckt die vielf\u00e4ltigen Outdoor-Aktivit\u00e4ten der Insel \u2013 von entspannten Wanderungen bis hin zu adrenalinhaltigen Erlebnissen wie Felsklettern und Surfen.Kommt nach Bornholm und genie\u00dft einen aktiven Urlaub inmitten der Natur.","breadcrumb":{"@id":"https:\/\/bornholm.info\/de\/outdoor\/#breadcrumb"},"inLanguage":"de","potentialAction":[{"@type":"ReadAction","target":["https:\/\/bornholm.info\/de\/outdoor\/"]}]},{"@type":"BreadcrumbList","@id":"https:\/\/bornholm.info\/de\/outdoor\/#breadcrumb","itemListElement":[{"@type":"ListItem","position":1,"name":"Home","item":"https:\/\/bornholm.info\/de\/"},{"@type":"ListItem","position":2,"name":"Outdoor und Aktivurlaub auf Bornholm"}]},{"@type":"WebSite","@id":"https:\/\/bornholm.info\/de\/#website","url":"https:\/\/bornholm.info\/de\/","name":"Destination Bornholm","description":"The Official Travel Guide to Bornholm","potentialAction":[{"@type":"SearchAction","target":{"@type":"EntryPoint","urlTemplate":"https:\/\/bornholm.info\/de\/?s={search_term_string}"},"query-input":{"@type":"PropertyValueSpecification","valueRequired":true,"valueName":"search_term_string"}}],"inLanguage":"de"}]}},"_links":{"self":[{"href":"https:\/\/bornholm.info\/de\/wp-json\/wp\/v2\/pages\/9285","targetHints":{"allow":["GET"]}}],"collection":[{"href":"https:\/\/bornholm.info\/de\/wp-json\/wp\/v2\/pages"}],"about":[{"href":"https:\/\/bornholm.info\/de\/wp-json\/wp\/v2\/types\/page"}],"author":[{"embeddable":true,"href":"https:\/\/bornholm.info\/de\/wp-json\/wp\/v2\/users\/9"}],"replies":[{"embeddable":true,"href":"https:\/\/bornholm.info\/de\/wp-json\/wp\/v2\/comments?post=9285"}],"version-history":[{"count":5,"href":"https:\/\/bornholm.info\/de\/wp-json\/wp\/v2\/pages\/9285\/revisions"}],"predecessor-version":[{"id":2286427,"href":"https:\/\/bornholm.info\/de\/wp-json\/wp\/v2\/pages\/9285\/revisions\/2286427"}],"wp:attachment":[{"href":"https:\/\/bornholm.info\/de\/wp-json\/wp\/v2\/media?parent=9285"}],"curies":[{"name":"wp","href":"https:\/\/api.w.org\/{rel}","templated":true}]}}