{"id":91967,"date":"2020-07-06T09:00:37","date_gmt":"2020-07-06T09:00:37","guid":{"rendered":"https:\/\/bornholm.info\/?page_id=91967"},"modified":"2020-07-06T09:04:20","modified_gmt":"2020-07-06T09:04:20","slug":"termsandconditions","status":"publish","type":"page","link":"https:\/\/bornholm.info\/de\/webshop\/termsandconditions\/","title":{"rendered":"Verkaufs- und Lieferbedingungen"},"content":{"rendered":"<div id=\"bornh-1314688690\" class=\"bornh-before-content-paa-lost-password-siden\"><a data-no-instant=\"1\" href=\"https:\/\/www.youtube.com\/channel\/UC2ZVDESONJ4EaIHaoeKngsw\" rel=\"noopener nofollow\" class=\"a2t-link\" target=\"_blank\" aria-label=\"youtube_300x250_annonce\"><img loading=\"lazy\" decoding=\"async\" src=\"https:\/\/bornholm.info\/wp-content\/media\/2017\/07\/youtube_300x250_annonce.jpg\" alt=\"\"  width=\"300\" height=\"250\"   \/><\/a><\/div><p>&nbsp;<\/p>\n<p>&nbsp;<\/p>\n<p>&nbsp;<\/p>\n<p>&nbsp;<\/p>\n<p>&nbsp;<\/p>\n<h2>Adresse<\/h2>\n<p>Destination Bornholm<br \/>\nNdr. Kystvej 3<br \/>\n3700 R\u00f8nne<br \/>\nDanmark<br \/>\nCVR: 15 73 17 96<br \/>\nTlf.: 56 95 95 00<br \/>\ninfo@bornholm.info<\/p><div id=\"bornh-299566935\" class=\"bornh-content-2\"><a data-no-instant=\"1\" href=\"https:\/\/www.youtube.com\/channel\/UC2ZVDESONJ4EaIHaoeKngsw\" rel=\"noopener nofollow\" class=\"a2t-link\" target=\"_blank\" aria-label=\"youtube_300x250_annonce\"><img loading=\"lazy\" decoding=\"async\" src=\"https:\/\/bornholm.info\/wp-content\/media\/2017\/07\/youtube_300x250_annonce.jpg\" alt=\"\"  width=\"300\" height=\"250\"   \/><\/a><\/div><div id=\"bornh-2794778031\" class=\"bornh-content-1\"><a data-no-instant=\"1\" href=\"https:\/\/www.facebook.com\/destinationbornholm\" rel=\"noopener nofollow\" class=\"a2t-link\" target=\"_blank\" aria-label=\"facebook_300x250_annonce\"><img loading=\"lazy\" decoding=\"async\" src=\"https:\/\/bornholm.info\/wp-content\/media\/2017\/07\/facebook_300x250_annonce.jpg\" alt=\"\"  width=\"300\" height=\"250\"   \/><\/a><\/div><div id=\"bornh-2423499048\" class=\"bornh-content\"><a data-no-instant=\"1\" href=\"https:\/\/www.instagram.com\/destinationbornholm\/\" rel=\"noopener\" class=\"a2t-link\" target=\"_blank\" aria-label=\"instagram_300x250\"><img loading=\"lazy\" decoding=\"async\" src=\"https:\/\/bornholm.info\/wp-content\/media\/2017\/07\/instagram_300x250.jpg\" alt=\"\"  width=\"300\" height=\"250\"   \/><\/a><\/div>\n<h2>Preise und W\u00e4hrung<\/h2>\n<p>Alle Preise im Webshop auf bornholm.info sind geltende Verkaufspreise in D\u00e4nischen Kronen (DKK) inkl. 25% Merhwertsteuer (moms), aber ohne Geb\u00fchren und Versandkosten, wenn man mit einer Kreditkarte zahlt, die in D\u00e4nemark ausgestellt ist.<\/p>\n<p>Die Preise werden immer in D\u00e4nischen Kronen (DKK) angezeigt, auch wenn der Webshop in Deutsch oder Englisch angezeigt wird. Auch die Transaktionen werden immer in D\u00e4nischen Kronen angezeigt. Ausl\u00e4ndische Kreditkartenaussteller k\u00f6nnen eine Geb\u00fchr f\u00fcr die Valutaumrechnung berechnen. Destination Bornholm hat keinen Einfluss und ist nicht verantwortlich f\u00fcr diese Geb\u00fchren.<\/p>\n<p>Waren, die per Post in ein Nicht-EU-Land verschickt werden, sind von der Mehrwertsteuer befreit. Dies geschieht automatisch im Shop, sobald eines der L\u00e4nder als Versandland gew\u00e4hlt wird. Allerdings kann in diesem Fall eine Zollgeb\u00fchr erhoben werden, f\u00fcr die Destination Bornholm keine Verantwortung \u00fcbernimmt.<\/p>\n<p>Zus\u00e4tzlich zum Warenpreis wird eine Versandgeb\u00fchr erhoben.<\/p>\n<p>Destination Bornholm beh\u00e4lt sich Druckfehler, Aktualisierungsfehler, Preis\u00e4nderungen und ausverkaufte bzw. nicht mehr lieferbare Waren vor.<\/p>\n<h2>Bezahlung<\/h2>\n<p>Privatkunden k\u00f6nnen nur mit Kreditkarte im Webshop auf bornholm.info bezahlen, da Sie als Kunde durch diese Bazahlart am besten abgesichert sind. Diese Karten werden akzeptiert: VISA\/Dankort, VISA, VISA Electron, Mastercard\/Eurocard, Maestro oder JCB.<\/p>\n<p>Wenn Sie mit Kreditkarte zahlen, ziehen wir den Betrag erst ein, wenn wir die Ware verschickt haben. Sie erhalten die Quittung f\u00fcr die Bezahlung zusammen mit den bestellten Waren. Destination Bornholm erhebt KEINE Geb\u00fchren von PBS f\u00fcr durchgef\u00fchrte Transaktionen. Sie bezahlen nur den Betrag, den Sie in Verbindung mit Ihrer Bezahlung sehen k\u00f6nnen.<\/p>\n<h2>Lager<\/h2>\n<p>Der gr\u00f6sste Teil der Waren, die im Webshop auf der Webseite angezeigt werden, sind im Ausgangspunkt auch vorr\u00e4tig. Einige wenige Produkte k\u00f6nnen doch vor\u00fcbergehend einmal ausverkauft sein.<\/p>\n<h2>Lieferung<\/h2>\n<p>Wir k\u00f6nnen nicht garantieren, dass die Touristinformationen auf Bornholm das selbe Warenlager hat, wie der Webshop.<\/p>\n<p>Die Lieferzeit betr\u00e4gt normalerweise 10-14 Tage f\u00fcr den Versand innerhalb D\u00e4nemarks. Sie erhalten von uns eine E-Mail, wenn Ihre Bestellung von uns verschickt wird.<br \/>\n&nbsp;<\/p>\n<p>&nbsp;<\/p>\n<p>&nbsp;<\/p>\n","protected":false},"excerpt":{"rendered":"<p>&nbsp; &nbsp; &nbsp; &nbsp; &nbsp; Adresse Destination Bornholm Ndr. Kystvej 3 3700 R\u00f8nne Danmark CVR: 15 73 17 96 Tlf.: 56 95 95 00 info@bornholm.info Preise und W\u00e4hrung Alle Preise im Webshop auf bornholm.info sind geltende Verkaufspreise in D\u00e4nischen Kronen (DKK) inkl. 25% Merhwertsteuer (moms), aber ohne Geb\u00fchren und Versandkosten, wenn man mit einer Kreditkarte [&hellip;]<\/p>\n","protected":false},"author":9,"featured_media":0,"parent":11331,"menu_order":0,"comment_status":"closed","ping_status":"closed","template":"","meta":{"_acf_changed":false,"footnotes":""},"class_list":["post-91967","page","type-page","status-publish","hentry"],"acf":[],"yoast_head":"<!-- This site is optimized with the Yoast SEO plugin v27.2 - https:\/\/yoast.com\/product\/yoast-seo-wordpress\/ -->\n<title>Verkaufs- und Lieferbedingungen - Destination Bornholm<\/title>\n<meta name=\"robots\" content=\"index, follow, max-snippet:-1, max-image-preview:large, max-video-preview:-1\" \/>\n<link rel=\"canonical\" href=\"https:\/\/bornholm.info\/de\/webshop\/termsandconditions\/\" \/>\n<meta property=\"og:locale\" content=\"de_DE\" \/>\n<meta property=\"og:type\" content=\"article\" \/>\n<meta property=\"og:title\" content=\"Verkaufs- und Lieferbedingungen - Destination Bornholm\" \/>\n<meta property=\"og:description\" content=\"&nbsp; &nbsp; &nbsp; &nbsp; &nbsp; Adresse Destination Bornholm Ndr. Kystvej 3 3700 R\u00f8nne Danmark CVR: 15 73 17 96 Tlf.: 56 95 95 00 info@bornholm.info Preise und W\u00e4hrung Alle Preise im Webshop auf bornholm.info sind geltende Verkaufspreise in D\u00e4nischen Kronen (DKK) inkl. 25% Merhwertsteuer (moms), aber ohne Geb\u00fchren und Versandkosten, wenn man mit einer Kreditkarte [&hellip;]\" \/>\n<meta property=\"og:url\" content=\"https:\/\/bornholm.info\/de\/webshop\/termsandconditions\/\" \/>\n<meta property=\"og:site_name\" content=\"Destination Bornholm\" \/>\n<meta property=\"article:publisher\" content=\"https:\/\/www.facebook.com\/bornholminfo\" \/>\n<meta property=\"article:modified_time\" content=\"2020-07-06T09:04:20+00:00\" \/>\n<meta property=\"og:image\" content=\"https:\/\/bornholm.info\/wp-content\/media\/2019\/10\/billede-hammershus-semko-balcerski-1800x800i.jpg\" \/>\n\t<meta property=\"og:image:width\" content=\"1800\" \/>\n\t<meta property=\"og:image:height\" content=\"800\" \/>\n\t<meta property=\"og:image:type\" content=\"image\/jpeg\" \/>\n<meta name=\"twitter:card\" content=\"summary_large_image\" \/>\n<meta name=\"twitter:label1\" content=\"Gesch\u00e4tzte Lesezeit\" \/>\n\t<meta name=\"twitter:data1\" content=\"2\u00a0Minuten\" \/>\n<script type=\"application\/ld+json\" class=\"yoast-schema-graph\">{\"@context\":\"https:\/\/schema.org\",\"@graph\":[{\"@type\":\"WebPage\",\"@id\":\"https:\/\/bornholm.info\/de\/webshop\/termsandconditions\/\",\"url\":\"https:\/\/bornholm.info\/de\/webshop\/termsandconditions\/\",\"name\":\"Verkaufs- und Lieferbedingungen - Destination Bornholm\",\"isPartOf\":{\"@id\":\"https:\/\/bornholm.info\/de\/#website\"},\"datePublished\":\"2020-07-06T09:00:37+00:00\",\"dateModified\":\"2020-07-06T09:04:20+00:00\",\"breadcrumb\":{\"@id\":\"https:\/\/bornholm.info\/de\/webshop\/termsandconditions\/#breadcrumb\"},\"inLanguage\":\"de\",\"potentialAction\":[{\"@type\":\"ReadAction\",\"target\":[\"https:\/\/bornholm.info\/de\/webshop\/termsandconditions\/\"]}]},{\"@type\":\"BreadcrumbList\",\"@id\":\"https:\/\/bornholm.info\/de\/webshop\/termsandconditions\/#breadcrumb\",\"itemListElement\":[{\"@type\":\"ListItem\",\"position\":1,\"name\":\"Home\",\"item\":\"https:\/\/bornholm.info\/de\/\"},{\"@type\":\"ListItem\",\"position\":2,\"name\":\"Webshop\",\"item\":\"https:\/\/bornholm.info\/de\/webshop\/\"},{\"@type\":\"ListItem\",\"position\":3,\"name\":\"Verkaufs- und Lieferbedingungen\"}]},{\"@type\":\"WebSite\",\"@id\":\"https:\/\/bornholm.info\/de\/#website\",\"url\":\"https:\/\/bornholm.info\/de\/\",\"name\":\"Destination Bornholm\",\"description\":\"The Official Travel Guide to Bornholm\",\"potentialAction\":[{\"@type\":\"SearchAction\",\"target\":{\"@type\":\"EntryPoint\",\"urlTemplate\":\"https:\/\/bornholm.info\/de\/?s={search_term_string}\"},\"query-input\":{\"@type\":\"PropertyValueSpecification\",\"valueRequired\":true,\"valueName\":\"search_term_string\"}}],\"inLanguage\":\"de\"}]}<\/script>\n<!-- \/ Yoast SEO plugin. -->","yoast_head_json":{"title":"Verkaufs- und Lieferbedingungen - Destination Bornholm","robots":{"index":"index","follow":"follow","max-snippet":"max-snippet:-1","max-image-preview":"max-image-preview:large","max-video-preview":"max-video-preview:-1"},"canonical":"https:\/\/bornholm.info\/de\/webshop\/termsandconditions\/","og_locale":"de_DE","og_type":"article","og_title":"Verkaufs- und Lieferbedingungen - Destination Bornholm","og_description":"&nbsp; &nbsp; &nbsp; &nbsp; &nbsp; Adresse Destination Bornholm Ndr. Kystvej 3 3700 R\u00f8nne Danmark CVR: 15 73 17 96 Tlf.: 56 95 95 00 info@bornholm.info Preise und W\u00e4hrung Alle Preise im Webshop auf bornholm.info sind geltende Verkaufspreise in D\u00e4nischen Kronen (DKK) inkl. 25% Merhwertsteuer (moms), aber ohne Geb\u00fchren und Versandkosten, wenn man mit einer Kreditkarte [&hellip;]","og_url":"https:\/\/bornholm.info\/de\/webshop\/termsandconditions\/","og_site_name":"Destination Bornholm","article_publisher":"https:\/\/www.facebook.com\/bornholminfo","article_modified_time":"2020-07-06T09:04:20+00:00","og_image":[{"width":1800,"height":800,"url":"https:\/\/bornholm.info\/wp-content\/media\/2019\/10\/billede-hammershus-semko-balcerski-1800x800i.jpg","type":"image\/jpeg"}],"twitter_card":"summary_large_image","twitter_misc":{"Gesch\u00e4tzte Lesezeit":"2\u00a0Minuten"},"schema":{"@context":"https:\/\/schema.org","@graph":[{"@type":"WebPage","@id":"https:\/\/bornholm.info\/de\/webshop\/termsandconditions\/","url":"https:\/\/bornholm.info\/de\/webshop\/termsandconditions\/","name":"Verkaufs- und Lieferbedingungen - Destination Bornholm","isPartOf":{"@id":"https:\/\/bornholm.info\/de\/#website"},"datePublished":"2020-07-06T09:00:37+00:00","dateModified":"2020-07-06T09:04:20+00:00","breadcrumb":{"@id":"https:\/\/bornholm.info\/de\/webshop\/termsandconditions\/#breadcrumb"},"inLanguage":"de","potentialAction":[{"@type":"ReadAction","target":["https:\/\/bornholm.info\/de\/webshop\/termsandconditions\/"]}]},{"@type":"BreadcrumbList","@id":"https:\/\/bornholm.info\/de\/webshop\/termsandconditions\/#breadcrumb","itemListElement":[{"@type":"ListItem","position":1,"name":"Home","item":"https:\/\/bornholm.info\/de\/"},{"@type":"ListItem","position":2,"name":"Webshop","item":"https:\/\/bornholm.info\/de\/webshop\/"},{"@type":"ListItem","position":3,"name":"Verkaufs- und Lieferbedingungen"}]},{"@type":"WebSite","@id":"https:\/\/bornholm.info\/de\/#website","url":"https:\/\/bornholm.info\/de\/","name":"Destination Bornholm","description":"The Official Travel Guide to Bornholm","potentialAction":[{"@type":"SearchAction","target":{"@type":"EntryPoint","urlTemplate":"https:\/\/bornholm.info\/de\/?s={search_term_string}"},"query-input":{"@type":"PropertyValueSpecification","valueRequired":true,"valueName":"search_term_string"}}],"inLanguage":"de"}]}},"_links":{"self":[{"href":"https:\/\/bornholm.info\/de\/wp-json\/wp\/v2\/pages\/91967","targetHints":{"allow":["GET"]}}],"collection":[{"href":"https:\/\/bornholm.info\/de\/wp-json\/wp\/v2\/pages"}],"about":[{"href":"https:\/\/bornholm.info\/de\/wp-json\/wp\/v2\/types\/page"}],"author":[{"embeddable":true,"href":"https:\/\/bornholm.info\/de\/wp-json\/wp\/v2\/users\/9"}],"replies":[{"embeddable":true,"href":"https:\/\/bornholm.info\/de\/wp-json\/wp\/v2\/comments?post=91967"}],"version-history":[{"count":1,"href":"https:\/\/bornholm.info\/de\/wp-json\/wp\/v2\/pages\/91967\/revisions"}],"predecessor-version":[{"id":91968,"href":"https:\/\/bornholm.info\/de\/wp-json\/wp\/v2\/pages\/91967\/revisions\/91968"}],"up":[{"embeddable":true,"href":"https:\/\/bornholm.info\/de\/wp-json\/wp\/v2\/pages\/11331"}],"wp:attachment":[{"href":"https:\/\/bornholm.info\/de\/wp-json\/wp\/v2\/media?parent=91967"}],"curies":[{"name":"wp","href":"https:\/\/api.w.org\/{rel}","templated":true}]}}