{"id":9047,"date":"2025-09-03T07:00:40","date_gmt":"2025-09-03T05:00:40","guid":{"rendered":"https:\/\/bornholm.info\/parferie-i-efteraaret-paa-bornholm\/"},"modified":"2025-09-03T13:19:40","modified_gmt":"2025-09-03T11:19:40","slug":"herbst-fuer-paare","status":"publish","type":"page","link":"https:\/\/bornholm.info\/de\/herbst-fuer-paare\/","title":{"rendered":"Herbsturlaub auf Bornholm: Gemeinsam den Herbst erleben"},"content":{"rendered":"<div id=\"bornh-641099848\" class=\"bornh-before-content-paa-lost-password-siden bornh-entity-placement\"><a data-no-instant=\"1\" href=\"https:\/\/www.youtube.com\/channel\/UC2ZVDESONJ4EaIHaoeKngsw\" rel=\"noopener nofollow\" class=\"a2t-link\" target=\"_blank\" aria-label=\"youtube_300x250_annonce\"><img loading=\"lazy\" decoding=\"async\" src=\"https:\/\/bornholm.info\/wp-content\/media\/2017\/07\/youtube_300x250_annonce.jpg\" alt=\"\"  width=\"300\" height=\"250\"   \/><\/a><\/div>","protected":false},"excerpt":{"rendered":"","protected":false},"author":9,"featured_media":0,"parent":0,"menu_order":0,"comment_status":"closed","ping_status":"closed","template":"template-parts\/thema.php","meta":{"_acf_changed":false,"footnotes":""},"class_list":["post-9047","page","type-page","status-publish","hentry","kategory-attraktionen","kategory-guides-de","tag-ferienzeiten","tag-ganze-insel","tag-herbst"],"acf":[],"yoast_head":"<!-- This site is optimized with the Yoast SEO plugin v27.4 - https:\/\/yoast.com\/product\/yoast-seo-wordpress\/ -->\n<title>Herbstferien an der Ostsee - genie\u00dfen Sie einen Bornholm-Urlaub<\/title>\n<meta name=\"description\" content=\"Mit Bornholmslinjen reist ihr von April bis Dezember direkt von Sassnitz auf R\u00fcgen nach Bornholm. Ganzj\u00e4hrig gibt es t\u00e4gliche F\u00e4hrverbindungen von Ystad in Schweden \u2013 perfekt f\u00fcr ein verl\u00e4ngertes Wochenende oder einen Kurzurlaub zu zweit.\" \/>\n<meta name=\"robots\" content=\"index, follow, max-snippet:-1, max-image-preview:large, max-video-preview:-1\" \/>\n<link rel=\"canonical\" href=\"https:\/\/bornholm.info\/de\/herbst-fuer-paare\/\" \/>\n<meta property=\"og:locale\" content=\"de_DE\" \/>\n<meta property=\"og:type\" content=\"article\" \/>\n<meta property=\"og:title\" content=\"4 gode grunde til en sensommerferie p\u00e5 Bornholm.\" \/>\n<meta property=\"og:description\" content=\"Vi har samlet fire gode grunde til, hvorfor det netop er i sensommeren, at du skal bes\u00f8ge Bornholm.\" \/>\n<meta property=\"og:url\" content=\"https:\/\/bornholm.info\/de\/herbst-fuer-paare\/\" \/>\n<meta property=\"og:site_name\" content=\"Destination Bornholm\" \/>\n<meta property=\"article:publisher\" content=\"https:\/\/www.facebook.com\/bornholminfo\" \/>\n<meta property=\"article:modified_time\" content=\"2025-09-03T11:19:40+00:00\" \/>\n<meta property=\"og:image\" content=\"https:\/\/bornholm.info\/wp-content\/media\/2017\/08\/efteraar-paa-bornholm-1920x830-1.jpg\" \/>\n\t<meta property=\"og:image:width\" content=\"1920\" \/>\n\t<meta property=\"og:image:height\" content=\"830\" \/>\n\t<meta property=\"og:image:type\" content=\"image\/jpeg\" \/>\n<meta name=\"twitter:card\" content=\"summary_large_image\" \/>\n<script type=\"application\/ld+json\" class=\"yoast-schema-graph\">{\"@context\":\"https:\\\/\\\/schema.org\",\"@graph\":[{\"@type\":\"WebPage\",\"@id\":\"https:\\\/\\\/bornholm.info\\\/de\\\/herbst-fuer-paare\\\/\",\"url\":\"https:\\\/\\\/bornholm.info\\\/de\\\/herbst-fuer-paare\\\/\",\"name\":\"Herbstferien an der Ostsee - genie\u00dfen Sie einen Bornholm-Urlaub\",\"isPartOf\":{\"@id\":\"https:\\\/\\\/bornholm.info\\\/de\\\/#website\"},\"datePublished\":\"2025-09-03T05:00:40+00:00\",\"dateModified\":\"2025-09-03T11:19:40+00:00\",\"description\":\"Mit Bornholmslinjen reist ihr von April bis Dezember direkt von Sassnitz auf R\u00fcgen nach Bornholm. Ganzj\u00e4hrig gibt es t\u00e4gliche F\u00e4hrverbindungen von Ystad in Schweden \u2013 perfekt f\u00fcr ein verl\u00e4ngertes Wochenende oder einen Kurzurlaub zu zweit.\",\"breadcrumb\":{\"@id\":\"https:\\\/\\\/bornholm.info\\\/de\\\/herbst-fuer-paare\\\/#breadcrumb\"},\"inLanguage\":\"de\",\"potentialAction\":[{\"@type\":\"ReadAction\",\"target\":[\"https:\\\/\\\/bornholm.info\\\/de\\\/herbst-fuer-paare\\\/\"]}]},{\"@type\":\"BreadcrumbList\",\"@id\":\"https:\\\/\\\/bornholm.info\\\/de\\\/herbst-fuer-paare\\\/#breadcrumb\",\"itemListElement\":[{\"@type\":\"ListItem\",\"position\":1,\"name\":\"Home\",\"item\":\"https:\\\/\\\/bornholm.info\\\/de\\\/\"},{\"@type\":\"ListItem\",\"position\":2,\"name\":\"Herbsturlaub auf Bornholm: Gemeinsam den Herbst erleben\"}]},{\"@type\":\"WebSite\",\"@id\":\"https:\\\/\\\/bornholm.info\\\/de\\\/#website\",\"url\":\"https:\\\/\\\/bornholm.info\\\/de\\\/\",\"name\":\"Destination Bornholm\",\"description\":\"The Official Travel Guide to Bornholm\",\"potentialAction\":[{\"@type\":\"SearchAction\",\"target\":{\"@type\":\"EntryPoint\",\"urlTemplate\":\"https:\\\/\\\/bornholm.info\\\/de\\\/?s={search_term_string}\"},\"query-input\":{\"@type\":\"PropertyValueSpecification\",\"valueRequired\":true,\"valueName\":\"search_term_string\"}}],\"inLanguage\":\"de\"}]}<\/script>\n<!-- \/ Yoast SEO plugin. -->","yoast_head_json":{"title":"Herbstferien an der Ostsee - genie\u00dfen Sie einen Bornholm-Urlaub","description":"Mit Bornholmslinjen reist ihr von April bis Dezember direkt von Sassnitz auf R\u00fcgen nach Bornholm. Ganzj\u00e4hrig gibt es t\u00e4gliche F\u00e4hrverbindungen von Ystad in Schweden \u2013 perfekt f\u00fcr ein verl\u00e4ngertes Wochenende oder einen Kurzurlaub zu zweit.","robots":{"index":"index","follow":"follow","max-snippet":"max-snippet:-1","max-image-preview":"max-image-preview:large","max-video-preview":"max-video-preview:-1"},"canonical":"https:\/\/bornholm.info\/de\/herbst-fuer-paare\/","og_locale":"de_DE","og_type":"article","og_title":"4 gode grunde til en sensommerferie p\u00e5 Bornholm.","og_description":"Vi har samlet fire gode grunde til, hvorfor det netop er i sensommeren, at du skal bes\u00f8ge Bornholm.","og_url":"https:\/\/bornholm.info\/de\/herbst-fuer-paare\/","og_site_name":"Destination Bornholm","article_publisher":"https:\/\/www.facebook.com\/bornholminfo","article_modified_time":"2025-09-03T11:19:40+00:00","og_image":[{"width":1920,"height":830,"url":"https:\/\/bornholm.info\/wp-content\/media\/2017\/08\/efteraar-paa-bornholm-1920x830-1.jpg","type":"image\/jpeg"}],"twitter_card":"summary_large_image","schema":{"@context":"https:\/\/schema.org","@graph":[{"@type":"WebPage","@id":"https:\/\/bornholm.info\/de\/herbst-fuer-paare\/","url":"https:\/\/bornholm.info\/de\/herbst-fuer-paare\/","name":"Herbstferien an der Ostsee - genie\u00dfen Sie einen Bornholm-Urlaub","isPartOf":{"@id":"https:\/\/bornholm.info\/de\/#website"},"datePublished":"2025-09-03T05:00:40+00:00","dateModified":"2025-09-03T11:19:40+00:00","description":"Mit Bornholmslinjen reist ihr von April bis Dezember direkt von Sassnitz auf R\u00fcgen nach Bornholm. Ganzj\u00e4hrig gibt es t\u00e4gliche F\u00e4hrverbindungen von Ystad in Schweden \u2013 perfekt f\u00fcr ein verl\u00e4ngertes Wochenende oder einen Kurzurlaub zu zweit.","breadcrumb":{"@id":"https:\/\/bornholm.info\/de\/herbst-fuer-paare\/#breadcrumb"},"inLanguage":"de","potentialAction":[{"@type":"ReadAction","target":["https:\/\/bornholm.info\/de\/herbst-fuer-paare\/"]}]},{"@type":"BreadcrumbList","@id":"https:\/\/bornholm.info\/de\/herbst-fuer-paare\/#breadcrumb","itemListElement":[{"@type":"ListItem","position":1,"name":"Home","item":"https:\/\/bornholm.info\/de\/"},{"@type":"ListItem","position":2,"name":"Herbsturlaub auf Bornholm: Gemeinsam den Herbst erleben"}]},{"@type":"WebSite","@id":"https:\/\/bornholm.info\/de\/#website","url":"https:\/\/bornholm.info\/de\/","name":"Destination Bornholm","description":"The Official Travel Guide to Bornholm","potentialAction":[{"@type":"SearchAction","target":{"@type":"EntryPoint","urlTemplate":"https:\/\/bornholm.info\/de\/?s={search_term_string}"},"query-input":{"@type":"PropertyValueSpecification","valueRequired":true,"valueName":"search_term_string"}}],"inLanguage":"de"}]}},"_links":{"self":[{"href":"https:\/\/bornholm.info\/de\/wp-json\/wp\/v2\/pages\/9047","targetHints":{"allow":["GET"]}}],"collection":[{"href":"https:\/\/bornholm.info\/de\/wp-json\/wp\/v2\/pages"}],"about":[{"href":"https:\/\/bornholm.info\/de\/wp-json\/wp\/v2\/types\/page"}],"author":[{"embeddable":true,"href":"https:\/\/bornholm.info\/de\/wp-json\/wp\/v2\/users\/9"}],"replies":[{"embeddable":true,"href":"https:\/\/bornholm.info\/de\/wp-json\/wp\/v2\/comments?post=9047"}],"version-history":[{"count":5,"href":"https:\/\/bornholm.info\/de\/wp-json\/wp\/v2\/pages\/9047\/revisions"}],"predecessor-version":[{"id":2283959,"href":"https:\/\/bornholm.info\/de\/wp-json\/wp\/v2\/pages\/9047\/revisions\/2283959"}],"wp:attachment":[{"href":"https:\/\/bornholm.info\/de\/wp-json\/wp\/v2\/media?parent=9047"}],"curies":[{"name":"wp","href":"https:\/\/api.w.org\/{rel}","templated":true}]}}