{"id":8391,"date":"2017-07-24T13:11:18","date_gmt":"2017-07-24T13:11:18","guid":{"rendered":"https:\/\/bornholm.info\/cykelferie\/"},"modified":"2024-04-22T09:07:57","modified_gmt":"2024-04-22T07:07:57","slug":"fahrradurlaub","status":"publish","type":"page","link":"https:\/\/bornholm.info\/de\/fahrradurlaub\/","title":{"rendered":"Fahrradurlaub auf Bornholm"},"content":{"rendered":"<div id=\"bornh-3169262173\" class=\"bornh-before-content-paa-lost-password-siden\"><a data-no-instant=\"1\" href=\"https:\/\/www.youtube.com\/channel\/UC2ZVDESONJ4EaIHaoeKngsw\" rel=\"noopener nofollow\" class=\"a2t-link\" target=\"_blank\" aria-label=\"youtube_300x250_annonce\"><img loading=\"lazy\" decoding=\"async\" src=\"https:\/\/bornholm.info\/wp-content\/media\/2017\/07\/youtube_300x250_annonce.jpg\" alt=\"\"  width=\"300\" height=\"250\"   \/><\/a><\/div>","protected":false},"excerpt":{"rendered":"","protected":false},"author":9,"featured_media":0,"parent":0,"menu_order":0,"comment_status":"closed","ping_status":"closed","template":"template-parts\/thema.php","meta":{"_acf_changed":false,"footnotes":""},"class_list":["post-8391","page","type-page","status-publish","hentry","kategory-attraktionen","kategory-guides-de","kategory-outdoor-de","tag-christihimmelfahrt","tag-fahrrad","tag-ferienzeiten","tag-fruehling","tag-ganze-insel","tag-grosser-bettag","tag-herbst","tag-ostern","tag-pfingsten","tag-sommer-de","tag-spaetsommer"],"acf":[],"yoast_head":"<!-- This site is optimized with the Yoast SEO plugin v27.2 - https:\/\/yoast.com\/product\/yoast-seo-wordpress\/ -->\n<title>Fahrradurlaub auf Bornholm - Tipps und Vorschl\u00e4ge<\/title>\n<meta name=\"description\" content=\"Machen Sie den besten Fahrradurlaub auf Bornholm. Fahrradfahren macht gl\u00fccklich \u2013 probieren Sie es auf Bornholm. Farradurlaub auf Bornholm ist ausserdem sicher, denn die meisten Radtouren verlaufen abseits von Strassen und hektischem Verkehr.\" \/>\n<meta name=\"robots\" content=\"index, follow, max-snippet:-1, max-image-preview:large, max-video-preview:-1\" \/>\n<link rel=\"canonical\" href=\"https:\/\/bornholm.info\/de\/fahrradurlaub\/\" \/>\n<meta property=\"og:locale\" content=\"de_DE\" \/>\n<meta property=\"og:type\" content=\"article\" \/>\n<meta property=\"og:title\" content=\"Cykelferie p\u00e5 Bornholm\" \/>\n<meta property=\"og:description\" content=\"Hold den bedste cykelferie p\u00e5 Bornholm. Cykelferie p\u00e5 Bornholm er ikke bare trygt - i sikker afstand fra biler og trafik - men ogs\u00e5 afvekslende med korte afstande og meget smuk natur.\" \/>\n<meta property=\"og:url\" content=\"https:\/\/bornholm.info\/de\/fahrradurlaub\/\" \/>\n<meta property=\"og:site_name\" content=\"Destination Bornholm\" \/>\n<meta property=\"article:publisher\" content=\"https:\/\/www.facebook.com\/bornholminfo\" \/>\n<meta property=\"article:modified_time\" content=\"2024-04-22T07:07:57+00:00\" \/>\n<meta property=\"og:image\" content=\"https:\/\/bornholm.info\/wp-content\/media\/2017\/07\/cykelferie-1920x830-1.jpg\" \/>\n\t<meta property=\"og:image:width\" content=\"1920\" \/>\n\t<meta property=\"og:image:height\" content=\"830\" \/>\n\t<meta property=\"og:image:type\" content=\"image\/jpeg\" \/>\n<meta name=\"twitter:card\" content=\"summary_large_image\" \/>\n<script type=\"application\/ld+json\" class=\"yoast-schema-graph\">{\"@context\":\"https:\/\/schema.org\",\"@graph\":[{\"@type\":\"WebPage\",\"@id\":\"https:\/\/bornholm.info\/de\/fahrradurlaub\/\",\"url\":\"https:\/\/bornholm.info\/de\/fahrradurlaub\/\",\"name\":\"Fahrradurlaub auf Bornholm - Tipps und Vorschl\u00e4ge\",\"isPartOf\":{\"@id\":\"https:\/\/bornholm.info\/de\/#website\"},\"datePublished\":\"2017-07-24T13:11:18+00:00\",\"dateModified\":\"2024-04-22T07:07:57+00:00\",\"description\":\"Machen Sie den besten Fahrradurlaub auf Bornholm. Fahrradfahren macht gl\u00fccklich \u2013 probieren Sie es auf Bornholm. Farradurlaub auf Bornholm ist ausserdem sicher, denn die meisten Radtouren verlaufen abseits von Strassen und hektischem Verkehr.\",\"breadcrumb\":{\"@id\":\"https:\/\/bornholm.info\/de\/fahrradurlaub\/#breadcrumb\"},\"inLanguage\":\"de\",\"potentialAction\":[{\"@type\":\"ReadAction\",\"target\":[\"https:\/\/bornholm.info\/de\/fahrradurlaub\/\"]}]},{\"@type\":\"BreadcrumbList\",\"@id\":\"https:\/\/bornholm.info\/de\/fahrradurlaub\/#breadcrumb\",\"itemListElement\":[{\"@type\":\"ListItem\",\"position\":1,\"name\":\"Home\",\"item\":\"https:\/\/bornholm.info\/de\/\"},{\"@type\":\"ListItem\",\"position\":2,\"name\":\"Fahrradurlaub auf Bornholm\"}]},{\"@type\":\"WebSite\",\"@id\":\"https:\/\/bornholm.info\/de\/#website\",\"url\":\"https:\/\/bornholm.info\/de\/\",\"name\":\"Destination Bornholm\",\"description\":\"The Official Travel Guide to Bornholm\",\"potentialAction\":[{\"@type\":\"SearchAction\",\"target\":{\"@type\":\"EntryPoint\",\"urlTemplate\":\"https:\/\/bornholm.info\/de\/?s={search_term_string}\"},\"query-input\":{\"@type\":\"PropertyValueSpecification\",\"valueRequired\":true,\"valueName\":\"search_term_string\"}}],\"inLanguage\":\"de\"}]}<\/script>\n<!-- \/ Yoast SEO plugin. -->","yoast_head_json":{"title":"Fahrradurlaub auf Bornholm - Tipps und Vorschl\u00e4ge","description":"Machen Sie den besten Fahrradurlaub auf Bornholm. Fahrradfahren macht gl\u00fccklich \u2013 probieren Sie es auf Bornholm. Farradurlaub auf Bornholm ist ausserdem sicher, denn die meisten Radtouren verlaufen abseits von Strassen und hektischem Verkehr.","robots":{"index":"index","follow":"follow","max-snippet":"max-snippet:-1","max-image-preview":"max-image-preview:large","max-video-preview":"max-video-preview:-1"},"canonical":"https:\/\/bornholm.info\/de\/fahrradurlaub\/","og_locale":"de_DE","og_type":"article","og_title":"Cykelferie p\u00e5 Bornholm","og_description":"Hold den bedste cykelferie p\u00e5 Bornholm. Cykelferie p\u00e5 Bornholm er ikke bare trygt - i sikker afstand fra biler og trafik - men ogs\u00e5 afvekslende med korte afstande og meget smuk natur.","og_url":"https:\/\/bornholm.info\/de\/fahrradurlaub\/","og_site_name":"Destination Bornholm","article_publisher":"https:\/\/www.facebook.com\/bornholminfo","article_modified_time":"2024-04-22T07:07:57+00:00","og_image":[{"width":1920,"height":830,"url":"https:\/\/bornholm.info\/wp-content\/media\/2017\/07\/cykelferie-1920x830-1.jpg","type":"image\/jpeg"}],"twitter_card":"summary_large_image","schema":{"@context":"https:\/\/schema.org","@graph":[{"@type":"WebPage","@id":"https:\/\/bornholm.info\/de\/fahrradurlaub\/","url":"https:\/\/bornholm.info\/de\/fahrradurlaub\/","name":"Fahrradurlaub auf Bornholm - Tipps und Vorschl\u00e4ge","isPartOf":{"@id":"https:\/\/bornholm.info\/de\/#website"},"datePublished":"2017-07-24T13:11:18+00:00","dateModified":"2024-04-22T07:07:57+00:00","description":"Machen Sie den besten Fahrradurlaub auf Bornholm. Fahrradfahren macht gl\u00fccklich \u2013 probieren Sie es auf Bornholm. Farradurlaub auf Bornholm ist ausserdem sicher, denn die meisten Radtouren verlaufen abseits von Strassen und hektischem Verkehr.","breadcrumb":{"@id":"https:\/\/bornholm.info\/de\/fahrradurlaub\/#breadcrumb"},"inLanguage":"de","potentialAction":[{"@type":"ReadAction","target":["https:\/\/bornholm.info\/de\/fahrradurlaub\/"]}]},{"@type":"BreadcrumbList","@id":"https:\/\/bornholm.info\/de\/fahrradurlaub\/#breadcrumb","itemListElement":[{"@type":"ListItem","position":1,"name":"Home","item":"https:\/\/bornholm.info\/de\/"},{"@type":"ListItem","position":2,"name":"Fahrradurlaub auf Bornholm"}]},{"@type":"WebSite","@id":"https:\/\/bornholm.info\/de\/#website","url":"https:\/\/bornholm.info\/de\/","name":"Destination Bornholm","description":"The Official Travel Guide to Bornholm","potentialAction":[{"@type":"SearchAction","target":{"@type":"EntryPoint","urlTemplate":"https:\/\/bornholm.info\/de\/?s={search_term_string}"},"query-input":{"@type":"PropertyValueSpecification","valueRequired":true,"valueName":"search_term_string"}}],"inLanguage":"de"}]}},"_links":{"self":[{"href":"https:\/\/bornholm.info\/de\/wp-json\/wp\/v2\/pages\/8391","targetHints":{"allow":["GET"]}}],"collection":[{"href":"https:\/\/bornholm.info\/de\/wp-json\/wp\/v2\/pages"}],"about":[{"href":"https:\/\/bornholm.info\/de\/wp-json\/wp\/v2\/types\/page"}],"author":[{"embeddable":true,"href":"https:\/\/bornholm.info\/de\/wp-json\/wp\/v2\/users\/9"}],"replies":[{"embeddable":true,"href":"https:\/\/bornholm.info\/de\/wp-json\/wp\/v2\/comments?post=8391"}],"version-history":[{"count":4,"href":"https:\/\/bornholm.info\/de\/wp-json\/wp\/v2\/pages\/8391\/revisions"}],"predecessor-version":[{"id":63200,"href":"https:\/\/bornholm.info\/de\/wp-json\/wp\/v2\/pages\/8391\/revisions\/63200"}],"wp:attachment":[{"href":"https:\/\/bornholm.info\/de\/wp-json\/wp\/v2\/media?parent=8391"}],"curies":[{"name":"wp","href":"https:\/\/api.w.org\/{rel}","templated":true}]}}