{"id":8059,"date":"2017-08-10T09:55:31","date_gmt":"2017-08-10T09:55:31","guid":{"rendered":"https:\/\/bornholm.info\/kunst-og-kunsthaandvaerk\/"},"modified":"2020-07-27T10:40:08","modified_gmt":"2020-07-27T10:40:08","slug":"kunsthandwerk","status":"publish","type":"page","link":"https:\/\/bornholm.info\/de\/kunsthandwerk\/","title":{"rendered":"Kunsthandwerk auf Bornholm"},"content":{"rendered":"<div id=\"bornh-949005298\" class=\"bornh-before-content-paa-lost-password-siden\"><a data-no-instant=\"1\" href=\"https:\/\/www.youtube.com\/channel\/UC2ZVDESONJ4EaIHaoeKngsw\" rel=\"noopener nofollow\" class=\"a2t-link\" target=\"_blank\" aria-label=\"youtube_300x250_annonce\"><img loading=\"lazy\" decoding=\"async\" src=\"https:\/\/bornholm.info\/wp-content\/media\/2017\/07\/youtube_300x250_annonce.jpg\" alt=\"\"  width=\"300\" height=\"250\"   \/><\/a><\/div>","protected":false},"excerpt":{"rendered":"","protected":false},"author":9,"featured_media":0,"parent":0,"menu_order":0,"comment_status":"closed","ping_status":"closed","template":"template-parts\/thema.php","meta":{"_acf_changed":false,"footnotes":""},"class_list":["post-8059","page","type-page","status-publish","hentry","kategory-kunsthandwerk","kategory-shopping","tag-christihimmelfahrt","tag-ferienzeiten","tag-fruehling","tag-ganze-insel","tag-grosser-bettag","tag-herbst","tag-kunst-de","tag-kunsthandwerk","tag-ostern","tag-pfingsten","tag-sommer-de","tag-spaetsommer","tag-weihnachten","tag-winter-de"],"acf":[],"yoast_head":"<!-- This site is optimized with the Yoast SEO plugin v27.2 - https:\/\/yoast.com\/product\/yoast-seo-wordpress\/ -->\n<title>Bornholm ist ein richtiges Paradies f\u00fcr Kunsthandwerk<\/title>\n<meta name=\"description\" content=\"Bornholm hat eine lange Kunsthandwerkstradition. Die Insel ist als erste Region in Europa zur World Craft Region ernannt worden.\" \/>\n<meta name=\"robots\" content=\"index, follow, max-snippet:-1, max-image-preview:large, max-video-preview:-1\" \/>\n<link rel=\"canonical\" href=\"https:\/\/bornholm.info\/de\/kunsthandwerk\/\" \/>\n<meta property=\"og:locale\" content=\"de_DE\" \/>\n<meta property=\"og:type\" content=\"article\" \/>\n<meta property=\"og:title\" content=\"Kunsthandwerk auf Bornholm - das Beste des d\u00e4nischen Kunsthandwerks\" \/>\n<meta property=\"og:description\" content=\"Bornholm hat eine lange Kunsthandwerkstradition. Die Insel ist als erste Region in Europa zur World Craft Region ernannt worden.\" \/>\n<meta property=\"og:url\" content=\"https:\/\/bornholm.info\/de\/kunsthandwerk\/\" \/>\n<meta property=\"og:site_name\" content=\"Destination Bornholm\" \/>\n<meta property=\"article:publisher\" content=\"https:\/\/www.facebook.com\/bornholminfo\" \/>\n<meta property=\"article:modified_time\" content=\"2020-07-27T10:40:08+00:00\" \/>\n<meta property=\"og:image\" content=\"https:\/\/bornholm.info\/wp-content\/media\/2018\/06\/glaspusteri-1920x830.jpg\" \/>\n\t<meta property=\"og:image:width\" content=\"1920\" \/>\n\t<meta property=\"og:image:height\" content=\"830\" \/>\n\t<meta property=\"og:image:type\" content=\"image\/jpeg\" \/>\n<meta name=\"twitter:card\" content=\"summary_large_image\" \/>\n<meta name=\"twitter:title\" content=\"Kunsth\u00e5ndv\u00e6rk p\u00e5 Bornholm - det bedste indenfor dansk kunsth\u00e5ndv\u00e6rk\" \/>\n<meta name=\"twitter:description\" content=\"Bornholm har en lang tradition indenfor kunsth\u00e5ndv\u00e6rk i Danmark. \u00d8en blev som den f\u00f8rste region i Europa overhovedet udn\u00e6vnt som World Craft Region.\" \/>\n<script type=\"application\/ld+json\" class=\"yoast-schema-graph\">{\"@context\":\"https:\/\/schema.org\",\"@graph\":[{\"@type\":\"WebPage\",\"@id\":\"https:\/\/bornholm.info\/de\/kunsthandwerk\/\",\"url\":\"https:\/\/bornholm.info\/de\/kunsthandwerk\/\",\"name\":\"Bornholm ist ein richtiges Paradies f\u00fcr Kunsthandwerk\",\"isPartOf\":{\"@id\":\"https:\/\/bornholm.info\/de\/#website\"},\"datePublished\":\"2017-08-10T09:55:31+00:00\",\"dateModified\":\"2020-07-27T10:40:08+00:00\",\"description\":\"Bornholm hat eine lange Kunsthandwerkstradition. Die Insel ist als erste Region in Europa zur World Craft Region ernannt worden.\",\"breadcrumb\":{\"@id\":\"https:\/\/bornholm.info\/de\/kunsthandwerk\/#breadcrumb\"},\"inLanguage\":\"de\",\"potentialAction\":[{\"@type\":\"ReadAction\",\"target\":[\"https:\/\/bornholm.info\/de\/kunsthandwerk\/\"]}]},{\"@type\":\"BreadcrumbList\",\"@id\":\"https:\/\/bornholm.info\/de\/kunsthandwerk\/#breadcrumb\",\"itemListElement\":[{\"@type\":\"ListItem\",\"position\":1,\"name\":\"Home\",\"item\":\"https:\/\/bornholm.info\/de\/\"},{\"@type\":\"ListItem\",\"position\":2,\"name\":\"Kunsthandwerk auf Bornholm\"}]},{\"@type\":\"WebSite\",\"@id\":\"https:\/\/bornholm.info\/de\/#website\",\"url\":\"https:\/\/bornholm.info\/de\/\",\"name\":\"Destination Bornholm\",\"description\":\"The Official Travel Guide to Bornholm\",\"potentialAction\":[{\"@type\":\"SearchAction\",\"target\":{\"@type\":\"EntryPoint\",\"urlTemplate\":\"https:\/\/bornholm.info\/de\/?s={search_term_string}\"},\"query-input\":{\"@type\":\"PropertyValueSpecification\",\"valueRequired\":true,\"valueName\":\"search_term_string\"}}],\"inLanguage\":\"de\"}]}<\/script>\n<!-- \/ Yoast SEO plugin. -->","yoast_head_json":{"title":"Bornholm ist ein richtiges Paradies f\u00fcr Kunsthandwerk","description":"Bornholm hat eine lange Kunsthandwerkstradition. Die Insel ist als erste Region in Europa zur World Craft Region ernannt worden.","robots":{"index":"index","follow":"follow","max-snippet":"max-snippet:-1","max-image-preview":"max-image-preview:large","max-video-preview":"max-video-preview:-1"},"canonical":"https:\/\/bornholm.info\/de\/kunsthandwerk\/","og_locale":"de_DE","og_type":"article","og_title":"Kunsthandwerk auf Bornholm - das Beste des d\u00e4nischen Kunsthandwerks","og_description":"Bornholm hat eine lange Kunsthandwerkstradition. Die Insel ist als erste Region in Europa zur World Craft Region ernannt worden.","og_url":"https:\/\/bornholm.info\/de\/kunsthandwerk\/","og_site_name":"Destination Bornholm","article_publisher":"https:\/\/www.facebook.com\/bornholminfo","article_modified_time":"2020-07-27T10:40:08+00:00","og_image":[{"width":1920,"height":830,"url":"https:\/\/bornholm.info\/wp-content\/media\/2018\/06\/glaspusteri-1920x830.jpg","type":"image\/jpeg"}],"twitter_card":"summary_large_image","twitter_title":"Kunsth\u00e5ndv\u00e6rk p\u00e5 Bornholm - det bedste indenfor dansk kunsth\u00e5ndv\u00e6rk","twitter_description":"Bornholm har en lang tradition indenfor kunsth\u00e5ndv\u00e6rk i Danmark. \u00d8en blev som den f\u00f8rste region i Europa overhovedet udn\u00e6vnt som World Craft Region.","schema":{"@context":"https:\/\/schema.org","@graph":[{"@type":"WebPage","@id":"https:\/\/bornholm.info\/de\/kunsthandwerk\/","url":"https:\/\/bornholm.info\/de\/kunsthandwerk\/","name":"Bornholm ist ein richtiges Paradies f\u00fcr Kunsthandwerk","isPartOf":{"@id":"https:\/\/bornholm.info\/de\/#website"},"datePublished":"2017-08-10T09:55:31+00:00","dateModified":"2020-07-27T10:40:08+00:00","description":"Bornholm hat eine lange Kunsthandwerkstradition. Die Insel ist als erste Region in Europa zur World Craft Region ernannt worden.","breadcrumb":{"@id":"https:\/\/bornholm.info\/de\/kunsthandwerk\/#breadcrumb"},"inLanguage":"de","potentialAction":[{"@type":"ReadAction","target":["https:\/\/bornholm.info\/de\/kunsthandwerk\/"]}]},{"@type":"BreadcrumbList","@id":"https:\/\/bornholm.info\/de\/kunsthandwerk\/#breadcrumb","itemListElement":[{"@type":"ListItem","position":1,"name":"Home","item":"https:\/\/bornholm.info\/de\/"},{"@type":"ListItem","position":2,"name":"Kunsthandwerk auf Bornholm"}]},{"@type":"WebSite","@id":"https:\/\/bornholm.info\/de\/#website","url":"https:\/\/bornholm.info\/de\/","name":"Destination Bornholm","description":"The Official Travel Guide to Bornholm","potentialAction":[{"@type":"SearchAction","target":{"@type":"EntryPoint","urlTemplate":"https:\/\/bornholm.info\/de\/?s={search_term_string}"},"query-input":{"@type":"PropertyValueSpecification","valueRequired":true,"valueName":"search_term_string"}}],"inLanguage":"de"}]}},"_links":{"self":[{"href":"https:\/\/bornholm.info\/de\/wp-json\/wp\/v2\/pages\/8059","targetHints":{"allow":["GET"]}}],"collection":[{"href":"https:\/\/bornholm.info\/de\/wp-json\/wp\/v2\/pages"}],"about":[{"href":"https:\/\/bornholm.info\/de\/wp-json\/wp\/v2\/types\/page"}],"author":[{"embeddable":true,"href":"https:\/\/bornholm.info\/de\/wp-json\/wp\/v2\/users\/9"}],"replies":[{"embeddable":true,"href":"https:\/\/bornholm.info\/de\/wp-json\/wp\/v2\/comments?post=8059"}],"version-history":[{"count":5,"href":"https:\/\/bornholm.info\/de\/wp-json\/wp\/v2\/pages\/8059\/revisions"}],"predecessor-version":[{"id":97294,"href":"https:\/\/bornholm.info\/de\/wp-json\/wp\/v2\/pages\/8059\/revisions\/97294"}],"wp:attachment":[{"href":"https:\/\/bornholm.info\/de\/wp-json\/wp\/v2\/media?parent=8059"}],"curies":[{"name":"wp","href":"https:\/\/api.w.org\/{rel}","templated":true}]}}