{"id":7613,"date":"2017-07-19T06:58:03","date_gmt":"2017-07-19T06:58:03","guid":{"rendered":"https:\/\/bornholm.info\/lystfiskeri-paa-bornholm\/"},"modified":"2020-11-27T14:33:31","modified_gmt":"2020-11-27T14:33:31","slug":"angeln-auf-bornholm","status":"publish","type":"page","link":"https:\/\/bornholm.info\/de\/angeln-auf-bornholm\/","title":{"rendered":"Angeln auf Bornholm"},"content":{"rendered":"<div id=\"bornh-4037603323\" class=\"bornh-before-content-paa-lost-password-siden bornh-entity-placement\"><a data-no-instant=\"1\" href=\"https:\/\/www.youtube.com\/channel\/UC2ZVDESONJ4EaIHaoeKngsw\" rel=\"noopener nofollow\" class=\"a2t-link\" target=\"_blank\" aria-label=\"youtube_300x250_annonce\"><img loading=\"lazy\" decoding=\"async\" src=\"https:\/\/bornholm.info\/wp-content\/media\/2017\/07\/youtube_300x250_annonce.jpg\" alt=\"\"  width=\"300\" height=\"250\"   \/><\/a><\/div>","protected":false},"excerpt":{"rendered":"","protected":false},"author":8,"featured_media":0,"parent":0,"menu_order":0,"comment_status":"closed","ping_status":"closed","template":"template-parts\/thema.php","meta":{"_acf_changed":false,"footnotes":""},"class_list":["post-7613","page","type-page","status-publish","hentry","kategory-attraktionen","kategory-guides-de","kategory-outdoor-de","tag-angeln","tag-outdoor-de"],"acf":[],"yoast_head":"<!-- This site is optimized with the Yoast SEO plugin v27.4 - https:\/\/yoast.com\/product\/yoast-seo-wordpress\/ -->\n<title>Angeln auf Bornholm - wir geben die besten Tipps und Tricks<\/title>\n<meta name=\"description\" content=\"Lystfiskeri p\u00e5 Bornholm har noget transformativt over sig. Bornholm kan noget helt unikt i lystfiskerm\u00e6ssig sammenh\u00e6ng. L\u00e6s meget mere her.\" \/>\n<meta name=\"robots\" content=\"index, follow, max-snippet:-1, max-image-preview:large, max-video-preview:-1\" \/>\n<link rel=\"canonical\" href=\"https:\/\/bornholm.info\/de\/angeln-auf-bornholm\/\" \/>\n<meta property=\"og:locale\" content=\"de_DE\" \/>\n<meta property=\"og:type\" content=\"article\" \/>\n<meta property=\"og:title\" content=\"Lystfiskeri p\u00e5 Bornholm\" \/>\n<meta property=\"og:description\" content=\"Bornholm er et sandt mekka for dig, som elsker at fiske! Bornholm er ideel, hvis du skal afsted med vennerne p\u00e5 seri\u00f8s fiskeferie, men bestemt ogs\u00e5 for familien, der vil have nogle hyggelige timer i naturen.\" \/>\n<meta property=\"og:url\" content=\"https:\/\/bornholm.info\/de\/angeln-auf-bornholm\/\" \/>\n<meta property=\"og:site_name\" content=\"Destination Bornholm\" \/>\n<meta property=\"article:publisher\" content=\"https:\/\/www.facebook.com\/bornholminfo\" \/>\n<meta property=\"article:modified_time\" content=\"2020-11-27T14:33:31+00:00\" \/>\n<meta property=\"og:image\" content=\"https:\/\/bornholm.info\/wp-content\/media\/2019\/10\/billede-hammershus-semko-balcerski-1800x800i.jpg\" \/>\n\t<meta property=\"og:image:width\" content=\"1800\" \/>\n\t<meta property=\"og:image:height\" content=\"800\" \/>\n\t<meta property=\"og:image:type\" content=\"image\/jpeg\" \/>\n<meta name=\"twitter:card\" content=\"summary_large_image\" \/>\n<script type=\"application\/ld+json\" class=\"yoast-schema-graph\">{\"@context\":\"https:\\\/\\\/schema.org\",\"@graph\":[{\"@type\":\"WebPage\",\"@id\":\"https:\\\/\\\/bornholm.info\\\/de\\\/angeln-auf-bornholm\\\/\",\"url\":\"https:\\\/\\\/bornholm.info\\\/de\\\/angeln-auf-bornholm\\\/\",\"name\":\"Angeln auf Bornholm - wir geben die besten Tipps und Tricks\",\"isPartOf\":{\"@id\":\"https:\\\/\\\/bornholm.info\\\/de\\\/#website\"},\"datePublished\":\"2017-07-19T06:58:03+00:00\",\"dateModified\":\"2020-11-27T14:33:31+00:00\",\"description\":\"Lystfiskeri p\u00e5 Bornholm har noget transformativt over sig. Bornholm kan noget helt unikt i lystfiskerm\u00e6ssig sammenh\u00e6ng. L\u00e6s meget mere her.\",\"breadcrumb\":{\"@id\":\"https:\\\/\\\/bornholm.info\\\/de\\\/angeln-auf-bornholm\\\/#breadcrumb\"},\"inLanguage\":\"de\",\"potentialAction\":[{\"@type\":\"ReadAction\",\"target\":[\"https:\\\/\\\/bornholm.info\\\/de\\\/angeln-auf-bornholm\\\/\"]}]},{\"@type\":\"BreadcrumbList\",\"@id\":\"https:\\\/\\\/bornholm.info\\\/de\\\/angeln-auf-bornholm\\\/#breadcrumb\",\"itemListElement\":[{\"@type\":\"ListItem\",\"position\":1,\"name\":\"Home\",\"item\":\"https:\\\/\\\/bornholm.info\\\/de\\\/\"},{\"@type\":\"ListItem\",\"position\":2,\"name\":\"Angeln auf Bornholm\"}]},{\"@type\":\"WebSite\",\"@id\":\"https:\\\/\\\/bornholm.info\\\/de\\\/#website\",\"url\":\"https:\\\/\\\/bornholm.info\\\/de\\\/\",\"name\":\"Destination Bornholm\",\"description\":\"The Official Travel Guide to Bornholm\",\"potentialAction\":[{\"@type\":\"SearchAction\",\"target\":{\"@type\":\"EntryPoint\",\"urlTemplate\":\"https:\\\/\\\/bornholm.info\\\/de\\\/?s={search_term_string}\"},\"query-input\":{\"@type\":\"PropertyValueSpecification\",\"valueRequired\":true,\"valueName\":\"search_term_string\"}}],\"inLanguage\":\"de\"}]}<\/script>\n<!-- \/ Yoast SEO plugin. -->","yoast_head_json":{"title":"Angeln auf Bornholm - wir geben die besten Tipps und Tricks","description":"Lystfiskeri p\u00e5 Bornholm har noget transformativt over sig. Bornholm kan noget helt unikt i lystfiskerm\u00e6ssig sammenh\u00e6ng. L\u00e6s meget mere her.","robots":{"index":"index","follow":"follow","max-snippet":"max-snippet:-1","max-image-preview":"max-image-preview:large","max-video-preview":"max-video-preview:-1"},"canonical":"https:\/\/bornholm.info\/de\/angeln-auf-bornholm\/","og_locale":"de_DE","og_type":"article","og_title":"Lystfiskeri p\u00e5 Bornholm","og_description":"Bornholm er et sandt mekka for dig, som elsker at fiske! Bornholm er ideel, hvis du skal afsted med vennerne p\u00e5 seri\u00f8s fiskeferie, men bestemt ogs\u00e5 for familien, der vil have nogle hyggelige timer i naturen.","og_url":"https:\/\/bornholm.info\/de\/angeln-auf-bornholm\/","og_site_name":"Destination Bornholm","article_publisher":"https:\/\/www.facebook.com\/bornholminfo","article_modified_time":"2020-11-27T14:33:31+00:00","og_image":[{"width":1800,"height":800,"url":"https:\/\/bornholm.info\/wp-content\/media\/2019\/10\/billede-hammershus-semko-balcerski-1800x800i.jpg","type":"image\/jpeg"}],"twitter_card":"summary_large_image","schema":{"@context":"https:\/\/schema.org","@graph":[{"@type":"WebPage","@id":"https:\/\/bornholm.info\/de\/angeln-auf-bornholm\/","url":"https:\/\/bornholm.info\/de\/angeln-auf-bornholm\/","name":"Angeln auf Bornholm - wir geben die besten Tipps und Tricks","isPartOf":{"@id":"https:\/\/bornholm.info\/de\/#website"},"datePublished":"2017-07-19T06:58:03+00:00","dateModified":"2020-11-27T14:33:31+00:00","description":"Lystfiskeri p\u00e5 Bornholm har noget transformativt over sig. Bornholm kan noget helt unikt i lystfiskerm\u00e6ssig sammenh\u00e6ng. L\u00e6s meget mere her.","breadcrumb":{"@id":"https:\/\/bornholm.info\/de\/angeln-auf-bornholm\/#breadcrumb"},"inLanguage":"de","potentialAction":[{"@type":"ReadAction","target":["https:\/\/bornholm.info\/de\/angeln-auf-bornholm\/"]}]},{"@type":"BreadcrumbList","@id":"https:\/\/bornholm.info\/de\/angeln-auf-bornholm\/#breadcrumb","itemListElement":[{"@type":"ListItem","position":1,"name":"Home","item":"https:\/\/bornholm.info\/de\/"},{"@type":"ListItem","position":2,"name":"Angeln auf Bornholm"}]},{"@type":"WebSite","@id":"https:\/\/bornholm.info\/de\/#website","url":"https:\/\/bornholm.info\/de\/","name":"Destination Bornholm","description":"The Official Travel Guide to Bornholm","potentialAction":[{"@type":"SearchAction","target":{"@type":"EntryPoint","urlTemplate":"https:\/\/bornholm.info\/de\/?s={search_term_string}"},"query-input":{"@type":"PropertyValueSpecification","valueRequired":true,"valueName":"search_term_string"}}],"inLanguage":"de"}]}},"_links":{"self":[{"href":"https:\/\/bornholm.info\/de\/wp-json\/wp\/v2\/pages\/7613","targetHints":{"allow":["GET"]}}],"collection":[{"href":"https:\/\/bornholm.info\/de\/wp-json\/wp\/v2\/pages"}],"about":[{"href":"https:\/\/bornholm.info\/de\/wp-json\/wp\/v2\/types\/page"}],"author":[{"embeddable":true,"href":"https:\/\/bornholm.info\/de\/wp-json\/wp\/v2\/users\/8"}],"replies":[{"embeddable":true,"href":"https:\/\/bornholm.info\/de\/wp-json\/wp\/v2\/comments?post=7613"}],"version-history":[{"count":5,"href":"https:\/\/bornholm.info\/de\/wp-json\/wp\/v2\/pages\/7613\/revisions"}],"predecessor-version":[{"id":1972006,"href":"https:\/\/bornholm.info\/de\/wp-json\/wp\/v2\/pages\/7613\/revisions\/1972006"}],"wp:attachment":[{"href":"https:\/\/bornholm.info\/de\/wp-json\/wp\/v2\/media?parent=7613"}],"curies":[{"name":"wp","href":"https:\/\/api.w.org\/{rel}","templated":true}]}}