{"id":73268,"date":"2019-02-15T13:07:41","date_gmt":"2019-02-15T13:07:41","guid":{"rendered":"https:\/\/bornholm.info\/kunst\/"},"modified":"2019-07-04T12:49:43","modified_gmt":"2019-07-04T12:49:43","slug":"kunst","status":"publish","type":"page","link":"https:\/\/bornholm.info\/de\/kunst\/","title":{"rendered":"Kunst auf Bornholm"},"content":{"rendered":"<div id=\"bornh-2448333568\" class=\"bornh-before-content-paa-lost-password-siden bornh-entity-placement\"><a data-no-instant=\"1\" href=\"https:\/\/www.youtube.com\/channel\/UC2ZVDESONJ4EaIHaoeKngsw\" rel=\"noopener nofollow\" class=\"a2t-link\" target=\"_blank\" aria-label=\"youtube_300x250_annonce\"><img loading=\"lazy\" decoding=\"async\" src=\"https:\/\/bornholm.info\/wp-content\/media\/2017\/07\/youtube_300x250_annonce.jpg\" alt=\"\"  width=\"300\" height=\"250\"   \/><\/a><\/div>","protected":false},"excerpt":{"rendered":"","protected":false},"author":9,"featured_media":0,"parent":0,"menu_order":0,"comment_status":"closed","ping_status":"closed","template":"template-parts\/thema.php","meta":{"_acf_changed":false,"footnotes":""},"class_list":["post-73268","page","type-page","status-publish","hentry","tag-christihimmelfahrt","tag-fruehling","tag-grosser-bettag","tag-herbst","tag-kunst-de","tag-museum-de","tag-natur-de","tag-ostern","tag-pfingsten","tag-sommer-de","tag-spaetsommer","tag-weihnachten","tag-winter-de"],"acf":[],"yoast_head":"<!-- This site is optimized with the Yoast SEO plugin v27.4 - https:\/\/yoast.com\/product\/yoast-seo-wordpress\/ -->\n<title>Kunst auf Bornholm - Erleben Sie die Bornholmermaler und moderne Kunst<\/title>\n<meta name=\"description\" content=\"Die Bildkunst auf Bornholm ist noch recht jung und erlebt mit den Bornholmermalern und Skagensmalern ihren gro\u00dfen Durchbruch in der modernen d\u00e4nischen Kunst. Billedkunsten p\u00e5 Bornholm er forholdsvis ung og oplever med Bornholmermalerne og Skagensmalerne deres store gennembrud i dansk moderne kunst.\" \/>\n<meta name=\"robots\" content=\"index, follow, max-snippet:-1, max-image-preview:large, max-video-preview:-1\" \/>\n<link rel=\"canonical\" href=\"https:\/\/bornholm.info\/de\/kunst\/\" \/>\n<meta property=\"og:locale\" content=\"de_DE\" \/>\n<meta property=\"og:type\" content=\"article\" \/>\n<meta property=\"og:title\" content=\"Kunst auf Bornholm - Erleben Sie die Bornholmermaler und moderne Kunst\" \/>\n<meta property=\"og:description\" content=\"Die Bildkunst auf Bornholm ist noch recht jung und erlebt mit den Bornholmermalern und Skagensmalern ihren gro\u00dfen Durchbruch in der modernen d\u00e4nischen Kunst. Billedkunsten p\u00e5 Bornholm er forholdsvis ung og oplever med Bornholmermalerne og Skagensmalerne deres store gennembrud i dansk moderne kunst.\" \/>\n<meta property=\"og:url\" content=\"https:\/\/bornholm.info\/de\/kunst\/\" \/>\n<meta property=\"og:site_name\" content=\"Destination Bornholm\" \/>\n<meta property=\"article:publisher\" content=\"https:\/\/www.facebook.com\/bornholminfo\" \/>\n<meta property=\"article:modified_time\" content=\"2019-07-04T12:49:43+00:00\" \/>\n<meta property=\"og:image\" content=\"https:\/\/bornholm.info\/wp-content\/media\/2019\/10\/billede-hammershus-semko-balcerski-1800x800i.jpg\" \/>\n\t<meta property=\"og:image:width\" content=\"1800\" \/>\n\t<meta property=\"og:image:height\" content=\"800\" \/>\n\t<meta property=\"og:image:type\" content=\"image\/jpeg\" \/>\n<meta name=\"twitter:card\" content=\"summary_large_image\" \/>\n<script type=\"application\/ld+json\" class=\"yoast-schema-graph\">{\"@context\":\"https:\\\/\\\/schema.org\",\"@graph\":[{\"@type\":\"WebPage\",\"@id\":\"https:\\\/\\\/bornholm.info\\\/de\\\/kunst\\\/\",\"url\":\"https:\\\/\\\/bornholm.info\\\/de\\\/kunst\\\/\",\"name\":\"Kunst auf Bornholm - Erleben Sie die Bornholmermaler und moderne Kunst\",\"isPartOf\":{\"@id\":\"https:\\\/\\\/bornholm.info\\\/de\\\/#website\"},\"datePublished\":\"2019-02-15T13:07:41+00:00\",\"dateModified\":\"2019-07-04T12:49:43+00:00\",\"description\":\"Die Bildkunst auf Bornholm ist noch recht jung und erlebt mit den Bornholmermalern und Skagensmalern ihren gro\u00dfen Durchbruch in der modernen d\u00e4nischen Kunst. Billedkunsten p\u00e5 Bornholm er forholdsvis ung og oplever med Bornholmermalerne og Skagensmalerne deres store gennembrud i dansk moderne kunst.\",\"breadcrumb\":{\"@id\":\"https:\\\/\\\/bornholm.info\\\/de\\\/kunst\\\/#breadcrumb\"},\"inLanguage\":\"de\",\"potentialAction\":[{\"@type\":\"ReadAction\",\"target\":[\"https:\\\/\\\/bornholm.info\\\/de\\\/kunst\\\/\"]}]},{\"@type\":\"BreadcrumbList\",\"@id\":\"https:\\\/\\\/bornholm.info\\\/de\\\/kunst\\\/#breadcrumb\",\"itemListElement\":[{\"@type\":\"ListItem\",\"position\":1,\"name\":\"Home\",\"item\":\"https:\\\/\\\/bornholm.info\\\/de\\\/\"},{\"@type\":\"ListItem\",\"position\":2,\"name\":\"Kunst auf Bornholm\"}]},{\"@type\":\"WebSite\",\"@id\":\"https:\\\/\\\/bornholm.info\\\/de\\\/#website\",\"url\":\"https:\\\/\\\/bornholm.info\\\/de\\\/\",\"name\":\"Destination Bornholm\",\"description\":\"The Official Travel Guide to Bornholm\",\"potentialAction\":[{\"@type\":\"SearchAction\",\"target\":{\"@type\":\"EntryPoint\",\"urlTemplate\":\"https:\\\/\\\/bornholm.info\\\/de\\\/?s={search_term_string}\"},\"query-input\":{\"@type\":\"PropertyValueSpecification\",\"valueRequired\":true,\"valueName\":\"search_term_string\"}}],\"inLanguage\":\"de\"}]}<\/script>\n<!-- \/ Yoast SEO plugin. -->","yoast_head_json":{"title":"Kunst auf Bornholm - Erleben Sie die Bornholmermaler und moderne Kunst","description":"Die Bildkunst auf Bornholm ist noch recht jung und erlebt mit den Bornholmermalern und Skagensmalern ihren gro\u00dfen Durchbruch in der modernen d\u00e4nischen Kunst. Billedkunsten p\u00e5 Bornholm er forholdsvis ung og oplever med Bornholmermalerne og Skagensmalerne deres store gennembrud i dansk moderne kunst.","robots":{"index":"index","follow":"follow","max-snippet":"max-snippet:-1","max-image-preview":"max-image-preview:large","max-video-preview":"max-video-preview:-1"},"canonical":"https:\/\/bornholm.info\/de\/kunst\/","og_locale":"de_DE","og_type":"article","og_title":"Kunst auf Bornholm - Erleben Sie die Bornholmermaler und moderne Kunst","og_description":"Die Bildkunst auf Bornholm ist noch recht jung und erlebt mit den Bornholmermalern und Skagensmalern ihren gro\u00dfen Durchbruch in der modernen d\u00e4nischen Kunst. Billedkunsten p\u00e5 Bornholm er forholdsvis ung og oplever med Bornholmermalerne og Skagensmalerne deres store gennembrud i dansk moderne kunst.","og_url":"https:\/\/bornholm.info\/de\/kunst\/","og_site_name":"Destination Bornholm","article_publisher":"https:\/\/www.facebook.com\/bornholminfo","article_modified_time":"2019-07-04T12:49:43+00:00","og_image":[{"width":1800,"height":800,"url":"https:\/\/bornholm.info\/wp-content\/media\/2019\/10\/billede-hammershus-semko-balcerski-1800x800i.jpg","type":"image\/jpeg"}],"twitter_card":"summary_large_image","schema":{"@context":"https:\/\/schema.org","@graph":[{"@type":"WebPage","@id":"https:\/\/bornholm.info\/de\/kunst\/","url":"https:\/\/bornholm.info\/de\/kunst\/","name":"Kunst auf Bornholm - Erleben Sie die Bornholmermaler und moderne Kunst","isPartOf":{"@id":"https:\/\/bornholm.info\/de\/#website"},"datePublished":"2019-02-15T13:07:41+00:00","dateModified":"2019-07-04T12:49:43+00:00","description":"Die Bildkunst auf Bornholm ist noch recht jung und erlebt mit den Bornholmermalern und Skagensmalern ihren gro\u00dfen Durchbruch in der modernen d\u00e4nischen Kunst. Billedkunsten p\u00e5 Bornholm er forholdsvis ung og oplever med Bornholmermalerne og Skagensmalerne deres store gennembrud i dansk moderne kunst.","breadcrumb":{"@id":"https:\/\/bornholm.info\/de\/kunst\/#breadcrumb"},"inLanguage":"de","potentialAction":[{"@type":"ReadAction","target":["https:\/\/bornholm.info\/de\/kunst\/"]}]},{"@type":"BreadcrumbList","@id":"https:\/\/bornholm.info\/de\/kunst\/#breadcrumb","itemListElement":[{"@type":"ListItem","position":1,"name":"Home","item":"https:\/\/bornholm.info\/de\/"},{"@type":"ListItem","position":2,"name":"Kunst auf Bornholm"}]},{"@type":"WebSite","@id":"https:\/\/bornholm.info\/de\/#website","url":"https:\/\/bornholm.info\/de\/","name":"Destination Bornholm","description":"The Official Travel Guide to Bornholm","potentialAction":[{"@type":"SearchAction","target":{"@type":"EntryPoint","urlTemplate":"https:\/\/bornholm.info\/de\/?s={search_term_string}"},"query-input":{"@type":"PropertyValueSpecification","valueRequired":true,"valueName":"search_term_string"}}],"inLanguage":"de"}]}},"_links":{"self":[{"href":"https:\/\/bornholm.info\/de\/wp-json\/wp\/v2\/pages\/73268","targetHints":{"allow":["GET"]}}],"collection":[{"href":"https:\/\/bornholm.info\/de\/wp-json\/wp\/v2\/pages"}],"about":[{"href":"https:\/\/bornholm.info\/de\/wp-json\/wp\/v2\/types\/page"}],"author":[{"embeddable":true,"href":"https:\/\/bornholm.info\/de\/wp-json\/wp\/v2\/users\/9"}],"replies":[{"embeddable":true,"href":"https:\/\/bornholm.info\/de\/wp-json\/wp\/v2\/comments?post=73268"}],"version-history":[{"count":2,"href":"https:\/\/bornholm.info\/de\/wp-json\/wp\/v2\/pages\/73268\/revisions"}],"predecessor-version":[{"id":82502,"href":"https:\/\/bornholm.info\/de\/wp-json\/wp\/v2\/pages\/73268\/revisions\/82502"}],"wp:attachment":[{"href":"https:\/\/bornholm.info\/de\/wp-json\/wp\/v2\/media?parent=73268"}],"curies":[{"name":"wp","href":"https:\/\/api.w.org\/{rel}","templated":true}]}}