{"id":52453,"date":"2018-12-17T14:31:01","date_gmt":"2018-12-17T14:31:01","guid":{"rendered":"https:\/\/bornholm.info\/overnatning-bed-breakfast\/"},"modified":"2018-12-18T11:16:26","modified_gmt":"2018-12-18T11:16:26","slug":"uebernachtung-bed-breakfast","status":"publish","type":"page","link":"https:\/\/bornholm.info\/de\/uebernachtung-bed-breakfast\/","title":{"rendered":"\u00dcbernachtung auf Bornholm &#8211; in einem Bed &#038; Breakfast"},"content":{"rendered":"<div id=\"bornh-4078841695\" class=\"bornh-before-content-paa-lost-password-siden bornh-entity-placement\"><a data-no-instant=\"1\" href=\"https:\/\/www.youtube.com\/channel\/UC2ZVDESONJ4EaIHaoeKngsw\" rel=\"noopener nofollow\" class=\"a2t-link\" target=\"_blank\" aria-label=\"youtube_300x250_annonce\"><img loading=\"lazy\" decoding=\"async\" src=\"https:\/\/bornholm.info\/wp-content\/media\/2017\/07\/youtube_300x250_annonce.jpg\" alt=\"\"  width=\"300\" height=\"250\"   \/><\/a><\/div>","protected":false},"excerpt":{"rendered":"","protected":false},"author":9,"featured_media":0,"parent":0,"menu_order":0,"comment_status":"closed","ping_status":"closed","template":"template-parts\/thema.php","meta":{"_acf_changed":false,"footnotes":""},"class_list":["post-52453","page","type-page","status-publish","hentry","kategory-bed-breakfast-de","kategory-uebernachtung","tag-bed-breakfast-de","tag-christihimmelfahrt","tag-fruehling","tag-grosser-bettag","tag-herbst","tag-ostern","tag-pfingsten","tag-sommer-de","tag-spaetsommer","tag-uebernachtung","tag-weihnachten","tag-winter-de"],"acf":[],"yoast_head":"<!-- This site is optimized with the Yoast SEO plugin v27.4 - https:\/\/yoast.com\/product\/yoast-seo-wordpress\/ -->\n<title>\u00dcbernachtung auf Bornholm - in einem Bed &amp; Breakfast - Destination Bornholm<\/title>\n<meta name=\"description\" content=\"Ein Bed &amp; Breakfast ist eine perfekte M\u00f6glichkeit f\u00fcr Ihre \u00dcbernachtung w\u00e4hrend Ihres Urlaubs auf Bornholm. Hier finden Sie sicherlich das Passende.\" \/>\n<meta name=\"robots\" content=\"index, follow, max-snippet:-1, max-image-preview:large, max-video-preview:-1\" \/>\n<link rel=\"canonical\" href=\"https:\/\/bornholm.info\/de\/uebernachtung-bed-breakfast\/\" \/>\n<meta property=\"og:locale\" content=\"de_DE\" \/>\n<meta property=\"og:type\" content=\"article\" \/>\n<meta property=\"og:title\" content=\"\u00dcbernachtung auf Bornholm - in einem Bed &amp; Breakfast - Destination Bornholm\" \/>\n<meta property=\"og:description\" content=\"Ein Bed &amp; Breakfast ist eine perfekte M\u00f6glichkeit f\u00fcr Ihre \u00dcbernachtung w\u00e4hrend Ihres Urlaubs auf Bornholm. Hier finden Sie sicherlich das Passende.\" \/>\n<meta property=\"og:url\" content=\"https:\/\/bornholm.info\/de\/uebernachtung-bed-breakfast\/\" \/>\n<meta property=\"og:site_name\" content=\"Destination Bornholm\" \/>\n<meta property=\"article:publisher\" content=\"https:\/\/www.facebook.com\/bornholminfo\" \/>\n<meta property=\"article:modified_time\" content=\"2018-12-18T11:16:26+00:00\" \/>\n<meta property=\"og:image\" content=\"https:\/\/bornholm.info\/wp-content\/media\/2019\/10\/billede-hammershus-semko-balcerski-1800x800i.jpg\" \/>\n\t<meta property=\"og:image:width\" content=\"1800\" \/>\n\t<meta property=\"og:image:height\" content=\"800\" \/>\n\t<meta property=\"og:image:type\" content=\"image\/jpeg\" \/>\n<meta name=\"twitter:card\" content=\"summary_large_image\" \/>\n<script type=\"application\/ld+json\" class=\"yoast-schema-graph\">{\"@context\":\"https:\\\/\\\/schema.org\",\"@graph\":[{\"@type\":\"WebPage\",\"@id\":\"https:\\\/\\\/bornholm.info\\\/de\\\/uebernachtung-bed-breakfast\\\/\",\"url\":\"https:\\\/\\\/bornholm.info\\\/de\\\/uebernachtung-bed-breakfast\\\/\",\"name\":\"\u00dcbernachtung auf Bornholm - in einem Bed & Breakfast - Destination Bornholm\",\"isPartOf\":{\"@id\":\"https:\\\/\\\/bornholm.info\\\/de\\\/#website\"},\"datePublished\":\"2018-12-17T14:31:01+00:00\",\"dateModified\":\"2018-12-18T11:16:26+00:00\",\"description\":\"Ein Bed & Breakfast ist eine perfekte M\u00f6glichkeit f\u00fcr Ihre \u00dcbernachtung w\u00e4hrend Ihres Urlaubs auf Bornholm. Hier finden Sie sicherlich das Passende.\",\"breadcrumb\":{\"@id\":\"https:\\\/\\\/bornholm.info\\\/de\\\/uebernachtung-bed-breakfast\\\/#breadcrumb\"},\"inLanguage\":\"de\",\"potentialAction\":[{\"@type\":\"ReadAction\",\"target\":[\"https:\\\/\\\/bornholm.info\\\/de\\\/uebernachtung-bed-breakfast\\\/\"]}]},{\"@type\":\"BreadcrumbList\",\"@id\":\"https:\\\/\\\/bornholm.info\\\/de\\\/uebernachtung-bed-breakfast\\\/#breadcrumb\",\"itemListElement\":[{\"@type\":\"ListItem\",\"position\":1,\"name\":\"Home\",\"item\":\"https:\\\/\\\/bornholm.info\\\/de\\\/\"},{\"@type\":\"ListItem\",\"position\":2,\"name\":\"\u00dcbernachtung auf Bornholm &#8211; in einem Bed &#038; Breakfast\"}]},{\"@type\":\"WebSite\",\"@id\":\"https:\\\/\\\/bornholm.info\\\/de\\\/#website\",\"url\":\"https:\\\/\\\/bornholm.info\\\/de\\\/\",\"name\":\"Destination Bornholm\",\"description\":\"The Official Travel Guide to Bornholm\",\"potentialAction\":[{\"@type\":\"SearchAction\",\"target\":{\"@type\":\"EntryPoint\",\"urlTemplate\":\"https:\\\/\\\/bornholm.info\\\/de\\\/?s={search_term_string}\"},\"query-input\":{\"@type\":\"PropertyValueSpecification\",\"valueRequired\":true,\"valueName\":\"search_term_string\"}}],\"inLanguage\":\"de\"}]}<\/script>\n<!-- \/ Yoast SEO plugin. -->","yoast_head_json":{"title":"\u00dcbernachtung auf Bornholm - in einem Bed & Breakfast - Destination Bornholm","description":"Ein Bed & Breakfast ist eine perfekte M\u00f6glichkeit f\u00fcr Ihre \u00dcbernachtung w\u00e4hrend Ihres Urlaubs auf Bornholm. Hier finden Sie sicherlich das Passende.","robots":{"index":"index","follow":"follow","max-snippet":"max-snippet:-1","max-image-preview":"max-image-preview:large","max-video-preview":"max-video-preview:-1"},"canonical":"https:\/\/bornholm.info\/de\/uebernachtung-bed-breakfast\/","og_locale":"de_DE","og_type":"article","og_title":"\u00dcbernachtung auf Bornholm - in einem Bed & Breakfast - Destination Bornholm","og_description":"Ein Bed & Breakfast ist eine perfekte M\u00f6glichkeit f\u00fcr Ihre \u00dcbernachtung w\u00e4hrend Ihres Urlaubs auf Bornholm. Hier finden Sie sicherlich das Passende.","og_url":"https:\/\/bornholm.info\/de\/uebernachtung-bed-breakfast\/","og_site_name":"Destination Bornholm","article_publisher":"https:\/\/www.facebook.com\/bornholminfo","article_modified_time":"2018-12-18T11:16:26+00:00","og_image":[{"width":1800,"height":800,"url":"https:\/\/bornholm.info\/wp-content\/media\/2019\/10\/billede-hammershus-semko-balcerski-1800x800i.jpg","type":"image\/jpeg"}],"twitter_card":"summary_large_image","schema":{"@context":"https:\/\/schema.org","@graph":[{"@type":"WebPage","@id":"https:\/\/bornholm.info\/de\/uebernachtung-bed-breakfast\/","url":"https:\/\/bornholm.info\/de\/uebernachtung-bed-breakfast\/","name":"\u00dcbernachtung auf Bornholm - in einem Bed & Breakfast - Destination Bornholm","isPartOf":{"@id":"https:\/\/bornholm.info\/de\/#website"},"datePublished":"2018-12-17T14:31:01+00:00","dateModified":"2018-12-18T11:16:26+00:00","description":"Ein Bed & Breakfast ist eine perfekte M\u00f6glichkeit f\u00fcr Ihre \u00dcbernachtung w\u00e4hrend Ihres Urlaubs auf Bornholm. Hier finden Sie sicherlich das Passende.","breadcrumb":{"@id":"https:\/\/bornholm.info\/de\/uebernachtung-bed-breakfast\/#breadcrumb"},"inLanguage":"de","potentialAction":[{"@type":"ReadAction","target":["https:\/\/bornholm.info\/de\/uebernachtung-bed-breakfast\/"]}]},{"@type":"BreadcrumbList","@id":"https:\/\/bornholm.info\/de\/uebernachtung-bed-breakfast\/#breadcrumb","itemListElement":[{"@type":"ListItem","position":1,"name":"Home","item":"https:\/\/bornholm.info\/de\/"},{"@type":"ListItem","position":2,"name":"\u00dcbernachtung auf Bornholm &#8211; in einem Bed &#038; Breakfast"}]},{"@type":"WebSite","@id":"https:\/\/bornholm.info\/de\/#website","url":"https:\/\/bornholm.info\/de\/","name":"Destination Bornholm","description":"The Official Travel Guide to Bornholm","potentialAction":[{"@type":"SearchAction","target":{"@type":"EntryPoint","urlTemplate":"https:\/\/bornholm.info\/de\/?s={search_term_string}"},"query-input":{"@type":"PropertyValueSpecification","valueRequired":true,"valueName":"search_term_string"}}],"inLanguage":"de"}]}},"_links":{"self":[{"href":"https:\/\/bornholm.info\/de\/wp-json\/wp\/v2\/pages\/52453","targetHints":{"allow":["GET"]}}],"collection":[{"href":"https:\/\/bornholm.info\/de\/wp-json\/wp\/v2\/pages"}],"about":[{"href":"https:\/\/bornholm.info\/de\/wp-json\/wp\/v2\/types\/page"}],"author":[{"embeddable":true,"href":"https:\/\/bornholm.info\/de\/wp-json\/wp\/v2\/users\/9"}],"replies":[{"embeddable":true,"href":"https:\/\/bornholm.info\/de\/wp-json\/wp\/v2\/comments?post=52453"}],"version-history":[{"count":2,"href":"https:\/\/bornholm.info\/de\/wp-json\/wp\/v2\/pages\/52453\/revisions"}],"predecessor-version":[{"id":52475,"href":"https:\/\/bornholm.info\/de\/wp-json\/wp\/v2\/pages\/52453\/revisions\/52475"}],"wp:attachment":[{"href":"https:\/\/bornholm.info\/de\/wp-json\/wp\/v2\/media?parent=52453"}],"curies":[{"name":"wp","href":"https:\/\/api.w.org\/{rel}","templated":true}]}}