{"id":52239,"date":"2018-12-13T10:49:00","date_gmt":"2018-12-13T10:49:00","guid":{"rendered":"https:\/\/bornholm.info\/overnatning-hotel-eller-pensionat\/"},"modified":"2018-12-18T07:53:04","modified_gmt":"2018-12-18T07:53:04","slug":"uebernachtung-hotel-pension","status":"publish","type":"page","link":"https:\/\/bornholm.info\/de\/uebernachtung-hotel-pension\/","title":{"rendered":"\u00dcbernachtung auf Bornholm &#8211; im Hotel oder Pension"},"content":{"rendered":"<div id=\"bornh-1144629018\" class=\"bornh-before-content-paa-lost-password-siden\"><a data-no-instant=\"1\" href=\"https:\/\/www.youtube.com\/channel\/UC2ZVDESONJ4EaIHaoeKngsw\" rel=\"noopener nofollow\" class=\"a2t-link\" target=\"_blank\" aria-label=\"youtube_300x250_annonce\"><img loading=\"lazy\" decoding=\"async\" src=\"https:\/\/bornholm.info\/wp-content\/media\/2017\/07\/youtube_300x250_annonce.jpg\" alt=\"\"  width=\"300\" height=\"250\"   \/><\/a><\/div>","protected":false},"excerpt":{"rendered":"","protected":false},"author":9,"featured_media":0,"parent":0,"menu_order":0,"comment_status":"closed","ping_status":"closed","template":"template-parts\/thema.php","meta":{"_acf_changed":false,"footnotes":""},"class_list":["post-52239","page","type-page","status-publish","hentry","kategory-guides-de","kategory-hotelsundpensionen","kategory-uebernachtung","tag-christihimmelfahrt","tag-fruehling","tag-grosser-bettag","tag-herbst","tag-hotel-de","tag-ostern","tag-pension","tag-pfingsten","tag-sommer-de","tag-spaetsommer","tag-uebernachtung","tag-weihnachten","tag-winter-de"],"acf":[],"yoast_head":"<!-- This site is optimized with the Yoast SEO plugin v27.2 - https:\/\/yoast.com\/product\/yoast-seo-wordpress\/ -->\n<title>\u00dcbernachtung auf Bornholm - im Hotel oder Pension | Unsere \u00dcbersicht<\/title>\n<meta name=\"description\" content=\"Bornholm bietet eine ganze Reihe von gem\u00fctlichen Hotels und Pensionen, in denen Sie w\u00e4hrend Ihres Urlaubs \u00fcbernachten und gut schlafen k\u00f6nnen.\" \/>\n<meta name=\"robots\" content=\"index, follow, max-snippet:-1, max-image-preview:large, max-video-preview:-1\" \/>\n<link rel=\"canonical\" href=\"https:\/\/bornholm.info\/de\/uebernachtung-hotel-pension\/\" \/>\n<meta property=\"og:locale\" content=\"de_DE\" \/>\n<meta property=\"og:type\" content=\"article\" \/>\n<meta property=\"og:title\" content=\"\u00dcbernachtung auf Bornholm - im Hotel oder Pension | Unsere \u00dcbersicht\" \/>\n<meta property=\"og:description\" content=\"Bornholm bietet eine ganze Reihe von gem\u00fctlichen Hotels und Pensionen, in denen Sie w\u00e4hrend Ihres Urlaubs \u00fcbernachten und gut schlafen k\u00f6nnen.\" \/>\n<meta property=\"og:url\" content=\"https:\/\/bornholm.info\/de\/uebernachtung-hotel-pension\/\" \/>\n<meta property=\"og:site_name\" content=\"Destination Bornholm\" \/>\n<meta property=\"article:publisher\" content=\"https:\/\/www.facebook.com\/bornholminfo\" \/>\n<meta property=\"article:modified_time\" content=\"2018-12-18T07:53:04+00:00\" \/>\n<meta property=\"og:image\" content=\"https:\/\/bornholm.info\/wp-content\/media\/2019\/10\/billede-hammershus-semko-balcerski-1800x800i.jpg\" \/>\n\t<meta property=\"og:image:width\" content=\"1800\" \/>\n\t<meta property=\"og:image:height\" content=\"800\" \/>\n\t<meta property=\"og:image:type\" content=\"image\/jpeg\" \/>\n<meta name=\"twitter:card\" content=\"summary_large_image\" \/>\n<script type=\"application\/ld+json\" class=\"yoast-schema-graph\">{\"@context\":\"https:\/\/schema.org\",\"@graph\":[{\"@type\":\"WebPage\",\"@id\":\"https:\/\/bornholm.info\/de\/uebernachtung-hotel-pension\/\",\"url\":\"https:\/\/bornholm.info\/de\/uebernachtung-hotel-pension\/\",\"name\":\"\u00dcbernachtung auf Bornholm - im Hotel oder Pension | Unsere \u00dcbersicht\",\"isPartOf\":{\"@id\":\"https:\/\/bornholm.info\/de\/#website\"},\"datePublished\":\"2018-12-13T10:49:00+00:00\",\"dateModified\":\"2018-12-18T07:53:04+00:00\",\"description\":\"Bornholm bietet eine ganze Reihe von gem\u00fctlichen Hotels und Pensionen, in denen Sie w\u00e4hrend Ihres Urlaubs \u00fcbernachten und gut schlafen k\u00f6nnen.\",\"breadcrumb\":{\"@id\":\"https:\/\/bornholm.info\/de\/uebernachtung-hotel-pension\/#breadcrumb\"},\"inLanguage\":\"de\",\"potentialAction\":[{\"@type\":\"ReadAction\",\"target\":[\"https:\/\/bornholm.info\/de\/uebernachtung-hotel-pension\/\"]}]},{\"@type\":\"BreadcrumbList\",\"@id\":\"https:\/\/bornholm.info\/de\/uebernachtung-hotel-pension\/#breadcrumb\",\"itemListElement\":[{\"@type\":\"ListItem\",\"position\":1,\"name\":\"Home\",\"item\":\"https:\/\/bornholm.info\/de\/\"},{\"@type\":\"ListItem\",\"position\":2,\"name\":\"\u00dcbernachtung auf Bornholm &#8211; im Hotel oder Pension\"}]},{\"@type\":\"WebSite\",\"@id\":\"https:\/\/bornholm.info\/de\/#website\",\"url\":\"https:\/\/bornholm.info\/de\/\",\"name\":\"Destination Bornholm\",\"description\":\"The Official Travel Guide to Bornholm\",\"potentialAction\":[{\"@type\":\"SearchAction\",\"target\":{\"@type\":\"EntryPoint\",\"urlTemplate\":\"https:\/\/bornholm.info\/de\/?s={search_term_string}\"},\"query-input\":{\"@type\":\"PropertyValueSpecification\",\"valueRequired\":true,\"valueName\":\"search_term_string\"}}],\"inLanguage\":\"de\"}]}<\/script>\n<!-- \/ Yoast SEO plugin. -->","yoast_head_json":{"title":"\u00dcbernachtung auf Bornholm - im Hotel oder Pension | Unsere \u00dcbersicht","description":"Bornholm bietet eine ganze Reihe von gem\u00fctlichen Hotels und Pensionen, in denen Sie w\u00e4hrend Ihres Urlaubs \u00fcbernachten und gut schlafen k\u00f6nnen.","robots":{"index":"index","follow":"follow","max-snippet":"max-snippet:-1","max-image-preview":"max-image-preview:large","max-video-preview":"max-video-preview:-1"},"canonical":"https:\/\/bornholm.info\/de\/uebernachtung-hotel-pension\/","og_locale":"de_DE","og_type":"article","og_title":"\u00dcbernachtung auf Bornholm - im Hotel oder Pension | Unsere \u00dcbersicht","og_description":"Bornholm bietet eine ganze Reihe von gem\u00fctlichen Hotels und Pensionen, in denen Sie w\u00e4hrend Ihres Urlaubs \u00fcbernachten und gut schlafen k\u00f6nnen.","og_url":"https:\/\/bornholm.info\/de\/uebernachtung-hotel-pension\/","og_site_name":"Destination Bornholm","article_publisher":"https:\/\/www.facebook.com\/bornholminfo","article_modified_time":"2018-12-18T07:53:04+00:00","og_image":[{"width":1800,"height":800,"url":"https:\/\/bornholm.info\/wp-content\/media\/2019\/10\/billede-hammershus-semko-balcerski-1800x800i.jpg","type":"image\/jpeg"}],"twitter_card":"summary_large_image","schema":{"@context":"https:\/\/schema.org","@graph":[{"@type":"WebPage","@id":"https:\/\/bornholm.info\/de\/uebernachtung-hotel-pension\/","url":"https:\/\/bornholm.info\/de\/uebernachtung-hotel-pension\/","name":"\u00dcbernachtung auf Bornholm - im Hotel oder Pension | Unsere \u00dcbersicht","isPartOf":{"@id":"https:\/\/bornholm.info\/de\/#website"},"datePublished":"2018-12-13T10:49:00+00:00","dateModified":"2018-12-18T07:53:04+00:00","description":"Bornholm bietet eine ganze Reihe von gem\u00fctlichen Hotels und Pensionen, in denen Sie w\u00e4hrend Ihres Urlaubs \u00fcbernachten und gut schlafen k\u00f6nnen.","breadcrumb":{"@id":"https:\/\/bornholm.info\/de\/uebernachtung-hotel-pension\/#breadcrumb"},"inLanguage":"de","potentialAction":[{"@type":"ReadAction","target":["https:\/\/bornholm.info\/de\/uebernachtung-hotel-pension\/"]}]},{"@type":"BreadcrumbList","@id":"https:\/\/bornholm.info\/de\/uebernachtung-hotel-pension\/#breadcrumb","itemListElement":[{"@type":"ListItem","position":1,"name":"Home","item":"https:\/\/bornholm.info\/de\/"},{"@type":"ListItem","position":2,"name":"\u00dcbernachtung auf Bornholm &#8211; im Hotel oder Pension"}]},{"@type":"WebSite","@id":"https:\/\/bornholm.info\/de\/#website","url":"https:\/\/bornholm.info\/de\/","name":"Destination Bornholm","description":"The Official Travel Guide to Bornholm","potentialAction":[{"@type":"SearchAction","target":{"@type":"EntryPoint","urlTemplate":"https:\/\/bornholm.info\/de\/?s={search_term_string}"},"query-input":{"@type":"PropertyValueSpecification","valueRequired":true,"valueName":"search_term_string"}}],"inLanguage":"de"}]}},"_links":{"self":[{"href":"https:\/\/bornholm.info\/de\/wp-json\/wp\/v2\/pages\/52239","targetHints":{"allow":["GET"]}}],"collection":[{"href":"https:\/\/bornholm.info\/de\/wp-json\/wp\/v2\/pages"}],"about":[{"href":"https:\/\/bornholm.info\/de\/wp-json\/wp\/v2\/types\/page"}],"author":[{"embeddable":true,"href":"https:\/\/bornholm.info\/de\/wp-json\/wp\/v2\/users\/9"}],"replies":[{"embeddable":true,"href":"https:\/\/bornholm.info\/de\/wp-json\/wp\/v2\/comments?post=52239"}],"version-history":[{"count":1,"href":"https:\/\/bornholm.info\/de\/wp-json\/wp\/v2\/pages\/52239\/revisions"}],"predecessor-version":[{"id":52274,"href":"https:\/\/bornholm.info\/de\/wp-json\/wp\/v2\/pages\/52239\/revisions\/52274"}],"wp:attachment":[{"href":"https:\/\/bornholm.info\/de\/wp-json\/wp\/v2\/media?parent=52239"}],"curies":[{"name":"wp","href":"https:\/\/api.w.org\/{rel}","templated":true}]}}