{"id":50422,"date":"2018-11-30T09:51:29","date_gmt":"2018-11-30T09:51:29","guid":{"rendered":"https:\/\/bornholm.info\/?page_id=50422"},"modified":"2018-11-30T09:51:29","modified_gmt":"2018-11-30T09:51:29","slug":"anglerparadies","status":"publish","type":"page","link":"https:\/\/bornholm.info\/de\/anglerparadies\/","title":{"rendered":"Besuchen Sie das Anglerparadies Bornholm das ganze Jahr"},"content":{"rendered":"<div id=\"bornh-1239011106\" class=\"bornh-before-content-paa-lost-password-siden\"><a data-no-instant=\"1\" href=\"https:\/\/www.youtube.com\/channel\/UC2ZVDESONJ4EaIHaoeKngsw\" rel=\"noopener nofollow\" class=\"a2t-link\" target=\"_blank\" aria-label=\"youtube_300x250_annonce\"><img loading=\"lazy\" decoding=\"async\" src=\"https:\/\/bornholm.info\/wp-content\/media\/2017\/07\/youtube_300x250_annonce.jpg\" alt=\"\"  width=\"300\" height=\"250\"   \/><\/a><\/div>","protected":false},"excerpt":{"rendered":"","protected":false},"author":9,"featured_media":0,"parent":0,"menu_order":0,"comment_status":"closed","ping_status":"closed","template":"template-parts\/thema.php","meta":{"_acf_changed":false,"footnotes":""},"class_list":["post-50422","page","type-page","status-publish","hentry","kategory-attraktionen","kategory-guides-de","kategory-outdoor-de","tag-angeln","tag-entspannung","tag-fruehling","tag-herbst","tag-natur-de","tag-ostern","tag-outdoor-de","tag-pauschalreise","tag-weihnachten","tag-winter-de"],"acf":[],"yoast_head":"<!-- This site is optimized with the Yoast SEO plugin v27.2 - https:\/\/yoast.com\/product\/yoast-seo-wordpress\/ -->\n<title>Besuchen Sie das Anglerparadies Bornholm das ganze Jahr<\/title>\n<meta name=\"description\" content=\"Bequem und g\u00fcnstig mit der direkten F\u00e4hre von Sassnitz nach Bornholm. Alles wichtige f\u00fcr Ihren entspannten Anglerurlaub an der d\u00e4nischen Ostsee hier!\" \/>\n<meta name=\"robots\" content=\"index, follow, max-snippet:-1, max-image-preview:large, max-video-preview:-1\" \/>\n<link rel=\"canonical\" href=\"https:\/\/bornholm.info\/de\/anglerparadies\/\" \/>\n<meta property=\"og:locale\" content=\"de_DE\" \/>\n<meta property=\"og:type\" content=\"article\" \/>\n<meta property=\"og:title\" content=\"Besuchen Sie das Anglerparadies Bornholm das ganze Jahr\" \/>\n<meta property=\"og:description\" content=\"Bequem und g\u00fcnstig mit der direkten F\u00e4hre von Sassnitz nach Bornholm. Alles wichtige f\u00fcr Ihren entspannten Anglerurlaub an der d\u00e4nischen Ostsee hier!\" \/>\n<meta property=\"og:url\" content=\"https:\/\/bornholm.info\/de\/anglerparadies\/\" \/>\n<meta property=\"og:site_name\" content=\"Destination Bornholm\" \/>\n<meta property=\"article:publisher\" content=\"https:\/\/www.facebook.com\/bornholminfo\" \/>\n<meta property=\"og:image\" content=\"https:\/\/bornholm.info\/wp-content\/media\/2019\/10\/billede-hammershus-semko-balcerski-1800x800i.jpg\" \/>\n\t<meta property=\"og:image:width\" content=\"1800\" \/>\n\t<meta property=\"og:image:height\" content=\"800\" \/>\n\t<meta property=\"og:image:type\" content=\"image\/jpeg\" \/>\n<meta name=\"twitter:card\" content=\"summary_large_image\" \/>\n<script type=\"application\/ld+json\" class=\"yoast-schema-graph\">{\"@context\":\"https:\/\/schema.org\",\"@graph\":[{\"@type\":\"WebPage\",\"@id\":\"https:\/\/bornholm.info\/de\/anglerparadies\/\",\"url\":\"https:\/\/bornholm.info\/de\/anglerparadies\/\",\"name\":\"Besuchen Sie das Anglerparadies Bornholm das ganze Jahr\",\"isPartOf\":{\"@id\":\"https:\/\/bornholm.info\/de\/#website\"},\"datePublished\":\"2018-11-30T09:51:29+00:00\",\"description\":\"Bequem und g\u00fcnstig mit der direkten F\u00e4hre von Sassnitz nach Bornholm. Alles wichtige f\u00fcr Ihren entspannten Anglerurlaub an der d\u00e4nischen Ostsee hier!\",\"breadcrumb\":{\"@id\":\"https:\/\/bornholm.info\/de\/anglerparadies\/#breadcrumb\"},\"inLanguage\":\"de\",\"potentialAction\":[{\"@type\":\"ReadAction\",\"target\":[\"https:\/\/bornholm.info\/de\/anglerparadies\/\"]}]},{\"@type\":\"BreadcrumbList\",\"@id\":\"https:\/\/bornholm.info\/de\/anglerparadies\/#breadcrumb\",\"itemListElement\":[{\"@type\":\"ListItem\",\"position\":1,\"name\":\"Home\",\"item\":\"https:\/\/bornholm.info\/de\/\"},{\"@type\":\"ListItem\",\"position\":2,\"name\":\"Besuchen Sie das Anglerparadies Bornholm das ganze Jahr\"}]},{\"@type\":\"WebSite\",\"@id\":\"https:\/\/bornholm.info\/de\/#website\",\"url\":\"https:\/\/bornholm.info\/de\/\",\"name\":\"Destination Bornholm\",\"description\":\"The Official Travel Guide to Bornholm\",\"potentialAction\":[{\"@type\":\"SearchAction\",\"target\":{\"@type\":\"EntryPoint\",\"urlTemplate\":\"https:\/\/bornholm.info\/de\/?s={search_term_string}\"},\"query-input\":{\"@type\":\"PropertyValueSpecification\",\"valueRequired\":true,\"valueName\":\"search_term_string\"}}],\"inLanguage\":\"de\"}]}<\/script>\n<!-- \/ Yoast SEO plugin. -->","yoast_head_json":{"title":"Besuchen Sie das Anglerparadies Bornholm das ganze Jahr","description":"Bequem und g\u00fcnstig mit der direkten F\u00e4hre von Sassnitz nach Bornholm. Alles wichtige f\u00fcr Ihren entspannten Anglerurlaub an der d\u00e4nischen Ostsee hier!","robots":{"index":"index","follow":"follow","max-snippet":"max-snippet:-1","max-image-preview":"max-image-preview:large","max-video-preview":"max-video-preview:-1"},"canonical":"https:\/\/bornholm.info\/de\/anglerparadies\/","og_locale":"de_DE","og_type":"article","og_title":"Besuchen Sie das Anglerparadies Bornholm das ganze Jahr","og_description":"Bequem und g\u00fcnstig mit der direkten F\u00e4hre von Sassnitz nach Bornholm. Alles wichtige f\u00fcr Ihren entspannten Anglerurlaub an der d\u00e4nischen Ostsee hier!","og_url":"https:\/\/bornholm.info\/de\/anglerparadies\/","og_site_name":"Destination Bornholm","article_publisher":"https:\/\/www.facebook.com\/bornholminfo","og_image":[{"width":1800,"height":800,"url":"https:\/\/bornholm.info\/wp-content\/media\/2019\/10\/billede-hammershus-semko-balcerski-1800x800i.jpg","type":"image\/jpeg"}],"twitter_card":"summary_large_image","schema":{"@context":"https:\/\/schema.org","@graph":[{"@type":"WebPage","@id":"https:\/\/bornholm.info\/de\/anglerparadies\/","url":"https:\/\/bornholm.info\/de\/anglerparadies\/","name":"Besuchen Sie das Anglerparadies Bornholm das ganze Jahr","isPartOf":{"@id":"https:\/\/bornholm.info\/de\/#website"},"datePublished":"2018-11-30T09:51:29+00:00","description":"Bequem und g\u00fcnstig mit der direkten F\u00e4hre von Sassnitz nach Bornholm. Alles wichtige f\u00fcr Ihren entspannten Anglerurlaub an der d\u00e4nischen Ostsee hier!","breadcrumb":{"@id":"https:\/\/bornholm.info\/de\/anglerparadies\/#breadcrumb"},"inLanguage":"de","potentialAction":[{"@type":"ReadAction","target":["https:\/\/bornholm.info\/de\/anglerparadies\/"]}]},{"@type":"BreadcrumbList","@id":"https:\/\/bornholm.info\/de\/anglerparadies\/#breadcrumb","itemListElement":[{"@type":"ListItem","position":1,"name":"Home","item":"https:\/\/bornholm.info\/de\/"},{"@type":"ListItem","position":2,"name":"Besuchen Sie das Anglerparadies Bornholm das ganze Jahr"}]},{"@type":"WebSite","@id":"https:\/\/bornholm.info\/de\/#website","url":"https:\/\/bornholm.info\/de\/","name":"Destination Bornholm","description":"The Official Travel Guide to Bornholm","potentialAction":[{"@type":"SearchAction","target":{"@type":"EntryPoint","urlTemplate":"https:\/\/bornholm.info\/de\/?s={search_term_string}"},"query-input":{"@type":"PropertyValueSpecification","valueRequired":true,"valueName":"search_term_string"}}],"inLanguage":"de"}]}},"_links":{"self":[{"href":"https:\/\/bornholm.info\/de\/wp-json\/wp\/v2\/pages\/50422","targetHints":{"allow":["GET"]}}],"collection":[{"href":"https:\/\/bornholm.info\/de\/wp-json\/wp\/v2\/pages"}],"about":[{"href":"https:\/\/bornholm.info\/de\/wp-json\/wp\/v2\/types\/page"}],"author":[{"embeddable":true,"href":"https:\/\/bornholm.info\/de\/wp-json\/wp\/v2\/users\/9"}],"replies":[{"embeddable":true,"href":"https:\/\/bornholm.info\/de\/wp-json\/wp\/v2\/comments?post=50422"}],"version-history":[{"count":1,"href":"https:\/\/bornholm.info\/de\/wp-json\/wp\/v2\/pages\/50422\/revisions"}],"predecessor-version":[{"id":50423,"href":"https:\/\/bornholm.info\/de\/wp-json\/wp\/v2\/pages\/50422\/revisions\/50423"}],"wp:attachment":[{"href":"https:\/\/bornholm.info\/de\/wp-json\/wp\/v2\/media?parent=50422"}],"curies":[{"name":"wp","href":"https:\/\/api.w.org\/{rel}","templated":true}]}}