{"id":2260410,"date":"2025-05-06T14:48:45","date_gmt":"2025-05-06T12:48:45","guid":{"rendered":"https:\/\/bornholm.info\/klatring-paa-bornholm-din-guide-til-oeens-klipper\/"},"modified":"2025-07-07T10:32:37","modified_gmt":"2025-07-07T08:32:37","slug":"klettern-auf-bornholm-dein-guide-zu-den-felsen-der-insel","status":"publish","type":"page","link":"https:\/\/bornholm.info\/de\/klettern-auf-bornholm-dein-guide-zu-den-felsen-der-insel\/","title":{"rendered":"Klatring p\u00e5 Bornholm \u2013 din guide til \u00f8ens klipper (DE)"},"content":{"rendered":"<div id=\"bornh-3562480918\" class=\"bornh-before-content-paa-lost-password-siden\"><a data-no-instant=\"1\" href=\"https:\/\/www.youtube.com\/channel\/UC2ZVDESONJ4EaIHaoeKngsw\" rel=\"noopener nofollow\" class=\"a2t-link\" target=\"_blank\" aria-label=\"youtube_300x250_annonce\"><img loading=\"lazy\" decoding=\"async\" src=\"https:\/\/bornholm.info\/wp-content\/media\/2017\/07\/youtube_300x250_annonce.jpg\" alt=\"\"  width=\"300\" height=\"250\"   \/><\/a><\/div>","protected":false},"excerpt":{"rendered":"","protected":false},"author":25,"featured_media":0,"parent":0,"menu_order":0,"comment_status":"closed","ping_status":"closed","template":"template-parts\/thema.php","meta":{"_acf_changed":false,"footnotes":""},"class_list":["post-2260410","page","type-page","status-publish","hentry"],"acf":[],"yoast_head":"<!-- This site is optimized with the Yoast SEO plugin v27.2 - https:\/\/yoast.com\/product\/yoast-seo-wordpress\/ -->\n<title>Klettern auf Bornholm \u2013 Dein Guide zu den Felsen der Insel<\/title>\n<meta name=\"description\" content=\"Verschaffe dir den vollst\u00e4ndigen \u00dcberblick \u00fcber das Klettern auf Bornholm. Entdecke die besten Klettergebiete der Insel \u2013 von Steinbr\u00fcchen und dramatischen K\u00fcstenfelsen bis hin zu spannenden Boulder-Spots. Erhalte wertvolle Tipps f\u00fcr sichere und naturnahe Klettererlebnisse.\" \/>\n<meta name=\"robots\" content=\"index, follow, max-snippet:-1, max-image-preview:large, max-video-preview:-1\" \/>\n<link rel=\"canonical\" href=\"https:\/\/bornholm.info\/de\/klettern-auf-bornholm-dein-guide-zu-den-felsen-der-insel\/\" \/>\n<meta property=\"og:locale\" content=\"de_DE\" \/>\n<meta property=\"og:type\" content=\"article\" \/>\n<meta property=\"og:title\" content=\"Klettern auf Bornholm \u2013 Dein Guide zu den Felsen der Insel\" \/>\n<meta property=\"og:description\" content=\"Verschaffe dir den vollst\u00e4ndigen \u00dcberblick \u00fcber das Klettern auf Bornholm. Entdecke die besten Klettergebiete der Insel \u2013 von Steinbr\u00fcchen und dramatischen K\u00fcstenfelsen bis hin zu spannenden Boulder-Spots. Erhalte wertvolle Tipps f\u00fcr sichere und naturnahe Klettererlebnisse.\" \/>\n<meta property=\"og:url\" content=\"https:\/\/bornholm.info\/de\/klettern-auf-bornholm-dein-guide-zu-den-felsen-der-insel\/\" \/>\n<meta property=\"og:site_name\" content=\"Destination Bornholm\" \/>\n<meta property=\"article:publisher\" content=\"https:\/\/www.facebook.com\/bornholminfo\" \/>\n<meta property=\"article:modified_time\" content=\"2025-07-07T08:32:37+00:00\" \/>\n<meta property=\"og:image\" content=\"https:\/\/bornholm.info\/wp-content\/media\/2019\/10\/billede-hammershus-semko-balcerski-1800x800i.jpg\" \/>\n\t<meta property=\"og:image:width\" content=\"1800\" \/>\n\t<meta property=\"og:image:height\" content=\"800\" \/>\n\t<meta property=\"og:image:type\" content=\"image\/jpeg\" \/>\n<meta name=\"twitter:card\" content=\"summary_large_image\" \/>\n<script type=\"application\/ld+json\" class=\"yoast-schema-graph\">{\"@context\":\"https:\/\/schema.org\",\"@graph\":[{\"@type\":\"WebPage\",\"@id\":\"https:\/\/bornholm.info\/de\/klettern-auf-bornholm-dein-guide-zu-den-felsen-der-insel\/\",\"url\":\"https:\/\/bornholm.info\/de\/klettern-auf-bornholm-dein-guide-zu-den-felsen-der-insel\/\",\"name\":\"Klettern auf Bornholm \u2013 Dein Guide zu den Felsen der Insel\",\"isPartOf\":{\"@id\":\"https:\/\/bornholm.info\/de\/#website\"},\"datePublished\":\"2025-05-06T12:48:45+00:00\",\"dateModified\":\"2025-07-07T08:32:37+00:00\",\"description\":\"Verschaffe dir den vollst\u00e4ndigen \u00dcberblick \u00fcber das Klettern auf Bornholm. Entdecke die besten Klettergebiete der Insel \u2013 von Steinbr\u00fcchen und dramatischen K\u00fcstenfelsen bis hin zu spannenden Boulder-Spots. Erhalte wertvolle Tipps f\u00fcr sichere und naturnahe Klettererlebnisse.\",\"breadcrumb\":{\"@id\":\"https:\/\/bornholm.info\/de\/klettern-auf-bornholm-dein-guide-zu-den-felsen-der-insel\/#breadcrumb\"},\"inLanguage\":\"de\",\"potentialAction\":[{\"@type\":\"ReadAction\",\"target\":[\"https:\/\/bornholm.info\/de\/klettern-auf-bornholm-dein-guide-zu-den-felsen-der-insel\/\"]}]},{\"@type\":\"BreadcrumbList\",\"@id\":\"https:\/\/bornholm.info\/de\/klettern-auf-bornholm-dein-guide-zu-den-felsen-der-insel\/#breadcrumb\",\"itemListElement\":[{\"@type\":\"ListItem\",\"position\":1,\"name\":\"Home\",\"item\":\"https:\/\/bornholm.info\/de\/\"},{\"@type\":\"ListItem\",\"position\":2,\"name\":\"Klatring p\u00e5 Bornholm \u2013 din guide til \u00f8ens klipper (DE)\"}]},{\"@type\":\"WebSite\",\"@id\":\"https:\/\/bornholm.info\/de\/#website\",\"url\":\"https:\/\/bornholm.info\/de\/\",\"name\":\"Destination Bornholm\",\"description\":\"The Official Travel Guide to Bornholm\",\"potentialAction\":[{\"@type\":\"SearchAction\",\"target\":{\"@type\":\"EntryPoint\",\"urlTemplate\":\"https:\/\/bornholm.info\/de\/?s={search_term_string}\"},\"query-input\":{\"@type\":\"PropertyValueSpecification\",\"valueRequired\":true,\"valueName\":\"search_term_string\"}}],\"inLanguage\":\"de\"}]}<\/script>\n<!-- \/ Yoast SEO plugin. -->","yoast_head_json":{"title":"Klettern auf Bornholm \u2013 Dein Guide zu den Felsen der Insel","description":"Verschaffe dir den vollst\u00e4ndigen \u00dcberblick \u00fcber das Klettern auf Bornholm. Entdecke die besten Klettergebiete der Insel \u2013 von Steinbr\u00fcchen und dramatischen K\u00fcstenfelsen bis hin zu spannenden Boulder-Spots. Erhalte wertvolle Tipps f\u00fcr sichere und naturnahe Klettererlebnisse.","robots":{"index":"index","follow":"follow","max-snippet":"max-snippet:-1","max-image-preview":"max-image-preview:large","max-video-preview":"max-video-preview:-1"},"canonical":"https:\/\/bornholm.info\/de\/klettern-auf-bornholm-dein-guide-zu-den-felsen-der-insel\/","og_locale":"de_DE","og_type":"article","og_title":"Klettern auf Bornholm \u2013 Dein Guide zu den Felsen der Insel","og_description":"Verschaffe dir den vollst\u00e4ndigen \u00dcberblick \u00fcber das Klettern auf Bornholm. Entdecke die besten Klettergebiete der Insel \u2013 von Steinbr\u00fcchen und dramatischen K\u00fcstenfelsen bis hin zu spannenden Boulder-Spots. Erhalte wertvolle Tipps f\u00fcr sichere und naturnahe Klettererlebnisse.","og_url":"https:\/\/bornholm.info\/de\/klettern-auf-bornholm-dein-guide-zu-den-felsen-der-insel\/","og_site_name":"Destination Bornholm","article_publisher":"https:\/\/www.facebook.com\/bornholminfo","article_modified_time":"2025-07-07T08:32:37+00:00","og_image":[{"width":1800,"height":800,"url":"https:\/\/bornholm.info\/wp-content\/media\/2019\/10\/billede-hammershus-semko-balcerski-1800x800i.jpg","type":"image\/jpeg"}],"twitter_card":"summary_large_image","schema":{"@context":"https:\/\/schema.org","@graph":[{"@type":"WebPage","@id":"https:\/\/bornholm.info\/de\/klettern-auf-bornholm-dein-guide-zu-den-felsen-der-insel\/","url":"https:\/\/bornholm.info\/de\/klettern-auf-bornholm-dein-guide-zu-den-felsen-der-insel\/","name":"Klettern auf Bornholm \u2013 Dein Guide zu den Felsen der Insel","isPartOf":{"@id":"https:\/\/bornholm.info\/de\/#website"},"datePublished":"2025-05-06T12:48:45+00:00","dateModified":"2025-07-07T08:32:37+00:00","description":"Verschaffe dir den vollst\u00e4ndigen \u00dcberblick \u00fcber das Klettern auf Bornholm. Entdecke die besten Klettergebiete der Insel \u2013 von Steinbr\u00fcchen und dramatischen K\u00fcstenfelsen bis hin zu spannenden Boulder-Spots. Erhalte wertvolle Tipps f\u00fcr sichere und naturnahe Klettererlebnisse.","breadcrumb":{"@id":"https:\/\/bornholm.info\/de\/klettern-auf-bornholm-dein-guide-zu-den-felsen-der-insel\/#breadcrumb"},"inLanguage":"de","potentialAction":[{"@type":"ReadAction","target":["https:\/\/bornholm.info\/de\/klettern-auf-bornholm-dein-guide-zu-den-felsen-der-insel\/"]}]},{"@type":"BreadcrumbList","@id":"https:\/\/bornholm.info\/de\/klettern-auf-bornholm-dein-guide-zu-den-felsen-der-insel\/#breadcrumb","itemListElement":[{"@type":"ListItem","position":1,"name":"Home","item":"https:\/\/bornholm.info\/de\/"},{"@type":"ListItem","position":2,"name":"Klatring p\u00e5 Bornholm \u2013 din guide til \u00f8ens klipper (DE)"}]},{"@type":"WebSite","@id":"https:\/\/bornholm.info\/de\/#website","url":"https:\/\/bornholm.info\/de\/","name":"Destination Bornholm","description":"The Official Travel Guide to Bornholm","potentialAction":[{"@type":"SearchAction","target":{"@type":"EntryPoint","urlTemplate":"https:\/\/bornholm.info\/de\/?s={search_term_string}"},"query-input":{"@type":"PropertyValueSpecification","valueRequired":true,"valueName":"search_term_string"}}],"inLanguage":"de"}]}},"_links":{"self":[{"href":"https:\/\/bornholm.info\/de\/wp-json\/wp\/v2\/pages\/2260410","targetHints":{"allow":["GET"]}}],"collection":[{"href":"https:\/\/bornholm.info\/de\/wp-json\/wp\/v2\/pages"}],"about":[{"href":"https:\/\/bornholm.info\/de\/wp-json\/wp\/v2\/types\/page"}],"author":[{"embeddable":true,"href":"https:\/\/bornholm.info\/de\/wp-json\/wp\/v2\/users\/25"}],"replies":[{"embeddable":true,"href":"https:\/\/bornholm.info\/de\/wp-json\/wp\/v2\/comments?post=2260410"}],"version-history":[{"count":1,"href":"https:\/\/bornholm.info\/de\/wp-json\/wp\/v2\/pages\/2260410\/revisions"}],"predecessor-version":[{"id":2260411,"href":"https:\/\/bornholm.info\/de\/wp-json\/wp\/v2\/pages\/2260410\/revisions\/2260411"}],"wp:attachment":[{"href":"https:\/\/bornholm.info\/de\/wp-json\/wp\/v2\/media?parent=2260410"}],"curies":[{"name":"wp","href":"https:\/\/api.w.org\/{rel}","templated":true}]}}