{"id":2254214,"date":"2025-04-04T13:00:12","date_gmt":"2025-04-04T11:00:12","guid":{"rendered":"https:\/\/bornholm.info\/bornholms-cykelguide-cykelferie-paa-bornholm\/"},"modified":"2025-04-04T13:50:03","modified_gmt":"2025-04-04T11:50:03","slug":"bornholms-radreisefuhrer-radurlaub-auf-bornholm","status":"publish","type":"page","link":"https:\/\/bornholm.info\/de\/bornholms-radreisefuhrer-radurlaub-auf-bornholm\/","title":{"rendered":"Bornholms Cykelguide (DE)"},"content":{"rendered":"<div id=\"bornh-3389204084\" class=\"bornh-before-content-paa-lost-password-siden\"><a data-no-instant=\"1\" href=\"https:\/\/www.youtube.com\/channel\/UC2ZVDESONJ4EaIHaoeKngsw\" rel=\"noopener nofollow\" class=\"a2t-link\" target=\"_blank\" aria-label=\"youtube_300x250_annonce\"><img loading=\"lazy\" decoding=\"async\" src=\"https:\/\/bornholm.info\/wp-content\/media\/2017\/07\/youtube_300x250_annonce.jpg\" alt=\"\"  width=\"300\" height=\"250\"   \/><\/a><\/div>","protected":false},"excerpt":{"rendered":"","protected":false},"author":25,"featured_media":0,"parent":0,"menu_order":0,"comment_status":"closed","ping_status":"closed","template":"template-parts\/thema.php","meta":{"_acf_changed":false,"footnotes":""},"class_list":["post-2254214","page","type-page","status-publish","hentry","kategory-outdoor-de","tag-fahrrad","tag-ganze-insel","tag-mountainbike-de"],"acf":[],"yoast_head":"<!-- This site is optimized with the Yoast SEO plugin v27.2 - https:\/\/yoast.com\/product\/yoast-seo-wordpress\/ -->\n<title>Bornholms Radreisef\u00fchrer \u2013 Radurlaub auf Bornholm<\/title>\n<meta name=\"description\" content=\"Bornholm ist wie geschaffen f\u00fcr einen Fahrradurlaub. Die Insel bietet familienfreundliche Routen, spannende Mountainbike-Strecken und ein abwechslungsreiches Gel\u00e4nde, das selbst ambitionierte Radsportler anzieht \u2013 viele nutzen Bornholm, um sich vor dem Start der Tour de France in Form zu bringen.Sieh dir hier unseren gro\u00dfen Fahrradguide an.\" \/>\n<meta name=\"robots\" content=\"index, follow, max-snippet:-1, max-image-preview:large, max-video-preview:-1\" \/>\n<link rel=\"canonical\" href=\"https:\/\/bornholm.info\/de\/bornholms-radreisefuhrer-radurlaub-auf-bornholm\/\" \/>\n<meta property=\"og:locale\" content=\"de_DE\" \/>\n<meta property=\"og:type\" content=\"article\" \/>\n<meta property=\"og:title\" content=\"Bornholms cykelguide - Cykelferie p\u00e5 Bornholm\" \/>\n<meta property=\"og:description\" content=\"Bornholm er som skabt til en cykelferie. \u00d8en byder p\u00e5 b\u00e5de familievenlige ruter, vilde mountainbikespor og et terr\u00e6n, som f\u00e5r cykelryttere til at valgfarte til \u00f8en, for at pudse formen af inden startskuddet g\u00e5r til Tour de France.\" \/>\n<meta property=\"og:url\" content=\"https:\/\/bornholm.info\/de\/bornholms-radreisefuhrer-radurlaub-auf-bornholm\/\" \/>\n<meta property=\"og:site_name\" content=\"Destination Bornholm\" \/>\n<meta property=\"article:publisher\" content=\"https:\/\/www.facebook.com\/bornholminfo\" \/>\n<meta property=\"article:modified_time\" content=\"2025-04-04T11:50:03+00:00\" \/>\n<meta property=\"og:image\" content=\"https:\/\/bornholm.info\/wp-content\/media\/2025\/01\/cykelguide_header.jpg\" \/>\n\t<meta property=\"og:image:width\" content=\"1800\" \/>\n\t<meta property=\"og:image:height\" content=\"800\" \/>\n\t<meta property=\"og:image:type\" content=\"image\/jpeg\" \/>\n<meta name=\"twitter:card\" content=\"summary_large_image\" \/>\n<script type=\"application\/ld+json\" class=\"yoast-schema-graph\">{\"@context\":\"https:\/\/schema.org\",\"@graph\":[{\"@type\":\"WebPage\",\"@id\":\"https:\/\/bornholm.info\/de\/bornholms-radreisefuhrer-radurlaub-auf-bornholm\/\",\"url\":\"https:\/\/bornholm.info\/de\/bornholms-radreisefuhrer-radurlaub-auf-bornholm\/\",\"name\":\"Bornholms Radreisef\u00fchrer \u2013 Radurlaub auf Bornholm\",\"isPartOf\":{\"@id\":\"https:\/\/bornholm.info\/de\/#website\"},\"datePublished\":\"2025-04-04T11:00:12+00:00\",\"dateModified\":\"2025-04-04T11:50:03+00:00\",\"description\":\"Bornholm ist wie geschaffen f\u00fcr einen Fahrradurlaub. Die Insel bietet familienfreundliche Routen, spannende Mountainbike-Strecken und ein abwechslungsreiches Gel\u00e4nde, das selbst ambitionierte Radsportler anzieht \u2013 viele nutzen Bornholm, um sich vor dem Start der Tour de France in Form zu bringen.Sieh dir hier unseren gro\u00dfen Fahrradguide an.\",\"breadcrumb\":{\"@id\":\"https:\/\/bornholm.info\/de\/bornholms-radreisefuhrer-radurlaub-auf-bornholm\/#breadcrumb\"},\"inLanguage\":\"de\",\"potentialAction\":[{\"@type\":\"ReadAction\",\"target\":[\"https:\/\/bornholm.info\/de\/bornholms-radreisefuhrer-radurlaub-auf-bornholm\/\"]}]},{\"@type\":\"BreadcrumbList\",\"@id\":\"https:\/\/bornholm.info\/de\/bornholms-radreisefuhrer-radurlaub-auf-bornholm\/#breadcrumb\",\"itemListElement\":[{\"@type\":\"ListItem\",\"position\":1,\"name\":\"Home\",\"item\":\"https:\/\/bornholm.info\/de\/\"},{\"@type\":\"ListItem\",\"position\":2,\"name\":\"Bornholms Cykelguide (DE)\"}]},{\"@type\":\"WebSite\",\"@id\":\"https:\/\/bornholm.info\/de\/#website\",\"url\":\"https:\/\/bornholm.info\/de\/\",\"name\":\"Destination Bornholm\",\"description\":\"The Official Travel Guide to Bornholm\",\"potentialAction\":[{\"@type\":\"SearchAction\",\"target\":{\"@type\":\"EntryPoint\",\"urlTemplate\":\"https:\/\/bornholm.info\/de\/?s={search_term_string}\"},\"query-input\":{\"@type\":\"PropertyValueSpecification\",\"valueRequired\":true,\"valueName\":\"search_term_string\"}}],\"inLanguage\":\"de\"}]}<\/script>\n<!-- \/ Yoast SEO plugin. -->","yoast_head_json":{"title":"Bornholms Radreisef\u00fchrer \u2013 Radurlaub auf Bornholm","description":"Bornholm ist wie geschaffen f\u00fcr einen Fahrradurlaub. Die Insel bietet familienfreundliche Routen, spannende Mountainbike-Strecken und ein abwechslungsreiches Gel\u00e4nde, das selbst ambitionierte Radsportler anzieht \u2013 viele nutzen Bornholm, um sich vor dem Start der Tour de France in Form zu bringen.Sieh dir hier unseren gro\u00dfen Fahrradguide an.","robots":{"index":"index","follow":"follow","max-snippet":"max-snippet:-1","max-image-preview":"max-image-preview:large","max-video-preview":"max-video-preview:-1"},"canonical":"https:\/\/bornholm.info\/de\/bornholms-radreisefuhrer-radurlaub-auf-bornholm\/","og_locale":"de_DE","og_type":"article","og_title":"Bornholms cykelguide - Cykelferie p\u00e5 Bornholm","og_description":"Bornholm er som skabt til en cykelferie. \u00d8en byder p\u00e5 b\u00e5de familievenlige ruter, vilde mountainbikespor og et terr\u00e6n, som f\u00e5r cykelryttere til at valgfarte til \u00f8en, for at pudse formen af inden startskuddet g\u00e5r til Tour de France.","og_url":"https:\/\/bornholm.info\/de\/bornholms-radreisefuhrer-radurlaub-auf-bornholm\/","og_site_name":"Destination Bornholm","article_publisher":"https:\/\/www.facebook.com\/bornholminfo","article_modified_time":"2025-04-04T11:50:03+00:00","og_image":[{"width":1800,"height":800,"url":"https:\/\/bornholm.info\/wp-content\/media\/2025\/01\/cykelguide_header.jpg","type":"image\/jpeg"}],"twitter_card":"summary_large_image","schema":{"@context":"https:\/\/schema.org","@graph":[{"@type":"WebPage","@id":"https:\/\/bornholm.info\/de\/bornholms-radreisefuhrer-radurlaub-auf-bornholm\/","url":"https:\/\/bornholm.info\/de\/bornholms-radreisefuhrer-radurlaub-auf-bornholm\/","name":"Bornholms Radreisef\u00fchrer \u2013 Radurlaub auf Bornholm","isPartOf":{"@id":"https:\/\/bornholm.info\/de\/#website"},"datePublished":"2025-04-04T11:00:12+00:00","dateModified":"2025-04-04T11:50:03+00:00","description":"Bornholm ist wie geschaffen f\u00fcr einen Fahrradurlaub. Die Insel bietet familienfreundliche Routen, spannende Mountainbike-Strecken und ein abwechslungsreiches Gel\u00e4nde, das selbst ambitionierte Radsportler anzieht \u2013 viele nutzen Bornholm, um sich vor dem Start der Tour de France in Form zu bringen.Sieh dir hier unseren gro\u00dfen Fahrradguide an.","breadcrumb":{"@id":"https:\/\/bornholm.info\/de\/bornholms-radreisefuhrer-radurlaub-auf-bornholm\/#breadcrumb"},"inLanguage":"de","potentialAction":[{"@type":"ReadAction","target":["https:\/\/bornholm.info\/de\/bornholms-radreisefuhrer-radurlaub-auf-bornholm\/"]}]},{"@type":"BreadcrumbList","@id":"https:\/\/bornholm.info\/de\/bornholms-radreisefuhrer-radurlaub-auf-bornholm\/#breadcrumb","itemListElement":[{"@type":"ListItem","position":1,"name":"Home","item":"https:\/\/bornholm.info\/de\/"},{"@type":"ListItem","position":2,"name":"Bornholms Cykelguide (DE)"}]},{"@type":"WebSite","@id":"https:\/\/bornholm.info\/de\/#website","url":"https:\/\/bornholm.info\/de\/","name":"Destination Bornholm","description":"The Official Travel Guide to Bornholm","potentialAction":[{"@type":"SearchAction","target":{"@type":"EntryPoint","urlTemplate":"https:\/\/bornholm.info\/de\/?s={search_term_string}"},"query-input":{"@type":"PropertyValueSpecification","valueRequired":true,"valueName":"search_term_string"}}],"inLanguage":"de"}]}},"_links":{"self":[{"href":"https:\/\/bornholm.info\/de\/wp-json\/wp\/v2\/pages\/2254214","targetHints":{"allow":["GET"]}}],"collection":[{"href":"https:\/\/bornholm.info\/de\/wp-json\/wp\/v2\/pages"}],"about":[{"href":"https:\/\/bornholm.info\/de\/wp-json\/wp\/v2\/types\/page"}],"author":[{"embeddable":true,"href":"https:\/\/bornholm.info\/de\/wp-json\/wp\/v2\/users\/25"}],"replies":[{"embeddable":true,"href":"https:\/\/bornholm.info\/de\/wp-json\/wp\/v2\/comments?post=2254214"}],"version-history":[{"count":1,"href":"https:\/\/bornholm.info\/de\/wp-json\/wp\/v2\/pages\/2254214\/revisions"}],"predecessor-version":[{"id":2254215,"href":"https:\/\/bornholm.info\/de\/wp-json\/wp\/v2\/pages\/2254214\/revisions\/2254215"}],"wp:attachment":[{"href":"https:\/\/bornholm.info\/de\/wp-json\/wp\/v2\/media?parent=2254214"}],"curies":[{"name":"wp","href":"https:\/\/api.w.org\/{rel}","templated":true}]}}