{"id":2250736,"date":"2025-04-01T15:13:21","date_gmt":"2025-04-01T13:13:21","guid":{"rendered":"https:\/\/bornholm.info\/?page_id=2250736"},"modified":"2025-05-01T09:58:36","modified_gmt":"2025-05-01T07:58:36","slug":"stadtfuehrer-erlebe-roenne-tagesprogramm","status":"publish","type":"page","link":"https:\/\/bornholm.info\/de\/stadtfuehrer-erlebe-roenne-tagesprogramm\/","title":{"rendered":"Byguide: Oplev R\u00f8nne p\u00e5 1 dag (DE)"},"content":{"rendered":"<div id=\"bornh-2420052455\" class=\"bornh-before-content-paa-lost-password-siden bornh-entity-placement\"><a data-no-instant=\"1\" href=\"https:\/\/www.youtube.com\/channel\/UC2ZVDESONJ4EaIHaoeKngsw\" rel=\"noopener nofollow\" class=\"a2t-link\" target=\"_blank\" aria-label=\"youtube_300x250_annonce\"><img loading=\"lazy\" decoding=\"async\" src=\"https:\/\/bornholm.info\/wp-content\/media\/2017\/07\/youtube_300x250_annonce.jpg\" alt=\"\"  width=\"300\" height=\"250\"   \/><\/a><\/div><p>&nbsp;<\/p><div id=\"bornh-749987216\" class=\"bornh-content-2 bornh-entity-placement\"><a data-no-instant=\"1\" href=\"https:\/\/www.youtube.com\/channel\/UC2ZVDESONJ4EaIHaoeKngsw\" rel=\"noopener nofollow\" class=\"a2t-link\" target=\"_blank\" aria-label=\"youtube_300x250_annonce\"><img loading=\"lazy\" decoding=\"async\" src=\"https:\/\/bornholm.info\/wp-content\/media\/2017\/07\/youtube_300x250_annonce.jpg\" alt=\"\"  width=\"300\" height=\"250\"   \/><\/a><\/div><div id=\"bornh-2190935517\" class=\"bornh-content-1 bornh-entity-placement\"><a data-no-instant=\"1\" href=\"https:\/\/www.facebook.com\/destinationbornholm\" rel=\"noopener nofollow\" class=\"a2t-link\" target=\"_blank\" aria-label=\"facebook_300x250_annonce\"><img loading=\"lazy\" decoding=\"async\" src=\"https:\/\/bornholm.info\/wp-content\/media\/2017\/07\/facebook_300x250_annonce.jpg\" alt=\"\"  width=\"300\" height=\"250\"   \/><\/a><\/div><div id=\"bornh-939095008\" class=\"bornh-content bornh-entity-placement\"><a data-no-instant=\"1\" href=\"https:\/\/www.instagram.com\/destinationbornholm\/\" rel=\"noopener\" class=\"a2t-link\" target=\"_blank\" aria-label=\"instagram_300x250\"><img loading=\"lazy\" decoding=\"async\" src=\"https:\/\/bornholm.info\/wp-content\/media\/2017\/07\/instagram_300x250.jpg\" alt=\"\"  width=\"300\" height=\"250\"   \/><\/a><\/div>\n<p>&nbsp;<\/p>\n","protected":false},"excerpt":{"rendered":"<p>&nbsp; &nbsp;<\/p>\n","protected":false},"author":25,"featured_media":0,"parent":0,"menu_order":0,"comment_status":"closed","ping_status":"closed","template":"template-parts\/thema.php","meta":{"_acf_changed":false,"footnotes":""},"class_list":["post-2250736","page","type-page","status-publish","hentry","kategory-attraktionen","kategory-guides-de","tag-roenne-de"],"acf":[],"yoast_head":"<!-- This site is optimized with the Yoast SEO plugin v27.4 - https:\/\/yoast.com\/product\/yoast-seo-wordpress\/ -->\n<title>Entdecke R\u00f8nne - Tagesprogramm f\u00fcr Kreuzfahrtg\u00e4ste<\/title>\n<meta name=\"description\" content=\"Erlebe R\u00f8nne an einem Tag: Unser R\u00f8nne Tagesprogramm Kreuzfahrtg\u00e4ste zeigt dir die besten Highlights, kulinarische Tipps und verborgene Orte der Stadt.\" \/>\n<meta name=\"robots\" content=\"index, follow, max-snippet:-1, max-image-preview:large, max-video-preview:-1\" \/>\n<link rel=\"canonical\" href=\"https:\/\/bornholm.info\/de\/stadtfuehrer-erlebe-roenne-tagesprogramm\/\" \/>\n<meta property=\"og:locale\" content=\"de_DE\" \/>\n<meta property=\"og:type\" content=\"article\" \/>\n<meta property=\"og:title\" content=\"Velkommen til R\u00f8nne\" \/>\n<meta property=\"og:description\" content=\"N\u00e5r du ankommer til R\u00f8nne med f\u00e6rge til Bornholm, st\u00e6vner du ind til en verden fuld af nye oplevelser. L\u00e6s vores tips til dig her.\" \/>\n<meta property=\"og:url\" content=\"https:\/\/bornholm.info\/de\/stadtfuehrer-erlebe-roenne-tagesprogramm\/\" \/>\n<meta property=\"og:site_name\" content=\"Destination Bornholm\" \/>\n<meta property=\"article:publisher\" content=\"https:\/\/www.facebook.com\/bornholminfo\" \/>\n<meta property=\"article:modified_time\" content=\"2025-05-01T07:58:36+00:00\" \/>\n<meta property=\"og:image\" content=\"https:\/\/bornholm.info\/wp-content\/media\/2021\/08\/billede-roenne-1920x830-lowres-1.jpg\" \/>\n<meta name=\"twitter:card\" content=\"summary_large_image\" \/>\n<meta name=\"twitter:title\" content=\"Velkommen til R\u00f8nne\" \/>\n<meta name=\"twitter:description\" content=\"N\u00e5r du ankommer til R\u00f8nne med f\u00e6rge til Bornholm, st\u00e6vner du ind til en verden fuld af nye oplevelser. L\u00e6s vores tips til dig her.\" \/>\n<meta name=\"twitter:image\" content=\"https:\/\/bornholm.info\/wp-content\/media\/2021\/08\/billede-roenne-1920x830-lowres-1.jpg\" \/>\n<script type=\"application\/ld+json\" class=\"yoast-schema-graph\">{\"@context\":\"https:\\\/\\\/schema.org\",\"@graph\":[{\"@type\":\"WebPage\",\"@id\":\"https:\\\/\\\/bornholm.info\\\/de\\\/stadtfuehrer-erlebe-roenne-tagesprogramm\\\/\",\"url\":\"https:\\\/\\\/bornholm.info\\\/de\\\/stadtfuehrer-erlebe-roenne-tagesprogramm\\\/\",\"name\":\"Entdecke R\u00f8nne - Tagesprogramm f\u00fcr Kreuzfahrtg\u00e4ste\",\"isPartOf\":{\"@id\":\"https:\\\/\\\/bornholm.info\\\/de\\\/#website\"},\"datePublished\":\"2025-04-01T13:13:21+00:00\",\"dateModified\":\"2025-05-01T07:58:36+00:00\",\"description\":\"Erlebe R\u00f8nne an einem Tag: Unser R\u00f8nne Tagesprogramm Kreuzfahrtg\u00e4ste zeigt dir die besten Highlights, kulinarische Tipps und verborgene Orte der Stadt.\",\"breadcrumb\":{\"@id\":\"https:\\\/\\\/bornholm.info\\\/de\\\/stadtfuehrer-erlebe-roenne-tagesprogramm\\\/#breadcrumb\"},\"inLanguage\":\"de\",\"potentialAction\":[{\"@type\":\"ReadAction\",\"target\":[\"https:\\\/\\\/bornholm.info\\\/de\\\/stadtfuehrer-erlebe-roenne-tagesprogramm\\\/\"]}]},{\"@type\":\"BreadcrumbList\",\"@id\":\"https:\\\/\\\/bornholm.info\\\/de\\\/stadtfuehrer-erlebe-roenne-tagesprogramm\\\/#breadcrumb\",\"itemListElement\":[{\"@type\":\"ListItem\",\"position\":1,\"name\":\"Home\",\"item\":\"https:\\\/\\\/bornholm.info\\\/de\\\/\"},{\"@type\":\"ListItem\",\"position\":2,\"name\":\"Byguide: Oplev R\u00f8nne p\u00e5 1 dag (DE)\"}]},{\"@type\":\"WebSite\",\"@id\":\"https:\\\/\\\/bornholm.info\\\/de\\\/#website\",\"url\":\"https:\\\/\\\/bornholm.info\\\/de\\\/\",\"name\":\"Destination Bornholm\",\"description\":\"The Official Travel Guide to Bornholm\",\"potentialAction\":[{\"@type\":\"SearchAction\",\"target\":{\"@type\":\"EntryPoint\",\"urlTemplate\":\"https:\\\/\\\/bornholm.info\\\/de\\\/?s={search_term_string}\"},\"query-input\":{\"@type\":\"PropertyValueSpecification\",\"valueRequired\":true,\"valueName\":\"search_term_string\"}}],\"inLanguage\":\"de\"}]}<\/script>\n<!-- \/ Yoast SEO plugin. -->","yoast_head_json":{"title":"Entdecke R\u00f8nne - Tagesprogramm f\u00fcr Kreuzfahrtg\u00e4ste","description":"Erlebe R\u00f8nne an einem Tag: Unser R\u00f8nne Tagesprogramm Kreuzfahrtg\u00e4ste zeigt dir die besten Highlights, kulinarische Tipps und verborgene Orte der Stadt.","robots":{"index":"index","follow":"follow","max-snippet":"max-snippet:-1","max-image-preview":"max-image-preview:large","max-video-preview":"max-video-preview:-1"},"canonical":"https:\/\/bornholm.info\/de\/stadtfuehrer-erlebe-roenne-tagesprogramm\/","og_locale":"de_DE","og_type":"article","og_title":"Velkommen til R\u00f8nne","og_description":"N\u00e5r du ankommer til R\u00f8nne med f\u00e6rge til Bornholm, st\u00e6vner du ind til en verden fuld af nye oplevelser. L\u00e6s vores tips til dig her.","og_url":"https:\/\/bornholm.info\/de\/stadtfuehrer-erlebe-roenne-tagesprogramm\/","og_site_name":"Destination Bornholm","article_publisher":"https:\/\/www.facebook.com\/bornholminfo","article_modified_time":"2025-05-01T07:58:36+00:00","og_image":[{"url":"https:\/\/bornholm.info\/wp-content\/media\/2021\/08\/billede-roenne-1920x830-lowres-1.jpg","type":"","width":"","height":""}],"twitter_card":"summary_large_image","twitter_title":"Velkommen til R\u00f8nne","twitter_description":"N\u00e5r du ankommer til R\u00f8nne med f\u00e6rge til Bornholm, st\u00e6vner du ind til en verden fuld af nye oplevelser. L\u00e6s vores tips til dig her.","twitter_image":"https:\/\/bornholm.info\/wp-content\/media\/2021\/08\/billede-roenne-1920x830-lowres-1.jpg","schema":{"@context":"https:\/\/schema.org","@graph":[{"@type":"WebPage","@id":"https:\/\/bornholm.info\/de\/stadtfuehrer-erlebe-roenne-tagesprogramm\/","url":"https:\/\/bornholm.info\/de\/stadtfuehrer-erlebe-roenne-tagesprogramm\/","name":"Entdecke R\u00f8nne - Tagesprogramm f\u00fcr Kreuzfahrtg\u00e4ste","isPartOf":{"@id":"https:\/\/bornholm.info\/de\/#website"},"datePublished":"2025-04-01T13:13:21+00:00","dateModified":"2025-05-01T07:58:36+00:00","description":"Erlebe R\u00f8nne an einem Tag: Unser R\u00f8nne Tagesprogramm Kreuzfahrtg\u00e4ste zeigt dir die besten Highlights, kulinarische Tipps und verborgene Orte der Stadt.","breadcrumb":{"@id":"https:\/\/bornholm.info\/de\/stadtfuehrer-erlebe-roenne-tagesprogramm\/#breadcrumb"},"inLanguage":"de","potentialAction":[{"@type":"ReadAction","target":["https:\/\/bornholm.info\/de\/stadtfuehrer-erlebe-roenne-tagesprogramm\/"]}]},{"@type":"BreadcrumbList","@id":"https:\/\/bornholm.info\/de\/stadtfuehrer-erlebe-roenne-tagesprogramm\/#breadcrumb","itemListElement":[{"@type":"ListItem","position":1,"name":"Home","item":"https:\/\/bornholm.info\/de\/"},{"@type":"ListItem","position":2,"name":"Byguide: Oplev R\u00f8nne p\u00e5 1 dag (DE)"}]},{"@type":"WebSite","@id":"https:\/\/bornholm.info\/de\/#website","url":"https:\/\/bornholm.info\/de\/","name":"Destination Bornholm","description":"The Official Travel Guide to Bornholm","potentialAction":[{"@type":"SearchAction","target":{"@type":"EntryPoint","urlTemplate":"https:\/\/bornholm.info\/de\/?s={search_term_string}"},"query-input":{"@type":"PropertyValueSpecification","valueRequired":true,"valueName":"search_term_string"}}],"inLanguage":"de"}]}},"_links":{"self":[{"href":"https:\/\/bornholm.info\/de\/wp-json\/wp\/v2\/pages\/2250736","targetHints":{"allow":["GET"]}}],"collection":[{"href":"https:\/\/bornholm.info\/de\/wp-json\/wp\/v2\/pages"}],"about":[{"href":"https:\/\/bornholm.info\/de\/wp-json\/wp\/v2\/types\/page"}],"author":[{"embeddable":true,"href":"https:\/\/bornholm.info\/de\/wp-json\/wp\/v2\/users\/25"}],"replies":[{"embeddable":true,"href":"https:\/\/bornholm.info\/de\/wp-json\/wp\/v2\/comments?post=2250736"}],"version-history":[{"count":2,"href":"https:\/\/bornholm.info\/de\/wp-json\/wp\/v2\/pages\/2250736\/revisions"}],"predecessor-version":[{"id":2258561,"href":"https:\/\/bornholm.info\/de\/wp-json\/wp\/v2\/pages\/2250736\/revisions\/2258561"}],"wp:attachment":[{"href":"https:\/\/bornholm.info\/de\/wp-json\/wp\/v2\/media?parent=2250736"}],"curies":[{"name":"wp","href":"https:\/\/api.w.org\/{rel}","templated":true}]}}