{"id":2249566,"date":"2025-03-14T15:56:55","date_gmt":"2025-03-14T14:56:55","guid":{"rendered":"https:\/\/bornholm.info\/?page_id=2249566"},"modified":"2025-03-21T11:44:48","modified_gmt":"2025-03-21T10:44:48","slug":"herbst-auf-bornholm","status":"publish","type":"page","link":"https:\/\/bornholm.info\/de\/herbst-auf-bornholm\/","title":{"rendered":"Team: Efter\u00e5r p\u00e5 Bornholm"},"content":{"rendered":"<div id=\"bornh-2921857373\" class=\"bornh-before-content-paa-lost-password-siden bornh-entity-placement\"><a data-no-instant=\"1\" href=\"https:\/\/www.youtube.com\/channel\/UC2ZVDESONJ4EaIHaoeKngsw\" rel=\"noopener nofollow\" class=\"a2t-link\" target=\"_blank\" aria-label=\"youtube_300x250_annonce\"><img loading=\"lazy\" decoding=\"async\" src=\"https:\/\/bornholm.info\/wp-content\/media\/2017\/07\/youtube_300x250_annonce.jpg\" alt=\"\"  width=\"300\" height=\"250\"   \/><\/a><\/div>","protected":false},"excerpt":{"rendered":"","protected":false},"author":25,"featured_media":0,"parent":0,"menu_order":0,"comment_status":"closed","ping_status":"closed","template":"template-parts\/thema.php","meta":{"_acf_changed":false,"footnotes":""},"class_list":["post-2249566","page","type-page","status-publish","hentry","kategory-attraktionen","kategory-guides-de","tag-ganze-insel","tag-herbst","tag-spaetsommer"],"acf":[],"yoast_head":"<!-- This site is optimized with the Yoast SEO plugin v27.4 - https:\/\/yoast.com\/product\/yoast-seo-wordpress\/ -->\n<title>Herbst auf Bornholm \u2013 nah an Farben, Gem\u00fctlichkeit und Abenteuern<\/title>\n<meta name=\"description\" content=\"Bornholm ist zu jeder Jahreszeit etwas Besonderes \u2013 aber der Herbst verleiht der Insel einen ganz eigenen Zauber. Die Natur leuchtet in goldenen Farben, und die Felsen speichern noch immer die W\u00e4rme des Sommers.\" \/>\n<meta name=\"robots\" content=\"index, follow, max-snippet:-1, max-image-preview:large, max-video-preview:-1\" \/>\n<link rel=\"canonical\" href=\"https:\/\/bornholm.info\/de\/herbst-auf-bornholm\/\" \/>\n<meta property=\"og:locale\" content=\"de_DE\" \/>\n<meta property=\"og:type\" content=\"article\" \/>\n<meta property=\"og:title\" content=\"Herbst auf Bornholm \u2013 nah an Farben, Gem\u00fctlichkeit und Abenteuern\" \/>\n<meta property=\"og:description\" content=\"Bornholm ist zu jeder Jahreszeit etwas Besonderes \u2013 aber der Herbst verleiht der Insel einen ganz eigenen Zauber. Die Natur leuchtet in goldenen Farben, und die Felsen speichern noch immer die W\u00e4rme des Sommers.\" \/>\n<meta property=\"og:url\" content=\"https:\/\/bornholm.info\/de\/herbst-auf-bornholm\/\" \/>\n<meta property=\"og:site_name\" content=\"Destination Bornholm\" \/>\n<meta property=\"article:publisher\" content=\"https:\/\/www.facebook.com\/bornholminfo\" \/>\n<meta property=\"article:modified_time\" content=\"2025-03-21T10:44:48+00:00\" \/>\n<meta property=\"og:image\" content=\"https:\/\/bornholm.info\/wp-content\/media\/2022\/09\/efteraarkampagne2022_header.jpg\" \/>\n\t<meta property=\"og:image:width\" content=\"1800\" \/>\n\t<meta property=\"og:image:height\" content=\"800\" \/>\n\t<meta property=\"og:image:type\" content=\"image\/jpeg\" \/>\n<meta name=\"twitter:card\" content=\"summary_large_image\" \/>\n<meta name=\"twitter:title\" content=\"Nyd sommeren sammen p\u00e5 Bornholm\" \/>\n<meta name=\"twitter:description\" content=\"Bornholm er som skabt til fantastiske ferieminder Bornholm er med sine lange, hvide sandstrande, hyggelige, sm\u00e5 havnebyer og majest\u00e6tiske klipper noget ganske s\u00e6rligt. F\u00e5 sommerens bedste ferietips her.\" \/>\n<script type=\"application\/ld+json\" class=\"yoast-schema-graph\">{\"@context\":\"https:\\\/\\\/schema.org\",\"@graph\":[{\"@type\":\"WebPage\",\"@id\":\"https:\\\/\\\/bornholm.info\\\/de\\\/herbst-auf-bornholm\\\/\",\"url\":\"https:\\\/\\\/bornholm.info\\\/de\\\/herbst-auf-bornholm\\\/\",\"name\":\"Herbst auf Bornholm \u2013 nah an Farben, Gem\u00fctlichkeit und Abenteuern\",\"isPartOf\":{\"@id\":\"https:\\\/\\\/bornholm.info\\\/de\\\/#website\"},\"datePublished\":\"2025-03-14T14:56:55+00:00\",\"dateModified\":\"2025-03-21T10:44:48+00:00\",\"description\":\"Bornholm ist zu jeder Jahreszeit etwas Besonderes \u2013 aber der Herbst verleiht der Insel einen ganz eigenen Zauber. Die Natur leuchtet in goldenen Farben, und die Felsen speichern noch immer die W\u00e4rme des Sommers.\",\"breadcrumb\":{\"@id\":\"https:\\\/\\\/bornholm.info\\\/de\\\/herbst-auf-bornholm\\\/#breadcrumb\"},\"inLanguage\":\"de\",\"potentialAction\":[{\"@type\":\"ReadAction\",\"target\":[\"https:\\\/\\\/bornholm.info\\\/de\\\/herbst-auf-bornholm\\\/\"]}]},{\"@type\":\"BreadcrumbList\",\"@id\":\"https:\\\/\\\/bornholm.info\\\/de\\\/herbst-auf-bornholm\\\/#breadcrumb\",\"itemListElement\":[{\"@type\":\"ListItem\",\"position\":1,\"name\":\"Home\",\"item\":\"https:\\\/\\\/bornholm.info\\\/de\\\/\"},{\"@type\":\"ListItem\",\"position\":2,\"name\":\"Team: Efter\u00e5r p\u00e5 Bornholm\"}]},{\"@type\":\"WebSite\",\"@id\":\"https:\\\/\\\/bornholm.info\\\/de\\\/#website\",\"url\":\"https:\\\/\\\/bornholm.info\\\/de\\\/\",\"name\":\"Destination Bornholm\",\"description\":\"The Official Travel Guide to Bornholm\",\"potentialAction\":[{\"@type\":\"SearchAction\",\"target\":{\"@type\":\"EntryPoint\",\"urlTemplate\":\"https:\\\/\\\/bornholm.info\\\/de\\\/?s={search_term_string}\"},\"query-input\":{\"@type\":\"PropertyValueSpecification\",\"valueRequired\":true,\"valueName\":\"search_term_string\"}}],\"inLanguage\":\"de\"}]}<\/script>\n<!-- \/ Yoast SEO plugin. -->","yoast_head_json":{"title":"Herbst auf Bornholm \u2013 nah an Farben, Gem\u00fctlichkeit und Abenteuern","description":"Bornholm ist zu jeder Jahreszeit etwas Besonderes \u2013 aber der Herbst verleiht der Insel einen ganz eigenen Zauber. Die Natur leuchtet in goldenen Farben, und die Felsen speichern noch immer die W\u00e4rme des Sommers.","robots":{"index":"index","follow":"follow","max-snippet":"max-snippet:-1","max-image-preview":"max-image-preview:large","max-video-preview":"max-video-preview:-1"},"canonical":"https:\/\/bornholm.info\/de\/herbst-auf-bornholm\/","og_locale":"de_DE","og_type":"article","og_title":"Herbst auf Bornholm \u2013 nah an Farben, Gem\u00fctlichkeit und Abenteuern","og_description":"Bornholm ist zu jeder Jahreszeit etwas Besonderes \u2013 aber der Herbst verleiht der Insel einen ganz eigenen Zauber. Die Natur leuchtet in goldenen Farben, und die Felsen speichern noch immer die W\u00e4rme des Sommers.","og_url":"https:\/\/bornholm.info\/de\/herbst-auf-bornholm\/","og_site_name":"Destination Bornholm","article_publisher":"https:\/\/www.facebook.com\/bornholminfo","article_modified_time":"2025-03-21T10:44:48+00:00","og_image":[{"width":1800,"height":800,"url":"https:\/\/bornholm.info\/wp-content\/media\/2022\/09\/efteraarkampagne2022_header.jpg","type":"image\/jpeg"}],"twitter_card":"summary_large_image","twitter_title":"Nyd sommeren sammen p\u00e5 Bornholm","twitter_description":"Bornholm er som skabt til fantastiske ferieminder Bornholm er med sine lange, hvide sandstrande, hyggelige, sm\u00e5 havnebyer og majest\u00e6tiske klipper noget ganske s\u00e6rligt. F\u00e5 sommerens bedste ferietips her.","schema":{"@context":"https:\/\/schema.org","@graph":[{"@type":"WebPage","@id":"https:\/\/bornholm.info\/de\/herbst-auf-bornholm\/","url":"https:\/\/bornholm.info\/de\/herbst-auf-bornholm\/","name":"Herbst auf Bornholm \u2013 nah an Farben, Gem\u00fctlichkeit und Abenteuern","isPartOf":{"@id":"https:\/\/bornholm.info\/de\/#website"},"datePublished":"2025-03-14T14:56:55+00:00","dateModified":"2025-03-21T10:44:48+00:00","description":"Bornholm ist zu jeder Jahreszeit etwas Besonderes \u2013 aber der Herbst verleiht der Insel einen ganz eigenen Zauber. Die Natur leuchtet in goldenen Farben, und die Felsen speichern noch immer die W\u00e4rme des Sommers.","breadcrumb":{"@id":"https:\/\/bornholm.info\/de\/herbst-auf-bornholm\/#breadcrumb"},"inLanguage":"de","potentialAction":[{"@type":"ReadAction","target":["https:\/\/bornholm.info\/de\/herbst-auf-bornholm\/"]}]},{"@type":"BreadcrumbList","@id":"https:\/\/bornholm.info\/de\/herbst-auf-bornholm\/#breadcrumb","itemListElement":[{"@type":"ListItem","position":1,"name":"Home","item":"https:\/\/bornholm.info\/de\/"},{"@type":"ListItem","position":2,"name":"Team: Efter\u00e5r p\u00e5 Bornholm"}]},{"@type":"WebSite","@id":"https:\/\/bornholm.info\/de\/#website","url":"https:\/\/bornholm.info\/de\/","name":"Destination Bornholm","description":"The Official Travel Guide to Bornholm","potentialAction":[{"@type":"SearchAction","target":{"@type":"EntryPoint","urlTemplate":"https:\/\/bornholm.info\/de\/?s={search_term_string}"},"query-input":{"@type":"PropertyValueSpecification","valueRequired":true,"valueName":"search_term_string"}}],"inLanguage":"de"}]}},"_links":{"self":[{"href":"https:\/\/bornholm.info\/de\/wp-json\/wp\/v2\/pages\/2249566","targetHints":{"allow":["GET"]}}],"collection":[{"href":"https:\/\/bornholm.info\/de\/wp-json\/wp\/v2\/pages"}],"about":[{"href":"https:\/\/bornholm.info\/de\/wp-json\/wp\/v2\/types\/page"}],"author":[{"embeddable":true,"href":"https:\/\/bornholm.info\/de\/wp-json\/wp\/v2\/users\/25"}],"replies":[{"embeddable":true,"href":"https:\/\/bornholm.info\/de\/wp-json\/wp\/v2\/comments?post=2249566"}],"version-history":[{"count":1,"href":"https:\/\/bornholm.info\/de\/wp-json\/wp\/v2\/pages\/2249566\/revisions"}],"predecessor-version":[{"id":2251777,"href":"https:\/\/bornholm.info\/de\/wp-json\/wp\/v2\/pages\/2249566\/revisions\/2251777"}],"wp:attachment":[{"href":"https:\/\/bornholm.info\/de\/wp-json\/wp\/v2\/media?parent=2249566"}],"curies":[{"name":"wp","href":"https:\/\/api.w.org\/{rel}","templated":true}]}}