{"id":2249371,"date":"2025-03-13T09:17:54","date_gmt":"2025-03-13T08:17:54","guid":{"rendered":"https:\/\/bornholm.info\/?page_id=2249371"},"modified":"2025-03-14T16:04:06","modified_gmt":"2025-03-14T15:04:06","slug":"bornholm-im-sommer","status":"publish","type":"page","link":"https:\/\/bornholm.info\/de\/bornholm-im-sommer\/","title":{"rendered":"Tema: Sommer p\u00e5 Bornholm"},"content":{"rendered":"<div id=\"bornh-3063815748\" class=\"bornh-before-content-paa-lost-password-siden bornh-entity-placement\"><a data-no-instant=\"1\" href=\"https:\/\/www.youtube.com\/channel\/UC2ZVDESONJ4EaIHaoeKngsw\" rel=\"noopener nofollow\" class=\"a2t-link\" target=\"_blank\" aria-label=\"youtube_300x250_annonce\"><img loading=\"lazy\" decoding=\"async\" src=\"https:\/\/bornholm.info\/wp-content\/media\/2017\/07\/youtube_300x250_annonce.jpg\" alt=\"\"  width=\"300\" height=\"250\"   \/><\/a><\/div>","protected":false},"excerpt":{"rendered":"","protected":false},"author":25,"featured_media":0,"parent":0,"menu_order":0,"comment_status":"closed","ping_status":"closed","template":"template-parts\/thema.php","meta":{"_acf_changed":false,"footnotes":""},"class_list":["post-2249371","page","type-page","status-publish","hentry","kategory-attraktionen","kategory-guides-de","tag-ganze-insel","tag-sommer-de","tag-spaetsommer"],"acf":[],"yoast_head":"<!-- This site is optimized with the Yoast SEO plugin v27.4 - https:\/\/yoast.com\/product\/yoast-seo-wordpress\/ -->\n<title>Sommer auf Bornholm \u2013 nah an Sonne, Strand und Erlebnissen<\/title>\n<meta name=\"description\" content=\"Wenn der Sommer D\u00e4nemark erreicht, gibt es keinen besseren Ort, um ihn zu genie\u00dfen als Bornholm. Hier ragen die ikonischen Schornsteine der R\u00e4uchereien \u00fcber die Landschaft, w\u00e4hrend das Meer sanft die sonnengew\u00e4rmten Klippen umsp\u00fclt.Die Insel bietet lange, helle Sommertage, wei\u00dfe Sandstr\u00e4nde, charmante K\u00fcstenst\u00e4dte und eine besondere N\u00e4he, die du nur hier findest.\" \/>\n<meta name=\"robots\" content=\"index, follow, max-snippet:-1, max-image-preview:large, max-video-preview:-1\" \/>\n<link rel=\"canonical\" href=\"https:\/\/bornholm.info\/de\/bornholm-im-sommer\/\" \/>\n<meta property=\"og:locale\" content=\"de_DE\" \/>\n<meta property=\"og:type\" content=\"article\" \/>\n<meta property=\"og:title\" content=\"Sommer auf Bornholm \u2013 nah an Sonne, Strand und unvergesslichen Erlebnissen\" \/>\n<meta property=\"og:description\" content=\"Wenn der Sommer D\u00e4nemark erreicht, gibt es keinen besseren Ort, um ihn zu genie\u00dfen als Bornholm. Hier ragen die ikonischen Schornsteine der R\u00e4uchereien \u00fcber die Landschaft, w\u00e4hrend das Meer sanft die sonnengew\u00e4rmten Klippen umsp\u00fclt.Die Insel bietet lange, helle Sommertage, wei\u00dfe Sandstr\u00e4nde, charmante K\u00fcstenst\u00e4dte und eine besondere N\u00e4he, die du nur hier findest.\" \/>\n<meta property=\"og:url\" content=\"https:\/\/bornholm.info\/de\/bornholm-im-sommer\/\" \/>\n<meta property=\"og:site_name\" content=\"Destination Bornholm\" \/>\n<meta property=\"article:publisher\" content=\"https:\/\/www.facebook.com\/bornholminfo\" \/>\n<meta property=\"article:modified_time\" content=\"2025-03-14T15:04:06+00:00\" \/>\n<meta property=\"og:image\" content=\"https:\/\/bornholm.info\/wp-content\/media\/2019\/10\/billede-hammershus-semko-balcerski-1800x800i.jpg\" \/>\n\t<meta property=\"og:image:width\" content=\"1800\" \/>\n\t<meta property=\"og:image:height\" content=\"800\" \/>\n\t<meta property=\"og:image:type\" content=\"image\/jpeg\" \/>\n<meta name=\"twitter:card\" content=\"summary_large_image\" \/>\n<meta name=\"twitter:title\" content=\"Nyd sommeren sammen p\u00e5 Bornholm\" \/>\n<meta name=\"twitter:description\" content=\"Bornholm er som skabt til fantastiske ferieminder Bornholm er med sine lange, hvide sandstrande, hyggelige, sm\u00e5 havnebyer og majest\u00e6tiske klipper noget ganske s\u00e6rligt. F\u00e5 sommerens bedste ferietips her.\" \/>\n<script type=\"application\/ld+json\" class=\"yoast-schema-graph\">{\"@context\":\"https:\\\/\\\/schema.org\",\"@graph\":[{\"@type\":\"WebPage\",\"@id\":\"https:\\\/\\\/bornholm.info\\\/de\\\/bornholm-im-sommer\\\/\",\"url\":\"https:\\\/\\\/bornholm.info\\\/de\\\/bornholm-im-sommer\\\/\",\"name\":\"Sommer auf Bornholm \u2013 nah an Sonne, Strand und Erlebnissen\",\"isPartOf\":{\"@id\":\"https:\\\/\\\/bornholm.info\\\/de\\\/#website\"},\"datePublished\":\"2025-03-13T08:17:54+00:00\",\"dateModified\":\"2025-03-14T15:04:06+00:00\",\"description\":\"Wenn der Sommer D\u00e4nemark erreicht, gibt es keinen besseren Ort, um ihn zu genie\u00dfen als Bornholm. Hier ragen die ikonischen Schornsteine der R\u00e4uchereien \u00fcber die Landschaft, w\u00e4hrend das Meer sanft die sonnengew\u00e4rmten Klippen umsp\u00fclt.Die Insel bietet lange, helle Sommertage, wei\u00dfe Sandstr\u00e4nde, charmante K\u00fcstenst\u00e4dte und eine besondere N\u00e4he, die du nur hier findest.\",\"breadcrumb\":{\"@id\":\"https:\\\/\\\/bornholm.info\\\/de\\\/bornholm-im-sommer\\\/#breadcrumb\"},\"inLanguage\":\"de\",\"potentialAction\":[{\"@type\":\"ReadAction\",\"target\":[\"https:\\\/\\\/bornholm.info\\\/de\\\/bornholm-im-sommer\\\/\"]}]},{\"@type\":\"BreadcrumbList\",\"@id\":\"https:\\\/\\\/bornholm.info\\\/de\\\/bornholm-im-sommer\\\/#breadcrumb\",\"itemListElement\":[{\"@type\":\"ListItem\",\"position\":1,\"name\":\"Home\",\"item\":\"https:\\\/\\\/bornholm.info\\\/de\\\/\"},{\"@type\":\"ListItem\",\"position\":2,\"name\":\"Tema: Sommer p\u00e5 Bornholm\"}]},{\"@type\":\"WebSite\",\"@id\":\"https:\\\/\\\/bornholm.info\\\/de\\\/#website\",\"url\":\"https:\\\/\\\/bornholm.info\\\/de\\\/\",\"name\":\"Destination Bornholm\",\"description\":\"The Official Travel Guide to Bornholm\",\"potentialAction\":[{\"@type\":\"SearchAction\",\"target\":{\"@type\":\"EntryPoint\",\"urlTemplate\":\"https:\\\/\\\/bornholm.info\\\/de\\\/?s={search_term_string}\"},\"query-input\":{\"@type\":\"PropertyValueSpecification\",\"valueRequired\":true,\"valueName\":\"search_term_string\"}}],\"inLanguage\":\"de\"}]}<\/script>\n<!-- \/ Yoast SEO plugin. -->","yoast_head_json":{"title":"Sommer auf Bornholm \u2013 nah an Sonne, Strand und Erlebnissen","description":"Wenn der Sommer D\u00e4nemark erreicht, gibt es keinen besseren Ort, um ihn zu genie\u00dfen als Bornholm. Hier ragen die ikonischen Schornsteine der R\u00e4uchereien \u00fcber die Landschaft, w\u00e4hrend das Meer sanft die sonnengew\u00e4rmten Klippen umsp\u00fclt.Die Insel bietet lange, helle Sommertage, wei\u00dfe Sandstr\u00e4nde, charmante K\u00fcstenst\u00e4dte und eine besondere N\u00e4he, die du nur hier findest.","robots":{"index":"index","follow":"follow","max-snippet":"max-snippet:-1","max-image-preview":"max-image-preview:large","max-video-preview":"max-video-preview:-1"},"canonical":"https:\/\/bornholm.info\/de\/bornholm-im-sommer\/","og_locale":"de_DE","og_type":"article","og_title":"Sommer auf Bornholm \u2013 nah an Sonne, Strand und unvergesslichen Erlebnissen","og_description":"Wenn der Sommer D\u00e4nemark erreicht, gibt es keinen besseren Ort, um ihn zu genie\u00dfen als Bornholm. Hier ragen die ikonischen Schornsteine der R\u00e4uchereien \u00fcber die Landschaft, w\u00e4hrend das Meer sanft die sonnengew\u00e4rmten Klippen umsp\u00fclt.Die Insel bietet lange, helle Sommertage, wei\u00dfe Sandstr\u00e4nde, charmante K\u00fcstenst\u00e4dte und eine besondere N\u00e4he, die du nur hier findest.","og_url":"https:\/\/bornholm.info\/de\/bornholm-im-sommer\/","og_site_name":"Destination Bornholm","article_publisher":"https:\/\/www.facebook.com\/bornholminfo","article_modified_time":"2025-03-14T15:04:06+00:00","og_image":[{"width":1800,"height":800,"url":"https:\/\/bornholm.info\/wp-content\/media\/2019\/10\/billede-hammershus-semko-balcerski-1800x800i.jpg","type":"image\/jpeg"}],"twitter_card":"summary_large_image","twitter_title":"Nyd sommeren sammen p\u00e5 Bornholm","twitter_description":"Bornholm er som skabt til fantastiske ferieminder Bornholm er med sine lange, hvide sandstrande, hyggelige, sm\u00e5 havnebyer og majest\u00e6tiske klipper noget ganske s\u00e6rligt. F\u00e5 sommerens bedste ferietips her.","schema":{"@context":"https:\/\/schema.org","@graph":[{"@type":"WebPage","@id":"https:\/\/bornholm.info\/de\/bornholm-im-sommer\/","url":"https:\/\/bornholm.info\/de\/bornholm-im-sommer\/","name":"Sommer auf Bornholm \u2013 nah an Sonne, Strand und Erlebnissen","isPartOf":{"@id":"https:\/\/bornholm.info\/de\/#website"},"datePublished":"2025-03-13T08:17:54+00:00","dateModified":"2025-03-14T15:04:06+00:00","description":"Wenn der Sommer D\u00e4nemark erreicht, gibt es keinen besseren Ort, um ihn zu genie\u00dfen als Bornholm. Hier ragen die ikonischen Schornsteine der R\u00e4uchereien \u00fcber die Landschaft, w\u00e4hrend das Meer sanft die sonnengew\u00e4rmten Klippen umsp\u00fclt.Die Insel bietet lange, helle Sommertage, wei\u00dfe Sandstr\u00e4nde, charmante K\u00fcstenst\u00e4dte und eine besondere N\u00e4he, die du nur hier findest.","breadcrumb":{"@id":"https:\/\/bornholm.info\/de\/bornholm-im-sommer\/#breadcrumb"},"inLanguage":"de","potentialAction":[{"@type":"ReadAction","target":["https:\/\/bornholm.info\/de\/bornholm-im-sommer\/"]}]},{"@type":"BreadcrumbList","@id":"https:\/\/bornholm.info\/de\/bornholm-im-sommer\/#breadcrumb","itemListElement":[{"@type":"ListItem","position":1,"name":"Home","item":"https:\/\/bornholm.info\/de\/"},{"@type":"ListItem","position":2,"name":"Tema: Sommer p\u00e5 Bornholm"}]},{"@type":"WebSite","@id":"https:\/\/bornholm.info\/de\/#website","url":"https:\/\/bornholm.info\/de\/","name":"Destination Bornholm","description":"The Official Travel Guide to Bornholm","potentialAction":[{"@type":"SearchAction","target":{"@type":"EntryPoint","urlTemplate":"https:\/\/bornholm.info\/de\/?s={search_term_string}"},"query-input":{"@type":"PropertyValueSpecification","valueRequired":true,"valueName":"search_term_string"}}],"inLanguage":"de"}]}},"_links":{"self":[{"href":"https:\/\/bornholm.info\/de\/wp-json\/wp\/v2\/pages\/2249371","targetHints":{"allow":["GET"]}}],"collection":[{"href":"https:\/\/bornholm.info\/de\/wp-json\/wp\/v2\/pages"}],"about":[{"href":"https:\/\/bornholm.info\/de\/wp-json\/wp\/v2\/types\/page"}],"author":[{"embeddable":true,"href":"https:\/\/bornholm.info\/de\/wp-json\/wp\/v2\/users\/25"}],"replies":[{"embeddable":true,"href":"https:\/\/bornholm.info\/de\/wp-json\/wp\/v2\/comments?post=2249371"}],"version-history":[{"count":2,"href":"https:\/\/bornholm.info\/de\/wp-json\/wp\/v2\/pages\/2249371\/revisions"}],"predecessor-version":[{"id":2251812,"href":"https:\/\/bornholm.info\/de\/wp-json\/wp\/v2\/pages\/2249371\/revisions\/2251812"}],"wp:attachment":[{"href":"https:\/\/bornholm.info\/de\/wp-json\/wp\/v2\/media?parent=2249371"}],"curies":[{"name":"wp","href":"https:\/\/api.w.org\/{rel}","templated":true}]}}