{"id":2244349,"date":"2025-03-13T14:36:33","date_gmt":"2025-03-13T13:36:33","guid":{"rendered":"https:\/\/bornholm.info\/?page_id=2244349"},"modified":"2025-03-13T14:52:37","modified_gmt":"2025-03-13T13:52:37","slug":"fruehling-auf-bornholm","status":"publish","type":"page","link":"https:\/\/bornholm.info\/de\/fruehling-auf-bornholm\/","title":{"rendered":"Tema: For\u00e5r p\u00e5 Bornholm DE"},"content":{"rendered":"<div id=\"bornh-2736862966\" class=\"bornh-before-content-paa-lost-password-siden\"><a data-no-instant=\"1\" href=\"https:\/\/www.youtube.com\/channel\/UC2ZVDESONJ4EaIHaoeKngsw\" rel=\"noopener nofollow\" class=\"a2t-link\" target=\"_blank\" aria-label=\"youtube_300x250_annonce\"><img loading=\"lazy\" decoding=\"async\" src=\"https:\/\/bornholm.info\/wp-content\/media\/2017\/07\/youtube_300x250_annonce.jpg\" alt=\"\"  width=\"300\" height=\"250\"   \/><\/a><\/div>","protected":false},"excerpt":{"rendered":"","protected":false},"author":25,"featured_media":0,"parent":0,"menu_order":0,"comment_status":"closed","ping_status":"closed","template":"template-parts\/thema.php","meta":{"_acf_changed":false,"footnotes":""},"class_list":["post-2244349","page","type-page","status-publish","hentry","kategory-attraktionen","kategory-guides-de","tag-christihimmelfahrt","tag-entspannung","tag-fruehling","tag-ganze-insel","tag-golf-de","tag-grosser-bettag","tag-kurzurlaub","tag-mountainbike-de","tag-ostern","tag-pauschalreise","tag-pfingsten","tag-sehenswuerdigkeit","tag-uebernachtung"],"acf":[],"yoast_head":"<!-- This site is optimized with the Yoast SEO plugin v27.2 - https:\/\/yoast.com\/product\/yoast-seo-wordpress\/ -->\n<title>Fr\u00fchling auf Bornholm \u2013 nah an Licht, Natur und neuen Abenteuern<\/title>\n<meta name=\"description\" content=\"Auf Bornholm weicht die raue Winterk\u00e4lte langsam dem aufbl\u00fchenden Leben des Fr\u00fchlings. So wie der Sommer hier l\u00e4nger dauert als im Rest des Landes, weil das Meer und die Felsen die W\u00e4rme der Sonne speichern, braucht auch der Fr\u00fchling Zeit, um das Meer und die Klippen aus dem Griff des Winters zu befreien.\" \/>\n<meta name=\"robots\" content=\"index, follow, max-snippet:-1, max-image-preview:large, max-video-preview:-1\" \/>\n<link rel=\"canonical\" href=\"https:\/\/bornholm.info\/de\/fruehling-auf-bornholm\/\" \/>\n<meta property=\"og:locale\" content=\"de_DE\" \/>\n<meta property=\"og:type\" content=\"article\" \/>\n<meta property=\"og:title\" content=\"Hyggelige for\u00e5rsoplevelser for par\" \/>\n<meta property=\"og:description\" content=\"Nyd den enest\u00e5ende natur, mange sev\u00e6rdigheder, attraktioner og oplevelser p\u00e5 Bornholm. Vi giver dig ogs\u00e5 tips til overnatning og transport.\" \/>\n<meta property=\"og:url\" content=\"https:\/\/bornholm.info\/de\/fruehling-auf-bornholm\/\" \/>\n<meta property=\"og:site_name\" content=\"Destination Bornholm\" \/>\n<meta property=\"article:publisher\" content=\"https:\/\/www.facebook.com\/bornholminfo\" \/>\n<meta property=\"article:modified_time\" content=\"2025-03-13T13:52:37+00:00\" \/>\n<meta property=\"og:image\" content=\"https:\/\/bornholm.info\/wp-content\/media\/2019\/03\/header-parferie-foraar-1920x830_v2-komp.jpg\" \/>\n\t<meta property=\"og:image:width\" content=\"1920\" \/>\n\t<meta property=\"og:image:height\" content=\"830\" \/>\n\t<meta property=\"og:image:type\" content=\"image\/jpeg\" \/>\n<meta name=\"twitter:card\" content=\"summary_large_image\" \/>\n<meta name=\"twitter:title\" content=\"Hyggelige for\u00e5rsoplevelser for par\" \/>\n<meta name=\"twitter:description\" content=\"Nyd den enest\u00e5ende natur, mange sev\u00e6rdigheder, attraktioner og oplevelser p\u00e5 Bornholm. Vi giver dig ogs\u00e5 tips til overnatning og transport.\" \/>\n<script type=\"application\/ld+json\" class=\"yoast-schema-graph\">{\"@context\":\"https:\/\/schema.org\",\"@graph\":[{\"@type\":\"WebPage\",\"@id\":\"https:\/\/bornholm.info\/de\/fruehling-auf-bornholm\/\",\"url\":\"https:\/\/bornholm.info\/de\/fruehling-auf-bornholm\/\",\"name\":\"Fr\u00fchling auf Bornholm \u2013 nah an Licht, Natur und neuen Abenteuern\",\"isPartOf\":{\"@id\":\"https:\/\/bornholm.info\/de\/#website\"},\"datePublished\":\"2025-03-13T13:36:33+00:00\",\"dateModified\":\"2025-03-13T13:52:37+00:00\",\"description\":\"Auf Bornholm weicht die raue Winterk\u00e4lte langsam dem aufbl\u00fchenden Leben des Fr\u00fchlings. So wie der Sommer hier l\u00e4nger dauert als im Rest des Landes, weil das Meer und die Felsen die W\u00e4rme der Sonne speichern, braucht auch der Fr\u00fchling Zeit, um das Meer und die Klippen aus dem Griff des Winters zu befreien.\",\"breadcrumb\":{\"@id\":\"https:\/\/bornholm.info\/de\/fruehling-auf-bornholm\/#breadcrumb\"},\"inLanguage\":\"de\",\"potentialAction\":[{\"@type\":\"ReadAction\",\"target\":[\"https:\/\/bornholm.info\/de\/fruehling-auf-bornholm\/\"]}]},{\"@type\":\"BreadcrumbList\",\"@id\":\"https:\/\/bornholm.info\/de\/fruehling-auf-bornholm\/#breadcrumb\",\"itemListElement\":[{\"@type\":\"ListItem\",\"position\":1,\"name\":\"Home\",\"item\":\"https:\/\/bornholm.info\/de\/\"},{\"@type\":\"ListItem\",\"position\":2,\"name\":\"Tema: For\u00e5r p\u00e5 Bornholm DE\"}]},{\"@type\":\"WebSite\",\"@id\":\"https:\/\/bornholm.info\/de\/#website\",\"url\":\"https:\/\/bornholm.info\/de\/\",\"name\":\"Destination Bornholm\",\"description\":\"The Official Travel Guide to Bornholm\",\"potentialAction\":[{\"@type\":\"SearchAction\",\"target\":{\"@type\":\"EntryPoint\",\"urlTemplate\":\"https:\/\/bornholm.info\/de\/?s={search_term_string}\"},\"query-input\":{\"@type\":\"PropertyValueSpecification\",\"valueRequired\":true,\"valueName\":\"search_term_string\"}}],\"inLanguage\":\"de\"}]}<\/script>\n<!-- \/ Yoast SEO plugin. -->","yoast_head_json":{"title":"Fr\u00fchling auf Bornholm \u2013 nah an Licht, Natur und neuen Abenteuern","description":"Auf Bornholm weicht die raue Winterk\u00e4lte langsam dem aufbl\u00fchenden Leben des Fr\u00fchlings. So wie der Sommer hier l\u00e4nger dauert als im Rest des Landes, weil das Meer und die Felsen die W\u00e4rme der Sonne speichern, braucht auch der Fr\u00fchling Zeit, um das Meer und die Klippen aus dem Griff des Winters zu befreien.","robots":{"index":"index","follow":"follow","max-snippet":"max-snippet:-1","max-image-preview":"max-image-preview:large","max-video-preview":"max-video-preview:-1"},"canonical":"https:\/\/bornholm.info\/de\/fruehling-auf-bornholm\/","og_locale":"de_DE","og_type":"article","og_title":"Hyggelige for\u00e5rsoplevelser for par","og_description":"Nyd den enest\u00e5ende natur, mange sev\u00e6rdigheder, attraktioner og oplevelser p\u00e5 Bornholm. Vi giver dig ogs\u00e5 tips til overnatning og transport.","og_url":"https:\/\/bornholm.info\/de\/fruehling-auf-bornholm\/","og_site_name":"Destination Bornholm","article_publisher":"https:\/\/www.facebook.com\/bornholminfo","article_modified_time":"2025-03-13T13:52:37+00:00","og_image":[{"width":1920,"height":830,"url":"https:\/\/bornholm.info\/wp-content\/media\/2019\/03\/header-parferie-foraar-1920x830_v2-komp.jpg","type":"image\/jpeg"}],"twitter_card":"summary_large_image","twitter_title":"Hyggelige for\u00e5rsoplevelser for par","twitter_description":"Nyd den enest\u00e5ende natur, mange sev\u00e6rdigheder, attraktioner og oplevelser p\u00e5 Bornholm. Vi giver dig ogs\u00e5 tips til overnatning og transport.","schema":{"@context":"https:\/\/schema.org","@graph":[{"@type":"WebPage","@id":"https:\/\/bornholm.info\/de\/fruehling-auf-bornholm\/","url":"https:\/\/bornholm.info\/de\/fruehling-auf-bornholm\/","name":"Fr\u00fchling auf Bornholm \u2013 nah an Licht, Natur und neuen Abenteuern","isPartOf":{"@id":"https:\/\/bornholm.info\/de\/#website"},"datePublished":"2025-03-13T13:36:33+00:00","dateModified":"2025-03-13T13:52:37+00:00","description":"Auf Bornholm weicht die raue Winterk\u00e4lte langsam dem aufbl\u00fchenden Leben des Fr\u00fchlings. So wie der Sommer hier l\u00e4nger dauert als im Rest des Landes, weil das Meer und die Felsen die W\u00e4rme der Sonne speichern, braucht auch der Fr\u00fchling Zeit, um das Meer und die Klippen aus dem Griff des Winters zu befreien.","breadcrumb":{"@id":"https:\/\/bornholm.info\/de\/fruehling-auf-bornholm\/#breadcrumb"},"inLanguage":"de","potentialAction":[{"@type":"ReadAction","target":["https:\/\/bornholm.info\/de\/fruehling-auf-bornholm\/"]}]},{"@type":"BreadcrumbList","@id":"https:\/\/bornholm.info\/de\/fruehling-auf-bornholm\/#breadcrumb","itemListElement":[{"@type":"ListItem","position":1,"name":"Home","item":"https:\/\/bornholm.info\/de\/"},{"@type":"ListItem","position":2,"name":"Tema: For\u00e5r p\u00e5 Bornholm DE"}]},{"@type":"WebSite","@id":"https:\/\/bornholm.info\/de\/#website","url":"https:\/\/bornholm.info\/de\/","name":"Destination Bornholm","description":"The Official Travel Guide to Bornholm","potentialAction":[{"@type":"SearchAction","target":{"@type":"EntryPoint","urlTemplate":"https:\/\/bornholm.info\/de\/?s={search_term_string}"},"query-input":{"@type":"PropertyValueSpecification","valueRequired":true,"valueName":"search_term_string"}}],"inLanguage":"de"}]}},"_links":{"self":[{"href":"https:\/\/bornholm.info\/de\/wp-json\/wp\/v2\/pages\/2244349","targetHints":{"allow":["GET"]}}],"collection":[{"href":"https:\/\/bornholm.info\/de\/wp-json\/wp\/v2\/pages"}],"about":[{"href":"https:\/\/bornholm.info\/de\/wp-json\/wp\/v2\/types\/page"}],"author":[{"embeddable":true,"href":"https:\/\/bornholm.info\/de\/wp-json\/wp\/v2\/users\/25"}],"replies":[{"embeddable":true,"href":"https:\/\/bornholm.info\/de\/wp-json\/wp\/v2\/comments?post=2244349"}],"version-history":[{"count":2,"href":"https:\/\/bornholm.info\/de\/wp-json\/wp\/v2\/pages\/2244349\/revisions"}],"predecessor-version":[{"id":2251581,"href":"https:\/\/bornholm.info\/de\/wp-json\/wp\/v2\/pages\/2244349\/revisions\/2251581"}],"wp:attachment":[{"href":"https:\/\/bornholm.info\/de\/wp-json\/wp\/v2\/media?parent=2244349"}],"curies":[{"name":"wp","href":"https:\/\/api.w.org\/{rel}","templated":true}]}}